{"id":6498,"date":"2021-12-16T05:04:05","date_gmt":"2021-12-16T10:04:05","guid":{"rendered":"https:\/\/puyapeptide.net\/product\/acetyl-hexapeptide-38-adifyline-cas-1400634-44-7-co-the-tang-the-tich-cua-vu-hoac-ma\/"},"modified":"2021-12-16T05:04:05","modified_gmt":"2021-12-16T10:04:05","slug":"acetyl-hexapeptide-38-adifyline-cas-1400634-44-7-co-the-tang-the-tich-cua-vu-hoac-ma","status":"publish","type":"product","link":"https:\/\/puyapeptide.net\/vi\/product\/acetyl-hexapeptide-38-adifyline-cas-1400634-44-7-co-the-tang-the-tich-cua-vu-hoac-ma\/","title":{"rendered":"Acetyl hexapeptide 38 \/ Adifyline CAS 1400634-44-7 c\u00f3 th\u1ec3 T\u0103ng th\u1ec3 t\u00edch c\u1ee7a v\u00fa ho\u1eb7c m\u00e1"},"content":{"rendered":"<h2><strong>Acetyl hexapeptide 38 \/ Adifyline CAS 1400634-44-7 c\u00f3 th\u1ec3 T\u0103ng th\u1ec3 t\u00edch c\u1ee7a v\u00fa ho\u1eb7c m\u00e1<\/strong><\/h2>\n<p> T\u00ean s\u1ea3n ph\u1ea9m: Acetyl hexapeptide 38<br \/>\n T\u1eeb \u0111\u1ed3ng ngh\u0129a: Acetyl hexapeptide 38; adifyline; PAW-\u03b2; Acetyl Hexapeptide-38, Adifyline; Acetyl s\u00e1u peptide; Acetyl hexapeptide-38 b\u1ed9t; Acetyle Hexapeptide-38; Acetyl hexapeptide 38 USP \/ EP \/ BP<br \/>\n CAS: 1400634-44-7<br \/>\n MF:<br \/>\n MW: 0<br \/>\n EINECS: 000-000-0<br \/>\n Danh m\u1ee5c s\u1ea3n ph\u1ea9m:<br \/>\n Mol File: Mol File &lt; &amp;&gt; Th\u1eddi h\u1ea1n thanh to\u00e1n: Trade Assurance, T \/ T, Western Union, L \/ C <\/p>\n<p> Acetyl Hexapeptide-38 (Adifyline) gi\u00fap t\u0103ng kh\u1ed1i l\u01b0\u1ee3ng m\u00f4 m\u1ee1 \u1edf c\u00e1c khu v\u1ef1c c\u1ee5 th\u1ec3, c\u1ea3i thi\u1ec7n v\u1ebb ngo\u00e0i khu\u00f4n m\u1eb7t v\u00e0 mang l\u1ea1i \u0111\u01b0\u1eddng cong quy\u1ebfn r\u0169 N\u00f3 k\u00edch th\u00edch th\u1ee5 th\u1ec3 k\u00edch ho\u1ea1t th\u1ee5 th\u1ec3 k\u00edch ho\u1ea1t peroxisome bi\u1ec3u hi\u1ec7n Gamma coactivator 1a (PGC-1a), t\u0103ng c\u01b0\u1eddng t\u1ef7 l\u1ec7 t\u1ea1o m\u1ee1, d\u1eabn \u0111\u1ebfn s\u1ef1 t\u00edch t\u1ee5 lipid v\u00e0 t\u0103ng tr\u01b0\u1edfng th\u1ec3 t\u00edch cao h\u01a1n \u1edf nh\u1eefng v\u00f9ng mong mu\u1ed1n nh\u01b0 v\u00fa v\u00e0 m\u00e1.<br \/>\n Hexapeptide38 t\u0103ng th\u1ec3 t\u00edch c\u1ee5c b\u1ed9, c\u1ea3i thi\u1ec7n v\u1ebb ngo\u00e0i c\u1ee7a khu\u00f4n m\u1eb7t v\u00e0 cung c\u1ea5p m\u1ed9t h\u00ecnh b\u00f3ng cong, b\u1eb1ng c\u00e1ch th\u00fac \u0111\u1ea9y s\u1ef1 bi\u1ec3u hi\u1ec7n PGC-1a v\u00e0 t\u00edch t\u1ee5 lipid trong m\u00f4 m\u1ee1. <\/p>\n<p> <strong>Ch\u1ee9c n\u0103ng v\u00e0 \u1ee8ng d\u1ee5ng c\u1ee7a Acetyl hexapeptide 38 \/ Adifyline CAS 1400634-44-7<\/strong> <\/p>\n<p> 1. N\u00e2ng cao t\u1ef7 l\u1ec7 h\u00ecnh th\u00e0nh adipogenesis. <\/p>\n<p> 2. D\u1eabn \u0111\u1ebfn s\u1ef1 t\u00edch t\u1ee5 lipid cao h\u01a1n v\u00e0 t\u0103ng kh\u1ed1i l\u01b0\u1ee3ng \u1edf nh\u1eefng v\u00f9ng mong mu\u1ed1n nh\u01b0 v\u00fa v\u00e0 m\u00e1. <\/p>\n<p> 3. C\u1ea3i thi\u1ec7n v\u1ebb ngo\u00e0i c\u1ee7a khu\u00f4n m\u1eb7t v\u00e0 mang l\u1ea1i nh\u1eefng \u0111\u01b0\u1eddng cong c\u01a1 th\u1ec3 h\u1ea5p d\u1eabn. <\/p>\n<p> <strong>S\u1eed d\u1ee5ng Acetyl hexapeptide 38 \/ Adifyline CAS 1400634-44-7<\/strong><br \/>\n t\u0103ng th\u1ec3 t\u00edch c\u1ee5c b\u1ed9, c\u1ea3i thi\u1ec7n v\u1ebb ngo\u00e0i khu\u00f4n m\u1eb7t v\u00e0 mang l\u1ea1i m\u1ed9t h\u00ecnh d\u00e1ng cong, b\u1eb1ng c\u00e1ch th\u00fac \u0111\u1ea9y bi\u1ec3u hi\u1ec7n PGC-1a v\u00e0 t\u00edch t\u1ee5 lipid trong m\u00f4 m\u1ee1.<\/p>\n","protected":false},"excerpt":{"rendered":"<p>T\u00ean s\u1ea3n ph\u1ea9m: Acetyl hexapeptide 38<br \/>\n CAS: 1400634-44-7<br \/>\n Mol File: Mol File<\/p>\n","protected":false},"featured_media":2136,"comment_status":"open","ping_status":"closed","template":"","meta":{"om_disable_all_campaigns":false,"_monsterinsights_skip_tracking":false,"_monsterinsights_sitenote_active":false,"_monsterinsights_sitenote_note":"","_monsterinsights_sitenote_category":0,"site-sidebar-layout":"default","site-content-layout":"default","ast-site-content-layout":"default","site-content-style":"default","site-sidebar-style":"default","ast-global-header-display":"","ast-banner-title-visibility":"","ast-main-header-display":"","ast-hfb-above-header-display":"","ast-hfb-below-header-display":"","ast-hfb-mobile-header-display":"","site-post-title":"","ast-breadcrumbs-content":"","ast-featured-img":"","footer-sml-layout":"","ast-disable-related-posts":"","theme-transparent-header-meta":"default","adv-header-id-meta":"","stick-header-meta":"","header-above-stick-meta":"","header-main-stick-meta":"","header-below-stick-meta":"","astra-migrate-meta-layouts":"default","ast-page-background-enabled":"default","ast-page-background-meta":{"desktop":{"background-color":"","background-image":"","background-repeat":"repeat","background-position":"center center","background-size":"auto","background-attachment":"scroll","background-type":"","background-media":"","overlay-type":"","overlay-color":"","overlay-opacity":"","overlay-gradient":""},"tablet":{"background-color":"","background-image":"","background-repeat":"repeat","background-position":"center center","background-size":"auto","background-attachment":"scroll","background-type":"","background-media":"","overlay-type":"","overlay-color":"","overlay-opacity":"","overlay-gradient":""},"mobile":{"background-color":"","background-image":"","background-repeat":"repeat","background-position":"center center","background-size":"auto","background-attachment":"scroll","background-type":"","background-media":"","overlay-type":"","overlay-color":"","overlay-opacity":"","overlay-gradient":""}},"ast-content-background-meta":{"desktop":{"background-color":"var(--ast-global-color-5)","background-image":"","background-repeat":"repeat","background-position":"center center","background-size":"auto","background-attachment":"scroll","background-type":"","background-media":"","overlay-type":"","overlay-color":"","overlay-opacity":"","overlay-gradient":""},"tablet":{"background-color":"var(--ast-global-color-5)","background-image":"","background-repeat":"repeat","background-position":"center center","background-size":"auto","background-attachment":"scroll","background-type":"","background-media":"","overlay-type":"","overlay-color":"","overlay-opacity":"","overlay-gradient":""},"mobile":{"background-color":"var(--ast-global-color-5)","background-image":"","background-repeat":"repeat","background-position":"center center","background-size":"auto","background-attachment":"scroll","background-type":"","background-media":"","overlay-type":"","overlay-color":"","overlay-opacity":"","overlay-gradient":""}}},"product_brand":[],"product_cat":[642],"product_tag":[3414],"class_list":{"0":"post-6498","1":"product","2":"type-product","3":"status-publish","4":"has-post-thumbnail","6":"product_cat-peptide-tang-cuong-chat-beo-va-nang-nguc","7":"product_tag-acetyl-hexapeptide-38-adifyline-cas-1400634-44-7-can-increase-the-volume-of-the-breasts-or-cheeks-vi","8":"desktop-align-left","9":"tablet-align-left","10":"mobile-align-left","12":"first","13":"instock","14":"shipping-taxable","15":"product-type-simple"},"_links":{"self":[{"href":"https:\/\/puyapeptide.net\/vi\/wp-json\/wp\/v2\/product\/6498","targetHints":{"allow":["GET"]}}],"collection":[{"href":"https:\/\/puyapeptide.net\/vi\/wp-json\/wp\/v2\/product"}],"about":[{"href":"https:\/\/puyapeptide.net\/vi\/wp-json\/wp\/v2\/types\/product"}],"replies":[{"embeddable":true,"href":"https:\/\/puyapeptide.net\/vi\/wp-json\/wp\/v2\/comments?post=6498"}],"wp:featuredmedia":[{"embeddable":true,"href":"https:\/\/puyapeptide.net\/vi\/wp-json\/wp\/v2\/media\/2136"}],"wp:attachment":[{"href":"https:\/\/puyapeptide.net\/vi\/wp-json\/wp\/v2\/media?parent=6498"}],"wp:term":[{"taxonomy":"product_brand","embeddable":true,"href":"https:\/\/puyapeptide.net\/vi\/wp-json\/wp\/v2\/product_brand?post=6498"},{"taxonomy":"product_cat","embeddable":true,"href":"https:\/\/puyapeptide.net\/vi\/wp-json\/wp\/v2\/product_cat?post=6498"},{"taxonomy":"product_tag","embeddable":true,"href":"https:\/\/puyapeptide.net\/vi\/wp-json\/wp\/v2\/product_tag?post=6498"}],"curies":[{"name":"wp","href":"https:\/\/api.w.org\/{rel}","templated":true}]}}