{"id":6512,"date":"2021-12-16T05:05:42","date_gmt":"2021-12-16T10:05:42","guid":{"rendered":"https:\/\/puyapeptide.net\/product\/palmitoyl-tripeptide-28-cai-thien-do-dan-hoi-san-chac-cua-da-va-chong-viem\/"},"modified":"2021-12-16T05:05:42","modified_gmt":"2021-12-16T10:05:42","slug":"palmitoyl-tripeptide-28-cai-thien-do-dan-hoi-san-chac-cua-da-va-chong-viem","status":"publish","type":"product","link":"https:\/\/puyapeptide.net\/vi\/product\/palmitoyl-tripeptide-28-cai-thien-do-dan-hoi-san-chac-cua-da-va-chong-viem\/","title":{"rendered":"Palmitoyl Tripeptide-28 c\u1ea3i thi\u1ec7n \u0111\u1ed9 \u0111\u00e0n h\u1ed3i, s\u0103n ch\u1eafc c\u1ee7a da v\u00e0 ch\u1ed1ng vi\u00eam"},"content":{"rendered":"<h2><strong>Palmitoyl Tripeptide-28 c\u1ea3i thi\u1ec7n \u0111\u1ed9 \u0111\u00e0n h\u1ed3i, s\u0103n ch\u1eafc c\u1ee7a da v\u00e0 ch\u1ed1ng vi\u00eam<\/strong><\/h2>\n<p> T\u00ean s\u1ea3n ph\u1ea9m: Palmitoyl Tripeptide-28<br \/>\n Tham kh\u1ea3o: ECM Moduline peptide<br \/>\n Ngu\u1ed3n: t\u1ed5ng h\u1ee3p<br \/>\n \u0110\u1ed9 h\u00f2a tan: h\u00f2a tan trong n\u01b0\u1edbc<br \/>\n \u0110\u1ed9 \u1ed5n \u0111\u1ecbnh: \u1ed5n \u0111\u1ecbnh<br \/>\n \u0110\u1ed9 tinh khi\u1ebft:&gt; = 95%<br \/>\n L\u1edbp: m\u1ef9 ph\u1ea9m<br \/>\n MSDS v\u00e0 COA: c\u00f3 s\u1eb5n \u0111\u1ec3 b\u1ea1n tham kh\u1ea3o, vui l\u00f2ng li\u00ean h\u1ec7 v\u1edbi ch\u00fang t\u00f4i<br \/>\n C\u00f4ng su\u1ea5t: 1kg m\u1ed7i th\u00e1ng<br \/>\n H\u00ecnh th\u1ee9c: b\u1ed9t m\u00e0u tr\u1eafng <\/p>\n<p> <strong>Ch\u1ee9c n\u0103ng c\u1ee7a Palmitoyl Tripeptide-28<\/strong><br \/>\n Palmitoyl Tripeptide -28 c\u1ea3i thi\u1ec7n \u0111\u1ed9 \u0111\u00e0n h\u1ed3i v\u00e0 \u0111\u1ed9 s\u0103n ch\u1eafc c\u1ee7a da v\u00e0 ho\u1ea1t \u0111\u1ed9ng nh\u01b0 m\u1ed9t ch\u1ea5t ch\u1ed1ng vi\u00eam. <\/p>\n<p> <strong>\u1ee8ng d\u1ee5ng c\u1ee7a Palmitoyl Tripeptide-28<\/strong><br \/>\n Palmitoyl Tripeptide-28 li\u00ean k\u1ebft v\u1edbi th\u1ee5 th\u1ec3 c\u1ee5 th\u1ec3 TGF-bII (TbRII) \u1edf b\u1ec1 m\u1eb7t t\u1ebf b\u00e0o. Th\u1ee5 th\u1ec3 n\u00e0y phosphoryl h\u00f3a th\u1ee5 th\u1ec3 TGF-bI (TbRI) \u0111\u1ec3 t\u1ea1o ra ph\u1ee9c h\u1ee3p th\u1ee5 th\u1ec3 ho\u1ea1t \u0111\u1ed9ng \u0111\u1ec3 ch\u00fang phosphoryl h\u00f3a protein Smad 2 ho\u1eb7c Smad 3.Smad 2 ho\u1eb7c Smad 3 t\u1ea1o th\u00e0nh m\u1ed9t ph\u1ee9c h\u1ee3p v\u1edbi protein citoplasmatic Smad 4 v\u00e0 \u0111i\u1ec1u n\u00e0y cho ph\u00e9p chuy\u1ec3n v\u1ecb c\u1ee7a ph\u1ee9c h\u1ee3p Smad v\u00e0o h\u1ea1t nh\u00e2n. \u1ede \u0111\u00f3, ph\u1ee9c h\u1ee3p t\u0103ng c\u01b0\u1eddng Smad li\u00ean k\u1ebft v\u1edbi c\u00e1c tr\u00ecnh t\u1ef1 c\u1ee5 th\u1ec3 c\u1ee7a c\u00e1c ch\u1ea5t x\u00fac ti\u1ebfn c\u1ee7a gen ch\u1ea5t n\u1ec1n ngo\u1ea1i b\u00e0o \u0111\u1ec3 k\u00edch ho\u1ea1t s\u1ef1 bi\u1ec3u hi\u1ec7n c\u1ee7a n\u00f3. <\/p>\n<p> Palmitoyl Tripeptide-28 l\u00e0 ch\u00eca kh\u00f3a trong vi\u1ec7c t\u00e1i t\u1ea1o ch\u1ea5t n\u1ec1n ngo\u1ea1i b\u00e0o v\u00ec n\u00f3 k\u00edch th\u00edch s\u1ef1 t\u1ed5ng h\u1ee3p protein trong ch\u1ea5t n\u1ec1n ngo\u1ea1i b\u00e0o, \u1ee9c ch\u1ebf c\u00e1c metalloproteinase l\u00e0m suy gi\u1ea3m collagen, k\u00edch th\u00edch s\u1ea3n xu\u1ea5t c\u00e1c ch\u1ea5t \u1ee9c ch\u1ebf protease v\u00e0 t\u1ed5ng h\u1ee3p c\u00e1c t\u00edch ph\u00e2n.<\/p>\n","protected":false},"excerpt":{"rendered":"<p>T\u00ean s\u1ea3n ph\u1ea9m: Palmitoyl Tripeptide-28<br \/>\n Ngu\u1ed3n: t\u1ed5ng h\u1ee3p<br \/>\n \u0110\u1ed9 h\u00f2a tan: h\u00f2a tan trong n\u01b0\u1edbc<br \/>\n \u0110\u1ed9 \u1ed5n \u0111\u1ecbnh: \u1ed5n \u0111\u1ecbnh<br \/>\n \u0110\u1ed9 tinh khi\u1ebft:&gt; = 95%<br \/>\n Lo\u1ea1i: m\u1ef9 ph\u1ea9m<br \/>\n H\u00ecnh th\u1ee9c: b\u1ed9t m\u00e0u tr\u1eafng<\/p>\n","protected":false},"featured_media":2220,"comment_status":"open","ping_status":"closed","template":"","meta":{"om_disable_all_campaigns":false,"_monsterinsights_skip_tracking":false,"_monsterinsights_sitenote_active":false,"_monsterinsights_sitenote_note":"","_monsterinsights_sitenote_category":0,"site-sidebar-layout":"default","site-content-layout":"default","ast-site-content-layout":"default","site-content-style":"default","site-sidebar-style":"default","ast-global-header-display":"","ast-banner-title-visibility":"","ast-main-header-display":"","ast-hfb-above-header-display":"","ast-hfb-below-header-display":"","ast-hfb-mobile-header-display":"","site-post-title":"","ast-breadcrumbs-content":"","ast-featured-img":"","footer-sml-layout":"","ast-disable-related-posts":"","theme-transparent-header-meta":"default","adv-header-id-meta":"","stick-header-meta":"","header-above-stick-meta":"","header-main-stick-meta":"","header-below-stick-meta":"","astra-migrate-meta-layouts":"default","ast-page-background-enabled":"default","ast-page-background-meta":{"desktop":{"background-color":"","background-image":"","background-repeat":"repeat","background-position":"center center","background-size":"auto","background-attachment":"scroll","background-type":"","background-media":"","overlay-type":"","overlay-color":"","overlay-opacity":"","overlay-gradient":""},"tablet":{"background-color":"","background-image":"","background-repeat":"repeat","background-position":"center center","background-size":"auto","background-attachment":"scroll","background-type":"","background-media":"","overlay-type":"","overlay-color":"","overlay-opacity":"","overlay-gradient":""},"mobile":{"background-color":"","background-image":"","background-repeat":"repeat","background-position":"center center","background-size":"auto","background-attachment":"scroll","background-type":"","background-media":"","overlay-type":"","overlay-color":"","overlay-opacity":"","overlay-gradient":""}},"ast-content-background-meta":{"desktop":{"background-color":"var(--ast-global-color-5)","background-image":"","background-repeat":"repeat","background-position":"center center","background-size":"auto","background-attachment":"scroll","background-type":"","background-media":"","overlay-type":"","overlay-color":"","overlay-opacity":"","overlay-gradient":""},"tablet":{"background-color":"var(--ast-global-color-5)","background-image":"","background-repeat":"repeat","background-position":"center center","background-size":"auto","background-attachment":"scroll","background-type":"","background-media":"","overlay-type":"","overlay-color":"","overlay-opacity":"","overlay-gradient":""},"mobile":{"background-color":"var(--ast-global-color-5)","background-image":"","background-repeat":"repeat","background-position":"center center","background-size":"auto","background-attachment":"scroll","background-type":"","background-media":"","overlay-type":"","overlay-color":"","overlay-opacity":"","overlay-gradient":""}}},"product_brand":[],"product_cat":[642],"product_tag":[3384,3362],"class_list":{"0":"post-6512","1":"product","2":"type-product","3":"status-publish","4":"has-post-thumbnail","6":"product_cat-peptide-tang-cuong-chat-beo-va-nang-nguc","7":"product_tag-firmness-and-serves-as-an-anti-inflammatory-vi","8":"product_tag-palmitoyl-tripeptide-28-improves-skin-elasticity-vi","9":"desktop-align-left","10":"tablet-align-left","11":"mobile-align-left","13":"first","14":"instock","15":"shipping-taxable","16":"product-type-simple"},"_links":{"self":[{"href":"https:\/\/puyapeptide.net\/vi\/wp-json\/wp\/v2\/product\/6512","targetHints":{"allow":["GET"]}}],"collection":[{"href":"https:\/\/puyapeptide.net\/vi\/wp-json\/wp\/v2\/product"}],"about":[{"href":"https:\/\/puyapeptide.net\/vi\/wp-json\/wp\/v2\/types\/product"}],"replies":[{"embeddable":true,"href":"https:\/\/puyapeptide.net\/vi\/wp-json\/wp\/v2\/comments?post=6512"}],"wp:featuredmedia":[{"embeddable":true,"href":"https:\/\/puyapeptide.net\/vi\/wp-json\/wp\/v2\/media\/2220"}],"wp:attachment":[{"href":"https:\/\/puyapeptide.net\/vi\/wp-json\/wp\/v2\/media?parent=6512"}],"wp:term":[{"taxonomy":"product_brand","embeddable":true,"href":"https:\/\/puyapeptide.net\/vi\/wp-json\/wp\/v2\/product_brand?post=6512"},{"taxonomy":"product_cat","embeddable":true,"href":"https:\/\/puyapeptide.net\/vi\/wp-json\/wp\/v2\/product_cat?post=6512"},{"taxonomy":"product_tag","embeddable":true,"href":"https:\/\/puyapeptide.net\/vi\/wp-json\/wp\/v2\/product_tag?post=6512"}],"curies":[{"name":"wp","href":"https:\/\/api.w.org\/{rel}","templated":true}]}}