{"id":6538,"date":"2021-12-16T05:06:53","date_gmt":"2021-12-16T10:06:53","guid":{"rendered":"https:\/\/puyapeptide.net\/product\/palmitoyl-tetrapeptide-20-lop-hang-dau-danh-cho-toc-xam\/"},"modified":"2021-12-16T05:37:27","modified_gmt":"2021-12-16T10:37:27","slug":"palmitoyl-tetrapeptide-20-lop-hang-dau-danh-cho-toc-xam","status":"publish","type":"product","link":"https:\/\/puyapeptide.net\/vi\/product\/palmitoyl-tetrapeptide-20-lop-hang-dau-danh-cho-toc-xam\/","title":{"rendered":"Palmitoyl Tetrapeptide-20 l\u1edbp h\u00e0ng \u0111\u1ea7u d\u00e0nh cho t\u00f3c x\u00e1m"},"content":{"rendered":"<h2><strong>Palmitoyl Tetrapeptide-20 l\u1edbp h\u00e0ng \u0111\u1ea7u d\u00e0nh cho t\u00f3c x\u00e1m<\/strong><\/h2>\n<p> T\u00ean s\u1ea3n ph\u1ea9m Palmitoyl Tetrapeptide-20<br \/>\n \u0110\u1ed9 tinh khi\u1ebft 95-99%<br \/>\n MSDS v\u00e0 COA c\u00f3 s\u1eb5n \u0111\u1ec3 b\u1ea1n tham kh\u1ea3o<br \/>\n Giao h\u00e0ng nhanh ch\u00f3ng t\u1eeb kho<br \/>\n Sequence Pal-PEKK<br \/>\n Cas 221227-05-0 <\/p>\n<p> Palmitoyl tetrapeptide-20 l\u00e0 ch\u1ea5t ch\u1ee7 v\u1eadn c\u1ee7a \u03b1-MSH, k\u00edch th\u00edch t\u1ed5ng h\u1ee3p melanin v\u00e0 c\u1ea3i thi\u1ec7n ho\u1ea1t \u0111\u1ed9ng c\u1ee7a catalase v\u00e0 gi\u1ea3m d\u01b0 th\u1eeba (H202). N\u00f3 c\u00f3 th\u1ec3 \u0111\u01b0\u1ee3c s\u1eed d\u1ee5ng trong s\u1eafc t\u1ed1 t\u00f3c. <\/p>\n<p> Palmitoyl tetrapeptide-20 l\u00e0 peptide sinh h\u1ecdc hormone (MSH-\u03b1) ho\u1ea1t \u0111\u1ed9ng tr\u00ean hai nguy\u00ean nh\u00e2n ch\u00ednh g\u00e2y ra t\u00f3c b\u1ea1c: gi\u1ea3m h\u1eafc t\u1ed1 v\u00e0 stress oxy h\u00f3a. Palmitoyl Tetrapeptide-10 (Th\u01b0\u01a1ng hi\u1ec7u: Kramer) mang \u0111\u1ebfn m\u1ed9t ph\u01b0\u01a1ng ph\u00e1p ng\u0103n ng\u1eeba, ng\u0103n ch\u1eb7n v\u00e0 \u0111\u1ea3o ng\u01b0\u1ee3c hi\u1ec7n t\u01b0\u1ee3ng l\u00e3o h\u00f3a t\u00f3c hi\u1ec7u qu\u1ea3 ch\u01b0a t\u1eebng c\u00f3. \u0110\u00e3 \u0111\u01b0\u1ee3c th\u1eed nghi\u1ec7m l\u00e2m s\u00e0ng v\u1ec1 hi\u1ec7u qu\u1ea3, Black Hair Peptide c\u00f3 th\u1ec3 gi\u00fap nam gi\u1edbi v\u00e0 ph\u1ee5 n\u1eef b\u1ecb t\u00f3c b\u1ea1c b\u1eb1ng c\u00e1ch \u0111\u1ea3o ng\u01b0\u1ee3c qu\u00e1 tr\u00ecnh l\u00e3o h\u00f3a t\u00f3c v\u00e0 n\u00e2ng cao l\u00f2ng t\u1ef1 tr\u1ecdng c\u1ee7a m\u1ecdi ng\u01b0\u1eddi \u0111\u1ec3 tr\u00f4ng tr\u1ebb trung t\u1ef1 nhi\u00ean h\u01a1n. <\/p>\n<p> <strong>C\u00e1ch s\u1eed d\u1ee5ng Palmitoyl Tetrapeptide-20<\/strong> &lt; &amp;&gt; Palmitoyl tetrapeptide-20 k\u00edch th\u00edch s\u1eafc t\u1ed1 t\u00f3c v\u00e0 \u0111\u1ea3o ng\u01b0\u1ee3c qu\u00e1 tr\u00ecnh t\u00f3c b\u1ea1c, mang l\u1ea1i cho nam gi\u1edbi v\u00e0 ph\u1ee5 n\u1eef v\u1ebb ngo\u00e0i tr\u1ebb trung h\u01a1n v\u00e0 c\u1ea3i thi\u1ec7n l\u00f2ng t\u1ef1 tr\u1ecdng c\u1ee7a h\u1ecd <\/p>\n<p> <strong>Ch\u1ee9c n\u0103ng c\u1ee7a Palmitoyl Tetrapeptide-20<\/strong><br \/>\n Palmitoyl Tetrapeptide-20 c\u00f3 th\u1ec3 K\u00edch th\u00edch s\u1ea3n xu\u1ea5t s\u1eafc t\u1ed1 t\u00f3c t\u1ef1 nhi\u00ean v\u00e0 d\u1ea7n d\u1ea7n ph\u1ee5c h\u1ed3i m\u00e0u t\u00f3c t\u1ef1 nhi\u00ean; ch\u1ed1ng l\u1ea1i qu\u00e1 tr\u00ecnh l\u00e3o h\u00f3a t\u00f3c v\u00e0 ng\u0103n ng\u1eeba s\u1ef1 xu\u1ea5t hi\u1ec7n c\u1ee7a t\u00f3c b\u1ea1c. C\u00f3 th\u1ec3 d\u00f9ng ch\u1ed1ng l\u00e3o h\u00f3a t\u00f3c, che ph\u1ee7 t\u00f3c b\u1ea1c s\u1edbm, d\u01b0\u1ee1ng sau nhu\u1ed9m, gi\u00fap t\u00f3c l\u00ean m\u00e0u t\u1ef1 nhi\u00ean, d\u1ecbu nh\u1eb9 h\u01a1n thu\u1ed1c nhu\u1ed9m h\u00f3a h\u1ecdc d\u00f9ng cho c\u00e1c s\u1ea3n ph\u1ea9m ch\u0103m s\u00f3c da \u0111\u1ea7u v\u00e0 r\u00e2u.<\/p>\n","protected":false},"excerpt":{"rendered":"<p>T\u00ean s\u1ea3n ph\u1ea9m Palmitoyl Tetrapeptide-20<br \/>\n \u0110\u1ed9 tinh khi\u1ebft 95-99%<br \/>\n Giao h\u00e0ng nhanh ch\u00f3ng t\u1eeb kho<br \/>\n Sequence Pal-PEKK<br \/>\n Cas 221227-05-0<\/p>\n","protected":false},"featured_media":2178,"comment_status":"open","ping_status":"closed","template":"","meta":{"om_disable_all_campaigns":false,"_monsterinsights_skip_tracking":false,"_monsterinsights_sitenote_active":false,"_monsterinsights_sitenote_note":"","_monsterinsights_sitenote_category":0,"site-sidebar-layout":"default","site-content-layout":"default","ast-site-content-layout":"default","site-content-style":"default","site-sidebar-style":"default","ast-global-header-display":"","ast-banner-title-visibility":"","ast-main-header-display":"","ast-hfb-above-header-display":"","ast-hfb-below-header-display":"","ast-hfb-mobile-header-display":"","site-post-title":"","ast-breadcrumbs-content":"","ast-featured-img":"","footer-sml-layout":"","ast-disable-related-posts":"","theme-transparent-header-meta":"default","adv-header-id-meta":"","stick-header-meta":"","header-above-stick-meta":"","header-main-stick-meta":"","header-below-stick-meta":"","astra-migrate-meta-layouts":"default","ast-page-background-enabled":"default","ast-page-background-meta":{"desktop":{"background-color":"","background-image":"","background-repeat":"repeat","background-position":"center center","background-size":"auto","background-attachment":"scroll","background-type":"","background-media":"","overlay-type":"","overlay-color":"","overlay-opacity":"","overlay-gradient":""},"tablet":{"background-color":"","background-image":"","background-repeat":"repeat","background-position":"center center","background-size":"auto","background-attachment":"scroll","background-type":"","background-media":"","overlay-type":"","overlay-color":"","overlay-opacity":"","overlay-gradient":""},"mobile":{"background-color":"","background-image":"","background-repeat":"repeat","background-position":"center center","background-size":"auto","background-attachment":"scroll","background-type":"","background-media":"","overlay-type":"","overlay-color":"","overlay-opacity":"","overlay-gradient":""}},"ast-content-background-meta":{"desktop":{"background-color":"var(--ast-global-color-5)","background-image":"","background-repeat":"repeat","background-position":"center center","background-size":"auto","background-attachment":"scroll","background-type":"","background-media":"","overlay-type":"","overlay-color":"","overlay-opacity":"","overlay-gradient":""},"tablet":{"background-color":"var(--ast-global-color-5)","background-image":"","background-repeat":"repeat","background-position":"center center","background-size":"auto","background-attachment":"scroll","background-type":"","background-media":"","overlay-type":"","overlay-color":"","overlay-opacity":"","overlay-gradient":""},"mobile":{"background-color":"var(--ast-global-color-5)","background-image":"","background-repeat":"repeat","background-position":"center center","background-size":"auto","background-attachment":"scroll","background-type":"","background-media":"","overlay-type":"","overlay-color":"","overlay-opacity":"","overlay-gradient":""}}},"product_brand":[],"product_cat":[617],"product_tag":[3345],"class_list":{"0":"post-6538","1":"product","2":"type-product","3":"status-publish","4":"has-post-thumbnail","6":"product_cat-toc-long-mi-thuc-day-su-phat-trien-peptide","7":"product_tag-top-grade-palmitoyl-tetrapeptide-20-for-grey-hair-vi","8":"desktop-align-left","9":"tablet-align-left","10":"mobile-align-left","12":"first","13":"instock","14":"shipping-taxable","15":"product-type-simple"},"_links":{"self":[{"href":"https:\/\/puyapeptide.net\/vi\/wp-json\/wp\/v2\/product\/6538","targetHints":{"allow":["GET"]}}],"collection":[{"href":"https:\/\/puyapeptide.net\/vi\/wp-json\/wp\/v2\/product"}],"about":[{"href":"https:\/\/puyapeptide.net\/vi\/wp-json\/wp\/v2\/types\/product"}],"replies":[{"embeddable":true,"href":"https:\/\/puyapeptide.net\/vi\/wp-json\/wp\/v2\/comments?post=6538"}],"wp:featuredmedia":[{"embeddable":true,"href":"https:\/\/puyapeptide.net\/vi\/wp-json\/wp\/v2\/media\/2178"}],"wp:attachment":[{"href":"https:\/\/puyapeptide.net\/vi\/wp-json\/wp\/v2\/media?parent=6538"}],"wp:term":[{"taxonomy":"product_brand","embeddable":true,"href":"https:\/\/puyapeptide.net\/vi\/wp-json\/wp\/v2\/product_brand?post=6538"},{"taxonomy":"product_cat","embeddable":true,"href":"https:\/\/puyapeptide.net\/vi\/wp-json\/wp\/v2\/product_cat?post=6538"},{"taxonomy":"product_tag","embeddable":true,"href":"https:\/\/puyapeptide.net\/vi\/wp-json\/wp\/v2\/product_tag?post=6538"}],"curies":[{"name":"wp","href":"https:\/\/api.w.org\/{rel}","templated":true}]}}