{"id":6609,"date":"2021-12-16T05:09:41","date_gmt":"2021-12-16T10:09:41","guid":{"rendered":"https:\/\/puyapeptide.net\/product\/myristoyl-pentapeptide-17-cas-959610-30-1-la-mot-thanh-phan-my-pham-hieu-qua-de-thuc-day-su-phat-trien-cua-long-mi\/"},"modified":"2021-12-16T05:09:41","modified_gmt":"2021-12-16T10:09:41","slug":"myristoyl-pentapeptide-17-cas-959610-30-1-la-mot-thanh-phan-my-pham-hieu-qua-de-thuc-day-su-phat-trien-cua-long-mi","status":"publish","type":"product","link":"https:\/\/puyapeptide.net\/vi\/product\/myristoyl-pentapeptide-17-cas-959610-30-1-la-mot-thanh-phan-my-pham-hieu-qua-de-thuc-day-su-phat-trien-cua-long-mi\/","title":{"rendered":"Myristoyl Pentapeptide-17 CAS 959610-30-1 l\u00e0 m\u1ed9t th\u00e0nh ph\u1ea7n m\u1ef9 ph\u1ea9m hi\u1ec7u qu\u1ea3 \u0111\u1ec3 th\u00fac \u0111\u1ea9y s\u1ef1 ph\u00e1t tri\u1ec3n c\u1ee7a l\u00f4ng mi"},"content":{"rendered":"<h2><strong>Myristoyl Pentapeptide-17 CAS 959610-30-1 l\u00e0 m\u1ed9t th\u00e0nh ph\u1ea7n m\u1ef9 ph\u1ea9m hi\u1ec7u qu\u1ea3 \u0111\u1ec3 th\u00fac \u0111\u1ea9y s\u1ef1 ph\u00e1t tri\u1ec3n c\u1ee7a l\u00f4ng mi<\/strong><\/h2>\n<p> T\u00ean s\u1ea3n ph\u1ea9m: Myristoyl Pentapeptide-17<br \/>\n T\u1eeb \u0111\u1ed3ng ngh\u0129a: Myristoyl Pentapeptide-17; evaleptide226; N2- (1-Oxotetradecyl) -L-lysyl-L-leucyl-L-alanyl-L-lysyl-L-lysinamide; Nh\u1ee5c \u0111\u1eadu kh\u1ea5u n\u0103m peptit 17; Myr-KLAKK-NH2; N &#8211; [(2S) -6-amino-1 &#8211; [[(2S) -1 &#8211; [[(2S) -1 &#8211; [[(2S) -6-amino- 1 &#8211; [[(2S) -1,6-diamino-1-oxohexan-2-yl] amino] -1-oxohexan-2-yl] amino] -1-oxopropan-2-yl] amino] -4-metyl -1-oxopentan-2-yl] amino] -1-oxohexan-2-yl] tetradecanamide; N2- (1-Oxotetradecyl) -L-lysyl-L-leucyl-L-alanyl-L-lysyl-L-lys; Sympeptide 235<br \/>\n CAS: 959610-30-1<br \/>\n MF: C41H81N9O6<br \/>\n MW: 796.14<br \/>\n EINECS:<br \/>\n Danh m\u1ee5c s\u1ea3n ph\u1ea9m:<br \/>\n Mol File: 959610-30-1.mol &lt;&amp; &gt;<br \/>\n Myristoyl pentapeptide-17 \/ peptide d\u01b0\u1ee1ng mi l\u00e0 m\u1ed9t th\u00e0nh ph\u1ea7n m\u1ef9 ph\u1ea9m hi\u1ec7u qu\u1ea3 \u0111\u1ec3 th\u00fac \u0111\u1ea9y s\u1ef1 ph\u00e1t tri\u1ec3n c\u1ee7a l\u00f4ng mi, c\u00f3 th\u1ec3 k\u00edch th\u00edch hi\u1ec7u qu\u1ea3 s\u1ef1 t\u1ed5ng h\u1ee3p keratin c\u1ee7a s\u1ee3i l\u00f4ng, th\u00fac \u0111\u1ea9y s\u1ef1 ph\u00e1t tri\u1ec3n c\u1ee7a s\u1ee3i l\u00f4ng (l\u00f4ng mi, l\u00f4ng m\u00e0y, t\u00f3c) v\u00e0 l\u00e0m cho ch\u00fang d\u00e0y v\u00e0 c\u1ee9ng h\u01a1n . <\/p>\n<p> M\u1ed9t trong nh\u1eefng vai tr\u00f2 ch\u00ednh c\u1ee7a Myristoyl Pentapeptide-17 l\u00e0 ch\u1ea5t ch\u1ed1ng oxy h\u00f3a. Gi\u1ed1ng nh\u01b0 t\u1ea5t c\u1ea3 c\u00e1c ch\u1ea5t ch\u1ed1ng oxy h\u00f3a kh\u00e1c, Myristoyl Pentapeptide-17 c\u00f3 vai tr\u00f2 b\u1ea3o v\u1ec7 da kh\u1ecfi t\u00e1c h\u1ea1i c\u1ee7a c\u00e1c g\u1ed1c t\u1ef1 do, l\u00e0 k\u1ebft qu\u1ea3 c\u1ee7a vi\u1ec7c ti\u1ebfp x\u00fac qu\u00e1 nhi\u1ec1u v\u1edbi \u00e1nh n\u1eafng m\u1eb7t tr\u1eddi ho\u1eb7c g\u1eb7p ph\u1ea3i c\u00e1c ch\u1ea5t \u00f4 nhi\u1ec5m t\u1eeb m\u00f4i tr\u01b0\u1eddng. C\u00e1c g\u1ed1c t\u1ef1 do n\u00e0y g\u00e2y h\u1ea1i cho t\u1eebng t\u1ebf b\u00e0o da, nh\u01b0ng nguy hi\u1ec3m th\u1ef1c s\u1ef1 c\u1ee7a ch\u00fang l\u00e0 c\u00f3 th\u1ec3 g\u00e2y l\u00e3o h\u00f3a s\u1edbm. C\u00e1c g\u1ed1c t\u1ef1 do g\u00e2y ra c\u00f3 th\u1ec3 khuy\u1ebfn kh\u00edch c\u00e1c t\u1ebf b\u00e0o da b\u1eaft \u0111\u1ea7u nh\u00e2n l\u00ean nhanh ch\u00f3ng v\u00e0 kh\u00f4ng \u0111\u01b0\u1ee3c ki\u1ec3m so\u00e1t. Kh\u00f4ng ch\u1ec9 b\u1ea3o v\u1ec7 t\u1ebf b\u00e0o da kh\u1ecfi c\u00e1c ch\u1ea5t ch\u1ed1ng oxy h\u00f3a m\u00e0 c\u00f2n gi\u00fap v\u00f4 hi\u1ec7u h\u00f3a ch\u00fang \u0111\u1ec3 lo\u1ea1i b\u1ecf ch\u00fang. Khu\u00f4n m\u1eb7t c\u00f3 th\u1ec3 b\u1eaft \u0111\u1ea7u kh\u1ecfe m\u1ea1nh tr\u1edf l\u1ea1i. \u0110i\u1ec1u n\u00e0y l\u00e0m cho n\u00f3 tr\u1edf th\u00e0nh m\u1ed9t trong nh\u1eefng ch\u1ea5t ch\u1ed1ng oxy h\u00f3a c\u00f3 l\u1ee3i nh\u1ea5t tr\u00ean th\u1ecb tr\u01b0\u1eddng. <\/p>\n<p> <strong>Myristoyl Pentapeptide-17 CAS 959610-30-1 T\u00ednh ch\u1ea5t h\u00f3a h\u1ecdc<\/strong><br \/>\n \u0110i\u1ec3m s\u00f4i 1071,6 \u00b1 65,0 \u00b0 C (D\u1ef1 \u0111o\u00e1n)<br \/>\n m\u1eadt \u0111\u1ed9 1,062 \u00b1 0,06 g \/ cm3 (D\u1ef1 \u0111o\u00e1n)<br \/>\n nhi\u1ec7t \u0111\u1ed9 b\u1ea3o qu\u1ea3n. Ni\u00eam phong \u1edf n\u01a1i kh\u00f4 r\u00e1o, Nhi\u1ec7t \u0111\u1ed9 ph\u00f2ng<br \/>\n pka 13,42 \u00b1 0,46 (D\u1ef1 \u0111o\u00e1n) <\/p>\n<p> <strong>\u1ee8ng d\u1ee5ng v\u00e0 C\u00f4ng d\u1ee5ng c\u1ee7a Myristoyl Pentapeptide-17 CAS 959610-30-1<\/strong><br \/>\n 1. T\u0103ng c\u01b0\u1eddng \u0111\u1eb7c bi\u1ec7t cho s\u1ef1 xu\u1ea5t hi\u1ec7n c\u1ee7a l\u00f4ng mi v\u00e0 l\u00f4ng m\u00e0y<br \/>\n 2. Cung c\u1ea5p l\u00f4ng mi tuy\u1ec7t \u0111\u1eb9p, r\u1eadm r\u1ea1p v\u00e0 tr\u00f4ng t\u01b0\u01a1i t\u1ed1t<br \/>\n 3. C\u00f4ng ngh\u1ec7 kh\u00f4ng ch\u1ee9a prostaglandin<br \/>\n 4. Kh\u00f4ng g\u00e2y k\u00edch \u1ee9ng m\u1eaft ho\u1eb7c nguy c\u01a1 \u0111\u1ed5i m\u00e0u<br \/>\n 5. \u0110\u00e3 \u0111\u01b0\u1ee3c b\u00e1c s\u0129 chuy\u00ean khoa m\u1eaft v\u00e0 b\u00e1c s\u0129 nh\u00e3n khoa ki\u1ec3m nghi\u1ec7m \u0111\u1ed9 an to\u00e0n.<\/p>\n","protected":false},"excerpt":{"rendered":"<p>T\u00ean s\u1ea3n ph\u1ea9m: Myristoyl Pentapeptide-17<br \/>\n CAS: 959610-30-1<br \/>\n MF: C41H81N9O6<br \/>\n MW: 796.14<br \/>\n Mol T\u1ec7p: 959610-30-1.mol<\/p>\n","protected":false},"featured_media":2115,"comment_status":"open","ping_status":"closed","template":"","meta":{"om_disable_all_campaigns":false,"_monsterinsights_skip_tracking":false,"_monsterinsights_sitenote_active":false,"_monsterinsights_sitenote_note":"","_monsterinsights_sitenote_category":0,"site-sidebar-layout":"default","site-content-layout":"default","ast-site-content-layout":"default","site-content-style":"default","site-sidebar-style":"default","ast-global-header-display":"","ast-banner-title-visibility":"","ast-main-header-display":"","ast-hfb-above-header-display":"","ast-hfb-below-header-display":"","ast-hfb-mobile-header-display":"","site-post-title":"","ast-breadcrumbs-content":"","ast-featured-img":"","footer-sml-layout":"","ast-disable-related-posts":"","theme-transparent-header-meta":"default","adv-header-id-meta":"","stick-header-meta":"","header-above-stick-meta":"","header-main-stick-meta":"","header-below-stick-meta":"","astra-migrate-meta-layouts":"default","ast-page-background-enabled":"default","ast-page-background-meta":{"desktop":{"background-color":"","background-image":"","background-repeat":"repeat","background-position":"center center","background-size":"auto","background-attachment":"scroll","background-type":"","background-media":"","overlay-type":"","overlay-color":"","overlay-opacity":"","overlay-gradient":""},"tablet":{"background-color":"","background-image":"","background-repeat":"repeat","background-position":"center center","background-size":"auto","background-attachment":"scroll","background-type":"","background-media":"","overlay-type":"","overlay-color":"","overlay-opacity":"","overlay-gradient":""},"mobile":{"background-color":"","background-image":"","background-repeat":"repeat","background-position":"center center","background-size":"auto","background-attachment":"scroll","background-type":"","background-media":"","overlay-type":"","overlay-color":"","overlay-opacity":"","overlay-gradient":""}},"ast-content-background-meta":{"desktop":{"background-color":"var(--ast-global-color-5)","background-image":"","background-repeat":"repeat","background-position":"center center","background-size":"auto","background-attachment":"scroll","background-type":"","background-media":"","overlay-type":"","overlay-color":"","overlay-opacity":"","overlay-gradient":""},"tablet":{"background-color":"var(--ast-global-color-5)","background-image":"","background-repeat":"repeat","background-position":"center center","background-size":"auto","background-attachment":"scroll","background-type":"","background-media":"","overlay-type":"","overlay-color":"","overlay-opacity":"","overlay-gradient":""},"mobile":{"background-color":"var(--ast-global-color-5)","background-image":"","background-repeat":"repeat","background-position":"center center","background-size":"auto","background-attachment":"scroll","background-type":"","background-media":"","overlay-type":"","overlay-color":"","overlay-opacity":"","overlay-gradient":""}}},"product_brand":[],"product_cat":[599],"product_tag":[3283],"class_list":{"0":"post-6609","1":"product","2":"type-product","3":"status-publish","4":"has-post-thumbnail","6":"product_cat-peptide-cham-soc-mat","7":"product_tag-myristoyl-pentapeptide-17-cas-959610-30-1-is-an-effective-cosmetic-ingredient-to-promote-eyelash-growth-vi","8":"desktop-align-left","9":"tablet-align-left","10":"mobile-align-left","12":"first","13":"instock","14":"shipping-taxable","15":"product-type-simple"},"_links":{"self":[{"href":"https:\/\/puyapeptide.net\/vi\/wp-json\/wp\/v2\/product\/6609","targetHints":{"allow":["GET"]}}],"collection":[{"href":"https:\/\/puyapeptide.net\/vi\/wp-json\/wp\/v2\/product"}],"about":[{"href":"https:\/\/puyapeptide.net\/vi\/wp-json\/wp\/v2\/types\/product"}],"replies":[{"embeddable":true,"href":"https:\/\/puyapeptide.net\/vi\/wp-json\/wp\/v2\/comments?post=6609"}],"wp:featuredmedia":[{"embeddable":true,"href":"https:\/\/puyapeptide.net\/vi\/wp-json\/wp\/v2\/media\/2115"}],"wp:attachment":[{"href":"https:\/\/puyapeptide.net\/vi\/wp-json\/wp\/v2\/media?parent=6609"}],"wp:term":[{"taxonomy":"product_brand","embeddable":true,"href":"https:\/\/puyapeptide.net\/vi\/wp-json\/wp\/v2\/product_brand?post=6609"},{"taxonomy":"product_cat","embeddable":true,"href":"https:\/\/puyapeptide.net\/vi\/wp-json\/wp\/v2\/product_cat?post=6609"},{"taxonomy":"product_tag","embeddable":true,"href":"https:\/\/puyapeptide.net\/vi\/wp-json\/wp\/v2\/product_tag?post=6609"}],"curies":[{"name":"wp","href":"https:\/\/api.w.org\/{rel}","templated":true}]}}