{"id":6647,"date":"2021-12-16T05:39:46","date_gmt":"2021-12-16T10:39:46","guid":{"rendered":"https:\/\/puyapeptide.net\/product\/biotin-tripeptide-1-biotinoyl-tripeptide-1-biotinoyl-tripeptide-1-cas-299157-54-3-thuc-day-su-phat-trien-cua-long-mi-toc-va-long-may\/"},"modified":"2021-12-16T05:39:46","modified_gmt":"2021-12-16T10:39:46","slug":"biotin-tripeptide-1-biotinoyl-tripeptide-1-biotinoyl-tripeptide-1-cas-299157-54-3-thuc-day-su-phat-trien-cua-long-mi-toc-va-long-may","status":"publish","type":"product","link":"https:\/\/puyapeptide.net\/vi\/product\/biotin-tripeptide-1-biotinoyl-tripeptide-1-biotinoyl-tripeptide-1-cas-299157-54-3-thuc-day-su-phat-trien-cua-long-mi-toc-va-long-may\/","title":{"rendered":"Biotin Tripeptide-1 \/ BIoTinoyl Tripeptide-1 \/ BIoTinoyl Tripeptide-1 CAS 299157-54-3 Th\u00fac \u0111\u1ea9y s\u1ef1 ph\u00e1t tri\u1ec3n c\u1ee7a l\u00f4ng mi, t\u00f3c v\u00e0 l\u00f4ng m\u00e0y"},"content":{"rendered":"<h2><strong>Biotin Tripeptide-1 \/ BIoTinoyl Tripeptide-1 \/ BIoTinoyl Tripeptide-1 CAS 299157-54-3 Th\u00fac \u0111\u1ea9y s\u1ef1 ph\u00e1t tri\u1ec3n c\u1ee7a l\u00f4ng mi, t\u00f3c v\u00e0 l\u00f4ng m\u00e0y<\/strong><\/h2>\n<p> T\u00ean s\u1ea3n ph\u1ea9m: Biotinyl-GHK tripeptide<br \/>\n T\u1eeb \u0111\u1ed3ng ngh\u0129a: Biotinoyl Tripeptide-1; BIO-GHK; biotinoyl tripeptide; Procapil; widelash; Biotinoylglycylhistidyllysine; Biotinyl-GHK tripeptide; N- [5 &#8211; [(3aS, 4S, 6aR ) -Hexahydro-2-oxo-1H-thieno [3,4-d] imidazol-4-yl] -1-oxopentyl] glycyl-L-histidyl-L-lysine<br \/>\n CAS: 299157-54-3 &lt;&amp; &gt; MF: C24H38N8O6S<br \/>\n MW: 566,67<br \/>\n EINECS:<br \/>\n Danh m\u1ee5c s\u1ea3n ph\u1ea9m:<br \/>\n Mol File: 299157-54-3.mol <\/p>\n<p> Biotin Tripeptide-1 l\u00e0 m\u1ed9t tripeptide k\u1ebft h\u1ee3p vitamin H v\u00e0 chu\u1ed7i Matrikine t\u00edn hi\u1ec7u peptit GHK. Cho d\u00f9 \u0111\u1ed1i v\u1edbi nam hay n\u1eef, r\u1ee5ng t\u00f3c l\u00e0 m\u1ed9t v\u1ea5n \u0111\u1ec1 ph\u1ed5 bi\u1ebfn, 95% trong s\u1ed1 \u0111\u00f3 l\u00e0 r\u1ee5ng t\u00f3c do n\u1ed9i ti\u1ebft t\u1ed1 nam. <\/p>\n<p> Biotin Tripeptide-1 l\u00e0 m\u1ed9t tripeptide k\u1ebft h\u1ee3p vitamin H v\u1edbi h\u1ecd Matrikine c\u1ee7a peptide t\u00edn hi\u1ec7u GHK. R\u1ee5ng t\u00f3c l\u00e0 m\u1ed9t v\u1ea5n \u0111\u1ec1 ph\u1ed5 bi\u1ebfn \u0111\u1ed1i v\u1edbi c\u1ea3 nam v\u00e0 n\u1eef, v\u00e0 95% trong s\u1ed1 \u0111\u00f3 l\u00e0 r\u1ee5ng t\u00f3c n\u1ed9i ti\u1ebft t\u1ed1 nam. \u1ede Trung Qu\u1ed1c, 21% nam gi\u1edbi s\u1ebd b\u1ecb r\u1ee5ng t\u00f3c sau 45 tu\u1ed5i so v\u1edbi 6% \u1edf n\u1eef gi\u1edbi. C\u00e1c thu\u1ed1c m\u1ecdc l\u1ea1i t\u00f3c ph\u1ed5 bi\u1ebfn hi\u1ec7n nay tr\u00ean th\u1ecb tr\u01b0\u1eddng nh\u01b0 minoxidil, hi\u1ec7u qu\u1ea3 th\u1ea5p, nhi\u1ec1u t\u00e1c d\u1ee5ng ph\u1ee5 v\u00e0 kim \u0111\u1ed1i v\u1edbi nh\u00f3m tu\u1ed5i th\u1ea5p t\u1eeb 18-40 tu\u1ed5i. <\/p>\n<p> Biotin tripeptide-1 c\u00f3 t\u00e1c d\u1ee5ng l\u00e0 tripeptide- 1 c\u00f3 th\u1ec3 l\u00e0m t\u0103ng t\u1ed5ng h\u1ee3p ch\u1ea5t n\u1ec1n ngo\u1ea1i b\u00e0o nh\u01b0 collagen IV v\u00e0 laminin 5, l\u00e0m ch\u1eadm qu\u00e1 tr\u00ecnh l\u00e3o h\u00f3a c\u1ee7a nang t\u00f3c, c\u1ea3i thi\u1ec7n c\u1ea5u tr\u00fac c\u1ee7a nang t\u00f3c, h\u1ed7 tr\u1ee3 c\u1ed1 \u0111\u1ecbnh t\u00f3c \u1edf l\u1edbp h\u1ea1 b\u00ec nang t\u00f3c, ng\u0103n ng\u1eeba r\u1ee5ng t\u00f3c; k\u00edch ho\u1ea1t s\u1ef1 bi\u1ec3u hi\u1ec7n c\u1ee7a c\u00e1c gen s\u1eeda ch\u1eefa m\u00f4, t\u1ea1o \u0111i\u1ec1u ki\u1ec7n thu\u1eadn l\u1ee3i cho vi\u1ec7c t\u00e1i t\u1ea1o v\u00e0 s\u1eeda ch\u1eefa c\u1ea5u tr\u00fac da; th\u00fac \u0111\u1ea9y t\u0103ng sinh v\u00e0 bi\u1ec7t h\u00f3a t\u1ebf b\u00e0o, k\u00edch th\u00edch s\u1ef1 ph\u00e1t tri\u1ec3n c\u1ee7a t\u00f3c (ho\u1ea1t \u0111\u1ed9ng c\u1ee7a 2PPM biotin tripeptide-1 c\u00f3 th\u1ec3 so s\u00e1nh v\u1edbi 2PPM minoxidil). <\/p>\n<p> <strong>Biotin Tripeptide-1 \/ BIoTinoyl Tripeptide-1 \/ BIoTinoyl Tripeptide-1 CAS 299157-54- 3 T\u00ednh ch\u1ea5t h\u00f3a h\u1ecdc<\/strong><br \/>\n \u0110i\u1ec3m s\u00f4i 1128,5 \u00b1 65,0 \u00b0 C (D\u1ef1 \u0111o\u00e1n)<br \/>\n m\u1eadt \u0111\u1ed9 1,321 \u00b1 0,06 g \/ cm3 (D\u1ef1 \u0111o\u00e1n)<br \/>\n pka 3,16 \u00b1 0,10 (D\u1ef1 \u0111o\u00e1n) <\/p>\n<p> <strong>Biotin Tripeptide-1 cho k\u00edch th\u00edch m\u1ecdc t\u00f3c<\/strong><br \/>\n <img fetchpriority=\"high\" decoding=\"async\" src=\"https:\/\/puyapeptide.net\/wp-content\/uploads\/2021\/12\/Biotin-Tripeptide-1-for-hair-growth-stimulation.png\" alt=\"Biotin Tripeptide-1 \u0111\u1ec3 k\u00edch th\u00edch m\u1ecdc t\u00f3c\" width=\"562\" height=\"272\" class=\"alignnone size-full wp-image-4341\" \/> <\/p>\n<p> <strong>Ch\u1ee9c n\u0103ng c\u1ee7a Biotin Tripeptide-1 \/ BIoTinoyl Tripeptide-1 \/ BIoTinoyl Tripeptide-1 CAS 299157-54-3 <\/p>\n<p> 1. T\u0103ng tr\u01b0\u1edfng v\u00e0 l\u00e0m d\u00e0y l\u00f4ng mi, l\u00f4ng m\u00e0y, t\u00f3c<\/strong><br \/>\n 2. C\u00e1c s\u1ea3n ph\u1ea9m ch\u0103m s\u00f3c th\u00fac \u0111\u1ea9y s\u1ef1 ph\u00e1t tri\u1ec3n c\u1ee7a l\u00f4ng mi \/ t\u00f3c \/ l\u00f4ng m\u00e0y, c\u00f3 th\u1ec3 \u0111\u01b0\u1ee3c s\u1eed d\u1ee5ng v\u1edbi mascara, kem d\u01b0\u1ee1ng mi, kem d\u01b0\u1ee1ng m\u1ecdc t\u00f3c, v.v.<\/p>\n","protected":false},"excerpt":{"rendered":"<p>T\u00ean s\u1ea3n ph\u1ea9m: Biotinyl-GHK tripeptide<br \/>\n CAS: 299157-54-3<br \/>\n MF: C24H38N8O6S<br \/>\n MW: 566,67<br \/>\n Mol T\u1ec7p: 299157-54-3.mol<\/p>\n","protected":false},"featured_media":2220,"comment_status":"open","ping_status":"closed","template":"","meta":{"om_disable_all_campaigns":false,"_monsterinsights_skip_tracking":false,"_monsterinsights_sitenote_active":false,"_monsterinsights_sitenote_note":"","_monsterinsights_sitenote_category":0,"site-sidebar-layout":"default","site-content-layout":"default","ast-site-content-layout":"default","site-content-style":"default","site-sidebar-style":"default","ast-global-header-display":"","ast-banner-title-visibility":"","ast-main-header-display":"","ast-hfb-above-header-display":"","ast-hfb-below-header-display":"","ast-hfb-mobile-header-display":"","site-post-title":"","ast-breadcrumbs-content":"","ast-featured-img":"","footer-sml-layout":"","ast-disable-related-posts":"","theme-transparent-header-meta":"default","adv-header-id-meta":"","stick-header-meta":"","header-above-stick-meta":"","header-main-stick-meta":"","header-below-stick-meta":"","astra-migrate-meta-layouts":"default","ast-page-background-enabled":"default","ast-page-background-meta":{"desktop":{"background-color":"","background-image":"","background-repeat":"repeat","background-position":"center center","background-size":"auto","background-attachment":"scroll","background-type":"","background-media":"","overlay-type":"","overlay-color":"","overlay-opacity":"","overlay-gradient":""},"tablet":{"background-color":"","background-image":"","background-repeat":"repeat","background-position":"center center","background-size":"auto","background-attachment":"scroll","background-type":"","background-media":"","overlay-type":"","overlay-color":"","overlay-opacity":"","overlay-gradient":""},"mobile":{"background-color":"","background-image":"","background-repeat":"repeat","background-position":"center center","background-size":"auto","background-attachment":"scroll","background-type":"","background-media":"","overlay-type":"","overlay-color":"","overlay-opacity":"","overlay-gradient":""}},"ast-content-background-meta":{"desktop":{"background-color":"var(--ast-global-color-5)","background-image":"","background-repeat":"repeat","background-position":"center center","background-size":"auto","background-attachment":"scroll","background-type":"","background-media":"","overlay-type":"","overlay-color":"","overlay-opacity":"","overlay-gradient":""},"tablet":{"background-color":"var(--ast-global-color-5)","background-image":"","background-repeat":"repeat","background-position":"center center","background-size":"auto","background-attachment":"scroll","background-type":"","background-media":"","overlay-type":"","overlay-color":"","overlay-opacity":"","overlay-gradient":""},"mobile":{"background-color":"var(--ast-global-color-5)","background-image":"","background-repeat":"repeat","background-position":"center center","background-size":"auto","background-attachment":"scroll","background-type":"","background-media":"","overlay-type":"","overlay-color":"","overlay-opacity":"","overlay-gradient":""}}},"product_brand":[],"product_cat":[617],"product_tag":[3189,3233,3211],"class_list":{"0":"post-6647","1":"product","2":"type-product","3":"status-publish","4":"has-post-thumbnail","6":"product_cat-toc-long-mi-thuc-day-su-phat-trien-peptide","7":"product_tag-biotin-tripeptide-1-biotinoyl-tripeptide-1-biotinoyl-tripeptide-1-cas-299157-54-3-promotes-eyelash-vi","8":"product_tag-eyebrow-growth-vi","9":"product_tag-hair-vi","10":"desktop-align-left","11":"tablet-align-left","12":"mobile-align-left","14":"first","15":"instock","16":"shipping-taxable","17":"product-type-simple"},"_links":{"self":[{"href":"https:\/\/puyapeptide.net\/vi\/wp-json\/wp\/v2\/product\/6647","targetHints":{"allow":["GET"]}}],"collection":[{"href":"https:\/\/puyapeptide.net\/vi\/wp-json\/wp\/v2\/product"}],"about":[{"href":"https:\/\/puyapeptide.net\/vi\/wp-json\/wp\/v2\/types\/product"}],"replies":[{"embeddable":true,"href":"https:\/\/puyapeptide.net\/vi\/wp-json\/wp\/v2\/comments?post=6647"}],"wp:featuredmedia":[{"embeddable":true,"href":"https:\/\/puyapeptide.net\/vi\/wp-json\/wp\/v2\/media\/2220"}],"wp:attachment":[{"href":"https:\/\/puyapeptide.net\/vi\/wp-json\/wp\/v2\/media?parent=6647"}],"wp:term":[{"taxonomy":"product_brand","embeddable":true,"href":"https:\/\/puyapeptide.net\/vi\/wp-json\/wp\/v2\/product_brand?post=6647"},{"taxonomy":"product_cat","embeddable":true,"href":"https:\/\/puyapeptide.net\/vi\/wp-json\/wp\/v2\/product_cat?post=6647"},{"taxonomy":"product_tag","embeddable":true,"href":"https:\/\/puyapeptide.net\/vi\/wp-json\/wp\/v2\/product_tag?post=6647"}],"curies":[{"name":"wp","href":"https:\/\/api.w.org\/{rel}","templated":true}]}}