{"id":6758,"date":"2021-12-16T06:02:50","date_gmt":"2021-12-16T11:02:50","guid":{"rendered":"https:\/\/puyapeptide.net\/product\/oligopeptide-68-cas-1206525-47-4-danh-cho-lan-da-va-chong-lao-hoa\/"},"modified":"2021-12-16T06:02:50","modified_gmt":"2021-12-16T11:02:50","slug":"oligopeptide-68-cas-1206525-47-4-danh-cho-lan-da-va-chong-lao-hoa","status":"publish","type":"product","link":"https:\/\/puyapeptide.net\/vi\/product\/oligopeptide-68-cas-1206525-47-4-danh-cho-lan-da-va-chong-lao-hoa\/","title":{"rendered":"Oligopeptide-68 CAS 1206525-47-4 D\u00e0nh cho l\u00e0n da v\u00e0 Ch\u1ed1ng l\u00e3o h\u00f3a"},"content":{"rendered":"<h2><strong>Oligopeptide-68 CAS 1206525-47-4 D\u00e0nh cho l\u00e0n da v\u00e0 Ch\u1ed1ng l\u00e3o h\u00f3a<\/strong><\/h2>\n<p> T\u00ean s\u1ea3n ph\u1ea9m: Oligopeptide-68<br \/>\n T\u1eeb \u0111\u1ed3ng ngh\u0129a: Glycyl-L-arginylglycyl-L-alpha-aspartyl-L-tyrosyl-L-isoleucyl-L-tryptophyl-L-seryl-L-leucyl-L-alpha- aspartyl-L-threonyl-L-glutamine; Oligopeptide-68, beta-white; L-Glutamine, glycyl-L-arginylglycyl-L-\u03b1-aspartyl-L-tyrosyl-L-isoleucyl-L-tryptophyl-L-seryl- L-leucyl-L-\u03b1-aspartyl-L-threonyl-; Oligopeptide-68 CAS 1206525-47-4 B\u1ed9t l\u00e0m tr\u1eafng Oligopeptide-68<br \/>\n CAS: 1206525-47-4<br \/>\n MF: C62H91N17O21<br \/>\n MW: 1410.49<br \/>\n EINECS: 205-358-3<br \/>\n Danh m\u1ee5c s\u1ea3n ph\u1ea9m:<br \/>\n Mol File: 1206525-47-4.mol <\/p>\n<p> Oligopeptide-68 &#8211; l\u00e0 s\u1ef1 k\u1ebft h\u1ee3p ph\u1ee9c t\u1ea1p c\u1ee7a peptit ch\u1ee7 v\u1eadn TGF-\u00df \u1ee9c ch\u1ebf y\u1ebfu t\u1ed1 phi\u00ean m\u00e3 li\u00ean quan \u0111\u1ebfn Microphtalmia (MITF). MITF l\u00e0 m\u1ed9t ch\u1ea5t \u0111i\u1ec1u h\u00f2a phi\u00ean m\u00e3 ch\u00ednh c\u1ee7a c\u00e1c enzym t\u1ea1o h\u1eafc t\u1ed1, tyrosinase, TRP-1 v\u00e0 TRP-2. Peptide n\u00e0y l\u00e0m s\u00e1ng da \u0111\u00e1ng k\u1ec3 \u0111\u01b0\u1ee3c ch\u1ee9ng minh l\u00e0 c\u00f3 ho\u1ea1t t\u00ednh cao h\u01a1n Arbutin v\u00e0 vitamin C. <\/p>\n<p> <strong>Ch\u1ee9c n\u0103ng c\u1ee7a Oligopeptide-68 CAS 1206525-47-4<\/strong> <\/p>\n<p> 1. l\u00e0m tr\u1eafng t\u00e0n nhang.<br \/>\n 2. \u1ee9c ch\u1ebf s\u1ef1 s\u1ea3n xu\u1ea5t qu\u00e1 m\u1ee9c c\u1ee7a melanin.<br \/>\n 3. gi\u1ea3m s\u1ef1 l\u1eafng \u0111\u1ecdng melanin. <\/p>\n<p> <strong>L\u1ee3i \u00edch c\u1ee7a Oligopeptide-68 CAS 1206525-47-4<\/strong><br \/>\n 1. N\u00f3 c\u00f3 th\u1ec3 l\u00e0m tr\u1eafng t\u00e0n nhang.<br \/>\n 2. N\u00f3 c\u00f3 th\u1ec3 \u1ee9c ch\u1ebf s\u1ef1 s\u1ea3n xu\u1ea5t qu\u00e1 m\u1ee9c c\u1ee7a melanin.<br \/>\n 3. N\u00f3 c\u00f3 th\u1ec3 l\u00e0m gi\u1ea3m s\u1ef1 l\u1eafng \u0111\u1ecdng melanin.<br \/>\n C\u01a1 ch\u1ebf ho\u1ea1t \u0111\u1ed9ng c\u1ee7a oligopeptide-68.<br \/>\n Gi\u1ea3m s\u1ea3n xu\u1ea5t melanin v\u00e0 ng\u0103n ch\u1eb7n s\u1ea3n xu\u1ea5t qu\u00e1 m\u1ee9c melanin b\u1eb1ng c\u00e1ch \u1ee9c ch\u1ebf MSH (hormone k\u00edch th\u00edch t\u1ebf b\u00e0o h\u1eafc t\u1ed1). <\/p>\n<p> Khoa h\u1ecdc \u0111\u00e3 ch\u1ee9ng minh r\u1eb1ng peptide c\u00f3 th\u1ec3 gi\u00fap qu\u1ea3n l\u00fd c\u00e1c n\u1ebfp nh\u0103n tr\u00ean da c\u1ee7a b\u1ea1n v\u00e0 \u0111\u1ea3o ng\u01b0\u1ee3c c\u00e1c d\u1ea5u hi\u1ec7u l\u00e3o h\u00f3a.<br \/>\n Da ng\u01b0\u1eddi bao g\u1ed3m ch\u1ee7 y\u1ebfu l\u00e0 collagen. Collagen l\u00e0 m\u1ed9t lo\u1ea1i protein bao g\u1ed3m c\u00e1c ph\u00e2n \u0111o\u1ea1n d\u00e0i c\u1ee7a c\u00e1c axit amin \u0111\u01b0\u1ee3c s\u1eafp x\u1ebfp gi\u1ed1ng nh\u01b0 m\u1ed9t chu\u1ed7i. Collagen cung c\u1ea5p n\u1ec1n t\u1ea3ng v\u00e0 \u0111\u1ed9 d\u00e0y cho da.<br \/>\n Ph\u1ee5 n\u1eef d\u01b0\u1edbi 30 tu\u1ed5i c\u00f3 l\u01b0\u1ee3ng collagen d\u1ed3i d\u00e0o, mang l\u1ea1i l\u00e0n da c\u0103ng m\u1ecbn.<br \/>\n Ph\u1ea7n c\u00f2n l\u1ea1i c\u1ee7a ch\u00fang ta c\u00f3 \u00edt collagen h\u01a1n &#8211; da c\u00f3 xu h\u01b0\u1edbng m\u1ecfng h\u01a1n, \u0111\u1ec3 l\u1ed9 nhi\u1ec1u n\u1ebfp nh\u0103n h\u01a1n. &lt;&amp; \u25ba Khi collagen b\u1ecb ph\u00e1 v\u1ee1, c\u00e1c \u0111o\u1ea1n ng\u1eafn c\u1ee7a axit amin \u0111\u01b0\u1ee3c h\u00ecnh th\u00e0nh. \u0110\u00e2y l\u00e0 nh\u1eefng protein nh\u1ecf v\u00e0 c\u00e1c ph\u00e2n t\u1eed ho\u1ea1t \u0111\u1ed9ng \u0111\u01b0\u1ee3c g\u1ecdi l\u00e0 peptit. Peptide trong ch\u0103m s\u00f3c da c\u00f3 th\u1ec3 mang l\u1ea1i l\u1ee3i \u00edch ch\u1ed1ng l\u00e3o h\u00f3a \u0111\u00e1ng k\u1ec3.<\/p>\n","protected":false},"excerpt":{"rendered":"<p>T\u00ean s\u1ea3n ph\u1ea9m: Oligopeptide-68<br \/>\n CAS: 1206525-47-4<br \/>\n MF: C62H91N17O21<br \/>\n MW: 1410.49<br \/>\n EINECS: 205-358-3<br \/>\n Mol T\u1ec7p: 1206525-47-4. mol<\/p>\n","protected":false},"featured_media":2178,"comment_status":"open","ping_status":"closed","template":"","meta":{"om_disable_all_campaigns":false,"_monsterinsights_skip_tracking":false,"_monsterinsights_sitenote_active":false,"_monsterinsights_sitenote_note":"","_monsterinsights_sitenote_category":0,"site-sidebar-layout":"default","site-content-layout":"default","ast-site-content-layout":"default","site-content-style":"default","site-sidebar-style":"default","ast-global-header-display":"","ast-banner-title-visibility":"","ast-main-header-display":"","ast-hfb-above-header-display":"","ast-hfb-below-header-display":"","ast-hfb-mobile-header-display":"","site-post-title":"","ast-breadcrumbs-content":"","ast-featured-img":"","footer-sml-layout":"","ast-disable-related-posts":"","theme-transparent-header-meta":"default","adv-header-id-meta":"","stick-header-meta":"","header-above-stick-meta":"","header-main-stick-meta":"","header-below-stick-meta":"","astra-migrate-meta-layouts":"default","ast-page-background-enabled":"default","ast-page-background-meta":{"desktop":{"background-color":"","background-image":"","background-repeat":"repeat","background-position":"center center","background-size":"auto","background-attachment":"scroll","background-type":"","background-media":"","overlay-type":"","overlay-color":"","overlay-opacity":"","overlay-gradient":""},"tablet":{"background-color":"","background-image":"","background-repeat":"repeat","background-position":"center center","background-size":"auto","background-attachment":"scroll","background-type":"","background-media":"","overlay-type":"","overlay-color":"","overlay-opacity":"","overlay-gradient":""},"mobile":{"background-color":"","background-image":"","background-repeat":"repeat","background-position":"center center","background-size":"auto","background-attachment":"scroll","background-type":"","background-media":"","overlay-type":"","overlay-color":"","overlay-opacity":"","overlay-gradient":""}},"ast-content-background-meta":{"desktop":{"background-color":"var(--ast-global-color-5)","background-image":"","background-repeat":"repeat","background-position":"center center","background-size":"auto","background-attachment":"scroll","background-type":"","background-media":"","overlay-type":"","overlay-color":"","overlay-opacity":"","overlay-gradient":""},"tablet":{"background-color":"var(--ast-global-color-5)","background-image":"","background-repeat":"repeat","background-position":"center center","background-size":"auto","background-attachment":"scroll","background-type":"","background-media":"","overlay-type":"","overlay-color":"","overlay-opacity":"","overlay-gradient":""},"mobile":{"background-color":"var(--ast-global-color-5)","background-image":"","background-repeat":"repeat","background-position":"center center","background-size":"auto","background-attachment":"scroll","background-type":"","background-media":"","overlay-type":"","overlay-color":"","overlay-opacity":"","overlay-gradient":""}}},"product_brand":[],"product_cat":[574],"product_tag":[3082],"class_list":{"0":"post-6758","1":"product","2":"type-product","3":"status-publish","4":"has-post-thumbnail","6":"product_cat-peptide-lam-trang","7":"product_tag-oligopeptide-68-cas-1206525-47-4-for-for-skin-lighting-and-anti-aging-vi","8":"desktop-align-left","9":"tablet-align-left","10":"mobile-align-left","12":"first","13":"instock","14":"shipping-taxable","15":"product-type-simple"},"_links":{"self":[{"href":"https:\/\/puyapeptide.net\/vi\/wp-json\/wp\/v2\/product\/6758","targetHints":{"allow":["GET"]}}],"collection":[{"href":"https:\/\/puyapeptide.net\/vi\/wp-json\/wp\/v2\/product"}],"about":[{"href":"https:\/\/puyapeptide.net\/vi\/wp-json\/wp\/v2\/types\/product"}],"replies":[{"embeddable":true,"href":"https:\/\/puyapeptide.net\/vi\/wp-json\/wp\/v2\/comments?post=6758"}],"wp:featuredmedia":[{"embeddable":true,"href":"https:\/\/puyapeptide.net\/vi\/wp-json\/wp\/v2\/media\/2178"}],"wp:attachment":[{"href":"https:\/\/puyapeptide.net\/vi\/wp-json\/wp\/v2\/media?parent=6758"}],"wp:term":[{"taxonomy":"product_brand","embeddable":true,"href":"https:\/\/puyapeptide.net\/vi\/wp-json\/wp\/v2\/product_brand?post=6758"},{"taxonomy":"product_cat","embeddable":true,"href":"https:\/\/puyapeptide.net\/vi\/wp-json\/wp\/v2\/product_cat?post=6758"},{"taxonomy":"product_tag","embeddable":true,"href":"https:\/\/puyapeptide.net\/vi\/wp-json\/wp\/v2\/product_tag?post=6758"}],"curies":[{"name":"wp","href":"https:\/\/api.w.org\/{rel}","templated":true}]}}