{"id":6773,"date":"2021-12-16T06:03:43","date_gmt":"2021-12-16T11:03:43","guid":{"rendered":"https:\/\/puyapeptide.net\/product\/decapeptide-12-lumixyl-cas-137665-91-9-uc-che-su-hinh-thanh-melanin\/"},"modified":"2021-12-16T06:03:43","modified_gmt":"2021-12-16T11:03:43","slug":"decapeptide-12-lumixyl-cas-137665-91-9-uc-che-su-hinh-thanh-melanin","status":"publish","type":"product","link":"https:\/\/puyapeptide.net\/vi\/product\/decapeptide-12-lumixyl-cas-137665-91-9-uc-che-su-hinh-thanh-melanin\/","title":{"rendered":"Decapeptide-12 \/ Lumixyl CAS 137665-91-9 \u1ee9c ch\u1ebf s\u1ef1 h\u00ecnh th\u00e0nh melanin"},"content":{"rendered":"<h2><strong>Decapeptide-12 \/ Lumixyl CAS 137665-91-9 \u1ee9c ch\u1ebf s\u1ef1 h\u00ecnh th\u00e0nh melanin<\/strong><\/h2>\n<p> T\u00ean s\u1ea3n ph\u1ea9m: Decapeptide-12<br \/>\n T\u1eeb \u0111\u1ed3ng ngh\u0129a: Decapeptide-12; Decapeptide-12 \/ Lumixyl; Decapeptide-12 lumixyl \/ m\u1ef9 ph\u1ea9m peptide; L-Tyrosine, L-tyrosyl-L-arginyl-L-seryl-L- arginyl-L-lysyl-L-tyrosyl-L-seryl-L-seryl-L-tryptophyl-; Decapeptide-12 USP \/ EP \/ BP<br \/>\n CAS: 137665-91-9<br \/>\n MF: C65H90N18O17<br \/>\n MW: 1395.52<br \/>\n EINECS:<br \/>\n Danh m\u1ee5c s\u1ea3n ph\u1ea9m:<br \/>\n Mol File: 137665-91-9.mol <\/p>\n<p> Decapeptide-12 l\u00e0 m\u1ed9t nguy\u00ean li\u1ec7u m\u1ef9 ph\u1ea9m \u1ee9c ch\u1ebf s\u1ef1 h\u00ecnh th\u00e0nh melanin, l\u00e0m s\u00e1ng da, gi\u1ea3m s\u1eafc t\u1ed1, v\u00e0 l\u00e0m tr\u1eafng v\u00e0 l\u00e0m s\u00e1ng m\u00e0u da. N\u00f3 \u0111\u01b0\u1ee3c ph\u00e1t tri\u1ec3n b\u1edfi c\u00e1c nh\u00e0 nghi\u00ean c\u1ee9u t\u1ea1i Stanford Dermatology v\u00e0 l\u00e0 s\u1ea3n ph\u1ea9m duy nh\u1ea5t \u0111\u01b0\u1ee3c ch\u1ee9ng minh l\u00e0 c\u00f3 th\u1ec3 \u1ee9c ch\u1ebf hi\u1ec7u qu\u1ea3 Tyrosinase (tyrosinase th\u00fac \u0111\u1ea9y s\u1ea3n xu\u1ea5t qu\u00e1 m\u1ee9c melanin, d\u1eabn \u0111\u1ebfn s\u1eafc t\u1ed1 kh\u00f4ng \u0111\u1ed3ng \u0111\u1ec1u, \u0111\u1ed1m \u0111en, v.v.), m\u1ed9t ho\u1ea1t \u0111\u1ed9ng peptide m\u1edbi. Decapeptide-12 l\u00e0 m\u1ed9t oligopeptide ch\u1ec9 \u0111\u01b0\u1ee3c t\u1ea1o th\u00e0nh t\u1eeb 12 axit amin. Oligopeptide n\u00e0y \u0111\u01b0\u1ee3c bi\u1ebft \u0111\u1ebfn v\u1edbi ho\u1ea1t t\u00ednh ch\u1ed1ng tyrosinase. <\/p>\n<p> Tyrosinase \u0111\u01b0\u1ee3c t\u00ecm th\u1ea5y trong c\u00e1c m\u00f4 \u0111\u1ed9ng th\u1ef1c v\u1eadt v\u00e0 ch\u1ecbu tr\u00e1ch nhi\u1ec7m x\u00fac t\u00e1c melanin v\u00e0 c\u00e1c s\u1eafc t\u1ed1 kh\u00e1c. Decapeptide-12 \u0111ang \u0111\u01b0\u1ee3c nghi\u00ean c\u1ee9u v\u1ec1 kh\u1ea3 n\u0103ng gi\u1ea3m th\u00e2m da. N\u00f3 c\u00f3 th\u1ec3 can thi\u1ec7p v\u00e0o tyrosinase v\u00e0 l\u00e0m s\u00e1ng da \u1edf c\u00e1c m\u00f4 h\u00ecnh \u0111\u1ed9ng v\u1eadt. Decapeptide-12 l\u00e0m gi\u1ea3m s\u1ef1 xu\u1ea5t hi\u1ec7n c\u1ee7a c\u00e1c \u0111\u1ed1m \u0111\u1ed3i m\u1ed3i, \u0111\u1ed1m n\u1eafng, m\u00e0u da kh\u00f4ng \u0111\u1ed3ng \u0111\u1ec1u v\u00e0 t\u1ed5n th\u01b0\u01a1ng \u1ea3nh &#8211; m\u00e0 kh\u00f4ng c\u00f3 c\u00e1c t\u00e1c d\u1ee5ng ph\u1ee5 \u0111i\u1ec3n h\u00ecnh c\u1ee7a c\u00e1c ch\u1ea5t l\u00e0m s\u00e1ng kh\u00e1c nh\u01b0 k\u00edch \u1ee9ng v\u00e0 m\u1ea9n \u0111\u1ecf. Th\u00eam v\u00e0o \u0111\u00f3, c\u00e1c ch\u1ea5t ch\u1ed1ng oxy h\u00f3a l\u00e0m d\u1ecbu nh\u01b0 r\u1ec5 cam th\u1ea3o c\u0169ng l\u00e0m d\u1ecbu l\u00e0n da nh\u1ea1y c\u1ea3m. <\/p>\n<p> Decapeptide-12 l\u00e0m gi\u1ea3m s\u1ef1 xu\u1ea5t hi\u1ec7n c\u1ee7a c\u00e1c \u0111\u1ed1m \u0111\u1ed3i m\u1ed3i, \u0111\u1ed1m n\u1eafng, t\u00f4ng m\u00e0u da kh\u00f4ng \u0111\u1ed3ng \u0111\u1ec1u v\u00e0 t\u1ed5n th\u01b0\u01a1ng \u1ea3nh m\u00e0 kh\u00f4ng c\u00f3 t\u00e1c d\u1ee5ng ph\u1ee5 \u0111i\u1ec3n h\u00ecnh c\u1ee7a c\u00e1c ch\u1ea5t l\u00e0m s\u00e1ng kh\u00e1c nh\u01b0 k\u00edch \u1ee9ng v\u00e0 m\u1ea9n \u0111\u1ecf. Ngo\u00e0i ra, c\u00e1c ch\u1ea5t ch\u1ed1ng oxy h\u00f3a l\u00e0m d\u1ecbu nh\u01b0 r\u1ec5 cam th\u1ea3o c\u0169ng l\u00e0m d\u1ecbu l\u00e0n da nh\u1ea1y c\u1ea3m. <\/p>\n<p> <strong>Fungsi<\/strong><br \/>\n <strong>Ch\u1ee9c n\u0103ng v\u00e0 \u1ee8ng d\u1ee5ng c\u1ee7a Decapeptide-12 \/ Lumixyl CAS 137665-91-9<\/strong><br \/>\n Decapeptide-12 li\u00ean k\u1ebft thu\u1eadn ngh\u1ecbch v\u1edbi tyrosinase, m\u1ed9t lo\u1ea1i enzyme \u0111\u01b0\u1ee3c t\u00ecm th\u1ea5y trong m\u1ed9t s\u1ed1 t\u1ebf b\u00e0o s\u1ea3n xu\u1ea5t s\u1eafc t\u1ed1 kh\u00e1c nhau. N\u00f3 ng\u0103n ch\u1eb7n tyrosinase x\u00fac t\u00e1c qu\u00e1 tr\u00ecnh oxy h\u00f3a phenol, b\u01b0\u1edbc \u0111\u1ea7u ti\u00ean trong qu\u00e1 tr\u00ecnh s\u1ea3n xu\u1ea5t melanin. \u1ede \u0111\u1ed9ng v\u1eadt c\u00f3 v\u00fa, tyrosinase ch\u1ec9 \u0111\u01b0\u1ee3c t\u00ecm th\u1ea5y trong c\u00e1c melanosome, c\u00e1c khoang \u0111\u1eb7c bi\u1ec7t b\u00ean trong c\u00e1c t\u1ebf b\u00e0o s\u1ea3n xu\u1ea5t s\u1eafc t\u1ed1.<br \/>\n Tyrosinase kh\u00f4ng \u0111\u01b0\u1ee3c b\u1ea3o t\u1ed3n gi\u1eefa c\u00e1c lo\u00e0i v\u00e0 tr\u00ean th\u1ef1c t\u1ebf, c\u00f3 th\u1ec3 kh\u00e1c nhau r\u00f5 r\u1ec7t v\u1ec1 c\u1ea5u tr\u00fac ngay c\u1ea3 gi\u1eefa c\u00e1c lo\u00e0i c\u00f3 quan h\u1ec7 h\u1ecd h\u00e0ng g\u1ea7n. \u1ede ng\u01b0\u1eddi, s\u1ef1 kh\u00e1c bi\u1ec7t v\u1ec1 hi\u1ec7u qu\u1ea3 c\u1ee7a tyrosinase quy\u1ebft \u0111\u1ecbnh m\u00e0u da v\u00e0 l\u00e0 k\u1ebft qu\u1ea3 c\u1ee7a nh\u1eefng thay \u0111\u1ed5i nh\u1ecf trong gen TYR \u0111\u01b0\u1ee3c t\u00ecm th\u1ea5y tr\u00ean nhi\u1ec5m s\u1eafc th\u1ec3 s\u1ed1 11.<br \/>\n Decapeptide-12 m\u1ea1nh h\u01a1n kho\u1ea3ng 17 l\u1ea7n so v\u1edbi c\u00e1c ph\u01b0\u01a1ng ph\u00e1p \u0111i\u1ec1u tr\u1ecb t\u0103ng s\u1eafc t\u1ed1 tr\u01b0\u1edbc \u0111\u00e2y, bao g\u1ed3m hydroquinone. C\u00e1c nghi\u00ean c\u1ee9u tr\u00ean t\u1ebf b\u00e0o h\u1eafc t\u1ed1 \u0111\u01b0\u1ee3c nu\u00f4i c\u1ea5y trong 7 ng\u00e0y cho th\u1ea5y h\u00e0m l\u01b0\u1ee3ng melanin gi\u1ea3m 27% -43%.<br \/>\n Decapeptide-12 \u0111\u00e3 tr\u1ea3i qua nhi\u1ec1u th\u1eed nghi\u1ec7m tr\u00ean \u0111\u1ed9ng v\u1eadt v\u00e0 cu\u1ed1i c\u00f9ng c\u00f3 th\u1ec3 \u0111\u01b0\u1ee3c \u0111\u01b0a v\u00e0o c\u00e1c s\u1ea3n ph\u1ea9m th\u01b0\u01a1ng m\u1ea1i \u0111\u1ec3 \u0111i\u1ec1u tr\u1ecb ch\u1ee9ng t\u0103ng s\u1eafc t\u1ed1.<\/p>\n","protected":false},"excerpt":{"rendered":"<p>T\u00ean s\u1ea3n ph\u1ea9m: Decapeptide-12 \/ Lumixyl<br \/>\n CAS: 137665-91-9<br \/>\n MF: C65H90N18O17<br \/>\n MW: 1395.52<br \/>\n Mol T\u1ec7p: 137665-91-9.mol<\/p>\n","protected":false},"featured_media":2115,"comment_status":"open","ping_status":"closed","template":"","meta":{"om_disable_all_campaigns":false,"_monsterinsights_skip_tracking":false,"_monsterinsights_sitenote_active":false,"_monsterinsights_sitenote_note":"","_monsterinsights_sitenote_category":0,"site-sidebar-layout":"default","site-content-layout":"default","ast-site-content-layout":"default","site-content-style":"default","site-sidebar-style":"default","ast-global-header-display":"","ast-banner-title-visibility":"","ast-main-header-display":"","ast-hfb-above-header-display":"","ast-hfb-below-header-display":"","ast-hfb-mobile-header-display":"","site-post-title":"","ast-breadcrumbs-content":"","ast-featured-img":"","footer-sml-layout":"","ast-disable-related-posts":"","theme-transparent-header-meta":"default","adv-header-id-meta":"","stick-header-meta":"","header-above-stick-meta":"","header-main-stick-meta":"","header-below-stick-meta":"","astra-migrate-meta-layouts":"default","ast-page-background-enabled":"default","ast-page-background-meta":{"desktop":{"background-color":"","background-image":"","background-repeat":"repeat","background-position":"center center","background-size":"auto","background-attachment":"scroll","background-type":"","background-media":"","overlay-type":"","overlay-color":"","overlay-opacity":"","overlay-gradient":""},"tablet":{"background-color":"","background-image":"","background-repeat":"repeat","background-position":"center center","background-size":"auto","background-attachment":"scroll","background-type":"","background-media":"","overlay-type":"","overlay-color":"","overlay-opacity":"","overlay-gradient":""},"mobile":{"background-color":"","background-image":"","background-repeat":"repeat","background-position":"center center","background-size":"auto","background-attachment":"scroll","background-type":"","background-media":"","overlay-type":"","overlay-color":"","overlay-opacity":"","overlay-gradient":""}},"ast-content-background-meta":{"desktop":{"background-color":"var(--ast-global-color-5)","background-image":"","background-repeat":"repeat","background-position":"center center","background-size":"auto","background-attachment":"scroll","background-type":"","background-media":"","overlay-type":"","overlay-color":"","overlay-opacity":"","overlay-gradient":""},"tablet":{"background-color":"var(--ast-global-color-5)","background-image":"","background-repeat":"repeat","background-position":"center center","background-size":"auto","background-attachment":"scroll","background-type":"","background-media":"","overlay-type":"","overlay-color":"","overlay-opacity":"","overlay-gradient":""},"mobile":{"background-color":"var(--ast-global-color-5)","background-image":"","background-repeat":"repeat","background-position":"center center","background-size":"auto","background-attachment":"scroll","background-type":"","background-media":"","overlay-type":"","overlay-color":"","overlay-opacity":"","overlay-gradient":""}}},"product_brand":[],"product_cat":[574],"product_tag":[3053],"class_list":{"0":"post-6773","1":"product","2":"type-product","3":"status-publish","4":"has-post-thumbnail","6":"product_cat-peptide-lam-trang","7":"product_tag-decapeptide-12-lumixyl-cas-137665-91-9-inhibits-melanin-formation-vi","8":"desktop-align-left","9":"tablet-align-left","10":"mobile-align-left","12":"first","13":"instock","14":"shipping-taxable","15":"product-type-simple"},"_links":{"self":[{"href":"https:\/\/puyapeptide.net\/vi\/wp-json\/wp\/v2\/product\/6773","targetHints":{"allow":["GET"]}}],"collection":[{"href":"https:\/\/puyapeptide.net\/vi\/wp-json\/wp\/v2\/product"}],"about":[{"href":"https:\/\/puyapeptide.net\/vi\/wp-json\/wp\/v2\/types\/product"}],"replies":[{"embeddable":true,"href":"https:\/\/puyapeptide.net\/vi\/wp-json\/wp\/v2\/comments?post=6773"}],"wp:featuredmedia":[{"embeddable":true,"href":"https:\/\/puyapeptide.net\/vi\/wp-json\/wp\/v2\/media\/2115"}],"wp:attachment":[{"href":"https:\/\/puyapeptide.net\/vi\/wp-json\/wp\/v2\/media?parent=6773"}],"wp:term":[{"taxonomy":"product_brand","embeddable":true,"href":"https:\/\/puyapeptide.net\/vi\/wp-json\/wp\/v2\/product_brand?post=6773"},{"taxonomy":"product_cat","embeddable":true,"href":"https:\/\/puyapeptide.net\/vi\/wp-json\/wp\/v2\/product_cat?post=6773"},{"taxonomy":"product_tag","embeddable":true,"href":"https:\/\/puyapeptide.net\/vi\/wp-json\/wp\/v2\/product_tag?post=6773"}],"curies":[{"name":"wp","href":"https:\/\/api.w.org\/{rel}","templated":true}]}}