{"id":6808,"date":"2021-12-16T06:05:17","date_gmt":"2021-12-16T11:05:17","guid":{"rendered":"https:\/\/puyapeptide.net\/product\/hexapeptide-2-la-mot-peptide-my-pham-co-chua-sau-axit-amin-co-the-lam-sang-da-mot-cach-hieu-qua\/"},"modified":"2021-12-16T06:05:17","modified_gmt":"2021-12-16T11:05:17","slug":"hexapeptide-2-la-mot-peptide-my-pham-co-chua-sau-axit-amin-co-the-lam-sang-da-mot-cach-hieu-qua","status":"publish","type":"product","link":"https:\/\/puyapeptide.net\/vi\/product\/hexapeptide-2-la-mot-peptide-my-pham-co-chua-sau-axit-amin-co-the-lam-sang-da-mot-cach-hieu-qua\/","title":{"rendered":"Hexapeptide-2 l\u00e0 m\u1ed9t peptide m\u1ef9 ph\u1ea9m c\u00f3 ch\u1ee9a s\u00e1u axit amin, c\u00f3 th\u1ec3 l\u00e0m s\u00e1ng da m\u1ed9t c\u00e1ch hi\u1ec7u qu\u1ea3"},"content":{"rendered":"<h2><strong>Hexapeptide-2 l\u00e0 m\u1ed9t peptide m\u1ef9 ph\u1ea9m c\u00f3 ch\u1ee9a s\u00e1u axit amin, c\u00f3 th\u1ec3 l\u00e0m s\u00e1ng da m\u1ed9t c\u00e1ch hi\u1ec7u qu\u1ea3<\/strong><\/h2>\n<p> T\u00ean s\u1ea3n ph\u1ea9m: HEXAPEPTIDE-2<br \/>\n T\u1eeb \u0111\u1ed3ng ngh\u0129a: HEXAPEPTIDE-2; Dermostatyl (hexapeptide-2); Dermostatyl<br \/>\n CAS: \/<br \/>\n MF: C46H56N12O6<br \/>\n MW: 873,01g \/ mol<br \/>\n \u0110\u1ed9 tinh khi\u1ebft: \u226598%<br \/>\n Danh m\u1ee5c s\u1ea3n ph\u1ea9m:<br \/>\n Mol File: Mol File <\/p>\n<p> Hexapeptide-2 l\u00e0 m\u1ed9t peptide l\u00e0m \u0111\u1eb9p c\u00f3 ch\u1ee9a s\u00e1u axit amin, c\u00f3 th\u1ec3 l\u00e0m s\u00e1ng da m\u1ed9t c\u00e1ch hi\u1ec7u qu\u1ea3 v\u00e0 l\u00e0m \u0111\u1ec1u m\u00e0u da v\u00e0 m\u1ea1nh m\u1ebd, v\u00e0 l\u00e0 m\u1ed9t oligopeptide l\u00e0m s\u00e1ng hi\u1ec7u qu\u1ea3. N\u00f3 ch\u1ee7 y\u1ebfu \u0111\u01b0\u1ee3c s\u1eed d\u1ee5ng \u0111\u1ec3 l\u00e0m tr\u1eafng v\u00e0 s\u00e1ng da v\u00e0 lo\u1ea1i b\u1ecf \u0111\u1ed1m <\/p>\n<p> <strong>Hexapeptide-2 l\u00e0 g\u00ec?<\/strong><br \/>\n Hexapeptide-2 l\u00e0 m\u1ed9t peptide l\u00e0m s\u00e1ng da \u0111\u1ec3 l\u00e0m s\u00e1ng da v\u00e0 \u0111\u1ec1u m\u00e0u da. Peptit n\u00e0y thu \u0111\u01b0\u1ee3c b\u1eb1ng c\u00e1ch t\u1ed5ng h\u1ee3p ho\u1ea1t \u0111\u1ed9ng nh\u01b0 m\u1ed9t ch\u1ea5t \u0111\u1ed1i kh\u00e1ng v\u1edbi \u03b1-MSH. S\u1ef1 li\u00ean k\u1ebft c\u1ee7a \u03b1-MSH v\u1edbi c\u00e1c th\u1ee5 th\u1ec3 c\u1ee7a n\u00f3 l\u00e0m trung gian s\u1eafc t\u1ed1 da. N\u00f3 c\u1ea1nh tranh \u0111\u1ec3 li\u00ean k\u1ebft \u03b1-MSH v\u1edbi c\u00e1c th\u1ee5 th\u1ec3 c\u1ee7a n\u00f3, do \u0111\u00f3 l\u00e0m gi\u1ea3m s\u1ef1 t\u1ed5ng h\u1ee3p melanin. Hexapeptide-2 l\u00e0m gi\u1ea3m h\u00e0m l\u01b0\u1ee3ng melanin trong t\u1ebf b\u00e0o bi\u1ec3u b\u00ec. <\/p>\n<p> <strong>Hexapeptide-2 L\u1ee3i \u00edch<\/strong><br \/>\n 1. Hexapeptide-2 l\u00e0m gi\u1ea3m c\u00e1c n\u1ebfp nh\u0103n hi\u1ec7n c\u00f3 tr\u00ean khu\u00f4n m\u1eb7t.<br \/>\n 2. Hexapeptide-2 c\u00f3 hi\u1ec7u qu\u1ea3 ch\u1ed1ng l\u1ea1i s\u1ef1 ph\u00e1t tri\u1ec3n c\u1ee7a c\u00e1c n\u1ebfp nh\u0103n m\u1edbi.<br \/>\n 3.Hexapeptide-2 l\u00e0m gi\u1ea3m \u0111\u1ed9 s\u00e2u c\u1ee7a c\u00e1c n\u1ebfp nh\u0103n tr\u00ean khu\u00f4n m\u1eb7t do s\u1ef1 co c\u01a1 c\u1ee7a c\u00e1c bi\u1ec3u hi\u1ec7n tr\u00ean khu\u00f4n m\u1eb7t, \u0111\u1eb7c bi\u1ec7t l\u00e0 g\u1ea7n m\u1eaft v\u00e0 tr\u00ean tr\u00e1n.<br \/>\n &lt;&amp; &gt; <strong>Ch\u1ee9c n\u0103ng c\u1ee7a Hexapeptide-2<\/strong><br \/>\n Khoa h\u1ecdc \u0111\u00e3 ch\u1ee9ng minh r\u1eb1ng peptide c\u00f3 th\u1ec3 gi\u00fap ki\u1ec3m so\u00e1t c\u00e1c n\u1ebfp nh\u0103n tr\u00ean da c\u1ee7a b\u1ea1n v\u00e0 \u0111\u1ea3o ng\u01b0\u1ee3c c\u00e1c d\u1ea5u hi\u1ec7u l\u00e3o h\u00f3a.<br \/>\n Da ng\u01b0\u1eddi bao g\u1ed3m ch\u1ee7 y\u1ebfu l\u00e0 collagen. Collagen l\u00e0 m\u1ed9t lo\u1ea1i protein bao g\u1ed3m c\u00e1c ph\u00e2n \u0111o\u1ea1n d\u00e0i c\u1ee7a c\u00e1c axit amin \u0111\u01b0\u1ee3c s\u1eafp x\u1ebfp gi\u1ed1ng nh\u01b0 m\u1ed9t chu\u1ed7i. Collagen cung c\u1ea5p n\u1ec1n t\u1ea3ng v\u00e0 \u0111\u1ed9 d\u00e0y cho da.<br \/>\n Ph\u1ee5 n\u1eef d\u01b0\u1edbi 30 tu\u1ed5i c\u00f3 l\u01b0\u1ee3ng collagen d\u1ed3i d\u00e0o, mang l\u1ea1i l\u00e0n da c\u0103ng m\u1ecbn.<br \/>\n Ph\u1ea7n c\u00f2n l\u1ea1i c\u1ee7a ch\u00fang ta c\u00f3 \u00edt collagen h\u01a1n &#8211; da c\u00f3 xu h\u01b0\u1edbng m\u1ecfng h\u01a1n, \u0111\u1ec3 l\u1ed9 nhi\u1ec1u n\u1ebfp nh\u0103n h\u01a1n. &lt;&amp; \u25ba Khi collagen b\u1ecb ph\u00e1 v\u1ee1, c\u00e1c \u0111o\u1ea1n ng\u1eafn c\u1ee7a axit amin \u0111\u01b0\u1ee3c h\u00ecnh th\u00e0nh. \u0110\u00e2y l\u00e0 nh\u1eefng protein nh\u1ecf v\u00e0 c\u00e1c ph\u00e2n t\u1eed ho\u1ea1t \u0111\u1ed9ng \u0111\u01b0\u1ee3c g\u1ecdi l\u00e0 peptit. Peptide trong ch\u0103m s\u00f3c da c\u00f3 th\u1ec3 mang l\u1ea1i l\u1ee3i \u00edch ch\u1ed1ng l\u00e3o h\u00f3a \u0111\u00e1ng k\u1ec3.<\/p>\n","protected":false},"excerpt":{"rendered":"<p>T\u00ean s\u1ea3n ph\u1ea9m: HEXAPEPTIDE-2<br \/>\n MF: C46H56N12O6<br \/>\n MW: 873,01g \/ mol<br \/>\n \u0110\u1ed9 tinh khi\u1ebft: \u226598%<\/p>\n","protected":false},"featured_media":2220,"comment_status":"open","ping_status":"closed","template":"","meta":{"om_disable_all_campaigns":false,"_monsterinsights_skip_tracking":false,"_monsterinsights_sitenote_active":false,"_monsterinsights_sitenote_note":"","_monsterinsights_sitenote_category":0,"site-sidebar-layout":"default","site-content-layout":"default","ast-site-content-layout":"default","site-content-style":"default","site-sidebar-style":"default","ast-global-header-display":"","ast-banner-title-visibility":"","ast-main-header-display":"","ast-hfb-above-header-display":"","ast-hfb-below-header-display":"","ast-hfb-mobile-header-display":"","site-post-title":"","ast-breadcrumbs-content":"","ast-featured-img":"","footer-sml-layout":"","ast-disable-related-posts":"","theme-transparent-header-meta":"default","adv-header-id-meta":"","stick-header-meta":"","header-above-stick-meta":"","header-main-stick-meta":"","header-below-stick-meta":"","astra-migrate-meta-layouts":"default","ast-page-background-enabled":"default","ast-page-background-meta":{"desktop":{"background-color":"","background-image":"","background-repeat":"repeat","background-position":"center center","background-size":"auto","background-attachment":"scroll","background-type":"","background-media":"","overlay-type":"","overlay-color":"","overlay-opacity":"","overlay-gradient":""},"tablet":{"background-color":"","background-image":"","background-repeat":"repeat","background-position":"center center","background-size":"auto","background-attachment":"scroll","background-type":"","background-media":"","overlay-type":"","overlay-color":"","overlay-opacity":"","overlay-gradient":""},"mobile":{"background-color":"","background-image":"","background-repeat":"repeat","background-position":"center center","background-size":"auto","background-attachment":"scroll","background-type":"","background-media":"","overlay-type":"","overlay-color":"","overlay-opacity":"","overlay-gradient":""}},"ast-content-background-meta":{"desktop":{"background-color":"var(--ast-global-color-5)","background-image":"","background-repeat":"repeat","background-position":"center center","background-size":"auto","background-attachment":"scroll","background-type":"","background-media":"","overlay-type":"","overlay-color":"","overlay-opacity":"","overlay-gradient":""},"tablet":{"background-color":"var(--ast-global-color-5)","background-image":"","background-repeat":"repeat","background-position":"center center","background-size":"auto","background-attachment":"scroll","background-type":"","background-media":"","overlay-type":"","overlay-color":"","overlay-opacity":"","overlay-gradient":""},"mobile":{"background-color":"var(--ast-global-color-5)","background-image":"","background-repeat":"repeat","background-position":"center center","background-size":"auto","background-attachment":"scroll","background-type":"","background-media":"","overlay-type":"","overlay-color":"","overlay-opacity":"","overlay-gradient":""}}},"product_brand":[],"product_cat":[574],"product_tag":[3018,3040],"class_list":{"0":"post-6808","1":"product","2":"type-product","3":"status-publish","4":"has-post-thumbnail","6":"product_cat-peptide-lam-trang","7":"product_tag-hexapeptide-2-is-a-cosmetic-peptide-containing-six-amino-acids-vi","8":"product_tag-which-can-effectively-brighten-the-skin-vi","9":"desktop-align-left","10":"tablet-align-left","11":"mobile-align-left","13":"first","14":"instock","15":"shipping-taxable","16":"product-type-simple"},"_links":{"self":[{"href":"https:\/\/puyapeptide.net\/vi\/wp-json\/wp\/v2\/product\/6808","targetHints":{"allow":["GET"]}}],"collection":[{"href":"https:\/\/puyapeptide.net\/vi\/wp-json\/wp\/v2\/product"}],"about":[{"href":"https:\/\/puyapeptide.net\/vi\/wp-json\/wp\/v2\/types\/product"}],"replies":[{"embeddable":true,"href":"https:\/\/puyapeptide.net\/vi\/wp-json\/wp\/v2\/comments?post=6808"}],"wp:featuredmedia":[{"embeddable":true,"href":"https:\/\/puyapeptide.net\/vi\/wp-json\/wp\/v2\/media\/2220"}],"wp:attachment":[{"href":"https:\/\/puyapeptide.net\/vi\/wp-json\/wp\/v2\/media?parent=6808"}],"wp:term":[{"taxonomy":"product_brand","embeddable":true,"href":"https:\/\/puyapeptide.net\/vi\/wp-json\/wp\/v2\/product_brand?post=6808"},{"taxonomy":"product_cat","embeddable":true,"href":"https:\/\/puyapeptide.net\/vi\/wp-json\/wp\/v2\/product_cat?post=6808"},{"taxonomy":"product_tag","embeddable":true,"href":"https:\/\/puyapeptide.net\/vi\/wp-json\/wp\/v2\/product_tag?post=6808"}],"curies":[{"name":"wp","href":"https:\/\/api.w.org\/{rel}","templated":true}]}}