{"id":6934,"date":"2021-12-16T06:11:37","date_gmt":"2021-12-16T11:11:37","guid":{"rendered":"https:\/\/puyapeptide.net\/product\/palmitoyl-dipeptide-7-cas-911813-90-6-la-mot-peptide-dang-tin-hieu-thuc-day-tong-hop-protein-va-collagen-nen\/"},"modified":"2021-12-16T06:11:37","modified_gmt":"2021-12-16T11:11:37","slug":"palmitoyl-dipeptide-7-cas-911813-90-6-la-mot-peptide-dang-tin-hieu-thuc-day-tong-hop-protein-va-collagen-nen","status":"publish","type":"product","link":"https:\/\/puyapeptide.net\/vi\/product\/palmitoyl-dipeptide-7-cas-911813-90-6-la-mot-peptide-dang-tin-hieu-thuc-day-tong-hop-protein-va-collagen-nen\/","title":{"rendered":"Palmitoyl dipeptide-7 CAS 911813-90-6 l\u00e0 m\u1ed9t peptide d\u1ea1ng t\u00edn hi\u1ec7u th\u00fac \u0111\u1ea9y t\u1ed5ng h\u1ee3p protein v\u00e0 collagen n\u1ec1n"},"content":{"rendered":"<h2><strong>Palmitoyl dipeptide-7 CAS 911813-90-6 l\u00e0 m\u1ed9t peptide d\u1ea1ng t\u00edn hi\u1ec7u th\u00fac \u0111\u1ea9y t\u1ed5ng h\u1ee3p protein v\u00e0 collagen n\u1ec1n<\/strong><\/h2>\n<p> T\u00ean s\u1ea3n ph\u1ea9m: Palmitoyl dipeptide-7 \/ (2S, 3R) -2 &#8211; [[(2S) -6-amino-2- (hexadecanoylamino) hexanoyl] amino] -3-hydroxybutanoic acid<br \/>\n T\u1eeb \u0111\u1ed3ng ngh\u0129a: Palmitoyl Dipeptide -7; PAL-KT; (2S, 3R) -2 &#8211; [[(2S) -6-amino-2- (hexadecanoylamino) hexanoyl] amino] -3-hydroxybutanoic axit; Palmitoyl Dipeptide-7 palestrina<br \/>\n CAS: 911813-90-6<br \/>\n MF: C26H51N3O5<br \/>\n MW: 485.7<br \/>\n EINECS:<br \/>\n Danh m\u1ee5c s\u1ea3n ph\u1ea9m:<br \/>\n Mol File: 911813-90-6.mol <\/p>\n<p> Palmitoyl dipeptide- 7 l\u00e0 m\u1ed9t peptide gi\u1ed1ng t\u00edn hi\u1ec7u th\u00fac \u0111\u1ea9y protein ma tr\u1eadn, th\u00fac \u0111\u1ea9y t\u1ed5ng h\u1ee3p collagen v\u00e0 c\u0169ng c\u00f3 th\u1ec3 t\u0103ng s\u1ea3n xu\u1ea5t elastin, axit hyaluronic, glycosaminoglycan v\u00e0 fibronectin. N\u00f3 th\u00fac \u0111\u1ea9y t\u1ed5ng h\u1ee3p collagen b\u1eb1ng c\u00e1ch t\u0103ng ho\u1ea1t \u0111\u1ed9ng c\u1ee7a t\u1ebf b\u00e0o m\u00f4 \u0111\u1ec7m, l\u00e0m cho da tr\u00f4ng \u0111\u00e0n h\u1ed3i v\u00e0 tr\u1ebb trung h\u01a1n. <\/p>\n<p> Palmitoyl Dipeptide-7 l\u00e0 m\u1ed9t trong nh\u1eefng peptide ng\u1eafn nh\u1ea5t. Khi th\u1eed nghi\u1ec7m v\u1edbi c\u00e1c s\u1ea3n ph\u1ea9m t\u01b0\u01a1ng \u0111\u01b0\u01a1ng tr\u00ean da ng\u01b0\u1eddi, n\u00f3 \u0111\u01b0\u1ee3c ph\u00e1t hi\u1ec7n c\u00f3 kh\u1ea3 n\u0103ng t\u0103ng c\u01b0\u1eddng s\u1ef1 kh\u00e1c bi\u1ec7t c\u1ee7a l\u1edbp bi\u1ec3u b\u00ec, v\u00f9ng m\u00e0ng \u0111\u00e1y v\u00e0 nguy\u00ean b\u00e0o s\u1ee3i h\u1ea1 b\u00ec. Trong nguy\u00ean b\u00e0o s\u1ee3i da, Palmitoyl Dipeptide-7 l\u00e0m t\u0103ng collagen I, collagen IV v\u00e0 fibronectin. Vi\u1ec7c s\u1eed d\u1ee5ng peptit \u0111\u1ec3 b\u00f4i t\u1ea1i ch\u1ed7 b\u1ecb h\u1ea1n ch\u1ebf b\u1edfi b\u1ea3n ch\u1ea5t ion c\u1ee7a chu\u1ed7i axit <strong>amin<\/strong> . <strong>-90-6<\/strong><br \/>\n Ch\u1ed1ng l\u00e3o h\u00f3a; peptide m\u1ef9 ph\u1ea9m<\/p>\n","protected":false},"excerpt":{"rendered":"<p>T\u00ean s\u1ea3n ph\u1ea9m: Palmitoyl dipeptide-7 \/ (2S, 3R) -2 &#8211; [[(2S) -6-amino-2- (hexadecanoylamino) hexanoyl] amino] -3-hydroxybutanoic axit<br \/>\n CAS: 911813-90-6<br \/>\n MF: C26H51N3O5<br \/>\n MW: 485.7<br \/>\n Mol T\u1ec7p: 911813-90-6.mol<\/p>\n","protected":false},"featured_media":2304,"comment_status":"open","ping_status":"closed","template":"","meta":{"om_disable_all_campaigns":false,"_monsterinsights_skip_tracking":false,"_monsterinsights_sitenote_active":false,"_monsterinsights_sitenote_note":"","_monsterinsights_sitenote_category":0,"site-sidebar-layout":"default","site-content-layout":"default","ast-site-content-layout":"default","site-content-style":"default","site-sidebar-style":"default","ast-global-header-display":"","ast-banner-title-visibility":"","ast-main-header-display":"","ast-hfb-above-header-display":"","ast-hfb-below-header-display":"","ast-hfb-mobile-header-display":"","site-post-title":"","ast-breadcrumbs-content":"","ast-featured-img":"","footer-sml-layout":"","ast-disable-related-posts":"","theme-transparent-header-meta":"default","adv-header-id-meta":"","stick-header-meta":"","header-above-stick-meta":"","header-main-stick-meta":"","header-below-stick-meta":"","astra-migrate-meta-layouts":"default","ast-page-background-enabled":"default","ast-page-background-meta":{"desktop":{"background-color":"","background-image":"","background-repeat":"repeat","background-position":"center center","background-size":"auto","background-attachment":"scroll","background-type":"","background-media":"","overlay-type":"","overlay-color":"","overlay-opacity":"","overlay-gradient":""},"tablet":{"background-color":"","background-image":"","background-repeat":"repeat","background-position":"center center","background-size":"auto","background-attachment":"scroll","background-type":"","background-media":"","overlay-type":"","overlay-color":"","overlay-opacity":"","overlay-gradient":""},"mobile":{"background-color":"","background-image":"","background-repeat":"repeat","background-position":"center center","background-size":"auto","background-attachment":"scroll","background-type":"","background-media":"","overlay-type":"","overlay-color":"","overlay-opacity":"","overlay-gradient":""}},"ast-content-background-meta":{"desktop":{"background-color":"var(--ast-global-color-5)","background-image":"","background-repeat":"repeat","background-position":"center center","background-size":"auto","background-attachment":"scroll","background-type":"","background-media":"","overlay-type":"","overlay-color":"","overlay-opacity":"","overlay-gradient":""},"tablet":{"background-color":"var(--ast-global-color-5)","background-image":"","background-repeat":"repeat","background-position":"center center","background-size":"auto","background-attachment":"scroll","background-type":"","background-media":"","overlay-type":"","overlay-color":"","overlay-opacity":"","overlay-gradient":""},"mobile":{"background-color":"var(--ast-global-color-5)","background-image":"","background-repeat":"repeat","background-position":"center center","background-size":"auto","background-attachment":"scroll","background-type":"","background-media":"","overlay-type":"","overlay-color":"","overlay-opacity":"","overlay-gradient":""}}},"product_brand":[],"product_cat":[553],"product_tag":[2886],"class_list":{"0":"post-6934","1":"product","2":"type-product","3":"status-publish","4":"has-post-thumbnail","6":"product_cat-peptide-chong-nhan-va-chong-lao-hoa","7":"product_tag-palmitoyl-dipeptide-7-cas-911813-90-6-is-a-signal-like-peptide-that-promotes-matrix-protein-and-collagen-synthesis-vi","8":"desktop-align-left","9":"tablet-align-left","10":"mobile-align-left","12":"first","13":"instock","14":"shipping-taxable","15":"product-type-simple"},"_links":{"self":[{"href":"https:\/\/puyapeptide.net\/vi\/wp-json\/wp\/v2\/product\/6934","targetHints":{"allow":["GET"]}}],"collection":[{"href":"https:\/\/puyapeptide.net\/vi\/wp-json\/wp\/v2\/product"}],"about":[{"href":"https:\/\/puyapeptide.net\/vi\/wp-json\/wp\/v2\/types\/product"}],"replies":[{"embeddable":true,"href":"https:\/\/puyapeptide.net\/vi\/wp-json\/wp\/v2\/comments?post=6934"}],"wp:featuredmedia":[{"embeddable":true,"href":"https:\/\/puyapeptide.net\/vi\/wp-json\/wp\/v2\/media\/2304"}],"wp:attachment":[{"href":"https:\/\/puyapeptide.net\/vi\/wp-json\/wp\/v2\/media?parent=6934"}],"wp:term":[{"taxonomy":"product_brand","embeddable":true,"href":"https:\/\/puyapeptide.net\/vi\/wp-json\/wp\/v2\/product_brand?post=6934"},{"taxonomy":"product_cat","embeddable":true,"href":"https:\/\/puyapeptide.net\/vi\/wp-json\/wp\/v2\/product_cat?post=6934"},{"taxonomy":"product_tag","embeddable":true,"href":"https:\/\/puyapeptide.net\/vi\/wp-json\/wp\/v2\/product_tag?post=6934"}],"curies":[{"name":"wp","href":"https:\/\/api.w.org\/{rel}","templated":true}]}}