{"id":6936,"date":"2021-12-16T06:11:37","date_gmt":"2021-12-16T11:11:37","guid":{"rendered":"https:\/\/puyapeptide.net\/product\/ban-chay-my-pham-peptide-l-carnosine-carnosine-cas-305-84-0\/"},"modified":"2021-12-16T06:11:37","modified_gmt":"2021-12-16T11:11:37","slug":"ban-chay-my-pham-peptide-l-carnosine-carnosine-cas-305-84-0","status":"publish","type":"product","link":"https:\/\/puyapeptide.net\/vi\/product\/ban-chay-my-pham-peptide-l-carnosine-carnosine-cas-305-84-0\/","title":{"rendered":"B\u00e1n ch\u1ea1y m\u1ef9 ph\u1ea9m Peptide L-Carnosine \/ Carnosine CAS 305-84-0"},"content":{"rendered":"<h2><strong>B\u00e1n ch\u1ea1y m\u1ef9 ph\u1ea9m Peptide L-Carnosine \/ Carnosine CAS 305-84-0<\/strong><\/h2>\n<p> T\u00ean s\u1ea3n ph\u1ea9m: L-Carnosine \/ Carnosine<br \/>\n T\u1eeb \u0111\u1ed3ng ngh\u0129a: NB-ALANYL-L-HISTIDINE; H-BETA-ALA-HIS-OH; L-IGNOTINE; L-BETA-ALANINE HISTIDINE; L-CARNOSINE; B -ALANYL-L-HISTIDINE; BETA-AH; BETA-ALANYL-L-HISTIDINE<br \/>\n CAS: 305-84-0<br \/>\n MF: C9H14N4O3<br \/>\n MW: 226,23<br \/>\n EINECS: 206-169-9<br \/>\n Danh m\u1ee5c s\u1ea3n ph\u1ea9m: Ph\u1ee5 gia th\u1ef1c ph\u1ea9m; amino; Axit amin; chiral; Ch\u1ea5t b\u1ed5 sung dinh d\u01b0\u1ee1ng; API; D\u1eabn xu\u1ea5t axit amin; cosmestic<br \/>\n Mol File: 305-84-0.mol <\/p>\n<p> Carnosine l\u00e0 m\u1ed9t \u0111ipeptit bao g\u1ed3m beta-alanin v\u00e0 histidin. N\u00f3 \u0111\u01b0\u1ee3c t\u00ecm th\u1ea5y trong c\u01a1 b\u1eafp v\u00e0 c\u00e1c m\u00f4 kh\u00e1c. N\u00f3 c\u00f3 \u0111\u1eb7c t\u00ednh oxy h\u00f3a m\u1ea1nh v\u00ec n\u00f3 c\u00f3 th\u1ec3 lo\u1ea1i b\u1ecf c\u1ea3 c\u00e1c lo\u1ea1i oxy ph\u1ea3n \u1ee9ng (ROS) v\u00e0 c\u00e1c lo\u1ea1i nit\u01a1 ph\u1ea3n \u1ee9ng (RNS). Carnosine ho\u1ea1t \u0111\u1ed9ng nh\u01b0 m\u1ed9t ch\u1ea5t \u0111\u1ec7m t\u1ebf b\u00e0o v\u00e0 nh\u01b0 m\u1ed9t ch\u1ea5t \u0111i\u1ec1u h\u00f2a ch\u1ee9c n\u0103ng c\u1ee7a \u0111\u1ea1i th\u1ef1c b\u00e0o.1 Thu\u1ed9c t\u00ednh kh\u1ea3 n\u0103ng t\u1ea1o ph\u1ee9c v\u1edbi c\u00e1c kim lo\u1ea1i chuy\u1ec3n ti\u1ebfp, n\u00f3 \u0111\u01b0\u1ee3c s\u1eed d\u1ee5ng \u0111\u1ec3 \u0111i\u1ec1u ch\u1ec9nh h\u00e0m l\u01b0\u1ee3ng c\u1ee7a c\u00e1c ion kim lo\u1ea1i chuy\u1ec3n ti\u1ebfp trong ch\u1ea5t l\u1ecfng v\u00e0 m\u00f4 sinh h\u1ecdc.<br \/>\n Carnosine c\u00f3 th\u1ec3 ng\u0103n ch\u1eb7n l\u00e3o h\u00f3a v\u00e0 c\u00f3 th\u1ec3 \u0111\u01b0\u1ee3c s\u1eed d\u1ee5ng \u0111\u1ec3 ng\u0103n ng\u1eeba ho\u1eb7c \u0111i\u1ec1u tr\u1ecb c\u00e1c bi\u1ebfn ch\u1ee9ng c\u1ee7a b\u1ec7nh ti\u1ec3u \u0111\u01b0\u1eddng nh\u01b0 t\u1ed5n th\u01b0\u01a1ng th\u1ea7n kinh, r\u1ed1i lo\u1ea1n m\u1eaft (\u0111\u1ee5c th\u1ee7y tinh th\u1ec3) v\u00e0 c\u00e1c v\u1ea5n \u0111\u1ec1 v\u1ec1 th\u1eadn. C\u00e1c ho\u1ea1t \u0111\u1ed9ng \u0111i\u1ec1u tr\u1ecb ti\u1ec1m n\u0103ng c\u1ee7a carnosine bao g\u1ed3m t\u00e1c d\u1ee5ng h\u1ea1 huy\u1ebft \u00e1p, \u0111i\u1ec1u h\u00f2a mi\u1ec5n d\u1ecbch, ch\u1eefa l\u00e0nh v\u1ebft th\u01b0\u01a1ng, v\u00e0 t\u00e1c d\u1ee5ng ng\u0103n ng\u1eeba kh\u1ed1i u \/ h\u00f3a h\u1ecdc. H\u1ee3p ch\u1ea5t chelate c\u1ee7a ion k\u1ebdm v\u00e0 carnosine \u0111\u00e3 \u0111\u01b0\u1ee3c s\u1eed d\u1ee5ng \u1edf Nh\u1eadt B\u1ea3n \u0111\u1ec3 \u0111i\u1ec1u tr\u1ecb vi\u00eam d\u1ea1 d\u00e0y, lo\u00e9t d\u1ea1 d\u00e0y v\u00e0 c\u00e1c tri\u1ec7u ch\u1ee9ng kh\u00f3 ti\u00eau. <\/p>\n<p> <strong>L-Carnosine \/ Carnosine CAS 305-84-0 T\u00ednh ch\u1ea5t h\u00f3a h\u1ecdc<\/strong><br \/>\n \u0110i\u1ec3m n\u00f3ng ch\u1ea3y 253 \u00b0 C (th\u00e1ng m\u01b0\u1eddi hai) (lit.)<br \/>\n alpha 20,9 \u00ba (c = 1,5, H2O)<br \/>\n \u0110i\u1ec3m s\u00f4i 367,84 \u00b0 C (\u01b0\u1edbc t\u00ednh s\u01a1 b\u1ed9)<br \/>\n m\u1eadt \u0111\u1ed9 1,2673 (\u01b0\u1edbc t\u00ednh s\u01a1 b\u1ed9)<br \/>\n ch\u1ec9 s\u1ed1 kh\u00fac x\u1ea1 21 \u00b0 ( C = 2, H2O)<br \/>\n nhi\u1ec7t \u0111\u1ed9 b\u1ea3o qu\u1ea3n. -20 \u00b0 C<br \/>\n pka 2,62 (\u1edf 25 \u2103)<br \/>\n d\u1ea1ng tinh th\u1ec3<br \/>\n m\u00e0u Tr\u1eafng<br \/>\n N\u01b0\u1edbc Kh\u1ea3 n\u0103ng h\u00f2a tan g\u1ea7n nh\u01b0 trong su\u1ed1t<br \/>\n Merck 14,1850<br \/>\n BRN 87671<br \/>\n T\u00ednh \u1ed5n \u0111\u1ecbnh: \u1ed4n \u0111\u1ecbnh, nh\u01b0ng c\u00f3 th\u1ec3 nh\u1ea1y c\u1ea3m v\u1edbi nhi\u1ec7t &#8211; b\u1ea3o qu\u1ea3n l\u1ea1nh. Kh\u00f4ng t\u01b0\u01a1ng th\u00edch v\u1edbi c\u00e1c ch\u1ea5t oxy h\u00f3a m\u1ea1nh.<br \/>\n InChIKey CQOVPNPJLQNMDC-ZETCQYMHSA-N<br \/>\n CAS DataBase Reference 305-84-0 (CAS DataBase Reference)<br \/>\n EPA Substance Registry System L-Histidine, .beta.-alanyl- (305 -84-0) <\/p>\n<p> <strong>Ch\u1ee9c n\u0103ng c\u1ee7a L-Carnosine \/ Carnosine CAS 305-84-0<\/strong><br \/>\n 1. Ph\u1ee5 gia th\u1ef1c ph\u1ea9m m\u1edbi;<br \/>\n 2. Carnosine l\u00e0 m\u1ed9t th\u00e0nh ph\u1ea7n \u03b2-alanine v\u00e0 histidine dipeptide, c\u00f3 th\u1ec3 \u0111\u01b0\u1ee3c t\u1ed5ng h\u1ee3p \u1edf \u0111\u1ed9ng v\u1eadt;<br \/>\n 3. \u1ee8c ch\u1ebf qu\u00e1 tr\u00ecnh oxy h\u00f3a ch\u1ea5t b\u00e9o v\u00e0 b\u1ea3o v\u1ec7 vai tr\u00f2 c\u1ee7a th\u1ecbt;<br \/>\n 4. M\u1ef9 ph\u1ea9m Peptide c\u00f3 th\u1ec3 ng\u0103n ng\u1eeba l\u00e3o h\u00f3a da v\u00e0 t\u00e1c d\u1ee5ng l\u00e0m tr\u1eafng da;<br \/>\n 5. \u0110i\u1ec1u tr\u1ecb \u0111\u1ee5c th\u1ee7y tinh th\u1ec3 do tu\u1ed5i gi\u00e0;<br \/>\n 6. C\u00f3 th\u1ec3 th\u00fac \u0111\u1ea9y qu\u00e1 tr\u00ecnh ch\u1eefa l\u00e0nh v\u1ebft th\u01b0\u01a1ng <\/p>\n<p> <strong>\u1ee8ng d\u1ee5ng L-Carnosine \/ Carnosine CAS 305-84-0<\/strong><br \/>\n 1. C\u00f3 th\u1ec3 li\u00ean k\u1ebft v\u1edbi c\u00e1c h\u1ee3p ch\u1ea5t kim lo\u1ea1i c\u00f3 h\u1ea1i v\u00e0 l\u00e0m b\u1ea5t ho\u1ea1t ch\u00fang.<br \/>\n 2. B\u1ea3o v\u1ec7 c\u00e1c t\u1ebf b\u00e0o kh\u1ecfe m\u1ea1nh kh\u1ecfi t\u00e1c h\u1ea1i c\u1ee7a b\u1ee9c x\u1ea1.<br \/>\n 3. Ho\u1ea1t \u0111\u1ed9ng nh\u01b0 m\u1ed9t ch\u1ea5t x\u00fac t\u00e1c \u0111\u1ec3 t\u0103ng c\u01b0\u1eddng ho\u1ea1t \u0111\u1ed9ng c\u1ee7a nhi\u1ec1u ch\u1ea5t dinh d\u01b0\u1ee1ng v\u00e0 h\u1ee3p ch\u1ea5t kh\u00e1c.<\/p>\n","protected":false},"excerpt":{"rendered":"<p>T\u00ean s\u1ea3n ph\u1ea9m: L-Carnosine \/ Carnosine<br \/>\n CAS: 305-84-0<br \/>\n MF: C9H14N4O3<br \/>\n MW: 226,23<br \/>\n EINECS: 206-169-9<br \/>\n Mol T\u1ec7p: 305-84- 0.mol<\/p>\n","protected":false},"featured_media":2178,"comment_status":"open","ping_status":"closed","template":"","meta":{"om_disable_all_campaigns":false,"_monsterinsights_skip_tracking":false,"_monsterinsights_sitenote_active":false,"_monsterinsights_sitenote_note":"","_monsterinsights_sitenote_category":0,"site-sidebar-layout":"default","site-content-layout":"default","ast-site-content-layout":"default","site-content-style":"default","site-sidebar-style":"default","ast-global-header-display":"","ast-banner-title-visibility":"","ast-main-header-display":"","ast-hfb-above-header-display":"","ast-hfb-below-header-display":"","ast-hfb-mobile-header-display":"","site-post-title":"","ast-breadcrumbs-content":"","ast-featured-img":"","footer-sml-layout":"","ast-disable-related-posts":"","theme-transparent-header-meta":"default","adv-header-id-meta":"","stick-header-meta":"","header-above-stick-meta":"","header-main-stick-meta":"","header-below-stick-meta":"","astra-migrate-meta-layouts":"default","ast-page-background-enabled":"default","ast-page-background-meta":{"desktop":{"background-color":"","background-image":"","background-repeat":"repeat","background-position":"center center","background-size":"auto","background-attachment":"scroll","background-type":"","background-media":"","overlay-type":"","overlay-color":"","overlay-opacity":"","overlay-gradient":""},"tablet":{"background-color":"","background-image":"","background-repeat":"repeat","background-position":"center center","background-size":"auto","background-attachment":"scroll","background-type":"","background-media":"","overlay-type":"","overlay-color":"","overlay-opacity":"","overlay-gradient":""},"mobile":{"background-color":"","background-image":"","background-repeat":"repeat","background-position":"center center","background-size":"auto","background-attachment":"scroll","background-type":"","background-media":"","overlay-type":"","overlay-color":"","overlay-opacity":"","overlay-gradient":""}},"ast-content-background-meta":{"desktop":{"background-color":"var(--ast-global-color-5)","background-image":"","background-repeat":"repeat","background-position":"center center","background-size":"auto","background-attachment":"scroll","background-type":"","background-media":"","overlay-type":"","overlay-color":"","overlay-opacity":"","overlay-gradient":""},"tablet":{"background-color":"var(--ast-global-color-5)","background-image":"","background-repeat":"repeat","background-position":"center center","background-size":"auto","background-attachment":"scroll","background-type":"","background-media":"","overlay-type":"","overlay-color":"","overlay-opacity":"","overlay-gradient":""},"mobile":{"background-color":"var(--ast-global-color-5)","background-image":"","background-repeat":"repeat","background-position":"center center","background-size":"auto","background-attachment":"scroll","background-type":"","background-media":"","overlay-type":"","overlay-color":"","overlay-opacity":"","overlay-gradient":""}}},"product_brand":[],"product_cat":[553],"product_tag":[2907],"class_list":{"0":"post-6936","1":"product","2":"type-product","3":"status-publish","4":"has-post-thumbnail","6":"product_cat-peptide-chong-nhan-va-chong-lao-hoa","7":"product_tag-hot-sale-cosmetic-peptide-l-carnosine-carnosine-cas-305-84-0-vi","8":"desktop-align-left","9":"tablet-align-left","10":"mobile-align-left","12":"first","13":"instock","14":"shipping-taxable","15":"product-type-simple"},"_links":{"self":[{"href":"https:\/\/puyapeptide.net\/vi\/wp-json\/wp\/v2\/product\/6936","targetHints":{"allow":["GET"]}}],"collection":[{"href":"https:\/\/puyapeptide.net\/vi\/wp-json\/wp\/v2\/product"}],"about":[{"href":"https:\/\/puyapeptide.net\/vi\/wp-json\/wp\/v2\/types\/product"}],"replies":[{"embeddable":true,"href":"https:\/\/puyapeptide.net\/vi\/wp-json\/wp\/v2\/comments?post=6936"}],"wp:featuredmedia":[{"embeddable":true,"href":"https:\/\/puyapeptide.net\/vi\/wp-json\/wp\/v2\/media\/2178"}],"wp:attachment":[{"href":"https:\/\/puyapeptide.net\/vi\/wp-json\/wp\/v2\/media?parent=6936"}],"wp:term":[{"taxonomy":"product_brand","embeddable":true,"href":"https:\/\/puyapeptide.net\/vi\/wp-json\/wp\/v2\/product_brand?post=6936"},{"taxonomy":"product_cat","embeddable":true,"href":"https:\/\/puyapeptide.net\/vi\/wp-json\/wp\/v2\/product_cat?post=6936"},{"taxonomy":"product_tag","embeddable":true,"href":"https:\/\/puyapeptide.net\/vi\/wp-json\/wp\/v2\/product_tag?post=6936"}],"curies":[{"name":"wp","href":"https:\/\/api.w.org\/{rel}","templated":true}]}}