{"id":6989,"date":"2021-12-16T06:38:07","date_gmt":"2021-12-16T11:38:07","guid":{"rendered":"https:\/\/puyapeptide.net\/product\/palmitoyl-tripeptide-38-cas-1447824-23-8-la-mot-peptide-chong-nep-nhan-manh-me\/"},"modified":"2021-12-16T06:38:07","modified_gmt":"2021-12-16T11:38:07","slug":"palmitoyl-tripeptide-38-cas-1447824-23-8-la-mot-peptide-chong-nep-nhan-manh-me","status":"publish","type":"product","link":"https:\/\/puyapeptide.net\/vi\/product\/palmitoyl-tripeptide-38-cas-1447824-23-8-la-mot-peptide-chong-nep-nhan-manh-me\/","title":{"rendered":"Palmitoyl tripeptide-38 CAS 1447824-23-8 l\u00e0 m\u1ed9t peptide ch\u1ed1ng n\u1ebfp nh\u0103n m\u1ea1nh m\u1ebd"},"content":{"rendered":"<h2><strong>Palmitoyl tripeptide-38 CAS 1447824-23-8 l\u00e0 m\u1ed9t peptide ch\u1ed1ng n\u1ebfp nh\u0103n m\u1ea1nh m\u1ebd<\/strong><\/h2>\n<p> T\u00ean s\u1ea3n ph\u1ea9m: Palmitoyl Tripeptide 38<br \/>\n Tr\u00ecnh t\u1ef1: Pal-Lys-Met (O2) -Lys-OH<br \/>\n T\u1eeb \u0111\u1ed3ng ngh\u0129a: Matrixyl synthsis; Palmitoyl Tripeptide 38; matrixyl synthe6; Palmitoyl Tripeptide 38 USP \/ EP \/ BP; L\u00f4 h\u00e0ng an to\u00e0n v\u00e0 Giao h\u00e0ng nhanh Palmitoyl Tripeptide 38 B\u1ed9t CAS 1447824-23-8 T\u1eeb Biocar; matrixyl synthe6 Matrixyl synthsis<br \/>\n CAS: 1447824-23-8<br \/>\n MF:<br \/>\n MW: 0<br \/>\n EINECS: 7824- 223-8<br \/>\n Danh m\u1ee5c s\u1ea3n ph\u1ea9m:<br \/>\n Mol File: Mol File <\/p>\n<p> Palmitoyl Tripeptide-38 bao g\u1ed3m ba axit amin v\u00e0 l\u00e0 m\u1ed9t lipopeptide dioxy h\u00f3a. Peptide n\u00e0y \u0111\u01b0\u1ee3c l\u1ea5y c\u1ea3m h\u1ee9ng t\u1eeb m\u1ed9t tripeptide t\u1ef1 nhi\u00ean \u0111\u01b0\u1ee3c t\u00ecm th\u1ea5y trong collagen VI v\u00e0 laminin. N\u00f3 t\u00e1i t\u1ea1o l\u00e0n da t\u1eeb b\u00ean trong, n\u01a1i c\u1ea7n thi\u1ebft, \u0111\u1ec3 l\u00e0m d\u1ecbu l\u00e0n da m\u1edd n\u1ebfp nh\u0103n, v\u00e0 \u0111\u1eb7c bi\u1ec7t hi\u1ec7u qu\u1ea3 \u0111\u1ed1i v\u1edbi c\u00e1c n\u1ebfp nh\u0103n tr\u00ean tr\u00e1n, v\u1ebft ch\u00e2n chim, \u0111\u01b0\u1eddng \u0111\u1ea7u v\u00e0 \u0111\u01b0\u1eddng c\u1ed5. <\/p>\n<p> Palmitoyl Tripeptide-38 l\u00e0 s\u1ea3n ph\u1ea9m ph\u1ea3n \u1ee9ng c\u1ee7a axit palmitic v\u00e0 Tripeptide-38. <\/p>\n<p> N\u00f3 th\u00e2m nh\u1eadp s\u00e2u v\u00e0o l\u1edbp h\u1ea1 b\u00ec \u0111\u1ec3 th\u00fac \u0111\u1ea9y s\u1ea3n xu\u1ea5t collagen v\u00e0 t\u1ed5ng h\u1ee3p axit hyaluronic, \u0111\u1eb7c bi\u1ec7t l\u00e0 tr\u00ean tr\u00e1n. <\/p>\n<p> <strong>Ch\u1ee9c n\u0103ng v\u00e0 \u1ee9ng d\u1ee5ng c\u1ee7a Palmitoyl Tripeptide 38<\/strong><br \/>\n 1. Palmitoyl Tripeptide-38 l\u00e0 m\u1ed9t peptide ch\u1ed1ng n\u1ebfp nh\u0103n m\u1ea1nh m\u1ebd ho\u1ea1t \u0111\u1ed9ng tr\u00ean 6 y\u1ebfu t\u1ed1 c\u1ea7n thi\u1ebft \u0111\u1ec3 t\u00e1i t\u1ea1o da v\u00e0 \u0111\u00e3 \u0111\u01b0\u1ee3c th\u1eed nghi\u1ec7m th\u00e0nh c\u00f4ng tr\u00ean v\u00f9ng da tr\u00e1n.<br \/>\n 2. Palmitoyl Tripeptide-38 v\u00e0 chi\u1ebft xu\u1ea5t Portulaca pilosa c\u00f3 th\u1ec3 \u0111\u01b0\u1ee3c s\u1eed d\u1ee5ng \u0111\u1ec3 l\u00e0m c\u0103ng m\u1ecdng \u0111\u00f4i m\u00f4i b\u1eb1ng c\u00e1ch t\u1ed5ng h\u1ee3p axit hyaluronic. N\u00f3 c\u1ea3i thi\u1ec7n k\u1ebft c\u1ea5u m\u00f4i b\u00ean trong v\u00e0 b\u1ec1 ngo\u00e0i v\u1edbi t\u00e1c \u0111\u1ed9ng c\u00f3 th\u1ec3 nh\u00ecn th\u1ea5y \u0111\u01b0\u1ee3c tr\u00ean h\u00ecnh d\u1ea1ng m\u00f4i. S\u1ea3n ph\u1ea9m n\u00e0y l\u00e0m t\u0103ng l\u01b0\u1ee3ng m\u00f4i, hydrat h\u00f3a v\u00e0 m\u1ec1m m\u1ea1i. N\u00f3 cung c\u1ea5p t\u00e1c d\u1ee5ng ch\u1ed1ng l\u00e3o h\u00f3a v\u00e0 ch\u1ed1ng ch\u1ea3y x\u1ec7. <\/p>\n<p> <strong>C\u01a1 ch\u1ebf c\u1ee7a Palmitoyl tripeptide-38 CAS 1447824-23-8<\/strong> <\/p>\n<p> Palmitoyl tripeptide-38 c\u00f3 t\u00e1c d\u1ee5ng gi\u1ed1ng matrikine, c\u00f3 th\u1ec3 th\u00fac \u0111\u1ea9y s\u1ef1 t\u1ed5ng h\u1ee3p collagen I, III, IV, fibronectin, axit hyaluronic v\u00e0 laminin 5, s\u00e1u th\u00e0nh ph\u1ea7n ch\u00ednh c\u1ee7a ch\u1ea5t n\u1ec1n da v\u00e0 \u0111i\u1ec3m n\u1ed1i bi\u1ec3u b\u00ec-h\u1ea1 b\u00ec (DEJ); do \u0111\u00f3, palmitoyl tripeptide-38 c\u00f3 th\u1ec3 x\u00e2y d\u1ef1ng l\u1ea1i c\u1ea5u tr\u00fac l\u01b0\u1edbi li\u00ean k\u1ebft da v\u00e0 l\u00e0m d\u1ecbu c\u00e1c n\u1ebfp nh\u0103n v\u00e0 l\u00e0m m\u1ecbn da. <\/p>\n<p> Th\u1eed nghi\u1ec7m l\u00e2m s\u00e0ng v\u1ec1 hi\u1ec7u qu\u1ea3 c\u1ee7a vi\u1ec7c tr\u00ec ho\u00e3n l\u00e3o h\u00f3a v\u00e0 ch\u1ed1ng l\u1ea1i n\u1ebfp nh\u0103n \u1edf 25 t\u00ecnh nguy\u1ec7n vi\u00ean n\u1eef, tu\u1ed5i t\u1eeb 42 \u0111\u1ebfn 70, cho n\u1ebfp nh\u0103n tr\u00e1n v\u00e0 n\u1ebfp nh\u0103n \u1edf m\u1eaft. Sau hai th\u00e1ng \u00e1p d\u1ee5ng hai l\u1ea7n m\u1ed7i ng\u00e0y dung d\u1ecbch ch\u1ee9a 2% tripeptit. <\/p>\n<p> Ch\u1ea5t l\u01b0\u1ee3ng da tr\u00e1n \u0111\u01b0\u1ee3c c\u1ea3i thi\u1ec7n 28%, n\u1ebfp nh\u0103n gi\u1ea3m 31%, \u0111\u1ed9 s\u00e2u n\u1ebfp nh\u0103n t\u1ed1i \u0111a gi\u1ea3m 16,3% <\/p>\n<p> Ch\u1ea5t l\u01b0\u1ee3ng da v\u00f9ng kh\u00f3e m\u1eaft \u0111\u01b0\u1ee3c c\u1ea3i thi\u1ec7n 12,6%, v\u1ebft ch\u00e2n chim gi\u1ea3m 21,1%, di\u1ec7n t\u00edch b\u1ec1 m\u1eb7t n\u1ebfp nh\u0103n gi\u1ea3m 28,5%, \u0111\u1ed9 s\u00e2u n\u1ebfp nh\u0103n gi\u1ea3m trung b\u00ecnh 15% v\u00e0 \u0111\u1ed9 lan r\u1ed9ng. g\u00f3c c\u1ee7a n\u1ebfp nh\u0103n \u0111\u00e3 t\u0103ng 8,4% <\/p>\n<p> Sau khi th\u1eed nghi\u1ec7m, r\u00f5 r\u00e0ng l\u00e0 palmitoyl tripeptide-38 v\u1eabn c\u00f3 t\u00e1c d\u1ee5ng x\u00f3a n\u1ebfp nh\u0103n r\u1ea5t r\u00f5 r\u00e0ng.<\/p>\n","protected":false},"excerpt":{"rendered":"<p>T\u00ean s\u1ea3n ph\u1ea9m: Palmitoyl Tripeptide 38<br \/>\n Tr\u00ecnh t\u1ef1: Pal-Lys-Met (O2) -Lys-OH<br \/>\n CAS: 1447824-23-8<br \/>\n Mol T\u1ec7p: Mol File<\/p>\n","protected":false},"featured_media":2220,"comment_status":"open","ping_status":"closed","template":"","meta":{"om_disable_all_campaigns":false,"_monsterinsights_skip_tracking":false,"_monsterinsights_sitenote_active":false,"_monsterinsights_sitenote_note":"","_monsterinsights_sitenote_category":0,"site-sidebar-layout":"default","site-content-layout":"default","ast-site-content-layout":"default","site-content-style":"default","site-sidebar-style":"default","ast-global-header-display":"","ast-banner-title-visibility":"","ast-main-header-display":"","ast-hfb-above-header-display":"","ast-hfb-below-header-display":"","ast-hfb-mobile-header-display":"","site-post-title":"","ast-breadcrumbs-content":"","ast-featured-img":"","footer-sml-layout":"","ast-disable-related-posts":"","theme-transparent-header-meta":"default","adv-header-id-meta":"","stick-header-meta":"","header-above-stick-meta":"","header-main-stick-meta":"","header-below-stick-meta":"","astra-migrate-meta-layouts":"default","ast-page-background-enabled":"default","ast-page-background-meta":{"desktop":{"background-color":"","background-image":"","background-repeat":"repeat","background-position":"center center","background-size":"auto","background-attachment":"scroll","background-type":"","background-media":"","overlay-type":"","overlay-color":"","overlay-opacity":"","overlay-gradient":""},"tablet":{"background-color":"","background-image":"","background-repeat":"repeat","background-position":"center center","background-size":"auto","background-attachment":"scroll","background-type":"","background-media":"","overlay-type":"","overlay-color":"","overlay-opacity":"","overlay-gradient":""},"mobile":{"background-color":"","background-image":"","background-repeat":"repeat","background-position":"center center","background-size":"auto","background-attachment":"scroll","background-type":"","background-media":"","overlay-type":"","overlay-color":"","overlay-opacity":"","overlay-gradient":""}},"ast-content-background-meta":{"desktop":{"background-color":"var(--ast-global-color-5)","background-image":"","background-repeat":"repeat","background-position":"center center","background-size":"auto","background-attachment":"scroll","background-type":"","background-media":"","overlay-type":"","overlay-color":"","overlay-opacity":"","overlay-gradient":""},"tablet":{"background-color":"var(--ast-global-color-5)","background-image":"","background-repeat":"repeat","background-position":"center center","background-size":"auto","background-attachment":"scroll","background-type":"","background-media":"","overlay-type":"","overlay-color":"","overlay-opacity":"","overlay-gradient":""},"mobile":{"background-color":"var(--ast-global-color-5)","background-image":"","background-repeat":"repeat","background-position":"center center","background-size":"auto","background-attachment":"scroll","background-type":"","background-media":"","overlay-type":"","overlay-color":"","overlay-opacity":"","overlay-gradient":""}}},"product_brand":[],"product_cat":[553],"product_tag":[2744],"class_list":{"0":"post-6989","1":"product","2":"type-product","3":"status-publish","4":"has-post-thumbnail","6":"product_cat-peptide-chong-nhan-va-chong-lao-hoa","7":"product_tag-palmitoyl-tripeptide-38-cas-1447824-23-8-is-a-powerful-anti-wrinkle-peptide-vi","8":"desktop-align-left","9":"tablet-align-left","10":"mobile-align-left","12":"first","13":"instock","14":"shipping-taxable","15":"product-type-simple"},"_links":{"self":[{"href":"https:\/\/puyapeptide.net\/vi\/wp-json\/wp\/v2\/product\/6989","targetHints":{"allow":["GET"]}}],"collection":[{"href":"https:\/\/puyapeptide.net\/vi\/wp-json\/wp\/v2\/product"}],"about":[{"href":"https:\/\/puyapeptide.net\/vi\/wp-json\/wp\/v2\/types\/product"}],"replies":[{"embeddable":true,"href":"https:\/\/puyapeptide.net\/vi\/wp-json\/wp\/v2\/comments?post=6989"}],"wp:featuredmedia":[{"embeddable":true,"href":"https:\/\/puyapeptide.net\/vi\/wp-json\/wp\/v2\/media\/2220"}],"wp:attachment":[{"href":"https:\/\/puyapeptide.net\/vi\/wp-json\/wp\/v2\/media?parent=6989"}],"wp:term":[{"taxonomy":"product_brand","embeddable":true,"href":"https:\/\/puyapeptide.net\/vi\/wp-json\/wp\/v2\/product_brand?post=6989"},{"taxonomy":"product_cat","embeddable":true,"href":"https:\/\/puyapeptide.net\/vi\/wp-json\/wp\/v2\/product_cat?post=6989"},{"taxonomy":"product_tag","embeddable":true,"href":"https:\/\/puyapeptide.net\/vi\/wp-json\/wp\/v2\/product_tag?post=6989"}],"curies":[{"name":"wp","href":"https:\/\/api.w.org\/{rel}","templated":true}]}}