{"id":7026,"date":"2021-12-16T06:39:41","date_gmt":"2021-12-16T11:39:41","guid":{"rendered":"https:\/\/puyapeptide.net\/product\/hexapeptide-9-cleatide-cas-1228371-11-6-no-la-mot-peptide-collagen-rat-on-dinh\/"},"modified":"2021-12-18T02:29:52","modified_gmt":"2021-12-18T07:29:52","slug":"hexapeptide-9-cleatide-cas-1228371-11-6-no-la-mot-peptide-collagen-rat-on-dinh","status":"publish","type":"product","link":"https:\/\/puyapeptide.net\/vi\/product\/hexapeptide-9-cleatide-cas-1228371-11-6-no-la-mot-peptide-collagen-rat-on-dinh\/","title":{"rendered":"Hexapeptide-9 \/ Cleatide CAS 1228371-11-6 N\u00f3 l\u00e0 m\u1ed9t peptide collagen r\u1ea5t \u1ed5n \u0111\u1ecbnh"},"content":{"rendered":"<h2><strong>Hexapeptide-9 \/ Cleatide CAS 1228371-11-6 N\u00f3 l\u00e0 m\u1ed9t peptide collagen r\u1ea5t \u1ed5n \u0111\u1ecbnh<\/strong><\/h2>\n<p> T\u00ean s\u1ea3n ph\u1ea9m: Hexapeptide 9<br \/>\n T\u1eeb \u0111\u1ed3ng ngh\u0129a: Collaxyl; Hexapeptide 9; Collaxyl III \/ Hexapeptide-9; Hexapeptide-9 \/ collaxyl; Hexapeptide-9 (Cleatide); Hexapeptide 9 fandachem; Hexapeptide 9 d\u1ea1ng b\u1ed9t; Hexapeptide 9 USP \/ EP \/ BP<br \/>\n CAS: 1228371-11-6<br \/>\n MF:<br \/>\n MW: 0<br \/>\n EINECS:<br \/>\n Danh m\u1ee5c s\u1ea3n ph\u1ea9m:<br \/>\n Mol File: Mol File <\/p>\n<p> Hexapeptide -9 l\u00e0 m\u1ed9t peptide n\u00f3i chung bu\u1ed9c da t\u1ef1 ch\u1eefa l\u00e0nh. N\u00f3 \u0111\u00f3ng vai tr\u00f2 l\u00e0 ch\u1ea5t truy\u1ec1n tin nhanh ch\u00f3ng k\u00edch ho\u1ea1t da t\u00e1i t\u1ea1o c\u00e1c t\u1ebf b\u00e0o b\u1ecb t\u1ed5n th\u01b0\u01a1ng.<br \/>\n \u0110\u00e3 c\u00f3 m\u1ed9t th\u1eed nghi\u1ec7m \u0111\u01b0\u1ee3c th\u1ef1c hi\u1ec7n b\u1edfi c\u00e1c nh\u00e0 s\u1ea3n xu\u1ea5t Hexapeptide-9 tr\u00ean m\u1ed9t m\u1ea3nh da CH\u1ebeT. Ch\u00fang l\u00e0m r\u00e1ch da, \u0111\u1ec3 m\u00f4 ph\u1ecfng nh\u1eefng t\u1ed5n th\u01b0\u01a1ng g\u00e2y ra cho c\u00e1c t\u1ebf b\u00e0o trong qu\u00e1 tr\u00ecnh ch\u1ea5n th\u01b0\u01a1ng nh\u01b0 n\u1ed5i m\u1ee5n nhi\u1ec1u l\u1ea7n.<br \/>\n C\u00e1c nh\u00e0 khoa h\u1ecdc \u0111\u00e3 thoa Hexapeptide-9 1 l\u1ea7n, v\u00e0 l\u01b0u l\u1ea1i tr\u00ean da ch\u1ebft trong 72 gi\u1edd. \u0110\u00e2y l\u00e0 h\u00ecnh \u1ea3nh t\u1eeb th\u00ed nghi\u1ec7m, khi \u0111\u01b0\u1ee3c nh\u00ecn th\u1ea5y qua k\u00ednh hi\u1ec3n vi. H\u00e3y nh\u1edb r\u1eb1ng \u0111i\u1ec1u n\u00e0y l\u00e0 tr\u00ean da ch\u1ebft, v\u00ec v\u1eady h\u00e3y t\u01b0\u1edfng t\u01b0\u1ee3ng n\u00f3 c\u00f3 th\u1ec3 ho\u1ea1t \u0111\u1ed9ng t\u1ed1t tr\u00ean da s\u1ed1ng. <\/p>\n<p> Hexapeptide-9 c\u00f3 th\u1ec3 bao g\u1ed3m s\u00e1u axit amin v\u00e0 l\u00e0 m\u1ed9t peptide collagen r\u1ea5t \u1ed5n \u0111\u1ecbnh. C\u1ea5u tr\u00fac c\u1ee7a peptide n\u00e0y c\u00f3 trong c\u1ea5u tr\u00fac c\u1ee7a c\u1ea3 collagen IV v\u00e0 XII (hai collagens m\u00e0ng \u0111\u00e1y quan tr\u1ecdng) trong c\u01a1 th\u1ec3 con ng\u01b0\u1eddi. Hexapeptide-9Chemicalbook th\u1ec3 hi\u1ec7n hi\u1ec7u qu\u1ea3 s\u1eeda ch\u1eefa ch\u1ed1ng n\u1ebfp nh\u0103n to\u00e0n di\u1ec7n v\u00e0 \u0111\u00e1ng k\u1ec3 do c\u1ea5u tr\u00fac n\u00e0y, v\u00e0 c\u00f3 t\u00e1c d\u1ee5ng r\u1ea5t \u0111\u1eb7c bi\u1ec7t trong vi\u1ec7c s\u1eeda ch\u1eefa c\u00e1c v\u1ebft m\u1ee5n. Ngo\u00e0i ra, hexapeptide-9 c\u00f2n c\u00f3 t\u00e1c d\u1ee5ng th\u1ea9m m\u1ef9 \u0111\u00e1ng k\u1ec3 trong vi\u1ec7c x\u00f3a n\u1ebfp nh\u0103n v\u00f9ng m\u1eaft v\u00e0 v\u1ebft ch\u00e2n chim quanh m\u1eaft. <\/p>\n<p> <strong>Ch\u1ee9c n\u0103ng v\u00e0 \u1ee9ng d\u1ee5ng c\u1ee7a Hexapeptide-9 \/ Cleatide CAS 1228371-11-6<\/strong><br \/>\n 1 \u3001 T\u0103ng collagen lo\u1ea1i I<br \/>\n 2 \u3001 T\u0103ng sinh collagen lo\u1ea1i IV<br \/>\n 3 \u3001 T\u0103ng laminin-5<br \/>\n 4 \u3001 T\u0103ng Integrarin<br \/>\n 5 \u3001 Th\u00fac \u0111\u1ea9y s\u1ef1 bi\u1ec7t h\u00f3a v\u00e0 tr\u01b0\u1edfng th\u00e0nh c\u1ee7a t\u1ebf b\u00e0o bi\u1ec3u b\u00ec<br \/>\n 6 \u3001 Th\u00fac \u0111\u1ea9y t\u00e1i t\u1ea1o da &lt;&amp; &gt; 7 \u3001 Gi\u1ea3m n\u1ebfp nh\u0103n <\/p>\n<p> <strong>Hexapeptide-9 \/ Cleatide CAS 1228371-11-6 L\u1ee3i \u00edch<\/strong><br \/>\n 1.Hexapeptide-9 c\u00f3 t\u00e1c d\u1ee5ng gi\u1ea3m n\u1ebfp nh\u0103n \u0111\u00e1ng k\u1ec3.<br \/>\n 2.Hexapeptide-9 c\u00f3 l\u00e0n da Hi\u1ec7u qu\u1ea3 ph\u1ee5c h\u1ed3i. <\/p>\n<p> Khoa h\u1ecdc \u0111\u00e3 ch\u1ee9ng minh r\u1eb1ng peptide c\u00f3 th\u1ec3 gi\u00fap ki\u1ec3m so\u00e1t c\u00e1c n\u1ebfp nh\u0103n tr\u00ean da c\u1ee7a b\u1ea1n v\u00e0 \u0111\u1ea3o ng\u01b0\u1ee3c c\u00e1c d\u1ea5u hi\u1ec7u l\u00e3o h\u00f3a.<br \/>\n Da ng\u01b0\u1eddi bao g\u1ed3m ch\u1ee7 y\u1ebfu l\u00e0 collagen. Collagen l\u00e0 m\u1ed9t lo\u1ea1i protein bao g\u1ed3m c\u00e1c ph\u00e2n \u0111o\u1ea1n d\u00e0i c\u1ee7a c\u00e1c axit amin \u0111\u01b0\u1ee3c s\u1eafp x\u1ebfp gi\u1ed1ng nh\u01b0 m\u1ed9t chu\u1ed7i. Collagen cung c\u1ea5p n\u1ec1n t\u1ea3ng v\u00e0 \u0111\u1ed9 d\u00e0y cho da.<br \/>\n Ph\u1ee5 n\u1eef d\u01b0\u1edbi 30 tu\u1ed5i c\u00f3 l\u01b0\u1ee3ng collagen d\u1ed3i d\u00e0o, mang l\u1ea1i l\u00e0n da c\u0103ng m\u1ecbn.<br \/>\n Ph\u1ea7n c\u00f2n l\u1ea1i c\u1ee7a ch\u00fang ta c\u00f3 \u00edt collagen h\u01a1n &#8211; da c\u00f3 xu h\u01b0\u1edbng m\u1ecfng h\u01a1n, \u0111\u1ec3 l\u1ed9 nhi\u1ec1u n\u1ebfp nh\u0103n h\u01a1n. &lt;&amp; \u25ba Khi collagen b\u1ecb ph\u00e1 v\u1ee1, c\u00e1c \u0111o\u1ea1n ng\u1eafn c\u1ee7a axit amin \u0111\u01b0\u1ee3c h\u00ecnh th\u00e0nh. \u0110\u00e2y l\u00e0 nh\u1eefng protein nh\u1ecf v\u00e0 c\u00e1c ph\u00e2n t\u1eed ho\u1ea1t \u0111\u1ed9ng \u0111\u01b0\u1ee3c g\u1ecdi l\u00e0 peptit. Peptide trong ch\u0103m s\u00f3c da c\u00f3 th\u1ec3 mang l\u1ea1i l\u1ee3i \u00edch ch\u1ed1ng l\u00e3o h\u00f3a \u0111\u00e1ng k\u1ec3.<\/p>\n","protected":false},"excerpt":{"rendered":"<p>T\u00ean s\u1ea3n ph\u1ea9m: Hexapeptide 9<br \/>\n CAS: 1228371-11-6<br \/>\n Mol T\u1ec7p: Mol File<\/p>\n","protected":false},"featured_media":2115,"comment_status":"open","ping_status":"closed","template":"","meta":{"om_disable_all_campaigns":false,"_monsterinsights_skip_tracking":false,"_monsterinsights_sitenote_active":false,"_monsterinsights_sitenote_note":"","_monsterinsights_sitenote_category":0,"site-sidebar-layout":"default","site-content-layout":"default","ast-site-content-layout":"default","site-content-style":"default","site-sidebar-style":"default","ast-global-header-display":"","ast-banner-title-visibility":"","ast-main-header-display":"","ast-hfb-above-header-display":"","ast-hfb-below-header-display":"","ast-hfb-mobile-header-display":"","site-post-title":"","ast-breadcrumbs-content":"","ast-featured-img":"","footer-sml-layout":"","ast-disable-related-posts":"","theme-transparent-header-meta":"default","adv-header-id-meta":"","stick-header-meta":"","header-above-stick-meta":"","header-main-stick-meta":"","header-below-stick-meta":"","astra-migrate-meta-layouts":"default","ast-page-background-enabled":"default","ast-page-background-meta":{"desktop":{"background-color":"","background-image":"","background-repeat":"repeat","background-position":"center center","background-size":"auto","background-attachment":"scroll","background-type":"","background-media":"","overlay-type":"","overlay-color":"","overlay-opacity":"","overlay-gradient":""},"tablet":{"background-color":"","background-image":"","background-repeat":"repeat","background-position":"center center","background-size":"auto","background-attachment":"scroll","background-type":"","background-media":"","overlay-type":"","overlay-color":"","overlay-opacity":"","overlay-gradient":""},"mobile":{"background-color":"","background-image":"","background-repeat":"repeat","background-position":"center center","background-size":"auto","background-attachment":"scroll","background-type":"","background-media":"","overlay-type":"","overlay-color":"","overlay-opacity":"","overlay-gradient":""}},"ast-content-background-meta":{"desktop":{"background-color":"var(--ast-global-color-5)","background-image":"","background-repeat":"repeat","background-position":"center center","background-size":"auto","background-attachment":"scroll","background-type":"","background-media":"","overlay-type":"","overlay-color":"","overlay-opacity":"","overlay-gradient":""},"tablet":{"background-color":"var(--ast-global-color-5)","background-image":"","background-repeat":"repeat","background-position":"center center","background-size":"auto","background-attachment":"scroll","background-type":"","background-media":"","overlay-type":"","overlay-color":"","overlay-opacity":"","overlay-gradient":""},"mobile":{"background-color":"var(--ast-global-color-5)","background-image":"","background-repeat":"repeat","background-position":"center center","background-size":"auto","background-attachment":"scroll","background-type":"","background-media":"","overlay-type":"","overlay-color":"","overlay-opacity":"","overlay-gradient":""}}},"product_brand":[],"product_cat":[],"product_tag":[2731],"class_list":{"0":"post-7026","1":"product","2":"type-product","3":"status-publish","4":"has-post-thumbnail","6":"product_tag-hexapeptide-9-cleatide-cas-1228371-11-6-it-is-a-very-stable-collagen-peptide-vi","7":"desktop-align-left","8":"tablet-align-left","9":"mobile-align-left","11":"first","12":"instock","13":"shipping-taxable","14":"product-type-simple"},"_links":{"self":[{"href":"https:\/\/puyapeptide.net\/vi\/wp-json\/wp\/v2\/product\/7026","targetHints":{"allow":["GET"]}}],"collection":[{"href":"https:\/\/puyapeptide.net\/vi\/wp-json\/wp\/v2\/product"}],"about":[{"href":"https:\/\/puyapeptide.net\/vi\/wp-json\/wp\/v2\/types\/product"}],"replies":[{"embeddable":true,"href":"https:\/\/puyapeptide.net\/vi\/wp-json\/wp\/v2\/comments?post=7026"}],"wp:featuredmedia":[{"embeddable":true,"href":"https:\/\/puyapeptide.net\/vi\/wp-json\/wp\/v2\/media\/2115"}],"wp:attachment":[{"href":"https:\/\/puyapeptide.net\/vi\/wp-json\/wp\/v2\/media?parent=7026"}],"wp:term":[{"taxonomy":"product_brand","embeddable":true,"href":"https:\/\/puyapeptide.net\/vi\/wp-json\/wp\/v2\/product_brand?post=7026"},{"taxonomy":"product_cat","embeddable":true,"href":"https:\/\/puyapeptide.net\/vi\/wp-json\/wp\/v2\/product_cat?post=7026"},{"taxonomy":"product_tag","embeddable":true,"href":"https:\/\/puyapeptide.net\/vi\/wp-json\/wp\/v2\/product_tag?post=7026"}],"curies":[{"name":"wp","href":"https:\/\/api.w.org\/{rel}","templated":true}]}}