{"id":7090,"date":"2021-12-16T06:43:01","date_gmt":"2021-12-16T11:43:01","guid":{"rendered":"https:\/\/puyapeptide.net\/product\/puya-supply-acetyl-pentapeptide-1-co-the-cai-thien-protein-collagen-va-protein-elastin\/"},"modified":"2021-12-16T06:43:01","modified_gmt":"2021-12-16T11:43:01","slug":"puya-supply-acetyl-pentapeptide-1-co-the-cai-thien-protein-collagen-va-protein-elastin","status":"publish","type":"product","link":"https:\/\/puyapeptide.net\/vi\/product\/puya-supply-acetyl-pentapeptide-1-co-the-cai-thien-protein-collagen-va-protein-elastin\/","title":{"rendered":"Puya Supply Acetyl Pentapeptide-1 c\u00f3 th\u1ec3 c\u1ea3i thi\u1ec7n protein collagen v\u00e0 protein elastin"},"content":{"rendered":"<h2><strong>Puya Supply Acetyl Pentapeptide-1 c\u00f3 th\u1ec3 c\u1ea3i thi\u1ec7n protein collagen v\u00e0 protein elastin<\/strong><\/h2>\n<p> T\u00ean s\u1ea3n ph\u1ea9m: Acetyl Pentapeptide-1<br \/>\n Ph\u00e2n t\u1eed: 720<br \/>\n H\u00ecnh th\u1ee9c: b\u1ed9t m\u00e0u tr\u1eafng ho\u1eb7c tr\u1eafng<br \/>\n COA v\u00e0 MSDS: c\u00f3 s\u1eb5n \u0111\u1ec3 b\u1ea1n tham kh\u1ea3o<br \/>\n \u0110\u1ed9 tinh khi\u1ebft: 95%<br \/>\n L\u1edbp: m\u1ef9 ph\u1ea9m<br \/>\n Ngu\u1ed3n: t\u1ed5ng h\u1ee3p<br \/>\n C\u00f4ng su\u1ea5t: 300g m\u1ed7i th\u00e1ng<br \/>\n D\u1ea1ng: b\u1ed9t tr\u1eafng <\/p>\n<p> Acetyl pentapeptide-1 l\u00e0 m\u1ed9t th\u00e0nh ph\u1ea7n l\u00fd t\u01b0\u1edfng \u0111\u1ec3 c\u1ea3i thi\u1ec7n \u0111\u1ed9 s\u0103n ch\u1eafc c\u1ee7a da b\u1eb1ng c\u00e1ch t\u0103ng c\u01b0\u1eddng c\u00e1c y\u1ebfu t\u1ed1 t\u1ef1 nhi\u00ean qu\u1ea3n l\u00fd \u0111\u1ec3 duy tr\u00ec c\u00e1c \u0111\u1eb7c t\u00ednh n\u00e0y trong da, bao g\u1ed3m elastin v\u00e0 collagen. Do \u0111\u00f3, n\u00f3 c\u00f3 th\u1ec3 \u0111\u01b0\u1ee3c k\u1ebft h\u1ee3p trong c\u00e1c c\u00f4ng th\u1ee9c l\u00e0m s\u0103n ch\u1eafc v\u00e0 ch\u1ed1ng l\u00e3o h\u00f3a cho c\u1ea3 ch\u0103m s\u00f3c da m\u1eb7t v\u00e0 c\u01a1 th\u1ec3, n\u01a1i m\u00e0 s\u1ef1 li\u00ean k\u1ebft v\u00e0 kh\u1ea3 n\u0103ng ph\u1ee5c h\u1ed3i c\u1ee7a da mu\u1ed1n \u0111\u01b0\u1ee3c t\u0103ng l\u00ean \u0111\u1ec3 gi\u1ea3m thi\u1ec3u t\u00ecnh tr\u1ea1ng ch\u1ea3y x\u1ec7 v\u00e0 nh\u0103n nheo. H\u01a1n n\u1eefa, n\u00f3 c\u0169ng s\u1ebd h\u1eefu \u00edch khi b\u1ed5 sung v\u00e0o c\u00e1c c\u00f4ng th\u1ee9c gi\u1ea3m b\u00e9o \u0111\u1ec3 tr\u00e1nh t\u00ecnh tr\u1ea1ng da d\u1ebb sau khi gi\u1ea3m c\u00e2n. <\/p>\n<p> <strong>Ch\u1ee9c n\u0103ng c\u1ee7a Acetyl Pentapeptide-1<\/strong><br \/>\n Th\u00fac \u0111\u1ea9y s\u1ea3n xu\u1ea5t collagen, ph\u1ee5c h\u1ed3i da h\u01b0 t\u1ed5n, ch\u1ed1ng l\u00e3o h\u00f3a, c\u1ea3i thi\u1ec7n l\u00e0n da \u0111\u1ed9 \u0111\u00e0n h\u1ed3i, t\u0103ng c\u01b0\u1eddng s\u1ee9c s\u1ed1ng cho da.<br \/>\n 1. C\u1ea3i thi\u1ec7n t\u1ed5ng h\u1ee3p protein collagen v\u00e0 protein elastin, ch\u1ed1ng nh\u0103n;<br \/>\n 2. Gi\u00fap da d\u00e0y v\u00e0 s\u0103n ch\u1eafc, l\u00e0m cho da s\u0103n ch\u1eafc. <\/p>\n<p> <strong>C\u00f4ng d\u1ee5ng c\u1ee7a Acetyl Pentapeptide- 1<\/strong><br \/>\n Acetyl Pentapeptide-1 c\u00f3 th\u1ec3 c\u1ea3i thi\u1ec7n t\u1ed5ng h\u1ee3p protein collagen v\u00e0 protein elastin<br \/>\n, ch\u1ed1ng n\u1ebfp nh\u0103n; N\u00f3 gi\u00fap da d\u00e0y v\u00e0 s\u0103n ch\u1eafc, l\u00e0m cho da s\u0103n ch\u1eafc.<\/p>\n","protected":false},"excerpt":{"rendered":"<p>T\u00ean s\u1ea3n ph\u1ea9m: Acetyl Pentapeptide-1<br \/>\n Ph\u00e2n t\u1eed: 720<br \/>\n H\u00ecnh th\u1ee9c: b\u1ed9t m\u00e0u tr\u1eafng ho\u1eb7c tr\u1eafng nh\u1ea1t<br \/>\n \u0110\u1ed9 tinh khi\u1ebft: 95%<br \/>\n Lo\u1ea1i: m\u1ef9 ph\u1ea9m<br \/>\n Ngu\u1ed3n: t\u1ed5ng h\u1ee3p<br \/>\n H\u00ecnh th\u1ee9c: b\u1ed9t m\u00e0u tr\u1eafng<\/p>\n","protected":false},"featured_media":2136,"comment_status":"open","ping_status":"closed","template":"","meta":{"om_disable_all_campaigns":false,"_monsterinsights_skip_tracking":false,"_monsterinsights_sitenote_active":false,"_monsterinsights_sitenote_note":"","_monsterinsights_sitenote_category":0,"site-sidebar-layout":"default","site-content-layout":"default","ast-site-content-layout":"default","site-content-style":"default","site-sidebar-style":"default","ast-global-header-display":"","ast-banner-title-visibility":"","ast-main-header-display":"","ast-hfb-above-header-display":"","ast-hfb-below-header-display":"","ast-hfb-mobile-header-display":"","site-post-title":"","ast-breadcrumbs-content":"","ast-featured-img":"","footer-sml-layout":"","ast-disable-related-posts":"","theme-transparent-header-meta":"default","adv-header-id-meta":"","stick-header-meta":"","header-above-stick-meta":"","header-main-stick-meta":"","header-below-stick-meta":"","astra-migrate-meta-layouts":"default","ast-page-background-enabled":"default","ast-page-background-meta":{"desktop":{"background-color":"","background-image":"","background-repeat":"repeat","background-position":"center center","background-size":"auto","background-attachment":"scroll","background-type":"","background-media":"","overlay-type":"","overlay-color":"","overlay-opacity":"","overlay-gradient":""},"tablet":{"background-color":"","background-image":"","background-repeat":"repeat","background-position":"center center","background-size":"auto","background-attachment":"scroll","background-type":"","background-media":"","overlay-type":"","overlay-color":"","overlay-opacity":"","overlay-gradient":""},"mobile":{"background-color":"","background-image":"","background-repeat":"repeat","background-position":"center center","background-size":"auto","background-attachment":"scroll","background-type":"","background-media":"","overlay-type":"","overlay-color":"","overlay-opacity":"","overlay-gradient":""}},"ast-content-background-meta":{"desktop":{"background-color":"var(--ast-global-color-5)","background-image":"","background-repeat":"repeat","background-position":"center center","background-size":"auto","background-attachment":"scroll","background-type":"","background-media":"","overlay-type":"","overlay-color":"","overlay-opacity":"","overlay-gradient":""},"tablet":{"background-color":"var(--ast-global-color-5)","background-image":"","background-repeat":"repeat","background-position":"center center","background-size":"auto","background-attachment":"scroll","background-type":"","background-media":"","overlay-type":"","overlay-color":"","overlay-opacity":"","overlay-gradient":""},"mobile":{"background-color":"var(--ast-global-color-5)","background-image":"","background-repeat":"repeat","background-position":"center center","background-size":"auto","background-attachment":"scroll","background-type":"","background-media":"","overlay-type":"","overlay-color":"","overlay-opacity":"","overlay-gradient":""}}},"product_brand":[],"product_cat":[553],"product_tag":[2685],"class_list":{"0":"post-7090","1":"product","2":"type-product","3":"status-publish","4":"has-post-thumbnail","6":"product_cat-peptide-chong-nhan-va-chong-lao-hoa","7":"product_tag-puya-supply-acetyl-pentapeptide-1-can-improve-collagen-protein-and-elastin-protein-vi","8":"desktop-align-left","9":"tablet-align-left","10":"mobile-align-left","12":"first","13":"instock","14":"shipping-taxable","15":"product-type-simple"},"_links":{"self":[{"href":"https:\/\/puyapeptide.net\/vi\/wp-json\/wp\/v2\/product\/7090","targetHints":{"allow":["GET"]}}],"collection":[{"href":"https:\/\/puyapeptide.net\/vi\/wp-json\/wp\/v2\/product"}],"about":[{"href":"https:\/\/puyapeptide.net\/vi\/wp-json\/wp\/v2\/types\/product"}],"replies":[{"embeddable":true,"href":"https:\/\/puyapeptide.net\/vi\/wp-json\/wp\/v2\/comments?post=7090"}],"wp:featuredmedia":[{"embeddable":true,"href":"https:\/\/puyapeptide.net\/vi\/wp-json\/wp\/v2\/media\/2136"}],"wp:attachment":[{"href":"https:\/\/puyapeptide.net\/vi\/wp-json\/wp\/v2\/media?parent=7090"}],"wp:term":[{"taxonomy":"product_brand","embeddable":true,"href":"https:\/\/puyapeptide.net\/vi\/wp-json\/wp\/v2\/product_brand?post=7090"},{"taxonomy":"product_cat","embeddable":true,"href":"https:\/\/puyapeptide.net\/vi\/wp-json\/wp\/v2\/product_cat?post=7090"},{"taxonomy":"product_tag","embeddable":true,"href":"https:\/\/puyapeptide.net\/vi\/wp-json\/wp\/v2\/product_tag?post=7090"}],"curies":[{"name":"wp","href":"https:\/\/api.w.org\/{rel}","templated":true}]}}