{"id":7158,"date":"2021-12-16T06:50:50","date_gmt":"2021-12-16T11:50:50","guid":{"rendered":"https:\/\/puyapeptide.net\/product\/pentapeptide-18-leuphasyl-cas-64963-01-5-chong-nep-nhan-va-lam-min-da\/"},"modified":"2021-12-16T06:50:50","modified_gmt":"2021-12-16T11:50:50","slug":"pentapeptide-18-leuphasyl-cas-64963-01-5-chong-nep-nhan-va-lam-min-da","status":"publish","type":"product","link":"https:\/\/puyapeptide.net\/vi\/product\/pentapeptide-18-leuphasyl-cas-64963-01-5-chong-nep-nhan-va-lam-min-da\/","title":{"rendered":"Pentapeptide-18 \/ Leuphasyl CAS 64963-01-5 Ch\u1ed1ng n\u1ebfp nh\u0103n v\u00e0 L\u00e0m m\u1ecbn da"},"content":{"rendered":"<h2><strong>Pentapeptide-18 \/ Leuphasyl CAS 64963-01-5 Ch\u1ed1ng n\u1ebfp nh\u0103n v\u00e0 L\u00e0m m\u1ecbn da<\/strong><\/h2>\n<p> T\u00ean s\u1ea3n ph\u1ea9m: TYR-D-ALA-GLY-PHE-LEU \/ Pentapeptide-18 \/ Leuphasyl<br \/>\n T\u1eeb \u0111\u1ed3ng ngh\u0129a: H-TYR-D-ALA-GLY-PHE-LEU-OH; (D-ALA2) &#8211; LEU-ENKEPHALIN; D-ALA2-LEU5-ENKEPHALIN; [D-ALA2] -LEUCINE ENKEPHALIN; TYR-D-ALA-GLY-PHE-LEU; N- [N- [N- (NL-tyrosyl-D-alanyl) glycyl] -L-phenylalanyl] -L-leucine; (D-alanine2) leucine enkephalin; L-Tyr-D-Ala-Gly-L-Phe-L-Leu-OH<br \/>\n CAS: 64963-01-5 &lt; &amp;&gt; MF: C29H39N5O7<br \/>\n MW: 569,65<br \/>\n EINECS: 265-291-0<br \/>\n Danh m\u1ee5c s\u1ea3n ph\u1ea9m:<br \/>\n Mol File: 64963-01-5.mol <\/p>\n<p> Leuphasyl l\u00e0 m\u1ed9t trong nh\u1eefng peptide, m\u1ed9t ch\u1ea5t ch\u1ee7 v\u1eadn opioid delta, l\u00e0 m\u1ed9t ch\u1ea5t t\u01b0\u01a1ng t\u1ef1 Leu-enkephalin t\u00e1c d\u1ee5ng k\u00e9o d\u00e0i kh\u00e1ng tho\u00e1i h\u00f3a \u0111\u01b0\u1ee3c s\u1eed d\u1ee5ng \u0111\u1ec3 nghi\u00ean c\u1ee9u con \u0111\u01b0\u1eddng t\u00edn hi\u1ec7u c\u1ee7a c\u00e1c th\u1ee5 th\u1ec3 opioid delta. N\u00f3 nh\u1eafm m\u1ee5c ti\u00eau trong \u1ed1ng nghi\u1ec7m c\u01a1 ch\u1ebf h\u00ecnh th\u00e0nh n\u1ebfp nh\u0103n c\u1ee7a c\u00e1c n\u1ebfp nh\u0103n bi\u1ec3u hi\u1ec7n theo m\u1ed9t c\u00e1ch m\u1edbi, cung c\u1ea5p m\u1ed9t gi\u1ea3i ph\u00e1p thay th\u1ebf cho c\u00e1c peptide nh\u01b0 Acetyl Hexapeptide-3. N\u00f3 l\u00e0 m\u1ed9t ch\u1ea5t t\u01b0\u01a1ng t\u1ef1 Leu-enkephalin m\u1ea1nh, t\u00e1c d\u1ee5ng k\u00e9o d\u00e0i, c\u00f3 kh\u1ea3 n\u0103ng ch\u1ed1ng l\u1ea1i s\u1ef1 ph\u00e2n h\u1ee7y c\u1ee7a enzym. N\u00f3 c\u00f3 th\u1ec3 \u0111\u01b0\u1ee3c k\u1ebft h\u1ee3p trong c\u00e1c c\u00f4ng th\u1ee9c m\u1ef9 ph\u1ea9m nh\u01b0 nh\u0169 t\u01b0\u01a1ng, gel v\u00e0 s\u00e1p \u0111\u1ec3 lo\u1ea1i b\u1ecf c\u00e1c n\u1ebfp nh\u0103n s\u00e2u ho\u1eb7c n\u1ebfp nh\u0103n \u1edf tr\u00e1n ho\u1eb7c quanh m\u1eaft. <\/p>\n<p> <strong>TYR-D-ALA-GLY-PHE-LEU \/ Pentapeptide-18 \/ Leuphasyl T\u00ednh ch\u1ea5t h\u00f3a h\u1ecdc<\/strong><br \/>\n \u0110i\u1ec3m n\u00f3ng ch\u1ea3y 160-163,5 \u00b0 C<br \/>\n \u0110i\u1ec3m s\u00f4i 991,9 \u00b1 65,0 \u00b0 C (D\u1ef1 \u0111o\u00e1n)<br \/>\n m\u1eadt \u0111\u1ed9 1,257 \u00b1 0,06 g \/ cm3 (D\u1ef1 \u0111o\u00e1n)<br \/>\n nhi\u1ec7t \u0111\u1ed9 b\u1ea3o qu\u1ea3n. \u0110\u1ec3 n\u01a1i t\u1ed1i, N\u01a1i kh\u00f4 r\u00e1o ni\u00eam phong, B\u1ea3o qu\u1ea3n trong t\u1ee7 \u0111\u00f4ng, d\u01b0\u1edbi -20 \u00b0 C<br \/>\n pka 3,40 \u00b1 0,10 (D\u1ef1 \u0111o\u00e1n)<br \/>\n InChIKey ZHUJMSMQIPIPTF-JMBSJVKXSA-N <\/p>\n<p> <strong>Pentapeptide 18 \/ L\u1ee3i \u00edch Leuphasyl<\/strong> &lt;&amp; &gt; Pentapeptide-18 l\u00e0m gi\u1ea3m \u0111\u1ed9 s\u00e2u c\u1ee7a c\u00e1c n\u1ebfp nh\u0103n tr\u00ean khu\u00f4n m\u1eb7t do s\u1ef1 co l\u1ea1i c\u1ee7a c\u00e1c c\u01a1 bi\u1ec3u hi\u1ec7n tr\u00ean khu\u00f4n m\u1eb7t, \u0111\u1eb7c bi\u1ec7t l\u00e0 \u1edf tr\u00e1n v\u00e0 quanh m\u1eaft. N\u00f3 nh\u1eafm m\u1ee5c ti\u00eau trong \u1ed1ng nghi\u1ec7m c\u01a1 ch\u1ebf h\u00ecnh th\u00e0nh n\u1ebfp nh\u0103n c\u1ee7a c\u00e1c n\u1ebfp nh\u0103n bi\u1ec3u hi\u1ec7n theo m\u1ed9t c\u00e1ch m\u1edbi, cung c\u1ea5p m\u1ed9t gi\u1ea3i ph\u00e1p thay th\u1ebf cho c\u00e1c peptide nh\u01b0 Acetyl Hexapeptide-3. N\u00f3 c\u00f3 th\u1ec3 \u0111\u01b0\u1ee3c k\u1ebft h\u1ee3p trong c\u00e1c c\u00f4ng th\u1ee9c m\u1ef9 ph\u1ea9m nh\u01b0 nh\u0169 t\u01b0\u01a1ng, gel v\u00e0 s\u00e1p. <\/p>\n<p> Pentapeptide-18 l\u00e0 m\u1ed9t neuropeptide b\u1eaft ch\u01b0\u1edbc c\u01a1 ch\u1ebf t\u1ef1 nhi\u00ean c\u1ee7a enkephalins, mang l\u1ea1i k\u1ebft qu\u1ea3 gi\u1ed1ng nh\u01b0 botulinum. N\u00f3 l\u00e0m gi\u1ea3m \u0111\u1ed9 s\u00e2u c\u1ee7a c\u00e1c v\u1ebft r\u1ea1n da v\u00e0 n\u1ebfp nh\u0103n do co c\u01a1. <\/p>\n<p> Pentapeptide-18 \u0111\u00e3 \u0111\u01b0\u1ee3c s\u1eed d\u1ee5ng trong huy\u1ebft thanh ch\u1ed1ng nh\u0103n v\u00f9ng m\u1eaft \u0111\u1ec3 gi\u1ea3m s\u1ef1 xu\u1ea5t hi\u1ec7n c\u1ee7a \u0111\u01b0\u1eddng nh\u0103n v\u00e0 n\u1ebfp nh\u0103n-v\u1ebft ch\u00e2n chim v\u1edbi s\u1ef1 c\u1ea3i thi\u1ec7n \u0111\u00e1ng k\u1ec3 trong da s\u1ea7n s\u00f9i. N\u00f3 c\u00f3 th\u1ec3 ho\u1ea1t \u0111\u1ed9ng hi\u1ec7p \u0111\u1ed3ng v\u1edbi Argirilene v\u00e0 l\u00e0m t\u0103ng nh\u1eefng l\u1ee3i \u00edch \u0111\u00e1ng k\u1ec3.<br \/>\n <strong>Ch\u1ee9c n\u0103ng v\u00e0 \u1ee8ng d\u1ee5ng c\u1ee7a Pentapeptide 18 \/ Leuphasyl<\/strong><br \/>\n 1. C\u1ea3i thi\u1ec7n vi tu\u1ea7n ho\u00e0n c\u1ee7a m\u00e1u.<br \/>\n 2. T\u0103ng c\u01b0\u1eddng l\u01b0u th\u00f4ng m\u00e1u.<br \/>\n 3. Lo\u1ea1i b\u1ecf vi\u00eam .<br \/>\n 4. T\u00fai ch\u01b0\u1eddm v\u00e0 l\u00e0m lo\u00e3ng c\u00e1c n\u1ebfp nh\u0103n v\u00e0 ch\u00e2n b\u00f2 quanh m\u1eaft.<br \/>\n 5.L\u00e0m ch\u1eadm t\u00e1c \u0111\u1ed9ng c\u1ee7a l\u00e3o h\u00f3a s\u1edbm b\u1eb1ng c\u00e1ch c\u1ea3i thi\u1ec7n \u0111\u1ed9 \u0111\u00e0n h\u1ed3i v\u00e0 \u0111\u1ed9 s\u0103n ch\u1eafc c\u1ee7a da.<\/p>\n","protected":false},"excerpt":{"rendered":"<p>T\u00ean s\u1ea3n ph\u1ea9m: TYR-D-ALA-GLY-PHE-LEU \/ Pentapeptide-18 \/ Leuphasyl<br \/>\n CAS: 64963-01-5<br \/>\n MF: C29H39N5O7<br \/>\n MW: 569,65<br \/>\n EINECS: 265-291 -0<br \/>\n Mol T\u1ec7p: 64963-01-5.mol<\/p>\n","protected":false},"featured_media":2136,"comment_status":"open","ping_status":"closed","template":"","meta":{"om_disable_all_campaigns":false,"_monsterinsights_skip_tracking":false,"_monsterinsights_sitenote_active":false,"_monsterinsights_sitenote_note":"","_monsterinsights_sitenote_category":0,"site-sidebar-layout":"default","site-content-layout":"default","ast-site-content-layout":"default","site-content-style":"default","site-sidebar-style":"default","ast-global-header-display":"","ast-banner-title-visibility":"","ast-main-header-display":"","ast-hfb-above-header-display":"","ast-hfb-below-header-display":"","ast-hfb-mobile-header-display":"","site-post-title":"","ast-breadcrumbs-content":"","ast-featured-img":"","footer-sml-layout":"","ast-disable-related-posts":"","theme-transparent-header-meta":"default","adv-header-id-meta":"","stick-header-meta":"","header-above-stick-meta":"","header-main-stick-meta":"","header-below-stick-meta":"","astra-migrate-meta-layouts":"default","ast-page-background-enabled":"default","ast-page-background-meta":{"desktop":{"background-color":"","background-image":"","background-repeat":"repeat","background-position":"center center","background-size":"auto","background-attachment":"scroll","background-type":"","background-media":"","overlay-type":"","overlay-color":"","overlay-opacity":"","overlay-gradient":""},"tablet":{"background-color":"","background-image":"","background-repeat":"repeat","background-position":"center center","background-size":"auto","background-attachment":"scroll","background-type":"","background-media":"","overlay-type":"","overlay-color":"","overlay-opacity":"","overlay-gradient":""},"mobile":{"background-color":"","background-image":"","background-repeat":"repeat","background-position":"center center","background-size":"auto","background-attachment":"scroll","background-type":"","background-media":"","overlay-type":"","overlay-color":"","overlay-opacity":"","overlay-gradient":""}},"ast-content-background-meta":{"desktop":{"background-color":"var(--ast-global-color-5)","background-image":"","background-repeat":"repeat","background-position":"center center","background-size":"auto","background-attachment":"scroll","background-type":"","background-media":"","overlay-type":"","overlay-color":"","overlay-opacity":"","overlay-gradient":""},"tablet":{"background-color":"var(--ast-global-color-5)","background-image":"","background-repeat":"repeat","background-position":"center center","background-size":"auto","background-attachment":"scroll","background-type":"","background-media":"","overlay-type":"","overlay-color":"","overlay-opacity":"","overlay-gradient":""},"mobile":{"background-color":"var(--ast-global-color-5)","background-image":"","background-repeat":"repeat","background-position":"center center","background-size":"auto","background-attachment":"scroll","background-type":"","background-media":"","overlay-type":"","overlay-color":"","overlay-opacity":"","overlay-gradient":""}}},"product_brand":[],"product_cat":[],"product_tag":[2645],"class_list":{"0":"post-7158","1":"product","2":"type-product","3":"status-publish","4":"has-post-thumbnail","6":"product_tag-pentapeptide-18-leuphasyl-cas-64963-01-5-anti-wrinkle-and-smooth-skin-vi","7":"desktop-align-left","8":"tablet-align-left","9":"mobile-align-left","11":"first","12":"instock","13":"shipping-taxable","14":"product-type-simple"},"_links":{"self":[{"href":"https:\/\/puyapeptide.net\/vi\/wp-json\/wp\/v2\/product\/7158","targetHints":{"allow":["GET"]}}],"collection":[{"href":"https:\/\/puyapeptide.net\/vi\/wp-json\/wp\/v2\/product"}],"about":[{"href":"https:\/\/puyapeptide.net\/vi\/wp-json\/wp\/v2\/types\/product"}],"replies":[{"embeddable":true,"href":"https:\/\/puyapeptide.net\/vi\/wp-json\/wp\/v2\/comments?post=7158"}],"wp:featuredmedia":[{"embeddable":true,"href":"https:\/\/puyapeptide.net\/vi\/wp-json\/wp\/v2\/media\/2136"}],"wp:attachment":[{"href":"https:\/\/puyapeptide.net\/vi\/wp-json\/wp\/v2\/media?parent=7158"}],"wp:term":[{"taxonomy":"product_brand","embeddable":true,"href":"https:\/\/puyapeptide.net\/vi\/wp-json\/wp\/v2\/product_brand?post=7158"},{"taxonomy":"product_cat","embeddable":true,"href":"https:\/\/puyapeptide.net\/vi\/wp-json\/wp\/v2\/product_cat?post=7158"},{"taxonomy":"product_tag","embeddable":true,"href":"https:\/\/puyapeptide.net\/vi\/wp-json\/wp\/v2\/product_tag?post=7158"}],"curies":[{"name":"wp","href":"https:\/\/api.w.org\/{rel}","templated":true}]}}