{"id":7204,"date":"2021-12-16T07:17:11","date_gmt":"2021-12-16T12:17:11","guid":{"rendered":"https:\/\/puyapeptide.net\/product\/argireline-argreline-acetate-cas-616204-22-9-de-xoa-nep-nhan-quanh-tran-hoac-mat\/"},"modified":"2021-12-16T07:17:11","modified_gmt":"2021-12-16T12:17:11","slug":"argireline-argreline-acetate-cas-616204-22-9-de-xoa-nep-nhan-quanh-tran-hoac-mat","status":"publish","type":"product","link":"https:\/\/puyapeptide.net\/vi\/product\/argireline-argreline-acetate-cas-616204-22-9-de-xoa-nep-nhan-quanh-tran-hoac-mat\/","title":{"rendered":"Argireline \/ Argreline Acetate CAS 616204-22-9 \u0111\u1ec3 x\u00f3a n\u1ebfp nh\u0103n quanh tr\u00e1n ho\u1eb7c m\u1eaft"},"content":{"rendered":"<h2><strong>Argireline \/ Argreline Acetate CAS 616204-22-9 \u0111\u1ec3 x\u00f3a n\u1ebfp nh\u0103n quanh tr\u00e1n ho\u1eb7c m\u1eaft<\/strong><\/h2>\n<p> T\u00ean s\u1ea3n ph\u1ea9m: Argireline<br \/>\n Tr\u00ecnh t\u1ef1: N-acetyl-Glu-Glu-Met-Gln-Arg-Arg-NH 2.<br \/>\n T\u1eeb \u0111\u1ed3ng ngh\u0129a: Ac-Glu-Glu-Met-Glu-Arg-Arg- NH2; N-Acetyl-L-alpha-glutamyl-L-alpha-glutamyl-L-methionyl-L-glutaminyl-L-arginyl-L-argininamide; Acetyl Hexapeptide-3 \/ Acetyl Hexapeptide-8; Argireline, Acetyl hexapeptide-3 , BR; Anti-Wrinkle Multi-Peptides; Reproage; Argireline; Argireline acetate Ac-Glu-Glu-Met-Arg-Arg-NH2<br \/>\n CAS: 616204-22-9<br \/>\n MF: C34H60N14O12S<br \/>\n MW: 889<br \/>\n EINECS: 1592732-453-0<br \/>\n Danh m\u1ee5c s\u1ea3n ph\u1ea9m: Peptide<br \/>\n Mol File: 616204-22-9.mol <\/p>\n<p> Argireline \u0111\u01b0\u1ee3c t\u1ea1o th\u00e0nh t\u1eeb c\u00e1c chu\u1ed7i axit amin. C\u00e1c chu\u1ed7i nh\u01b0 v\u1eady c\u00f3 th\u1ec3 \u1ea3nh h\u01b0\u1edfng \u0111\u1ebfn c\u00e1ch c\u00e1c t\u1ebf b\u00e0o c\u1ee7a ch\u00fang ta ho\u1ea1t \u0111\u1ed9ng, v\u00ed d\u1ee5 nh\u01b0 th\u01b0 gi\u00e3n c\u01a1 m\u1eb7t c\u1ee7a ch\u00fang ta. N\u00f3 c\u00f3 ngu\u1ed3n g\u1ed1c t\u1eeb peptide Acetyl hexapeptide-3, m\u1ed9t ch\u1ea5t n\u1ec1n c\u1ee7a \u0111\u1ed9c t\u1ed1 Botulinum, ho\u1eb7c th\u01b0\u1eddng \u0111\u01b0\u1ee3c g\u1ecdi l\u00e0 Botox. <\/p>\n<p> Argirelin Acetate, c\u00f2n \u0111\u01b0\u1ee3c g\u1ecdi l\u00e0 botulinum, l\u00e0 m\u1ed9t oligopeptide m\u00f4 ph\u1ecfng amino \u0111\u1ea7u N-6 axit c\u1ee7a protein SNAP-25. Acirelin l\u00e0 m\u1ed9t trong nh\u1eefng nguy\u00ean li\u1ec7u \u0111\u01b0\u1ee3c s\u1eed d\u1ee5ng ph\u1ed5 bi\u1ebfn cho c\u00e1c lo\u1ea1i m\u1ef9 ph\u1ea9m cao c\u1ea5p. T\u00e1c d\u1ee5ng ch\u00ednh c\u1ee7a n\u00f3 l\u00e0 gi\u1ea3m n\u1ebfp nh\u0103n do co c\u01a1 bi\u1ec3u hi\u1ec7n tr\u00ean khu\u00f4n m\u1eb7t, v\u00e0 c\u00f3 t\u00e1c d\u1ee5ng l\u00fd t\u01b0\u1edfng \u0111\u1ed1i v\u1edbi c\u00e1c n\u1ebfp nh\u0103n tr\u00ean tr\u00e1n ho\u1eb7c quanh m\u1eaft. Acirelin l\u00e0 m\u1ed9t ch\u1ea5t thay th\u1ebf \u0111\u1ed9c t\u1ed1 Chemicalbook cho th\u1ecbt an to\u00e0n h\u01a1n, r\u1ebb h\u01a1n v\u00e0 nh\u1eb9 h\u01a1n. Akirelin c\u1ea1nh tranh v\u1ecb tr\u00ed SNAP-25 trong ph\u1ee9c h\u1ee3p m\u1ee5n n\u01b0\u1edbc, \u1ea3nh h\u01b0\u1edfng \u0111\u1ebfn s\u1ef1 h\u00ecnh th\u00e0nh ph\u1ee9c h\u1ee3p m\u1ee5n n\u01b0\u1edbc, d\u1eabn \u0111\u1ebfn vi\u1ec7c m\u1ee5n n\u01b0\u1edbc kh\u00f4ng th\u1ec3 gi\u1ea3i ph\u00f3ng hi\u1ec7u qu\u1ea3 ch\u1ea5t d\u1eabn truy\u1ec1n th\u1ea7n kinh v\u00e0 l\u00e0m suy y\u1ebfu s\u1ef1 co c\u01a1, do \u0111\u00f3 l\u00e0m th\u01b0 gi\u00e3n c\u01a1 v\u00e0 l\u00e0m d\u1ecbu n\u1ebfp nh\u0103n. N\u00f3 c\u00f3 th\u1ec3 l\u00e0m cho l\u00e0n da tr\u1edf n\u00ean r\u00f5 r\u00e0ng v\u00e0 ho\u00e0n h\u1ea3o, v\u00e0 c\u0169ng c\u00f3 th\u1ec3 th\u00fac \u0111\u1ea9y qu\u00e1 tr\u00ecnh t\u00e1i t\u1ea1o t\u1ebf b\u00e0o \u0111\u1ec3 ph\u1ee5c h\u1ed3i \u0111\u1ed9 m\u1ec1m m\u1ea1i v\u00e0 \u0111\u00e0n h\u1ed3i cho da. Do \u0111\u00f3, n\u00f3 \u0111\u01b0\u1ee3c s\u1eed d\u1ee5ng r\u1ed9ng r\u00e3i trong vi\u1ec7c \u0111i\u1ec1u ch\u1ebf m\u1ef9 ph\u1ea9m v\u00e0 c\u00e1c s\u1ea3n ph\u1ea9m s\u1ee9c kh\u1ecfe. <\/p>\n<p> <strong>Argireline \/ Argreline Acetate CAS 616204-22-9 T\u00ednh ch\u1ea5t h\u00f3a h\u1ecdc<\/strong><br \/>\n m\u1eadt \u0111\u1ed9 1,54<br \/>\n nhi\u1ec7t \u0111\u1ed9 b\u1ea3o qu\u1ea3n. -20 \u00b0 C<br \/>\n t\u1ea1o th\u00e0nh ch\u1ea5t r\u1eafn \u0111\u00f4ng kh\u00f4<br \/>\n pka 4,43 \u00b1 0,10 (D\u1ef1 \u0111o\u00e1n)<br \/>\n m\u00e0u tr\u1eafng<br \/>\n InChIKey RJZNPROJTJSYLC-LLINQDLYSA-N <\/p>\n<p> <strong>Ch\u1ee9c n\u0103ng c\u1ee7a Argireline \/ Argreline Acetate CAS 616204-22 -9<\/strong> <\/p>\n<p> 1. Gi\u1ea3m n\u1ebfp nh\u0103n do s\u1ef1 co l\u1ea1i c\u1ee7a c\u00e1c c\u01a1 bi\u1ec3u c\u1ea3m tr\u00ean khu\u00f4n m\u1eb7t. N\u00f3 c\u00f3 t\u00e1c d\u1ee5ng l\u00fd t\u01b0\u1edfng \u0111\u1ec3 lo\u1ea1i b\u1ecf c\u00e1c n\u1ebfp nh\u0103n tr\u00ean tr\u00e1n ho\u1eb7c quanh m\u1eaft.<br \/>\n 2. Th\u00fac \u0111\u1ea9y s\u1ea3n xu\u1ea5t collagen, gi\u00fap da x\u00e2y d\u1ef1ng l\u1ea1i m\u00f4.<\/p>\n","protected":false},"excerpt":{"rendered":"<p>T\u00ean s\u1ea3n ph\u1ea9m: Argireline<br \/>\n CAS: 616204-22-9<br \/>\n MF: C34H60N14O12S<br \/>\n MW: 889<br \/>\n EINECS: 1592732-453-0<br \/>\n Mol T\u1ec7p: 616204-22-9.mol<\/p>\n","protected":false},"featured_media":2136,"comment_status":"open","ping_status":"closed","template":"","meta":{"om_disable_all_campaigns":false,"_monsterinsights_skip_tracking":false,"_monsterinsights_sitenote_active":false,"_monsterinsights_sitenote_note":"","_monsterinsights_sitenote_category":0,"site-sidebar-layout":"default","site-content-layout":"default","ast-site-content-layout":"default","site-content-style":"default","site-sidebar-style":"default","ast-global-header-display":"","ast-banner-title-visibility":"","ast-main-header-display":"","ast-hfb-above-header-display":"","ast-hfb-below-header-display":"","ast-hfb-mobile-header-display":"","site-post-title":"","ast-breadcrumbs-content":"","ast-featured-img":"","footer-sml-layout":"","ast-disable-related-posts":"","theme-transparent-header-meta":"default","adv-header-id-meta":"","stick-header-meta":"","header-above-stick-meta":"","header-main-stick-meta":"","header-below-stick-meta":"","astra-migrate-meta-layouts":"default","ast-page-background-enabled":"default","ast-page-background-meta":{"desktop":{"background-color":"","background-image":"","background-repeat":"repeat","background-position":"center center","background-size":"auto","background-attachment":"scroll","background-type":"","background-media":"","overlay-type":"","overlay-color":"","overlay-opacity":"","overlay-gradient":""},"tablet":{"background-color":"","background-image":"","background-repeat":"repeat","background-position":"center center","background-size":"auto","background-attachment":"scroll","background-type":"","background-media":"","overlay-type":"","overlay-color":"","overlay-opacity":"","overlay-gradient":""},"mobile":{"background-color":"","background-image":"","background-repeat":"repeat","background-position":"center center","background-size":"auto","background-attachment":"scroll","background-type":"","background-media":"","overlay-type":"","overlay-color":"","overlay-opacity":"","overlay-gradient":""}},"ast-content-background-meta":{"desktop":{"background-color":"var(--ast-global-color-5)","background-image":"","background-repeat":"repeat","background-position":"center center","background-size":"auto","background-attachment":"scroll","background-type":"","background-media":"","overlay-type":"","overlay-color":"","overlay-opacity":"","overlay-gradient":""},"tablet":{"background-color":"var(--ast-global-color-5)","background-image":"","background-repeat":"repeat","background-position":"center center","background-size":"auto","background-attachment":"scroll","background-type":"","background-media":"","overlay-type":"","overlay-color":"","overlay-opacity":"","overlay-gradient":""},"mobile":{"background-color":"var(--ast-global-color-5)","background-image":"","background-repeat":"repeat","background-position":"center center","background-size":"auto","background-attachment":"scroll","background-type":"","background-media":"","overlay-type":"","overlay-color":"","overlay-opacity":"","overlay-gradient":""}}},"product_brand":[],"product_cat":[553],"product_tag":[2567],"class_list":{"0":"post-7204","1":"product","2":"type-product","3":"status-publish","4":"has-post-thumbnail","6":"product_cat-peptide-chong-nhan-va-chong-lao-hoa","7":"product_tag-argireline-argreline-acetate-cas-616204-22-9-for-removing-wrinkles-around-the-forehead-or-eyes-vi","8":"desktop-align-left","9":"tablet-align-left","10":"mobile-align-left","12":"first","13":"instock","14":"shipping-taxable","15":"product-type-simple"},"_links":{"self":[{"href":"https:\/\/puyapeptide.net\/vi\/wp-json\/wp\/v2\/product\/7204","targetHints":{"allow":["GET"]}}],"collection":[{"href":"https:\/\/puyapeptide.net\/vi\/wp-json\/wp\/v2\/product"}],"about":[{"href":"https:\/\/puyapeptide.net\/vi\/wp-json\/wp\/v2\/types\/product"}],"replies":[{"embeddable":true,"href":"https:\/\/puyapeptide.net\/vi\/wp-json\/wp\/v2\/comments?post=7204"}],"wp:featuredmedia":[{"embeddable":true,"href":"https:\/\/puyapeptide.net\/vi\/wp-json\/wp\/v2\/media\/2136"}],"wp:attachment":[{"href":"https:\/\/puyapeptide.net\/vi\/wp-json\/wp\/v2\/media?parent=7204"}],"wp:term":[{"taxonomy":"product_brand","embeddable":true,"href":"https:\/\/puyapeptide.net\/vi\/wp-json\/wp\/v2\/product_brand?post=7204"},{"taxonomy":"product_cat","embeddable":true,"href":"https:\/\/puyapeptide.net\/vi\/wp-json\/wp\/v2\/product_cat?post=7204"},{"taxonomy":"product_tag","embeddable":true,"href":"https:\/\/puyapeptide.net\/vi\/wp-json\/wp\/v2\/product_tag?post=7204"}],"curies":[{"name":"wp","href":"https:\/\/api.w.org\/{rel}","templated":true}]}}