{"id":7208,"date":"2021-12-16T07:17:13","date_gmt":"2021-12-16T12:17:13","guid":{"rendered":"https:\/\/puyapeptide.net\/product\/peptide-dong-ghk-cu-tripeptide-dong-cas-89030-95-5-de-chua-lanh-vet-thuong-va-tai-tao-da\/"},"modified":"2021-12-16T07:17:13","modified_gmt":"2021-12-16T12:17:13","slug":"peptide-dong-ghk-cu-tripeptide-dong-cas-89030-95-5-de-chua-lanh-vet-thuong-va-tai-tao-da","status":"publish","type":"product","link":"https:\/\/puyapeptide.net\/vi\/product\/peptide-dong-ghk-cu-tripeptide-dong-cas-89030-95-5-de-chua-lanh-vet-thuong-va-tai-tao-da\/","title":{"rendered":"Peptide \u0111\u1ed3ng (GHK-Cu) \/ Tripeptide \u0111\u1ed3ng CAS 89030-95-5 \u0111\u1ec3 ch\u1eefa l\u00e0nh v\u1ebft th\u01b0\u01a1ng v\u00e0 t\u00e1i t\u1ea1o da"},"content":{"rendered":"<h2><strong>Peptide \u0111\u1ed3ng (GHK-Cu) \/ Tripeptide \u0111\u1ed3ng CAS 89030-95-5 \u0111\u1ec3 ch\u1eefa l\u00e0nh v\u1ebft th\u01b0\u01a1ng v\u00e0 t\u00e1i t\u1ea1o da<\/strong><\/h2>\n<p> T\u00ean s\u1ea3n ph\u1ea9m: \u0110\u1ed3ng peptit (GHK-Cu) \/ \u0110\u1ed3ng tripeptit \/ [N2- (N-Glycyl-L-histidyl) -L-lysinato (2 -)] \u0111\u1ed3ng<br \/>\n Tr\u00ecnh t\u1ef1: (Cu2 +) H-Glu -His-Lys-OH<br \/>\n T\u1eeb \u0111\u1ed3ng ngh\u0129a: [N2- (N-Glycyl-L-histidyl) -L-lysinato (2 -)] \u0111\u1ed3ng; Ghk-Cu \/ AHK-CU; \u0110\u1ed3ng tripeptit (GHK-Cu); \u0110\u1ed3ng prezatide, [N2- (N-Glycyl-L-histidyl) -L-lysinato (2 -)] \u0111\u1ed3ng; tripeptit \/ GHK-Cu; \u0110\u1ed3ng peptit, GHK-Cu, \u0110\u1ed3ng tripeptit-1; \u0110\u1ed3ng GHK; GHK.CU .HAC<br \/>\n CAS: 89030-95-5<br \/>\n MF: C14H21CuN6O4<br \/>\n MW: 400,91<br \/>\n EINECS:<br \/>\n Danh m\u1ee5c s\u1ea3n ph\u1ea9m: D\u01b0\u1ee3c ph\u1ea9m<br \/>\n Mol T\u1ec7p: 89030-95-5.mol &lt; &amp;&gt;<br \/>\n \u0110\u1ed3ng l\u00e0 m\u1ed9t nguy\u00ean t\u1ed1 vi l\u01b0\u1ee3ng quan tr\u1ecdng \u0111\u01b0\u1ee3c ch\u1ee9ng minh l\u00e0 r\u1ea5t quan tr\u1ecdng trong qu\u00e1 tr\u00ecnh ch\u1eefa l\u00e0nh v\u1ebft th\u01b0\u01a1ng v\u00e0 c\u00e1c qu\u00e1 tr\u00ecnh enzym.Lysyloxidase l\u00e0 m\u1ed9t enzym quan tr\u1ecdng trong s\u1ea3n xu\u1ea5t collagen v\u00e0 elastin v\u00e0 Peptide \u0111\u1ed3ng ph\u1ee5 thu\u1ed9c v\u00e0o ho\u1ea1t \u0111\u1ed9ng c\u1ee7a \u0111\u1ed3ng. Tyrosinase v\u00e0 cytochrome c oxidase c\u0169ng c\u1ea7n c\u00f3 \u0111\u1ed3ng. T\u00e1c \u0111\u1ed9ng c\u00f3 h\u1ea1i c\u1ee7a c\u00e1c g\u1ed1c t\u1ef1 do tr\u00ean da \u0111\u00e3 \u0111\u01b0\u1ee3c l\u00e0m s\u00e1ng t\u1ecf trong nghi\u00ean c\u1ee9u khoa h\u1ecdc c\u01a1 b\u1ea3n v\u1ec1 qu\u00e1 tr\u00ecnh h\u00ecnh \u1ea3nh da. Superoxide dismutase ho\u1ea1t \u0111\u1ed9ng nh\u01b0 m\u1ed9t ch\u1ea5t ch\u1ed1ng oxy h\u00f3a quan tr\u1ecdng v\u00e0 c\u1ea7n \u0111\u1ed3ng nh\u01b0 m\u1ed9t \u0111\u1ed3ng y\u1ebfu t\u1ed1.<br \/>\n B\u1ed9t \u0111\u1ed3ng Peptide GHK t\u1ea1o ph\u1ee9c t\u1ef1 nhi\u00ean v\u1edbi \u0111\u1ed3ng v\u00e0 t\u1ea1o \u0111i\u1ec1u ki\u1ec7n cho c\u00e1c t\u1ebf b\u00e0o h\u1ea5p th\u1ee5 \u0111\u1ed3ng. Tr\u00ecnh t\u1ef1 Peptide \u0111\u1ed3ng \u0111\u01b0\u1ee3c t\u00ecm th\u1ea5y trong c\u00e1c protein c\u1ee7a ch\u1ea5t n\u1ec1n ngo\u1ea1i b\u00e0o nh\u01b0 chu\u1ed7i collagen v\u00e0 Peptide \u0111\u1ed3ng \u0111\u01b0\u1ee3c cho l\u00e0 \u0111\u01b0\u1ee3c gi\u1ea3i ph\u00f3ng trong qu\u00e1 tr\u00ecnh b\u1ecb th\u01b0\u01a1ng v\u00e0 vi\u00eam. <\/p>\n<p> <strong>Ch\u1ee9c n\u0103ng c\u1ee7a Peptide \u0111\u1ed3ng (GHK-Cu) \/ \u0110\u1ed3ng tripeptide CAS 89030-95-5<\/strong><br \/>\n 1. T\u0103ng t\u1ed1c s\u1eeda ch\u1eefa v\u1ebft th\u01b0\u01a1ng<br \/>\n 2. T\u0103ng t\u00e1i bi\u1ec3u m\u00f4 da<br \/>\n 3. T\u00e1c \u0111\u1ed9ng ng\u01b0\u1ee3c l\u1ea1i qu\u00e1 tr\u00ecnh l\u00e3o h\u00f3a tr\u00ean da<br \/>\n 4. l\u00e0m d\u00e0y da, c\u1ea3i thi\u1ec7n \u0111\u1ed9 \u0111\u00e0n h\u1ed3i v\u00e0 t\u0103ng l\u1edbp m\u1ee1 d\u01b0\u1edbi da<br \/>\n 5. C\u1ea3i thi\u1ec7n kh\u1ea3 n\u0103ng c\u1ea5y t\u00f3c th\u00e0nh c\u00f4ng, ng\u0103n ng\u1eeba r\u1ee5ng t\u00f3c<br \/>\n 6. C\u00e1c ch\u1ea5t t\u01b0\u01a1ng t\u1ef1 GHK v\u1edbi c\u00e1c ch\u1ea5t t\u01b0\u01a1ng t\u1ef1 c\u1eb7n b\u00e9o l\u00e0m t\u0103ng k\u00edch th\u01b0\u1edbc nang t\u00f3c, k\u00edch th\u00edch m\u1ecdc t\u00f3c v\u00e0 gi\u1ea3m r\u1ee5ng t\u00f3c<br \/>\n 7. Ch\u1eefa l\u00e0nh ni\u00eam m\u1ea1c ru\u1ed9t b\u1ecb th\u01b0\u01a1ng. K\u00edch ho\u1ea1t protein ch\u1ed1ng oxy h\u00f3a ch\u00ednh c\u1ee7a da &#8211; superoxide dismutase <\/p>\n<p> <strong>\u1ee8ng d\u1ee5ng \u0111i\u1ec3n h\u00ecnh c\u1ee7a Copper peptide (GHK-Cu) \/ Copper tripeptide CAS 89030-95-5<\/strong><br \/>\n \u0110\u1ea3o ng\u01b0\u1ee3c tu\u1ed5i da, t\u00e1i t\u1ea1o da, ch\u1eefa l\u00e0nh kh\u00f4ng s\u1eb9o v\u00e0 lo\u1ea1i b\u1ecf da t\u1ed5n th\u01b0\u01a1ng v\u1edbi \u0111\u1ed9 an to\u00e0n cao. N\u00f3 c\u00f3 th\u1ec3 \u0111\u01b0\u1ee3c s\u1eed d\u1ee5ng \u0111\u1ec3 ch\u1ed1ng nh\u0103n \/ Ph\u1ee5c h\u1ed3i da \/ Ph\u1ee5c h\u1ed3i t\u00f3c<\/p>\n","protected":false},"excerpt":{"rendered":"<p>T\u00ean s\u1ea3n ph\u1ea9m: \u0110\u1ed3ng peptit (GHK-Cu) \/ \u0110\u1ed3ng tripeptit \/ [N2- (N-Glycyl-L-histidyl) -L-lysinato (2 -)] \u0111\u1ed3ng<br \/>\n CAS: 89030-95-5<br \/>\n MF : C14H21CuN6O4<br \/>\n MW: 400,91<br \/>\n Mol T\u1ec7p: 89030-95-5.mol<\/p>\n","protected":false},"featured_media":3879,"comment_status":"open","ping_status":"closed","template":"","meta":{"om_disable_all_campaigns":false,"_monsterinsights_skip_tracking":false,"_monsterinsights_sitenote_active":false,"_monsterinsights_sitenote_note":"","_monsterinsights_sitenote_category":0,"site-sidebar-layout":"default","site-content-layout":"default","ast-site-content-layout":"default","site-content-style":"default","site-sidebar-style":"default","ast-global-header-display":"","ast-banner-title-visibility":"","ast-main-header-display":"","ast-hfb-above-header-display":"","ast-hfb-below-header-display":"","ast-hfb-mobile-header-display":"","site-post-title":"","ast-breadcrumbs-content":"","ast-featured-img":"","footer-sml-layout":"","ast-disable-related-posts":"","theme-transparent-header-meta":"default","adv-header-id-meta":"","stick-header-meta":"","header-above-stick-meta":"","header-main-stick-meta":"","header-below-stick-meta":"","astra-migrate-meta-layouts":"default","ast-page-background-enabled":"default","ast-page-background-meta":{"desktop":{"background-color":"","background-image":"","background-repeat":"repeat","background-position":"center center","background-size":"auto","background-attachment":"scroll","background-type":"","background-media":"","overlay-type":"","overlay-color":"","overlay-opacity":"","overlay-gradient":""},"tablet":{"background-color":"","background-image":"","background-repeat":"repeat","background-position":"center center","background-size":"auto","background-attachment":"scroll","background-type":"","background-media":"","overlay-type":"","overlay-color":"","overlay-opacity":"","overlay-gradient":""},"mobile":{"background-color":"","background-image":"","background-repeat":"repeat","background-position":"center center","background-size":"auto","background-attachment":"scroll","background-type":"","background-media":"","overlay-type":"","overlay-color":"","overlay-opacity":"","overlay-gradient":""}},"ast-content-background-meta":{"desktop":{"background-color":"var(--ast-global-color-5)","background-image":"","background-repeat":"repeat","background-position":"center center","background-size":"auto","background-attachment":"scroll","background-type":"","background-media":"","overlay-type":"","overlay-color":"","overlay-opacity":"","overlay-gradient":""},"tablet":{"background-color":"var(--ast-global-color-5)","background-image":"","background-repeat":"repeat","background-position":"center center","background-size":"auto","background-attachment":"scroll","background-type":"","background-media":"","overlay-type":"","overlay-color":"","overlay-opacity":"","overlay-gradient":""},"mobile":{"background-color":"var(--ast-global-color-5)","background-image":"","background-repeat":"repeat","background-position":"center center","background-size":"auto","background-attachment":"scroll","background-type":"","background-media":"","overlay-type":"","overlay-color":"","overlay-opacity":"","overlay-gradient":""}}},"product_brand":[],"product_cat":[553],"product_tag":[2596],"class_list":{"0":"post-7208","1":"product","2":"type-product","3":"status-publish","4":"has-post-thumbnail","6":"product_cat-peptide-chong-nhan-va-chong-lao-hoa","7":"product_tag-copper-peptide-ghk-cu-copper-tripeptide-cas-89030-95-5-for-wound-healing-and-skin-renewal-vi","8":"desktop-align-left","9":"tablet-align-left","10":"mobile-align-left","12":"first","13":"instock","14":"shipping-taxable","15":"product-type-simple"},"_links":{"self":[{"href":"https:\/\/puyapeptide.net\/vi\/wp-json\/wp\/v2\/product\/7208","targetHints":{"allow":["GET"]}}],"collection":[{"href":"https:\/\/puyapeptide.net\/vi\/wp-json\/wp\/v2\/product"}],"about":[{"href":"https:\/\/puyapeptide.net\/vi\/wp-json\/wp\/v2\/types\/product"}],"replies":[{"embeddable":true,"href":"https:\/\/puyapeptide.net\/vi\/wp-json\/wp\/v2\/comments?post=7208"}],"wp:featuredmedia":[{"embeddable":true,"href":"https:\/\/puyapeptide.net\/vi\/wp-json\/wp\/v2\/media\/3879"}],"wp:attachment":[{"href":"https:\/\/puyapeptide.net\/vi\/wp-json\/wp\/v2\/media?parent=7208"}],"wp:term":[{"taxonomy":"product_brand","embeddable":true,"href":"https:\/\/puyapeptide.net\/vi\/wp-json\/wp\/v2\/product_brand?post=7208"},{"taxonomy":"product_cat","embeddable":true,"href":"https:\/\/puyapeptide.net\/vi\/wp-json\/wp\/v2\/product_cat?post=7208"},{"taxonomy":"product_tag","embeddable":true,"href":"https:\/\/puyapeptide.net\/vi\/wp-json\/wp\/v2\/product_tag?post=7208"}],"curies":[{"name":"wp","href":"https:\/\/api.w.org\/{rel}","templated":true}]}}