{"id":7290,"date":"2021-12-16T07:20:55","date_gmt":"2021-12-16T12:20:55","guid":{"rendered":"https:\/\/puyapeptide.net\/product\/poziotinib-ara290-cibinetide-cas-1208243-50-8-cho-nghien-cuu-trong-phong-thi-nghiem\/"},"modified":"2021-12-16T07:20:55","modified_gmt":"2021-12-16T12:20:55","slug":"poziotinib-ara290-cibinetide-cas-1208243-50-8-cho-nghien-cuu-trong-phong-thi-nghiem","status":"publish","type":"product","link":"https:\/\/puyapeptide.net\/vi\/product\/poziotinib-ara290-cibinetide-cas-1208243-50-8-cho-nghien-cuu-trong-phong-thi-nghiem\/","title":{"rendered":"Poziotinib \/ ARA290 \/ Cibinetide CAS 1208243-50-8 cho nghi\u00ean c\u1ee9u trong ph\u00f2ng th\u00ed nghi\u1ec7m"},"content":{"rendered":"<h2><strong>Poziotinib \/ ARA290 \/ Cibinetide CAS 1208243-50-8 cho nghi\u00ean c\u1ee9u trong ph\u00f2ng th\u00ed nghi\u1ec7m<\/strong><\/h2>\n<p> T\u00ean s\u1ea3n ph\u1ea9m: Poziotinib<br \/>\n Tr\u00ecnh t\u1ef1: Pyr-Glu-Gln-Leu-Glu-Arg-Ala-Leu-Asn-Ser-Ser-OH<br \/>\n T\u1eeb \u0111\u1ed3ng ngh\u0129a: ARA-290 (Cibinetide); ARA290,&gt; 98%; ARA290, Cibinetide,&gt; 98%; ARA290; WZTIQQBMSJTRBR-MUZUOSMHSA-N; ara290 \/ Poziotinib; L-Serine, 5-oxo-L-prolyl-L-\u03b1-glutamyl-L-glutaminyl-L-leucyl-L -\u03b1-glutamyl-L-arginyl-L-alanyl-L-leucyl-L-asparaginyl-L-seryl-; ARA-290 (Cibinetide) axetat<br \/>\n CAS: 1208243-50-8<br \/>\n MF: C51H84N16O21 &lt; &amp;&gt; MW: 1257.31<br \/>\n EINECS:<br \/>\n Danh m\u1ee5c s\u1ea3n ph\u1ea9m:<br \/>\n Mol File: 1208243-50-8.mol <\/p>\n<p> ARA290 l\u00e0 m\u1ed9t peptit bao g\u1ed3m 11 axit amin, trong \u0111\u00f3 N- \u0111\u1ea7u cu\u1ed1i l\u00e0 axit pyroglutamic. ARA290 l\u00e0 m\u1ed9t d\u1eabn xu\u1ea5t EPO, ch\u1ea5t ch\u1ee7 v\u1eadn c\u1ee7a d\u1ecb th\u1ee5 th\u1ec3 erythropoietin \/ CD131, v\u00e0 th\u01b0\u1eddng \u0111\u01b0\u1ee3c s\u1eed d\u1ee5ng trong c\u00e1c th\u1eed nghi\u1ec7m l\u00e2m s\u00e0ng \u0111\u1ec3 \u0111i\u1ec1u tr\u1ecb c\u00e1c b\u1ec7nh th\u1ea7n kinh. nghi\u00ean c\u1ee9u. <\/p>\n<p> <strong>Poziotinib \/ ARA290 \/ Cibinetide CAS 1208243-50-8 T\u00ednh ch\u1ea5t h\u00f3a h\u1ecdc<\/strong><br \/>\n m\u1eadt \u0111\u1ed9 1,56 \u00b1 0,1 g \/ cm3 (D\u1ef1 \u0111o\u00e1n)<br \/>\n pka 2,90 \u00b1 0,10 (D\u1ef1 \u0111o\u00e1n) <\/p>\n<p> <strong>Ch\u1ee9c n\u0103ng v\u00e0 \u1ee8ng d\u1ee5ng c\u1ee7a Poziotinib \/ ARA290 \/ Cibinetide CAS 1208243-50-8<\/strong><br \/>\n Cibinetide l\u00e0 m\u1ed9t peptide t\u1ed5ng h\u1ee3p h\u1ea1ng nh\u1ea5t \u0111\u01b0\u1ee3c thi\u1ebft k\u1ebf \u0111\u1ec3 k\u00edch ho\u1ea1t c\u00e1c c\u01a1 ch\u1ebf s\u1eeda ch\u1eefa b\u1ea9m sinh trong qu\u00e1 tr\u00ecnh t\u1ed5n th\u01b0\u01a1ng m\u00f4 do k\u1ebft qu\u1ea3 c\u1ee7a \u0111\u1ee3t vi\u00eam. N\u00f3 li\u00ean k\u1ebft m\u1ed9t c\u00e1ch c\u00f3 ch\u1ecdn l\u1ecdc v\u1edbi C\u01a1 quan th\u1ee5 c\u1ea3m s\u1eeda ch\u1eefa b\u1ea9m sinh (IRR), k\u00edch ho\u1ea1t c\u00e1c \u0111\u01b0\u1eddng d\u1eabn t\u00edn hi\u1ec7u b\u1ea3o v\u1ec7 m\u00f4, ph\u1ee5c h\u1ed3i v\u00e0 ch\u1ed1ng vi\u00eam.<\/p>\n","protected":false},"excerpt":{"rendered":"<p>T\u00ean s\u1ea3n ph\u1ea9m: Poziotinib<br \/>\n CAS: 1208243-50-8<br \/>\n MF: C51H84N16O21<br \/>\n MW: 1257.31<br \/>\n Mol T\u1ec7p: 1208243-50-8.mol<\/p>\n","protected":false},"featured_media":2115,"comment_status":"open","ping_status":"closed","template":"","meta":{"om_disable_all_campaigns":false,"_monsterinsights_skip_tracking":false,"_monsterinsights_sitenote_active":false,"_monsterinsights_sitenote_note":"","_monsterinsights_sitenote_category":0,"site-sidebar-layout":"default","site-content-layout":"default","ast-site-content-layout":"default","site-content-style":"default","site-sidebar-style":"default","ast-global-header-display":"","ast-banner-title-visibility":"","ast-main-header-display":"","ast-hfb-above-header-display":"","ast-hfb-below-header-display":"","ast-hfb-mobile-header-display":"","site-post-title":"","ast-breadcrumbs-content":"","ast-featured-img":"","footer-sml-layout":"","ast-disable-related-posts":"","theme-transparent-header-meta":"default","adv-header-id-meta":"","stick-header-meta":"","header-above-stick-meta":"","header-main-stick-meta":"","header-below-stick-meta":"","astra-migrate-meta-layouts":"default","ast-page-background-enabled":"default","ast-page-background-meta":{"desktop":{"background-color":"","background-image":"","background-repeat":"repeat","background-position":"center center","background-size":"auto","background-attachment":"scroll","background-type":"","background-media":"","overlay-type":"","overlay-color":"","overlay-opacity":"","overlay-gradient":""},"tablet":{"background-color":"","background-image":"","background-repeat":"repeat","background-position":"center center","background-size":"auto","background-attachment":"scroll","background-type":"","background-media":"","overlay-type":"","overlay-color":"","overlay-opacity":"","overlay-gradient":""},"mobile":{"background-color":"","background-image":"","background-repeat":"repeat","background-position":"center center","background-size":"auto","background-attachment":"scroll","background-type":"","background-media":"","overlay-type":"","overlay-color":"","overlay-opacity":"","overlay-gradient":""}},"ast-content-background-meta":{"desktop":{"background-color":"var(--ast-global-color-5)","background-image":"","background-repeat":"repeat","background-position":"center center","background-size":"auto","background-attachment":"scroll","background-type":"","background-media":"","overlay-type":"","overlay-color":"","overlay-opacity":"","overlay-gradient":""},"tablet":{"background-color":"var(--ast-global-color-5)","background-image":"","background-repeat":"repeat","background-position":"center center","background-size":"auto","background-attachment":"scroll","background-type":"","background-media":"","overlay-type":"","overlay-color":"","overlay-opacity":"","overlay-gradient":""},"mobile":{"background-color":"var(--ast-global-color-5)","background-image":"","background-repeat":"repeat","background-position":"center center","background-size":"auto","background-attachment":"scroll","background-type":"","background-media":"","overlay-type":"","overlay-color":"","overlay-opacity":"","overlay-gradient":""}}},"product_brand":[],"product_cat":[524],"product_tag":[2534],"class_list":{"0":"post-7290","1":"product","2":"type-product","3":"status-publish","4":"has-post-thumbnail","6":"product_cat-peptide-khac","7":"product_tag-poziotinib-ara290-cibinetide-cas-1208243-50-8-for-lab-research-vi","8":"desktop-align-left","9":"tablet-align-left","10":"mobile-align-left","12":"first","13":"instock","14":"shipping-taxable","15":"product-type-simple"},"_links":{"self":[{"href":"https:\/\/puyapeptide.net\/vi\/wp-json\/wp\/v2\/product\/7290","targetHints":{"allow":["GET"]}}],"collection":[{"href":"https:\/\/puyapeptide.net\/vi\/wp-json\/wp\/v2\/product"}],"about":[{"href":"https:\/\/puyapeptide.net\/vi\/wp-json\/wp\/v2\/types\/product"}],"replies":[{"embeddable":true,"href":"https:\/\/puyapeptide.net\/vi\/wp-json\/wp\/v2\/comments?post=7290"}],"wp:featuredmedia":[{"embeddable":true,"href":"https:\/\/puyapeptide.net\/vi\/wp-json\/wp\/v2\/media\/2115"}],"wp:attachment":[{"href":"https:\/\/puyapeptide.net\/vi\/wp-json\/wp\/v2\/media?parent=7290"}],"wp:term":[{"taxonomy":"product_brand","embeddable":true,"href":"https:\/\/puyapeptide.net\/vi\/wp-json\/wp\/v2\/product_brand?post=7290"},{"taxonomy":"product_cat","embeddable":true,"href":"https:\/\/puyapeptide.net\/vi\/wp-json\/wp\/v2\/product_cat?post=7290"},{"taxonomy":"product_tag","embeddable":true,"href":"https:\/\/puyapeptide.net\/vi\/wp-json\/wp\/v2\/product_tag?post=7290"}],"curies":[{"name":"wp","href":"https:\/\/api.w.org\/{rel}","templated":true}]}}