{"id":7379,"date":"2021-12-16T07:24:57","date_gmt":"2021-12-16T12:24:57","guid":{"rendered":"https:\/\/puyapeptide.net\/product\/pentagastrin-cas-5534-95-2-thuc-day-su-tiet-axit-da-day-va-pepsin\/"},"modified":"2021-12-16T07:24:57","modified_gmt":"2021-12-16T12:24:57","slug":"pentagastrin-cas-5534-95-2-thuc-day-su-tiet-axit-da-day-va-pepsin","status":"publish","type":"product","link":"https:\/\/puyapeptide.net\/vi\/product\/pentagastrin-cas-5534-95-2-thuc-day-su-tiet-axit-da-day-va-pepsin\/","title":{"rendered":"Pentagastrin CAS 5534-95-2 Th\u00fac \u0111\u1ea9y s\u1ef1 ti\u1ebft axit d\u1ea1 d\u00e0y v\u00e0 pepsin"},"content":{"rendered":"<h2><strong>Pentagastrin CAS 5534-95-2 Th\u00fac \u0111\u1ea9y s\u1ef1 ti\u1ebft axit d\u1ea1 d\u00e0y v\u00e0 pepsin<\/strong><\/h2>\n<p> T\u00ean s\u1ea3n ph\u1ea9m: PENTAGASTRIN<br \/>\n T\u1eeb \u0111\u1ed3ng ngh\u0129a: T-BOC-BETA-ALA-TRP-MET-ASP-PHE-NH2; aspartyl] -l-phenylalaninamide; ay6608; boc-beta-ala-try-met-asp -phe (nh2); Gastdiagnost; ici50123; lanineamide; l-methionyl-l-alpha-aspartyl &#8211;<br \/>\n CAS: 5534-95-2<br \/>\n MF: C37H49N7O9S<br \/>\n MW: 767,9<br \/>\n EINECS: 226 -889-7<br \/>\n Danh m\u1ee5c s\u1ea3n ph\u1ea9m: MARCAINE; Peptide<br \/>\n Mol File: 5534-95-2.mol <\/p>\n<p> Peptavlon, c\u00f2n \u0111\u01b0\u1ee3c g\u1ecdi l\u00e0 pentagastrin, l\u00e0 m\u1ed9t pentagastrin t\u1ed5ng h\u1ee3p gi\u00fap th\u00fac \u0111\u1ea9y s\u1ef1 b\u00e0i ti\u1ebft axit d\u1ecbch v\u1ecb , pepsin v\u00e0 endogastrin. N\u00f3 \u0111\u01b0\u1ee3c s\u1eed d\u1ee5ng tr\u00ean l\u00e2m s\u00e0ng \u0111\u1ec3 ki\u1ec3m tra ch\u1ee9c n\u0103ng ti\u1ebft d\u1ecbch v\u1ecb v\u00e0 ki\u1ec3m tra ch\u1ee9c n\u0103ng tuy\u1ebfn t\u1ee5y. <\/p>\n<p> <strong>Pentagastrin CAS 5534-95-2 T\u00ednh ch\u1ea5t h\u00f3a h\u1ecdc<\/strong><br \/>\n \u0110i\u1ec3m n\u00f3ng ch\u1ea3y 229-230 \u00b0 (dec)<br \/>\n alpha D22-28,8 \u00b1 0,5 \u00b0 (DMF)<br \/>\n \u0110i\u1ec3m s\u00f4i 1196,6 \u00b1 65,0 \u00b0 C (D\u1ef1 \u0111o\u00e1n)<br \/>\n m\u1eadt \u0111\u1ed9 1,303 \u00b1 0,06 g \/ cm3 (D\u1ef1 \u0111o\u00e1n)<br \/>\n nhi\u1ec7t \u0111\u1ed9 b\u1ea3o qu\u1ea3n. -20 \u00b0 C<br \/>\n kh\u1ea3 n\u0103ng h\u00f2a tan Th\u1ef1c t\u1ebf kh\u00f4ng h\u00f2a tan trong n\u01b0\u1edbc; tan trong amoniac 5M v\u00e0 \u0111imetylformamit; h\u00f2a tan nh\u1eb9 trong etanol (96%).<br \/>\n pka 4,19 \u00b1 0,10 (D\u1ef1 \u0111o\u00e1n)<br \/>\n d\u1ea1ng b\u1ed9t<br \/>\n InChIKey NEYNJQRKHLUJRU-DZUOILHNSA-N <\/p>\n<p> <strong>C\u00f4ng d\u1ee5ng c\u1ee7a Pentagastrin CAS 5534-95-2<\/strong> &lt;&amp; &gt; 1. thu\u1ed1c t\u00ea (t\u1ea1i ch\u1ed7)<br \/>\n 2. t\u00e1c nh\u00e2n ch\u1ea9n \u0111o\u00e1n r\u1ed1i lo\u1ea1n ti\u1ebft d\u1ecbch v\u1ecb<\/p>\n","protected":false},"excerpt":{"rendered":"<p>T\u00ean s\u1ea3n ph\u1ea9m: PENTAGASTRIN<br \/>\n CAS: 5534-95-2<br \/>\n MF: C37H49N7O9S<br \/>\n MW: 767,9<br \/>\n EINECS: 226-889-7<br \/>\n Mol T\u1ec7p: 5534-95-2.mol<\/p>\n","protected":false},"featured_media":2115,"comment_status":"open","ping_status":"closed","template":"","meta":{"om_disable_all_campaigns":false,"_monsterinsights_skip_tracking":false,"_monsterinsights_sitenote_active":false,"_monsterinsights_sitenote_note":"","_monsterinsights_sitenote_category":0,"site-sidebar-layout":"default","site-content-layout":"default","ast-site-content-layout":"default","site-content-style":"default","site-sidebar-style":"default","ast-global-header-display":"","ast-banner-title-visibility":"","ast-main-header-display":"","ast-hfb-above-header-display":"","ast-hfb-below-header-display":"","ast-hfb-mobile-header-display":"","site-post-title":"","ast-breadcrumbs-content":"","ast-featured-img":"","footer-sml-layout":"","ast-disable-related-posts":"","theme-transparent-header-meta":"default","adv-header-id-meta":"","stick-header-meta":"","header-above-stick-meta":"","header-main-stick-meta":"","header-below-stick-meta":"","astra-migrate-meta-layouts":"default","ast-page-background-enabled":"default","ast-page-background-meta":{"desktop":{"background-color":"","background-image":"","background-repeat":"repeat","background-position":"center center","background-size":"auto","background-attachment":"scroll","background-type":"","background-media":"","overlay-type":"","overlay-color":"","overlay-opacity":"","overlay-gradient":""},"tablet":{"background-color":"","background-image":"","background-repeat":"repeat","background-position":"center center","background-size":"auto","background-attachment":"scroll","background-type":"","background-media":"","overlay-type":"","overlay-color":"","overlay-opacity":"","overlay-gradient":""},"mobile":{"background-color":"","background-image":"","background-repeat":"repeat","background-position":"center center","background-size":"auto","background-attachment":"scroll","background-type":"","background-media":"","overlay-type":"","overlay-color":"","overlay-opacity":"","overlay-gradient":""}},"ast-content-background-meta":{"desktop":{"background-color":"var(--ast-global-color-5)","background-image":"","background-repeat":"repeat","background-position":"center center","background-size":"auto","background-attachment":"scroll","background-type":"","background-media":"","overlay-type":"","overlay-color":"","overlay-opacity":"","overlay-gradient":""},"tablet":{"background-color":"var(--ast-global-color-5)","background-image":"","background-repeat":"repeat","background-position":"center center","background-size":"auto","background-attachment":"scroll","background-type":"","background-media":"","overlay-type":"","overlay-color":"","overlay-opacity":"","overlay-gradient":""},"mobile":{"background-color":"var(--ast-global-color-5)","background-image":"","background-repeat":"repeat","background-position":"center center","background-size":"auto","background-attachment":"scroll","background-type":"","background-media":"","overlay-type":"","overlay-color":"","overlay-opacity":"","overlay-gradient":""}}},"product_brand":[],"product_cat":[467],"product_tag":[2425],"class_list":{"0":"post-7379","1":"product","2":"type-product","3":"status-publish","4":"has-post-thumbnail","6":"product_cat-he-tieu-hoa-peptide","7":"product_tag-pentagastrin-cas-5534-95-2-promotes-the-secretion-of-gastric-acid-and-pepsin-vi","8":"desktop-align-left","9":"tablet-align-left","10":"mobile-align-left","12":"first","13":"instock","14":"shipping-taxable","15":"product-type-simple"},"_links":{"self":[{"href":"https:\/\/puyapeptide.net\/vi\/wp-json\/wp\/v2\/product\/7379","targetHints":{"allow":["GET"]}}],"collection":[{"href":"https:\/\/puyapeptide.net\/vi\/wp-json\/wp\/v2\/product"}],"about":[{"href":"https:\/\/puyapeptide.net\/vi\/wp-json\/wp\/v2\/types\/product"}],"replies":[{"embeddable":true,"href":"https:\/\/puyapeptide.net\/vi\/wp-json\/wp\/v2\/comments?post=7379"}],"wp:featuredmedia":[{"embeddable":true,"href":"https:\/\/puyapeptide.net\/vi\/wp-json\/wp\/v2\/media\/2115"}],"wp:attachment":[{"href":"https:\/\/puyapeptide.net\/vi\/wp-json\/wp\/v2\/media?parent=7379"}],"wp:term":[{"taxonomy":"product_brand","embeddable":true,"href":"https:\/\/puyapeptide.net\/vi\/wp-json\/wp\/v2\/product_brand?post=7379"},{"taxonomy":"product_cat","embeddable":true,"href":"https:\/\/puyapeptide.net\/vi\/wp-json\/wp\/v2\/product_cat?post=7379"},{"taxonomy":"product_tag","embeddable":true,"href":"https:\/\/puyapeptide.net\/vi\/wp-json\/wp\/v2\/product_tag?post=7379"}],"curies":[{"name":"wp","href":"https:\/\/api.w.org\/{rel}","templated":true}]}}