{"id":7455,"date":"2021-12-16T08:00:33","date_gmt":"2021-12-16T13:00:33","guid":{"rendered":"https:\/\/puyapeptide.net\/product\/kisspeptin-10-kisspeptin-10-cas-374675-21-5-la-mot-chat-uc-che-co-mach-va-hinh-thanh-mach-hieu-qua\/"},"modified":"2021-12-16T08:00:33","modified_gmt":"2021-12-16T13:00:33","slug":"kisspeptin-10-kisspeptin-10-cas-374675-21-5-la-mot-chat-uc-che-co-mach-va-hinh-thanh-mach-hieu-qua","status":"publish","type":"product","link":"https:\/\/puyapeptide.net\/vi\/product\/kisspeptin-10-kisspeptin-10-cas-374675-21-5-la-mot-chat-uc-che-co-mach-va-hinh-thanh-mach-hieu-qua\/","title":{"rendered":"Kisspeptin 10 \/ KISSPEPTIN-10 CAS 374675-21-5 l\u00e0 m\u1ed9t ch\u1ea5t \u1ee9c ch\u1ebf co m\u1ea1ch v\u00e0 h\u00ecnh th\u00e0nh m\u1ea1ch hi\u1ec7u qu\u1ea3"},"content":{"rendered":"<h2><strong>Kisspeptin 10 \/ KISSPEPTIN-10 CAS 374675-21-5 l\u00e0 m\u1ed9t ch\u1ea5t \u1ee9c ch\u1ebf co m\u1ea1ch v\u00e0 h\u00ecnh th\u00e0nh m\u1ea1ch hi\u1ec7u qu\u1ea3<\/strong><\/h2>\n<p> T\u00ean s\u1ea3n ph\u1ea9m: KISSPEPTIN-10<br \/>\n T\u1eeb \u0111\u1ed3ng ngh\u0129a: MALIGNANT MELANOMA METASTASIS-SUPPRESSOR KISS-1 (112-121) (HUMAN); METASTIN (HUMAN, 45-54); METASTIN (45-54); METASTIN (45 -54) AMIDE, HUMAN; METASTIN (45-54), HUMAN; KISSPEPTIN-13 (4-13) (HUMAN); KISS-1 GENE PRODUCT (HUMAN, 112-121 AMIDE); TYR-ASN-TRP-ASN- SER-PHE-GLY-LEU-ARG-PHE-NH2<br \/>\n CAS: 374675-21-5<br \/>\n MF: C63H83N17O14<br \/>\n MW: 1302.44<br \/>\n EINECS:<br \/>\n Danh m\u1ee5c s\u1ea3n ph\u1ea9m: Peptide Receptor &lt;&amp; &gt; Mol T\u1eadp tin: 374675-21-5.mol <\/p>\n<p> Kisspeptin-10, con ng\u01b0\u1eddi l\u00e0 m\u1ed9t ch\u1ea5t \u1ee9c ch\u1ebf co m\u1ea1ch v\u00e0 h\u00ecnh th\u00e0nh m\u1ea1ch m\u1ea1nh. Kisspeptin-10, con ng\u01b0\u1eddi \u1ee9c ch\u1ebf s\u1ef1 di c\u0103n c\u1ee7a kh\u1ed1i u th\u00f4ng qua th\u1ee5 th\u1ec3 GPR54 c\u1ee7a n\u00f3. h\u1ec7 th\u1ed1ng kisspeptin-10-GPR54 \u0111\u00f3ng m\u1ed9t vai tr\u00f2 quan tr\u1ecdng trong s\u1ef1 ph\u00e1t tri\u1ec3n th\u1eadn c\u1ee7a ph\u00f4i thai. T\u00edn hi\u1ec7u kisspeptin-10 \/ Kisspeptin-10 \/ GPR54 g\u00e2y ra s\u1ef1 bi\u1ec7t h\u00f3a nguy\u00ean b\u00e0o x\u01b0\u01a1ng th\u00f4ng qua bi\u1ec3u hi\u1ec7n BMP2 qua trung gian NFATc4. n\u1ed3ng \u0111\u1ed9 c\u1ee7a Kisspeptin-10 gi\u00fap x\u00e1c \u0111\u1ecbnh \u0111\u1ed9 l\u00e0nh t\u00ednh v\u00e0 \u00e1c t\u00ednh c\u1ee7a kh\u1ed1i th\u1eadn nh\u1ecf v\u1edbi SRM. <\/p>\n<p> <strong>Kisspeptin 10 \/ KISSPEPTIN-10 CAS 374675-21-5 T\u00ednh ch\u1ea5t h\u00f3a h\u1ecdc<\/strong><br \/>\n t\u1ef7 tr\u1ecdng 1,46 \u00b1 0,1 g \/ cm3 (D\u1ef1 \u0111o\u00e1n)<br \/>\n nhi\u1ec7t \u0111\u1ed9 l\u01b0u tr\u1eef. -20 \u00b0 C<br \/>\n pka 9,96 \u00b1 0,15 (D\u1ef1 \u0111o\u00e1n) <\/p>\n<p> <strong>Ch\u1ee9c n\u0103ng v\u00e0 \u1ee8ng d\u1ee5ng c\u1ee7a Kisspeptin 10 \/ KISSPEPTIN-10 CAS 374675-21-5<\/strong><br \/>\n Kisspeptin-10 l\u00e0 m\u1ed9t ch\u1ea5t g\u00e2y co m\u1ea1ch v\u00e0 \u1ee9c ch\u1ebf h\u00ecnh th\u00e0nh m\u1ea1ch hi\u1ec7u qu\u1ea3. Kisspeptin-10 \u1ee9c ch\u1ebf s\u1ef1 di c\u0103n c\u1ee7a kh\u1ed1i u th\u00f4ng qua th\u1ee5 th\u1ec3 GPR54 c\u1ee7a n\u00f3. H\u1ec7 th\u1ed1ng kisspeptin-10-GPR54 \u0111\u00f3ng m\u1ed9t vai tr\u00f2 quan tr\u1ecdng trong s\u1ef1 ph\u00e1t tri\u1ec3n th\u1eadn c\u1ee7a ph\u00f4i thai. T\u00edn hi\u1ec7u Kisspeptin-10 \/ GPR54 g\u00e2y ra s\u1ef1 bi\u1ec7t h\u00f3a nguy\u00ean b\u00e0o x\u01b0\u01a1ng th\u00f4ng qua bi\u1ec3u hi\u1ec7n BMP2 qua trung gian NFATC4.<\/p>\n","protected":false},"excerpt":{"rendered":"<p>Kisspeptin 10 \/ KISSPEPTIN-10 CAS 374675-21-5 l\u00e0 m\u1ed9t ch\u1ea5t \u1ee9c ch\u1ebf co m\u1ea1ch v\u00e0 h\u00ecnh th\u00e0nh m\u1ea1ch hi\u1ec7u qu\u1ea3 T\u00ean s\u1ea3n ph\u1ea9m: KISSPEPTIN-10 T\u1eeb \u0111\u1ed3ng ngh\u0129a: MALIGNANT MELANOMA METASTASIS-SUPPRESSOR KISS-1 (112-121) (HUMAN); METASTIN (HUMAN, 45-54); METASTIN (45-54); METASTIN (45 -54) AMIDE, HUMAN; METASTIN (45-54), HUMAN; KISSPEPTIN-13 (4-13) (HUMAN); KISS-1 GENE PRODUCT (HUMAN, 112-121 AMIDE); TYR-ASN-TRP-ASN- [&hellip;]<\/p>\n","protected":false},"featured_media":2115,"comment_status":"open","ping_status":"closed","template":"","meta":{"om_disable_all_campaigns":false,"_monsterinsights_skip_tracking":false,"_monsterinsights_sitenote_active":false,"_monsterinsights_sitenote_note":"","_monsterinsights_sitenote_category":0,"site-sidebar-layout":"default","site-content-layout":"default","ast-site-content-layout":"default","site-content-style":"default","site-sidebar-style":"default","ast-global-header-display":"","ast-banner-title-visibility":"","ast-main-header-display":"","ast-hfb-above-header-display":"","ast-hfb-below-header-display":"","ast-hfb-mobile-header-display":"","site-post-title":"","ast-breadcrumbs-content":"","ast-featured-img":"","footer-sml-layout":"","ast-disable-related-posts":"","theme-transparent-header-meta":"default","adv-header-id-meta":"","stick-header-meta":"","header-above-stick-meta":"","header-main-stick-meta":"","header-below-stick-meta":"","astra-migrate-meta-layouts":"default","ast-page-background-enabled":"default","ast-page-background-meta":{"desktop":{"background-color":"","background-image":"","background-repeat":"repeat","background-position":"center center","background-size":"auto","background-attachment":"scroll","background-type":"","background-media":"","overlay-type":"","overlay-color":"","overlay-opacity":"","overlay-gradient":""},"tablet":{"background-color":"","background-image":"","background-repeat":"repeat","background-position":"center center","background-size":"auto","background-attachment":"scroll","background-type":"","background-media":"","overlay-type":"","overlay-color":"","overlay-opacity":"","overlay-gradient":""},"mobile":{"background-color":"","background-image":"","background-repeat":"repeat","background-position":"center center","background-size":"auto","background-attachment":"scroll","background-type":"","background-media":"","overlay-type":"","overlay-color":"","overlay-opacity":"","overlay-gradient":""}},"ast-content-background-meta":{"desktop":{"background-color":"var(--ast-global-color-5)","background-image":"","background-repeat":"repeat","background-position":"center center","background-size":"auto","background-attachment":"scroll","background-type":"","background-media":"","overlay-type":"","overlay-color":"","overlay-opacity":"","overlay-gradient":""},"tablet":{"background-color":"var(--ast-global-color-5)","background-image":"","background-repeat":"repeat","background-position":"center center","background-size":"auto","background-attachment":"scroll","background-type":"","background-media":"","overlay-type":"","overlay-color":"","overlay-opacity":"","overlay-gradient":""},"mobile":{"background-color":"var(--ast-global-color-5)","background-image":"","background-repeat":"repeat","background-position":"center center","background-size":"auto","background-attachment":"scroll","background-type":"","background-media":"","overlay-type":"","overlay-color":"","overlay-opacity":"","overlay-gradient":""}}},"product_brand":[],"product_cat":[418],"product_tag":[2336],"class_list":{"0":"post-7455","1":"product","2":"type-product","3":"status-publish","4":"has-post-thumbnail","6":"product_cat-peptide-trong-mau-va-mach-mau","7":"product_tag-kisspeptin-10-kisspeptin-10-cas-374675-21-5-is-an-effective-vasoconstrictor-and-angiogenesis-inhibitor-vi","8":"desktop-align-left","9":"tablet-align-left","10":"mobile-align-left","12":"first","13":"instock","14":"shipping-taxable","15":"product-type-simple"},"_links":{"self":[{"href":"https:\/\/puyapeptide.net\/vi\/wp-json\/wp\/v2\/product\/7455","targetHints":{"allow":["GET"]}}],"collection":[{"href":"https:\/\/puyapeptide.net\/vi\/wp-json\/wp\/v2\/product"}],"about":[{"href":"https:\/\/puyapeptide.net\/vi\/wp-json\/wp\/v2\/types\/product"}],"replies":[{"embeddable":true,"href":"https:\/\/puyapeptide.net\/vi\/wp-json\/wp\/v2\/comments?post=7455"}],"wp:featuredmedia":[{"embeddable":true,"href":"https:\/\/puyapeptide.net\/vi\/wp-json\/wp\/v2\/media\/2115"}],"wp:attachment":[{"href":"https:\/\/puyapeptide.net\/vi\/wp-json\/wp\/v2\/media?parent=7455"}],"wp:term":[{"taxonomy":"product_brand","embeddable":true,"href":"https:\/\/puyapeptide.net\/vi\/wp-json\/wp\/v2\/product_brand?post=7455"},{"taxonomy":"product_cat","embeddable":true,"href":"https:\/\/puyapeptide.net\/vi\/wp-json\/wp\/v2\/product_cat?post=7455"},{"taxonomy":"product_tag","embeddable":true,"href":"https:\/\/puyapeptide.net\/vi\/wp-json\/wp\/v2\/product_tag?post=7455"}],"curies":[{"name":"wp","href":"https:\/\/api.w.org\/{rel}","templated":true}]}}