{"id":7484,"date":"2021-12-16T08:02:25","date_gmt":"2021-12-16T13:02:25","guid":{"rendered":"https:\/\/puyapeptide.net\/product\/chat-luong-cao-dulaglutide-cas-923950-08-7-voi-gia-tot\/"},"modified":"2021-12-16T08:02:25","modified_gmt":"2021-12-16T13:02:25","slug":"chat-luong-cao-dulaglutide-cas-923950-08-7-voi-gia-tot","status":"publish","type":"product","link":"https:\/\/puyapeptide.net\/vi\/product\/chat-luong-cao-dulaglutide-cas-923950-08-7-voi-gia-tot\/","title":{"rendered":"Ch\u1ea5t l\u01b0\u1ee3ng cao Dulaglutide CAS 923950-08-7 v\u1edbi gi\u00e1 t\u1ed1t"},"content":{"rendered":"<h2><strong>Ch\u1ea5t l\u01b0\u1ee3ng cao Dulaglutide CAS 923950-08-7 v\u1edbi gi\u00e1 t\u1ed1t<\/strong><\/h2>\n<p> T\u00ean s\u1ea3n ph\u1ea9m: Dulaglutide<br \/>\n Sequence \uff1a H-His-Gly-Glu-Gly-Thr-Phe-Thr-Ser-Asp-Val-Ser-Ser-Tyr-Leu-Glu-Glu-Gln-Ala- Ala-Lys-Glu-Phe-Ile-Ala-Trp-Leu-Val-Lys-Gly-Gly-Gly-OH<br \/>\n T\u1eeb \u0111\u1ed3ng ngh\u0129a: Dulaglutide &#8211; dung d\u1ecbch trong PBS; Dulaglutide USP \/ EP \/ BP<br \/>\n CAS: 923950 -08-7<br \/>\n MF: C149H221N37O49<br \/>\n MW: 3314.62<br \/>\n EINECS:<br \/>\n Danh m\u1ee5c s\u1ea3n ph\u1ea9m: GLP<br \/>\n Mol File: Mol File <\/p>\n<p> Dulaglutide, \u0111\u01b0\u1ee3c b\u00e1n d\u01b0\u1edbi th\u01b0\u01a1ng hi\u1ec7u Trulicity trong s\u1ed1 nh\u1eefng ng\u01b0\u1eddi kh\u00e1c, l\u00e0 m\u1ed9t lo\u1ea1i thu\u1ed1c \u0111\u01b0\u1ee3c s\u1eed d\u1ee5ng \u0111\u1ec3 \u0111i\u1ec1u tr\u1ecb b\u1ec7nh ti\u1ec3u \u0111\u01b0\u1eddng lo\u1ea1i 2 k\u1ebft h\u1ee3p v\u1edbi ch\u1ebf \u0111\u1ed9 \u0103n u\u1ed1ng v\u00e0 t\u1eadp th\u1ec3 d\u1ee5c. N\u00f3 c\u0169ng \u0111\u01b0\u1ee3c ch\u1ea5p thu\u1eadn \u1edf Hoa K\u1ef3 \u0111\u1ec3 gi\u1ea3m c\u00e1c bi\u1ebfn c\u1ed1 tim m\u1ea1ch nghi\u00eam tr\u1ecdng \u1edf ng\u01b0\u1eddi l\u1edbn m\u1eafc b\u1ec7nh ti\u1ec3u \u0111\u01b0\u1eddng lo\u1ea1i 2 \u0111\u00e3 h\u00ecnh th\u00e0nh b\u1ec7nh tim m\u1ea1ch ho\u1eb7c nhi\u1ec1u y\u1ebfu t\u1ed1 nguy c\u01a1 tim m\u1ea1ch. <\/p>\n<p> Dulaglutide l\u00e0 m\u1ed9t ch\u1ea5t ch\u1ee7 v\u1eadn GLP-1R t\u00e1c d\u1ee5ng k\u00e9o d\u00e0i m\u1edbi. , thu \u0111\u01b0\u1ee3c b\u1eb1ng c\u00e1ch k\u1ebft h\u1ee3p hai ch\u1ea5t t\u01b0\u01a1ng t\u1ef1 GLP-1 v\u1edbi s\u1ef1 \u1ee9c ch\u1ebf DPP-4 v\u00e0 m\u1ed9t \u0111o\u1ea1n chu\u1ed7i n\u1eb7ng IgG4-Fc chu\u1ed7i n\u1eb7ng c\u1ee7a globulin mi\u1ec5n d\u1ecbch \u1edf ng\u01b0\u1eddi, c\u00f3 ho\u1ea1t t\u00ednh t\u01b0\u01a1ng t\u1ef1 nh\u01b0 GLP-1 n\u1ed9i sinh trong ho\u1ea1t \u0111\u1ed9ng l\u00e2m s\u00e0ng v\u00e0 th\u1eddi gian b\u00e1n h\u1ee7y l\u00e0 5 ng\u00e0y, l\u00e0m ch\u1eadm qu\u00e1 tr\u00ecnh thanh th\u1ea3i \u1edf th\u1eadn m\u1ed9t c\u00e1ch hi\u1ec7u qu\u1ea3. .FDA \u0111\u00e3 ph\u00ea duy\u1ec7t dulaglutide \u0111\u1ec3 ti\u00eam d\u01b0\u1edbi da v\u00e0o th\u00e1ng 9 n\u0103m 2014.. \u1ee6y ban Ch\u00e2u \u00c2u \u0111\u00e3 ph\u00ea duy\u1ec7t ti\u00eam d\u01b0\u1edbi da dulaglutide \u0111\u1ec3 ti\u1ebfp th\u1ecb \u1edf Ch\u00e2u \u00c2u v\u00e0o th\u00e1ng 12 n\u0103m 2014. <\/p>\n<p> <strong>Hi\u1ec7u qu\u1ea3 c\u1ee7a Dulaglutide CAS 923950-08-7<\/strong><br \/>\n N\u00f3 \u0111\u01b0\u1ee3c ch\u1ea5p thu\u1eadn \u0111\u1ec3 \u0111i\u1ec1u tr\u1ecb b\u1ec7nh ti\u1ec3u \u0111\u01b0\u1eddng.<\/p>\n","protected":false},"excerpt":{"rendered":"<p>T\u00ean s\u1ea3n ph\u1ea9m: Dulaglutide<br \/>\n CAS: 923950-08-7<br \/>\n MF: C149H221N37O49<br \/>\n MW: 3314.62<\/p>\n","protected":false},"featured_media":2178,"comment_status":"open","ping_status":"closed","template":"","meta":{"om_disable_all_campaigns":false,"_monsterinsights_skip_tracking":false,"_monsterinsights_sitenote_active":false,"_monsterinsights_sitenote_note":"","_monsterinsights_sitenote_category":0,"site-sidebar-layout":"default","site-content-layout":"default","ast-site-content-layout":"default","site-content-style":"default","site-sidebar-style":"default","ast-global-header-display":"","ast-banner-title-visibility":"","ast-main-header-display":"","ast-hfb-above-header-display":"","ast-hfb-below-header-display":"","ast-hfb-mobile-header-display":"","site-post-title":"","ast-breadcrumbs-content":"","ast-featured-img":"","footer-sml-layout":"","ast-disable-related-posts":"","theme-transparent-header-meta":"default","adv-header-id-meta":"","stick-header-meta":"","header-above-stick-meta":"","header-main-stick-meta":"","header-below-stick-meta":"","astra-migrate-meta-layouts":"default","ast-page-background-enabled":"default","ast-page-background-meta":{"desktop":{"background-color":"","background-image":"","background-repeat":"repeat","background-position":"center center","background-size":"auto","background-attachment":"scroll","background-type":"","background-media":"","overlay-type":"","overlay-color":"","overlay-opacity":"","overlay-gradient":""},"tablet":{"background-color":"","background-image":"","background-repeat":"repeat","background-position":"center center","background-size":"auto","background-attachment":"scroll","background-type":"","background-media":"","overlay-type":"","overlay-color":"","overlay-opacity":"","overlay-gradient":""},"mobile":{"background-color":"","background-image":"","background-repeat":"repeat","background-position":"center center","background-size":"auto","background-attachment":"scroll","background-type":"","background-media":"","overlay-type":"","overlay-color":"","overlay-opacity":"","overlay-gradient":""}},"ast-content-background-meta":{"desktop":{"background-color":"var(--ast-global-color-5)","background-image":"","background-repeat":"repeat","background-position":"center center","background-size":"auto","background-attachment":"scroll","background-type":"","background-media":"","overlay-type":"","overlay-color":"","overlay-opacity":"","overlay-gradient":""},"tablet":{"background-color":"var(--ast-global-color-5)","background-image":"","background-repeat":"repeat","background-position":"center center","background-size":"auto","background-attachment":"scroll","background-type":"","background-media":"","overlay-type":"","overlay-color":"","overlay-opacity":"","overlay-gradient":""},"mobile":{"background-color":"var(--ast-global-color-5)","background-image":"","background-repeat":"repeat","background-position":"center center","background-size":"auto","background-attachment":"scroll","background-type":"","background-media":"","overlay-type":"","overlay-color":"","overlay-opacity":"","overlay-gradient":""}}},"product_brand":[],"product_cat":[352],"product_tag":[2288],"class_list":{"0":"post-7484","1":"product","2":"type-product","3":"status-publish","4":"has-post-thumbnail","6":"product_cat-peptide-tieu-duong","7":"product_tag-high-quality-dulaglutide-cas-923950-08-7-with-good-price-vi","8":"desktop-align-left","9":"tablet-align-left","10":"mobile-align-left","12":"first","13":"instock","14":"shipping-taxable","15":"product-type-simple"},"_links":{"self":[{"href":"https:\/\/puyapeptide.net\/vi\/wp-json\/wp\/v2\/product\/7484","targetHints":{"allow":["GET"]}}],"collection":[{"href":"https:\/\/puyapeptide.net\/vi\/wp-json\/wp\/v2\/product"}],"about":[{"href":"https:\/\/puyapeptide.net\/vi\/wp-json\/wp\/v2\/types\/product"}],"replies":[{"embeddable":true,"href":"https:\/\/puyapeptide.net\/vi\/wp-json\/wp\/v2\/comments?post=7484"}],"wp:featuredmedia":[{"embeddable":true,"href":"https:\/\/puyapeptide.net\/vi\/wp-json\/wp\/v2\/media\/2178"}],"wp:attachment":[{"href":"https:\/\/puyapeptide.net\/vi\/wp-json\/wp\/v2\/media?parent=7484"}],"wp:term":[{"taxonomy":"product_brand","embeddable":true,"href":"https:\/\/puyapeptide.net\/vi\/wp-json\/wp\/v2\/product_brand?post=7484"},{"taxonomy":"product_cat","embeddable":true,"href":"https:\/\/puyapeptide.net\/vi\/wp-json\/wp\/v2\/product_cat?post=7484"},{"taxonomy":"product_tag","embeddable":true,"href":"https:\/\/puyapeptide.net\/vi\/wp-json\/wp\/v2\/product_tag?post=7484"}],"curies":[{"name":"wp","href":"https:\/\/api.w.org\/{rel}","templated":true}]}}