{"id":7508,"date":"2021-12-16T08:03:31","date_gmt":"2021-12-16T13:03:31","guid":{"rendered":"https:\/\/puyapeptide.net\/product\/ban-hang-nong-albiglutide-cas-782500-75-8-dieu-tri-benh-tieu-duong\/"},"modified":"2021-12-16T08:03:31","modified_gmt":"2021-12-16T13:03:31","slug":"ban-hang-nong-albiglutide-cas-782500-75-8-dieu-tri-benh-tieu-duong","status":"publish","type":"product","link":"https:\/\/puyapeptide.net\/vi\/product\/ban-hang-nong-albiglutide-cas-782500-75-8-dieu-tri-benh-tieu-duong\/","title":{"rendered":"B\u00e1n h\u00e0ng n\u00f3ng Albiglutide CAS 782500-75-8 \u0111i\u1ec1u tr\u1ecb b\u1ec7nh ti\u1ec3u \u0111\u01b0\u1eddng"},"content":{"rendered":"<h2><strong>B\u00e1n h\u00e0ng n\u00f3ng Albiglutide CAS 782500-75-8 \u0111i\u1ec1u tr\u1ecb b\u1ec7nh ti\u1ec3u \u0111\u01b0\u1eddng<\/strong><\/h2>\n<p> T\u00ean s\u1ea3n ph\u1ea9m: Albiglutide<br \/>\n Tr\u00ecnh t\u1ef1: H-His-Gly-Glu-Gly-Thr-Phe-Thr-Ser-Asp-Val-Ser-Ser-Tyr-Leu-Glu-Gly-Gln-Ala- Ala-Lys-Glu-Phe-Ile-Ala-Trp-Leu-Val-Lys-Gly-Arg-OH<br \/>\n T\u1eeb \u0111\u1ed3ng ngh\u0129a: albiglutide; Albugon; Naliglutide; 7-36-Glucagon-like peptit I (8-glycine) (ng\u01b0\u1eddi), protein dung h\u1ee3p v\u1edbi 7-36-glucagon-like peptide I (8-glycine) (ng\u01b0\u1eddi) protein dung h\u1ee3p v\u1edbi huy\u1ebft thanh; Gsk 716155; Unii-5E7U48495e; 7-36-Glucagon-likepeptide I [8-glycine] ( huMan), protein dung h\u1ee3p v\u1edbi protein dung h\u1ee3p 7-36-glucagon I [8-glycine] (huMan) v\u1edbi seruM albuMin (huMan); Albiglutide Fragment<br \/>\n CAS: 782500-75-8<br \/>\n MF: C148H223N39O46<br \/>\n MW: 3284.58792<br \/>\n EINECS:<br \/>\n Danh m\u1ee5c s\u1ea3n ph\u1ea9m: GLP<br \/>\n Mol File: 782500-75-8.mol <\/p>\n<p> Albiglutide \u0111\u01b0\u1ee3c FDA ch\u1ea5p thu\u1eadn cho b\u1ec7nh \u0111\u00e1i th\u00e1o \u0111\u01b0\u1eddng t\u00fdp 2 (DM) v\u00e0 d\u1ef1 ph\u00f2ng r\u1ed1i lo\u1ea1n h\u1ec7 tim m\u1ea1ch do h\u1eadu qu\u1ea3 c\u1ee7a b\u1ec7nh ti\u1ec3u \u0111\u01b0\u1eddng lo\u1ea1i 2. Li\u1ec1u l\u01b0\u1ee3ng c\u1ee7a n\u00f3 li\u00ean quan \u0111\u1ebfn vi\u1ec7c chu\u1ea9n \u0111\u1ed9 \u0111\u1ec3 gi\u1ea3m c\u00e1c tri\u1ec7u ch\u1ee9ng ti\u00eau h\u00f3a, ch\u1eb3ng h\u1ea1n nh\u01b0 bu\u1ed3n n\u00f4n, ti\u00eau ch\u1ea3y v\u00e0 n\u00f4n m\u1eeda: b\u1eaft \u0111\u1ea7u ti\u00eam d\u01b0\u1edbi da 0,6 mg m\u1ed7i ng\u00e0y trong 1 tu\u1ea7n; t\u0103ng \u0111\u1ebfn li\u1ec1u duy tr\u00ec 1,2 mg m\u1ed7i ng\u00e0y; v\u00e0 t\u0103ng l\u00ean 1,8 mg m\u1ed7i ng\u00e0y, n\u1ebfu c\u1ea7n.<br \/>\n Liraglutide c\u0169ng \u0111\u01b0\u1ee3c FDA ch\u1ea5p thu\u1eadn l\u00e0 Saxenda cho b\u1ec7nh b\u00e9o ph\u00ec v\u1edbi ch\u1ec9 s\u1ed1 kh\u1ed1i c\u01a1 th\u1ec3 30kg \/ m2 <or 27kg\/m2 with the presence of at least 1 weight-related comorbid condition. Saxenda is initiated at 0.6 mg subcutaneous daily injection for 1 week, with weekly increments of 0.6 mg per day, until the maintenance dosage of 3 mg once daily is reached.3 If the patient misses a dose of liraglutide injection for more than 3 days, re-initiation at 0.6 mg is recommended to mitigate gastrointestinal (GI) symptoms. <strong>Ch\u1ee9c n\u0103ng v\u00e0 \u1ee9ng d\u1ee5ng c\u1ee7a Albiglutide CAS 782500-75-8 <\/strong><br \/>\n Tr\u1edf l\u1ea1i v\u00e0o ng\u00e0y 15 th\u00e1ng 4 n\u0103m 2014, C\u01a1 quan Qu\u1ea3n l\u00fd Th\u1ef1c ph\u1ea9m v\u00e0 D\u01b0\u1ee3c ph\u1ea9m Hoa K\u1ef3 (FDA) \u0111\u00e3 ch\u00ednh th\u1ee9c ch\u1ea5p thu\u1eadn cho thu\u1ed1c ti\u1ec3u \u0111\u01b0\u1eddng Albiglutide \u0111\u01b0\u1ee3c l\u01b0u h\u00e0nh tr\u00ean th\u1ecb tr\u01b0\u1eddng. Thu\u1ed1c l\u00e0 ch\u1ea5t t\u01b0\u01a1ng t\u1ef1 GLP-1 t\u00e1c d\u1ee5ng k\u00e9o d\u00e0i th\u1ee9 hai \u0111\u00e3 \u0111\u01b0\u1ee3c ph\u00ea duy\u1ec7t \u0111\u1ec3 \u1ee9c ch\u1ebf th\u1ee5 th\u1ec3 GLP-1 v\u00e0 th\u00fac \u0111\u1ea9y b\u00e0i ti\u1ebft insulin \u0111\u1ec3 \u0111i\u1ec1u tr\u1ecb b\u1ec7nh ti\u1ec3u \u0111\u01b0\u1eddng lo\u1ea1i 2.<\/p>\n","protected":false},"excerpt":{"rendered":"<p>T\u00ean s\u1ea3n ph\u1ea9m: Albiglutide<br \/>\n CAS: 782500-75-8<br \/>\n MF: C148H223N39O46<br \/>\n MW: 3284.58792<br \/>\n Mol T\u1ec7p: 782500-75-8.mol<\/p>\n","protected":false},"featured_media":2220,"comment_status":"open","ping_status":"closed","template":"","meta":{"om_disable_all_campaigns":false,"_monsterinsights_skip_tracking":false,"_monsterinsights_sitenote_active":false,"_monsterinsights_sitenote_note":"","_monsterinsights_sitenote_category":0,"site-sidebar-layout":"default","site-content-layout":"default","ast-site-content-layout":"default","site-content-style":"default","site-sidebar-style":"default","ast-global-header-display":"","ast-banner-title-visibility":"","ast-main-header-display":"","ast-hfb-above-header-display":"","ast-hfb-below-header-display":"","ast-hfb-mobile-header-display":"","site-post-title":"","ast-breadcrumbs-content":"","ast-featured-img":"","footer-sml-layout":"","ast-disable-related-posts":"","theme-transparent-header-meta":"default","adv-header-id-meta":"","stick-header-meta":"","header-above-stick-meta":"","header-main-stick-meta":"","header-below-stick-meta":"","astra-migrate-meta-layouts":"default","ast-page-background-enabled":"default","ast-page-background-meta":{"desktop":{"background-color":"","background-image":"","background-repeat":"repeat","background-position":"center center","background-size":"auto","background-attachment":"scroll","background-type":"","background-media":"","overlay-type":"","overlay-color":"","overlay-opacity":"","overlay-gradient":""},"tablet":{"background-color":"","background-image":"","background-repeat":"repeat","background-position":"center center","background-size":"auto","background-attachment":"scroll","background-type":"","background-media":"","overlay-type":"","overlay-color":"","overlay-opacity":"","overlay-gradient":""},"mobile":{"background-color":"","background-image":"","background-repeat":"repeat","background-position":"center center","background-size":"auto","background-attachment":"scroll","background-type":"","background-media":"","overlay-type":"","overlay-color":"","overlay-opacity":"","overlay-gradient":""}},"ast-content-background-meta":{"desktop":{"background-color":"var(--ast-global-color-5)","background-image":"","background-repeat":"repeat","background-position":"center center","background-size":"auto","background-attachment":"scroll","background-type":"","background-media":"","overlay-type":"","overlay-color":"","overlay-opacity":"","overlay-gradient":""},"tablet":{"background-color":"var(--ast-global-color-5)","background-image":"","background-repeat":"repeat","background-position":"center center","background-size":"auto","background-attachment":"scroll","background-type":"","background-media":"","overlay-type":"","overlay-color":"","overlay-opacity":"","overlay-gradient":""},"mobile":{"background-color":"var(--ast-global-color-5)","background-image":"","background-repeat":"repeat","background-position":"center center","background-size":"auto","background-attachment":"scroll","background-type":"","background-media":"","overlay-type":"","overlay-color":"","overlay-opacity":"","overlay-gradient":""}}},"product_brand":[],"product_cat":[352],"product_tag":[2268],"class_list":{"0":"post-7508","1":"product","2":"type-product","3":"status-publish","4":"has-post-thumbnail","6":"product_cat-peptide-tieu-duong","7":"product_tag-hot-sale-albiglutide-cas-782500-75-8-treat-for-diabetes-vi","8":"desktop-align-left","9":"tablet-align-left","10":"mobile-align-left","12":"first","13":"instock","14":"shipping-taxable","15":"product-type-simple"},"_links":{"self":[{"href":"https:\/\/puyapeptide.net\/vi\/wp-json\/wp\/v2\/product\/7508","targetHints":{"allow":["GET"]}}],"collection":[{"href":"https:\/\/puyapeptide.net\/vi\/wp-json\/wp\/v2\/product"}],"about":[{"href":"https:\/\/puyapeptide.net\/vi\/wp-json\/wp\/v2\/types\/product"}],"replies":[{"embeddable":true,"href":"https:\/\/puyapeptide.net\/vi\/wp-json\/wp\/v2\/comments?post=7508"}],"wp:featuredmedia":[{"embeddable":true,"href":"https:\/\/puyapeptide.net\/vi\/wp-json\/wp\/v2\/media\/2220"}],"wp:attachment":[{"href":"https:\/\/puyapeptide.net\/vi\/wp-json\/wp\/v2\/media?parent=7508"}],"wp:term":[{"taxonomy":"product_brand","embeddable":true,"href":"https:\/\/puyapeptide.net\/vi\/wp-json\/wp\/v2\/product_brand?post=7508"},{"taxonomy":"product_cat","embeddable":true,"href":"https:\/\/puyapeptide.net\/vi\/wp-json\/wp\/v2\/product_cat?post=7508"},{"taxonomy":"product_tag","embeddable":true,"href":"https:\/\/puyapeptide.net\/vi\/wp-json\/wp\/v2\/product_tag?post=7508"}],"curies":[{"name":"wp","href":"https:\/\/api.w.org\/{rel}","templated":true}]}}