{"id":7550,"date":"2021-12-16T08:05:35","date_gmt":"2021-12-16T13:05:35","guid":{"rendered":"https:\/\/puyapeptide.net\/product\/bremelanotide-pt-141-pt141-acetate-cas-189691-06-3-duoc-su-dung-de-dieu-tri-ham-muon-tinh-duc-thap-o-phu-nu\/"},"modified":"2021-12-16T08:05:35","modified_gmt":"2021-12-16T13:05:35","slug":"bremelanotide-pt-141-pt141-acetate-cas-189691-06-3-duoc-su-dung-de-dieu-tri-ham-muon-tinh-duc-thap-o-phu-nu","status":"publish","type":"product","link":"https:\/\/puyapeptide.net\/vi\/product\/bremelanotide-pt-141-pt141-acetate-cas-189691-06-3-duoc-su-dung-de-dieu-tri-ham-muon-tinh-duc-thap-o-phu-nu\/","title":{"rendered":"Bremelanotide \/ PT-141 \/ PT141 Acetate CAS 189691-06-3 \u0111\u01b0\u1ee3c s\u1eed d\u1ee5ng \u0111\u1ec3 \u0111i\u1ec1u tr\u1ecb ham mu\u1ed1n t\u00ecnh d\u1ee5c th\u1ea5p \u1edf ph\u1ee5 n\u1eef"},"content":{"rendered":"<h2><strong>Bremelanotide \/ PT-141 \/ PT141 Acetate CAS 189691-06-3 \u0111\u01b0\u1ee3c s\u1eed d\u1ee5ng \u0111\u1ec3 \u0111i\u1ec1u tr\u1ecb ham mu\u1ed1n t\u00ecnh d\u1ee5c th\u1ea5p \u1edf ph\u1ee5 n\u1eef<\/strong><\/h2>\n<p> T\u00ean s\u1ea3n ph\u1ea9m: Bremelanotide<br \/>\n T\u1eeb \u0111\u1ed3ng ngh\u0129a: BREMELANOTIDE; Brmelanotice; Ac-Nle-cyclo (-Asp-His-D-Phe-Arg-Trp-Lys) -OH; Bremelanotide, PT141, PT-141; BREMELANOTIDE PT141 ; N-Acetyl-L-norleucyl-L-alpha-aspartyl-L-histidyl-D-phenylalanyl-L-arginyl-L-tryptophyl-L-lysine (2-7) -lactam; Bremelanotide, \u03b1-MSH (PT- 141); REMELANOTIDE<br \/>\n CAS: 189691-06-3<br \/>\n MF: C50H68N14O10<br \/>\n MW: 1025.18<br \/>\n EINECS: 211-519-9<br \/>\n Danh m\u1ee5c s\u1ea3n ph\u1ea9m: Peptide<br \/>\n Mol File: 189691 -06-3.mol <\/p>\n<p> PT141, c\u00f2n \u0111\u01b0\u1ee3c g\u1ecdi l\u00e0 Bremelanotide, l\u00e0 m\u1ed9t lo\u1ea1i thu\u1ed1c \u0111\u01b0\u1ee3c s\u1eed d\u1ee5ng \u0111\u1ec3 \u0111i\u1ec1u tr\u1ecb r\u1ed1i lo\u1ea1n ch\u1ee9c n\u0103ng t\u00ecnh d\u1ee5c n\u1eef. PT-141 \u0111\u00e3 cho th\u1ea5y k\u1ebft qu\u1ea3 Chemicalbook d\u01b0\u01a1ng t\u00ednh trong m\u1ed9t th\u1eed nghi\u1ec7m l\u00e2m s\u00e0ng giai \u0111o\u1ea1n I \u0111\u01b0\u1ee3c s\u1eed d\u1ee5ng cho ph\u1ee5 n\u1eef ti\u1ec1n m\u00e3n kinh b\u00ecnh th\u01b0\u1eddng. N\u00f3 gi\u00fap ph\u1ee5 n\u1eef ti\u1ec1n m\u00e3n kinh b\u1ecb gi\u1ea3m ham mu\u1ed1n t\u00ecnh d\u1ee5c \u0111\u1ec3 duy tr\u00ec ham mu\u1ed1n t\u00ecnh d\u1ee5c b\u00ecnh th\u01b0\u1eddng. <\/p>\n<p> <strong>Bremelanotide \/ PT-141 \/ PT141 Acetate CAS 189691-06-3 T\u00ednh ch\u1ea5t h\u00f3a h\u1ecdc<\/strong><br \/>\n m\u1eadt \u0111\u1ed9 1,43<br \/>\n pka 3,37 \u00b1 0,70 (D\u1ef1 \u0111o\u00e1n )<br \/>\n T\u00ednh \u1ed5n \u0111\u1ecbnh: B\u1ed9t \u0111\u00f4ng kh\u00f4 ch\u01b0a pha n\u00ean \u0111\u01b0\u1ee3c b\u1ea3o qu\u1ea3n trong t\u1ee7 l\u1ea1nh theo h\u01b0\u1edbng d\u1eabn c\u1ee7a l\u1ecd. Sau khi pha b\u1eb1ng n\u01b0\u1edbc di\u1ec7t khu\u1ea9n, cho v\u00e0o t\u1ee7 l\u1ea1nh dung d\u1ecbch v\u00e0 s\u1eed d\u1ee5ng trong v\u00f2ng 30 ng\u00e0y. N\u1ebfu s\u1eed d\u1ee5ng dung d\u1ecbch \u0111\u1ec7m, t\u00ednh \u1ed5n \u0111\u1ecbnh s\u1ebd \u0111\u01b0\u1ee3c c\u1ea3i thi\u1ec7n. <\/p>\n<p> <strong>C\u00f4ng d\u1ee5ng c\u1ee7a Bremelanotide \/ PT-141 \/ PT141 Acetate CAS 189691-06-3 \u0110\u1eb7c t\u00ednh h\u00f3a h\u1ecdc<\/strong><br \/>\n \u0110i\u1ec1u tr\u1ecb r\u1ed1i lo\u1ea1n ch\u1ee9c n\u0103ng t\u00ecnh d\u1ee5c (ch\u1ea5t ch\u1ee7 v\u1eadn th\u1ee5 th\u1ec3 melanocortin).<br \/>\n Bremelanotide \u0111\u01b0\u1ee3c s\u1eed d\u1ee5ng \u0111\u1ec3 \u0111i\u1ec1u tr\u1ecb ham mu\u1ed1n t\u00ecnh d\u1ee5c th\u1ea5p \u1edf ph\u1ee5 n\u1eef ch\u01b0a tr\u1ea3i qua th\u1eddi k\u1ef3 m\u00e3n kinh v\u00e0 kh\u00f4ng c\u00f3 ham mu\u1ed1n t\u00ecnh d\u1ee5c th\u1ea5p trong qu\u00e1 kh\u1ee9.<br \/>\n Bremelanotide ch\u1ec9 n\u00ean \u0111\u01b0\u1ee3c s\u1eed d\u1ee5ng \u0111\u1ec3 \u0111i\u1ec1u tr\u1ecb ham mu\u1ed1n t\u00ecnh d\u1ee5c th\u1ea5p x\u1ea3y ra v\u1edbi b\u1ea5t k\u1ef3 lo\u1ea1i ho\u1ea1t \u0111\u1ed9ng t\u00ecnh d\u1ee5c n\u00e0o, trong b\u1ea5t k\u1ef3 t\u00ecnh hu\u1ed1ng t\u00ecnh d\u1ee5c n\u00e0o ho\u1eb7c v\u1edbi b\u1ea5t k\u1ef3 \u0111\u1ed1i t\u00e1c t\u00ecnh d\u1ee5c n\u00e0o.<br \/>\n Bremelanotide kh\u00f4ng \u0111\u01b0\u1ee3c s\u1eed d\u1ee5ng \u0111\u1ec3 \u0111i\u1ec1u tr\u1ecb ham mu\u1ed1n t\u00ecnh d\u1ee5c th\u1ea5p do c\u00e1c v\u1ea5n \u0111\u1ec1 trong quan h\u1ec7, c\u00e1c v\u1ea5n \u0111\u1ec1 s\u1ee9c kh\u1ecfe, b\u1ec7nh t\u00e2m th\u1ea7n ho\u1eb7c do s\u1eed d\u1ee5ng m\u1ed9t s\u1ed1 lo\u1ea1i thu\u1ed1c ho\u1eb7c thu\u1ed1c \u0111i\u1ec1u tr\u1ecb.<\/p>\n","protected":false},"excerpt":{"rendered":"<p>T\u00ean s\u1ea3n ph\u1ea9m: Bremelanotide<br \/>\n CAS: 189691-06-3<br \/>\n MF: C50H68N14O10<br \/>\n MW: 1025.18<br \/>\n EINECS: 211-519-9<br \/>\n Mol T\u1ec7p: 189691-06-3.mol<\/p>\n","protected":false},"featured_media":2136,"comment_status":"open","ping_status":"closed","template":"","meta":{"om_disable_all_campaigns":false,"_monsterinsights_skip_tracking":false,"_monsterinsights_sitenote_active":false,"_monsterinsights_sitenote_note":"","_monsterinsights_sitenote_category":0,"site-sidebar-layout":"default","site-content-layout":"default","ast-site-content-layout":"default","site-content-style":"default","site-sidebar-style":"default","ast-global-header-display":"","ast-banner-title-visibility":"","ast-main-header-display":"","ast-hfb-above-header-display":"","ast-hfb-below-header-display":"","ast-hfb-mobile-header-display":"","site-post-title":"","ast-breadcrumbs-content":"","ast-featured-img":"","footer-sml-layout":"","ast-disable-related-posts":"","theme-transparent-header-meta":"default","adv-header-id-meta":"","stick-header-meta":"","header-above-stick-meta":"","header-main-stick-meta":"","header-below-stick-meta":"","astra-migrate-meta-layouts":"default","ast-page-background-enabled":"default","ast-page-background-meta":{"desktop":{"background-color":"","background-image":"","background-repeat":"repeat","background-position":"center center","background-size":"auto","background-attachment":"scroll","background-type":"","background-media":"","overlay-type":"","overlay-color":"","overlay-opacity":"","overlay-gradient":""},"tablet":{"background-color":"","background-image":"","background-repeat":"repeat","background-position":"center center","background-size":"auto","background-attachment":"scroll","background-type":"","background-media":"","overlay-type":"","overlay-color":"","overlay-opacity":"","overlay-gradient":""},"mobile":{"background-color":"","background-image":"","background-repeat":"repeat","background-position":"center center","background-size":"auto","background-attachment":"scroll","background-type":"","background-media":"","overlay-type":"","overlay-color":"","overlay-opacity":"","overlay-gradient":""}},"ast-content-background-meta":{"desktop":{"background-color":"var(--ast-global-color-5)","background-image":"","background-repeat":"repeat","background-position":"center center","background-size":"auto","background-attachment":"scroll","background-type":"","background-media":"","overlay-type":"","overlay-color":"","overlay-opacity":"","overlay-gradient":""},"tablet":{"background-color":"var(--ast-global-color-5)","background-image":"","background-repeat":"repeat","background-position":"center center","background-size":"auto","background-attachment":"scroll","background-type":"","background-media":"","overlay-type":"","overlay-color":"","overlay-opacity":"","overlay-gradient":""},"mobile":{"background-color":"var(--ast-global-color-5)","background-image":"","background-repeat":"repeat","background-position":"center center","background-size":"auto","background-attachment":"scroll","background-type":"","background-media":"","overlay-type":"","overlay-color":"","overlay-opacity":"","overlay-gradient":""}}},"product_brand":[],"product_cat":[524],"product_tag":[],"class_list":{"0":"post-7550","1":"product","2":"type-product","3":"status-publish","4":"has-post-thumbnail","6":"product_cat-peptide-khac","7":"desktop-align-left","8":"tablet-align-left","9":"mobile-align-left","11":"first","12":"instock","13":"shipping-taxable","14":"product-type-simple"},"_links":{"self":[{"href":"https:\/\/puyapeptide.net\/vi\/wp-json\/wp\/v2\/product\/7550","targetHints":{"allow":["GET"]}}],"collection":[{"href":"https:\/\/puyapeptide.net\/vi\/wp-json\/wp\/v2\/product"}],"about":[{"href":"https:\/\/puyapeptide.net\/vi\/wp-json\/wp\/v2\/types\/product"}],"replies":[{"embeddable":true,"href":"https:\/\/puyapeptide.net\/vi\/wp-json\/wp\/v2\/comments?post=7550"}],"wp:featuredmedia":[{"embeddable":true,"href":"https:\/\/puyapeptide.net\/vi\/wp-json\/wp\/v2\/media\/2136"}],"wp:attachment":[{"href":"https:\/\/puyapeptide.net\/vi\/wp-json\/wp\/v2\/media?parent=7550"}],"wp:term":[{"taxonomy":"product_brand","embeddable":true,"href":"https:\/\/puyapeptide.net\/vi\/wp-json\/wp\/v2\/product_brand?post=7550"},{"taxonomy":"product_cat","embeddable":true,"href":"https:\/\/puyapeptide.net\/vi\/wp-json\/wp\/v2\/product_cat?post=7550"},{"taxonomy":"product_tag","embeddable":true,"href":"https:\/\/puyapeptide.net\/vi\/wp-json\/wp\/v2\/product_tag?post=7550"}],"curies":[{"name":"wp","href":"https:\/\/api.w.org\/{rel}","templated":true}]}}