{"id":7563,"date":"2021-12-16T08:08:16","date_gmt":"2021-12-16T13:08:16","guid":{"rendered":"https:\/\/puyapeptide.net\/product\/ghrp-6-peptide-giai-phong-hormone-tang-truong-hexapeptide-2-cas-87616-84-0\/"},"modified":"2021-12-16T08:08:16","modified_gmt":"2021-12-16T13:08:16","slug":"ghrp-6-peptide-giai-phong-hormone-tang-truong-hexapeptide-2-cas-87616-84-0","status":"publish","type":"product","link":"https:\/\/puyapeptide.net\/vi\/product\/ghrp-6-peptide-giai-phong-hormone-tang-truong-hexapeptide-2-cas-87616-84-0\/","title":{"rendered":"GHRP-6 \/ Peptide gi\u1ea3i ph\u00f3ng hormone t\u0103ng tr\u01b0\u1edfng \/ Hexapeptide-2 CAS 87616-84-0"},"content":{"rendered":"<h2><strong>GHRP-6 \/ Peptide gi\u1ea3i ph\u00f3ng hormone t\u0103ng tr\u01b0\u1edfng \/ Hexapeptide-2 CAS 87616-84-0<\/strong><\/h2>\n<p> T\u00ean s\u1ea3n ph\u1ea9m: Peptide gi\u1ea3i ph\u00f3ng hormone t\u0103ng tr\u01b0\u1edfng<br \/>\n T\u1eeb \u0111\u1ed3ng ngh\u0129a: D-TRP7, ALA8, D-PHE10] -A-MELANOCYTESTIMULATINGHORMONEAMIDEFRAGMENT6-11; (2S) -6-amino-2 &#8211; [[2 &#8211; [[(2S ) -2 &#8211; [[(2S) -2 &#8211; [[(2R) -2 &#8211; [[(2S) -2-amino-3- (3H-imidazol-4-yl) propanoyl] amino] -3- (1H -indol-3-yl) propanoyl] amino] propanoyl] amino] -3- (1H-indol-3-yl) propanoyl] amino] -3-phenyl-propanoyl] amino] hexanamide; peptit gi\u1ea3i ph\u00f3ng hormone t\u0103ng tr\u01b0\u1edfng; (D- trp7, ala8, D-phe10) -A-melanocyte * k\u00edch th\u00edch ho; (D-TRP7, ALA8, D-PHE10) -A-MELANOCYTE * STIMU LATING HORM; T\u0103ng tr\u01b0\u1edfng; [d-trp7, ala8, d-phe10] &#8211; \u03b1-melanocyte k\u00edch th\u00edch hormone amide \u0111o\u1ea1n 6-11; Peptide \u0111\u1ed9 tinh khi\u1ebft cao Ghrp-6 cho kh\u1ed1i l\u01b0\u1ee3ng c\u01a1 n\u1ea1c CAS NO.87616-84-0 CAS NO.87616-84-0<br \/>\n CAS: 87616-84-0<br \/>\n MF: C46H56N12O6<br \/>\n MW: 873.01<br \/>\n EINECS:<br \/>\n Danh m\u1ee5c s\u1ea3n ph\u1ea9m: Peptide; GHRP6; hgh<br \/>\n Mol File: 87616-84-0.mol <\/p>\n<p> V\u1ec1 c\u01a1 b\u1ea3n, n\u00f3 l\u00e0 m\u1ed9t b\u00ed m\u1eadt, c\u00f3 kh\u1ea3 n\u0103ng t\u1ea1o \u0111i\u1ec1u ki\u1ec7n thu\u1eadn l\u1ee3i cho vi\u1ec7c t\u0103ng hi\u1ec7u qu\u1ea3 m\u1ee9c \u0111\u1ed9 b\u00e0i ti\u1ebft t\u1ef1 nhi\u00ean trong c\u01a1 th\u1ec3 c\u1ee7a ch\u00fang ta. \u0110\u1ed3ng th\u1eddi, h\u1ee3p ch\u1ea5t n\u00e0y c\u0169ng c\u00f3 th\u1ec3 t\u1ea1o \u0111i\u1ec1u ki\u1ec7n cho kh\u1ed1i l\u01b0\u1ee3ng c\u01a1 th\u1ec3 t\u0103ng l\u00ean \u0111\u1ed9t ng\u1ed9t v\u00e0 mang l\u1ea1i hi\u1ec7u qu\u1ea3 gi\u1ea3m \u0111\u00e1ng k\u1ec3 l\u01b0\u1ee3ng m\u1ee1 trong c\u01a1 th\u1ec3. GHRP 6 c\u0169ng bao g\u1ed3m c\u00e1c axit amin d nh\u00e2n t\u1ea1o d\u1eabn d\u1eaft c\u01a1 th\u1ec3 gi\u1ea3i ph\u00f3ng. GHRP 6 kh\u00f4ng \u0111\u01b0\u1ee3c bi\u1ebft l\u00e0 ho\u1ea1t \u0111\u1ed9ng t\u1ed1t, v\u00ec v\u1eady n\u00f3 ho\u1ea1t \u0111\u1ed9ng t\u1ea1i th\u1ee5 th\u1ec3 thay cho th\u1ee5 th\u1ec3 \u0111\u00f3. <\/p>\n<p> N\u00f3 l\u00e0 m\u1ed9t h\u1ee3p ch\u1ea5t c\u00f3 m\u1ed9t chu\u1ed7i duy nh\u1ea5t bao g\u1ed3m 6 axit amin ch\u1ecbu tr\u00e1ch nhi\u1ec7m cho c\u01a1 th\u1ec3 ch\u00fang ta bi\u1ebft khi n\u00e0o n\u00f3 c\u00f3 \u0111\u1ec3 b\u1eaft \u0111\u1ea7u gi\u1ea3i ph\u00f3ng ch\u1ea5t ti\u1ebft. N\u00f3 c\u0169ng ng\u0103n ch\u1eb7n somatostatin, m\u1ed9t s\u1eebng ch\u1ecbu tr\u00e1ch nhi\u1ec7m ch\u00ednh trong vi\u1ec7c ng\u0103n ch\u1ea5t ti\u1ebft ti\u1ebft ra. <\/p>\n<p> C\u00f4ng d\u1ee5ng ch\u00ednh c\u1ee7a n\u00f3 l\u00e0 th\u00fac \u0111\u1ea9y ti\u00eau th\u1ee5 th\u1ee9c \u0103n b\u1eb1ng c\u00e1ch b\u1eaft \u0111\u1ea7u c\u1ea3m gi\u00e1c \u0111\u00f3i v\u00e0 c\u1ea3i thi\u1ec7n m\u1ed9t ng\u01b0\u1eddi. chuy\u1ec3n h\u00f3a n\u0103ng l\u01b0\u1ee3ng. H\u1ee3p ch\u1ea5t n\u00e0y c\u0169ng \u0111\u00e3 \u0111\u01b0\u1ee3c s\u1eed d\u1ee5ng r\u1ed9ng r\u00e3i \u0111\u1ec3 \u0111i\u1ec1u tr\u1ecb ch\u1ee9ng thi\u1ebfu s\u1eebng c\u00f9ng v\u1edbi c\u00e1c bi\u1ebfn ch\u1ee9ng kh\u00e1c nh\u01b0 b\u00e9o ph\u00ec v\u00e0 r\u1ed1i lo\u1ea1n \u0103n u\u1ed1ng. <\/p>\n<p> M\u1eb7c d\u00f9, n\u00f3 c\u00f2n t\u01b0\u01a1ng \u0111\u1ed1i m\u1edbi tr\u00ean th\u1ecb tr\u01b0\u1eddng, nh\u01b0ng n\u00f3 \u0111\u00e3 tr\u1edf n\u00ean n\u1ed5i ti\u1ebfng nh\u01b0 m\u1ed9t ch\u1ea5t t\u0103ng c\u01b0\u1eddng hi\u1ec7u su\u1ea5t. N\u00f3 \u0111ang \u0111\u01b0\u1ee3c cung c\u1ea5p tr\u00ean th\u1ecb tr\u01b0\u1eddng b\u1edfi m\u1ed9t s\u1ed1 c\u00f4ng ty nghi\u00ean c\u1ee9u. <\/p>\n<p> <strong>GHRP-6 \/ Peptide gi\u1ea3i ph\u00f3ng hormone t\u0103ng tr\u01b0\u1edfng \/ Hexapeptide-2 T\u00ednh ch\u1ea5t h\u00f3a h\u1ecdc CAS 87616-84-0<\/strong><br \/>\n \u0110i\u1ec3m s\u00f4i 1407,0 \u00b1 65,0 \u00b0 C ( D\u1ef1 \u0111o\u00e1n)<br \/>\n m\u1eadt \u0111\u1ed9 1,333 \u00b1 0,06 g \/ cm3 (D\u1ef1 \u0111o\u00e1n)<br \/>\n nhi\u1ec7t \u0111\u1ed9 b\u1ea3o qu\u1ea3n. \u221220 \u00b0 C<br \/>\n pka 13,42 \u00b1 0,46 (D\u1ef1 \u0111o\u00e1n)<br \/>\n CAS DataBase Reference 87616-84-0 (CAS DataBase Reference) <\/p>\n<p> <strong>S\u1eed d\u1ee5ng GHRP-6 \/ peptide gi\u1ea3i ph\u00f3ng hormone t\u0103ng tr\u01b0\u1edfng \/ Hexapeptide-2 CAS 87616-84-0<\/strong><br \/>\n N\u00f3 tr\u1ef1c ti\u1ebfp k\u00edch th\u00edch tuy\u1ebfn y\u00ean tr\u01b0\u1edbc m\u00e0 sau \u0111\u00f3 d\u1eabn \u0111\u1ebfn s\u1ef1 gia t\u0103ng s\u1ef1 gi\u1ea3i ph\u00f3ng trong c\u01a1 th\u1ec3. V\u00ec GHRP 6 \u1ea3nh h\u01b0\u1edfng tr\u1ef1c ti\u1ebfp \u0111\u1ebfn v\u00f2ng ph\u1ea3n h\u1ed3i g\u00e2y ra nh\u1eefng thay \u0111\u1ed5i trong qu\u00e1 tr\u00ecnh \u1ee9c ch\u1ebf gi\u1ea3i ph\u00f3ng, n\u00f3 c\u00f3 th\u1ec3 \u0111\u01b0\u1ee3c s\u1eed d\u1ee5ng \u0111\u1ec3 kh\u00f4i ph\u1ee5c qu\u00e1 tr\u00ecnh s\u1ea3n xu\u1ea5t t\u1ef1 nhi\u00ean n\u1ebfu qu\u00e1 tr\u00ecnh b\u00e0i ti\u1ebft t\u1ef1 nhi\u00ean b\u1ecb suy gi\u1ea3m do s\u1eed d\u1ee5ng nh\u00e2n t\u1ea1o trong th\u1eddi gian d\u00e0i. GHRP 6 c\u0169ng \u0111\u01b0\u1ee3c b\u00e1o c\u00e1o l\u00e0 c\u00f3 t\u00e1c \u0111\u1ed9ng \u0111\u1ebfn h\u1ec7 th\u1ea7n kinh c\u1ee7a ch\u00fang ta. Ch\u00fang c\u00f3 kh\u1ea3 n\u0103ng b\u1ea3o v\u1ec7 t\u1ebf b\u00e0o th\u1ea7n kinh v\u00e0 t\u0103ng s\u1ee9c m\u1ea1nh c\u1ee7a m\u1ed9t ng\u01b0\u1eddi. Ho\u1ea1t \u0111\u1ed9ng c\u1ee7a GHRP 6 r\u1ea5t gi\u1ed1ng v\u1edbi ho\u1ea1t \u0111\u1ed9ng c\u1ee7a m\u1ed9t s\u1ed1 lo\u1ea1i b\u1ed9t th\u00f4 trong gia \u0111\u00ecnh.<\/p>\n","protected":false},"excerpt":{"rendered":"<p>T\u00ean s\u1ea3n ph\u1ea9m: Peptide gi\u1ea3i ph\u00f3ng hormone t\u0103ng tr\u01b0\u1edfng<br \/>\n CAS: 87616-84-0<br \/>\n MF: C46H56N12O6<br \/>\n MW: 873.01<br \/>\n Mol T\u1ec7p: 87616-84-0.mol<\/p>\n","protected":false},"featured_media":2115,"comment_status":"open","ping_status":"closed","template":"","meta":{"om_disable_all_campaigns":false,"_monsterinsights_skip_tracking":false,"_monsterinsights_sitenote_active":false,"_monsterinsights_sitenote_note":"","_monsterinsights_sitenote_category":0,"site-sidebar-layout":"default","site-content-layout":"default","ast-site-content-layout":"default","site-content-style":"default","site-sidebar-style":"default","ast-global-header-display":"","ast-banner-title-visibility":"","ast-main-header-display":"","ast-hfb-above-header-display":"","ast-hfb-below-header-display":"","ast-hfb-mobile-header-display":"","site-post-title":"","ast-breadcrumbs-content":"","ast-featured-img":"","footer-sml-layout":"","ast-disable-related-posts":"","theme-transparent-header-meta":"default","adv-header-id-meta":"","stick-header-meta":"","header-above-stick-meta":"","header-main-stick-meta":"","header-below-stick-meta":"","astra-migrate-meta-layouts":"default","ast-page-background-enabled":"default","ast-page-background-meta":{"desktop":{"background-color":"","background-image":"","background-repeat":"repeat","background-position":"center center","background-size":"auto","background-attachment":"scroll","background-type":"","background-media":"","overlay-type":"","overlay-color":"","overlay-opacity":"","overlay-gradient":""},"tablet":{"background-color":"","background-image":"","background-repeat":"repeat","background-position":"center center","background-size":"auto","background-attachment":"scroll","background-type":"","background-media":"","overlay-type":"","overlay-color":"","overlay-opacity":"","overlay-gradient":""},"mobile":{"background-color":"","background-image":"","background-repeat":"repeat","background-position":"center center","background-size":"auto","background-attachment":"scroll","background-type":"","background-media":"","overlay-type":"","overlay-color":"","overlay-opacity":"","overlay-gradient":""}},"ast-content-background-meta":{"desktop":{"background-color":"var(--ast-global-color-5)","background-image":"","background-repeat":"repeat","background-position":"center center","background-size":"auto","background-attachment":"scroll","background-type":"","background-media":"","overlay-type":"","overlay-color":"","overlay-opacity":"","overlay-gradient":""},"tablet":{"background-color":"var(--ast-global-color-5)","background-image":"","background-repeat":"repeat","background-position":"center center","background-size":"auto","background-attachment":"scroll","background-type":"","background-media":"","overlay-type":"","overlay-color":"","overlay-opacity":"","overlay-gradient":""},"mobile":{"background-color":"var(--ast-global-color-5)","background-image":"","background-repeat":"repeat","background-position":"center center","background-size":"auto","background-attachment":"scroll","background-type":"","background-media":"","overlay-type":"","overlay-color":"","overlay-opacity":"","overlay-gradient":""}}},"product_brand":[],"product_cat":[524],"product_tag":[],"class_list":{"0":"post-7563","1":"product","2":"type-product","3":"status-publish","4":"has-post-thumbnail","6":"product_cat-peptide-khac","7":"desktop-align-left","8":"tablet-align-left","9":"mobile-align-left","11":"first","12":"instock","13":"shipping-taxable","14":"product-type-simple"},"_links":{"self":[{"href":"https:\/\/puyapeptide.net\/vi\/wp-json\/wp\/v2\/product\/7563","targetHints":{"allow":["GET"]}}],"collection":[{"href":"https:\/\/puyapeptide.net\/vi\/wp-json\/wp\/v2\/product"}],"about":[{"href":"https:\/\/puyapeptide.net\/vi\/wp-json\/wp\/v2\/types\/product"}],"replies":[{"embeddable":true,"href":"https:\/\/puyapeptide.net\/vi\/wp-json\/wp\/v2\/comments?post=7563"}],"wp:featuredmedia":[{"embeddable":true,"href":"https:\/\/puyapeptide.net\/vi\/wp-json\/wp\/v2\/media\/2115"}],"wp:attachment":[{"href":"https:\/\/puyapeptide.net\/vi\/wp-json\/wp\/v2\/media?parent=7563"}],"wp:term":[{"taxonomy":"product_brand","embeddable":true,"href":"https:\/\/puyapeptide.net\/vi\/wp-json\/wp\/v2\/product_brand?post=7563"},{"taxonomy":"product_cat","embeddable":true,"href":"https:\/\/puyapeptide.net\/vi\/wp-json\/wp\/v2\/product_cat?post=7563"},{"taxonomy":"product_tag","embeddable":true,"href":"https:\/\/puyapeptide.net\/vi\/wp-json\/wp\/v2\/product_tag?post=7563"}],"curies":[{"name":"wp","href":"https:\/\/api.w.org\/{rel}","templated":true}]}}