{"id":7569,"date":"2021-12-16T08:08:18","date_gmt":"2021-12-16T13:08:18","guid":{"rendered":"https:\/\/puyapeptide.net\/product\/pralmorelin-ghrp-2-cas-158861-67-7-danh-cho-nghien-cuu-phong-thi-nghiem\/"},"modified":"2021-12-16T08:08:18","modified_gmt":"2021-12-16T13:08:18","slug":"pralmorelin-ghrp-2-cas-158861-67-7-danh-cho-nghien-cuu-phong-thi-nghiem","status":"publish","type":"product","link":"https:\/\/puyapeptide.net\/vi\/product\/pralmorelin-ghrp-2-cas-158861-67-7-danh-cho-nghien-cuu-phong-thi-nghiem\/","title":{"rendered":"Pralmorelin \/ GHRP-2 CAS 158861-67-7 D\u00e0nh cho Nghi\u00ean c\u1ee9u Ph\u00f2ng th\u00ed nghi\u1ec7m"},"content":{"rendered":"<h2><strong>Pralmorelin \/ GHRP-2 CAS 158861-67-7 D\u00e0nh cho Nghi\u00ean c\u1ee9u Ph\u00f2ng th\u00ed nghi\u1ec7m<\/strong><\/h2>\n<p> T\u00ean s\u1ea3n ph\u1ea9m: Pralmorelin \/ GHRP-2<br \/>\n T\u1eeb \u0111\u1ed3ng ngh\u0129a: d-ala-\u03b2- (2-naphthyl) -d-ala-trp-d-phe-lys amide; L-Lysinamide, D-alanyl-3 &#8211; (2-naphthalenyl) -D-alanyl-L-alanyl-L-tryptophyl-D-phenylalanyl-; PRALMORELIN; D-ALA-D-NAL (2) -ALA-TRP-D-PHE-LYS-NH2 MU\u1ed0I ACETATE ; D-ALA-BETA- (2-NAPHTHYL) -D-ALA-TRP-D-PHE-LYS AMIDE; D-ALA-D-2-NAL-ALA-TRP-D-PHE-LYS-NH2; (DES -ALA3, D-ALA1, D-2-NAL2) -GHRP-6; (DES-ALA3) -GHRP-2<br \/>\n CAS: 158861-67-7<br \/>\n MF: C45H55N9O6<br \/>\n MW: 817,97 &lt; &amp;&gt; EINECS: 206-616-8<br \/>\n Danh m\u1ee5c s\u1ea3n ph\u1ea9m: Peptide; Peptide; GHRP2; hgh<br \/>\n Mol T\u1ec7p: 158861-67-7.mol <\/p>\n<p> GHRP 2 (Gi\u1ea3i ph\u00f3ng Peptide 2) l\u00e0 m\u1ed9t ch\u1ea5t b\u00ed m\u1eadt c\u1ee7a l\u1edbp hexapeptit. Chia s\u1ebb nhi\u1ec1u \u0111i\u1ec3m t\u01b0\u01a1ng \u0111\u1ed3ng v\u1edbi GHRP 6, GHRP 2 l\u00e0 s\u1ea3n ph\u1ea9m \u0111\u1ea7u ti\u00ean trong l\u1edbp n\u00e0y v\u00e0 trong nhi\u1ec1u v\u00f2ng k\u1ebft n\u1ed1i, \u0111\u01b0\u1ee3c coi l\u00e0 s\u1ef1 l\u1ef1a ch\u1ecdn t\u1ed1t h\u01a1n gi\u1eefa n\u00f3 v\u00e0 GHRP 6. N\u00f3 kh\u00f4ng th\u01b0\u1eddng \u0111\u01b0\u1ee3c s\u1eed d\u1ee5ng m\u1ed9t m\u00ecnh m\u00e0 h\u1ea7u nh\u01b0 lu\u00f4n \u0111\u01b0\u1ee3c s\u1eed d\u1ee5ng v\u1edbi Ph\u00e1t h\u00e0nh (GHRH) . H\u1ee3p ch\u1ea5t n\u00e0y c\u0169ng c\u00f3 th\u1ec3 th\u01b0\u1eddng \u0111\u01b0\u1ee3c t\u00ecm th\u1ea5y d\u01b0\u1edbi t\u00ean P&#39;ralmorelin ho\u1eb7c GHRP Kaken 100. Tuy nhi\u00ean, trong h\u1ea7u h\u1ebft c\u00e1c v\u00f2ng k\u1ebft n\u1ed1i d\u01b0\u1ee3c ph\u1ea9m v\u00e0 hi\u1ec7u su\u1ea5t, trong nh\u1eefng n\u0103m g\u1ea7n \u0111\u00e2y, n\u00f3 th\u01b0\u1eddng \u0111\u01b0\u1ee3c g\u1ecdi l\u00e0 GHRP 2. <\/p>\n<p> G &#39; hrelin kh\u00f4ng ch\u1ec9 \u0111\u1ec3 th\u00fac \u0111\u1ea9y qu\u00e1 tr\u00ecnh ph\u00e1t tri\u1ec3n m\u00e0 c\u00f2n c\u00f3 c\u00e1c t\u00e1c d\u1ee5ng sinh h\u1ecdc kh\u00e1c, ch\u1eb3ng h\u1ea1n nh\u01b0 trung gian nu\u00f4i d\u01b0\u1ee1ng v\u00e0 chuy\u1ec3n h\u00f3a n\u0103ng l\u01b0\u1ee3ng, ch\u1ee9c n\u0103ng tim m\u1ea1ch, ki\u1ec3m so\u00e1t ch\u1ee9c n\u0103ng ti\u00eau h\u00f3a v\u00e0 \u1ee9c ch\u1ebf t\u0103ng sinh t\u1ebf b\u00e0o kh\u1ed1i u, v.v. C\u00e1c nghi\u00ean c\u1ee9u g\u1ea7n \u0111\u00e2y \u0111\u00e3 ch\u1ec9 ra r\u1eb1ng n\u1ed3ng \u0111\u1ed9 g&#39;hrelin trong huy\u1ebft thanh c\u00f3 t\u01b0\u01a1ng quan thu\u1eadn v\u1edbi BMD, v\u00ec v\u1eady ghrelin c\u00f3 th\u1ec3 tham gia v\u00e0o qu\u00e1 tr\u00ecnh trao \u0111\u1ed5i ch\u1ea5t c\u1ee7a m\u00f4 x\u01b0\u01a1ng, \u1ea3nh h\u01b0\u1edfng \u0111\u1ebfn ch\u1ee9c n\u0103ng c\u1ee7a nguy\u00ean b\u00e0o x\u01b0\u01a1ng. <\/p>\n<p> <strong>Pralmorelin \/ GHRP-2 CAS 158861-67- 7 T\u00ednh ch\u1ea5t h\u00f3a h\u1ecdc<\/strong><br \/>\n \u0110i\u1ec3m s\u00f4i 1265,3 \u00b1 65,0 \u00b0 C (D\u1ef1 \u0111o\u00e1n)<br \/>\n t\u1ef7 tr\u1ecdng 1.270 \u00b1 0,06 g \/ cm3 (D\u1ef1 \u0111o\u00e1n)<br \/>\n nhi\u1ec7t \u0111\u1ed9 b\u1ea3o qu\u1ea3n. \u221220 \u00b0 C<br \/>\n t\u1ea1o th\u00e0nh b\u1ed9t \u0111\u00f4ng kh\u00f4<br \/>\n pka 13,40 \u00b1 0,46 (D\u1ef1 \u0111o\u00e1n)<br \/>\n m\u00e0u tr\u1eafng \u0111\u1ebfn m\u00e0u be<br \/>\n CAS DataBase Reference 158861-67-7 (CAS DataBase Reference) <\/p>\n<p> <strong>C\u00e1ch s\u1eed d\u1ee5ng c\u1ee7a Pralmorelin \/ GHRP-2 CAS 158861-67-7<\/strong> <\/p>\n<p> 1. Tuy nhi\u00ean, th\u1eddi gian b\u00e1n h\u1ee7y c\u1ee7a GHRP 2 kh\u00e1 ng\u1eafn, v\u1edbi \u0111\u1ec9nh c\u1ee7a n\u00f3 x\u1ea3y ra kho\u1ea3ng 15 ph\u00fat sau khi s\u1eed d\u1ee5ng ho\u1eb7c mu\u1ed9n nh\u1ea5t l\u00e0 m\u1ed9t gi\u1edd sau \u0111\u00f3. T\u1ed1t nh\u1ea5t, li\u1ec7u ph\u00e1p n\u00e0y n\u00ean \u0111\u01b0\u1ee3c th\u1ef1c hi\u1ec7n \u0111\u1ecbnh k\u1ef3 h\u00e0ng ng\u00e0y. <\/p>\n<p> 2. T\u01b0\u01a1ng t\u1ef1 nh\u01b0 GHRP 6, GHRP 2 l\u00e0 d\u1ea1ng t\u1ed5ng h\u1ee3p th\u01b0\u01a1ng m\u1ea1i c\u00f3 th\u1ec3 k\u00edch th\u00edch b\u00e0i ti\u1ebft t\u1ed1t h\u01a1n nhi\u1ec1u v\u00e0 k\u00edch th\u00edch m\u1ee9c PRL, cortisol v\u00e0 ACTH t\u1ed1t h\u01a1n m\u1ed9t ch\u00fat. M\u1eb7t kh\u00e1c, \u0111\u1ed1i v\u1edbi g&#39;hrelin, n\u00f3 ho\u1ea1t \u0111\u1ed9ng gi\u1ed1ng nh\u01b0 m\u1ed9t ch\u1ea5t ch\u1ee7 v\u1eadn t\u1ed5ng h\u1ee3p c\u00f3 th\u1ec3 k\u1ebft n\u1ed1i v\u1edbi th\u1ee5 th\u1ec3 c\u1ee7a c\u01a1 quan ti\u1ebft d\u1ecbch. GHRP 2 c\u0169ng c\u00f3 th\u1ec3 l\u00e0m t\u0103ng m\u1ee9c \u0111\u1ed9 d\u00f2ng ch\u1ea3y ion canxi v\u00e0 do \u0111\u00f3, gi\u1ea3i ph\u00f3ng nhi\u1ec1u hormone h\u01a1n n\u1eefa. <\/p>\n<p> 3. B\u00ean c\u1ea1nh \u0111\u00f3, m\u1ed9t s\u1ed1 nghi\u00ean c\u1ee9u \u0111\u00e3 \u0111\u01b0\u1ee3c th\u1ef1c hi\u1ec7n ch\u1ee9ng minh n\u00f3 t\u01b0\u01a1ng t\u1ef1 nh\u01b0 th\u1ebf n\u00e0o v\u1edbi hi\u1ec7u qu\u1ea3 c\u1ee7a GRF. Tr\u00ean th\u1ef1c t\u1ebf, n\u00f3 \u0111\u00e3 \u0111\u01b0\u1ee3c ch\u1ee9ng minh l\u00e0 m\u1ea1nh h\u01a1n nhi\u1ec1u so v\u1edbi b\u1ea5t k\u1ef3 ch\u1ea5t ti\u1ebft gi\u1ea3i ph\u00f3ng G H n\u00e0o kh\u00e1c \u0111\u01b0\u1ee3c bi\u1ebft \u0111\u1ebfn tr\u01b0\u1edbc \u0111\u00e2y, bao g\u1ed3m GHRP 1 v\u00e0 GHRP 6. Do \u0111\u00f3, hormone n\u00e0y th\u01b0\u1eddng \u0111\u01b0\u1ee3c s\u1eed d\u1ee5ng \u0111\u1ec3 \u0111i\u1ec1u tr\u1ecb c\u00e1c ch\u1ee9ng thi\u1ebfu h\u1ee5t d\u1ecb h\u00f3a. v\u00e0 c\u00e1c ti\u1ec3u bang ng\u00e0y nay.<\/p>\n","protected":false},"excerpt":{"rendered":"<p>T\u00ean s\u1ea3n ph\u1ea9m: Pralmorelin \/ GHRP-2<br \/>\n CAS: 158861-67-7<br \/>\n MF: C45H55N9O6<br \/>\n MW: 817,97<br \/>\n EINECS: 206-616-8<br \/>\n Mol T\u1ec7p: 158861-67- 7.mol<\/p>\n","protected":false},"featured_media":2283,"comment_status":"open","ping_status":"closed","template":"","meta":{"om_disable_all_campaigns":false,"_monsterinsights_skip_tracking":false,"_monsterinsights_sitenote_active":false,"_monsterinsights_sitenote_note":"","_monsterinsights_sitenote_category":0,"site-sidebar-layout":"default","site-content-layout":"default","ast-site-content-layout":"default","site-content-style":"default","site-sidebar-style":"default","ast-global-header-display":"","ast-banner-title-visibility":"","ast-main-header-display":"","ast-hfb-above-header-display":"","ast-hfb-below-header-display":"","ast-hfb-mobile-header-display":"","site-post-title":"","ast-breadcrumbs-content":"","ast-featured-img":"","footer-sml-layout":"","ast-disable-related-posts":"","theme-transparent-header-meta":"default","adv-header-id-meta":"","stick-header-meta":"","header-above-stick-meta":"","header-main-stick-meta":"","header-below-stick-meta":"","astra-migrate-meta-layouts":"default","ast-page-background-enabled":"default","ast-page-background-meta":{"desktop":{"background-color":"","background-image":"","background-repeat":"repeat","background-position":"center center","background-size":"auto","background-attachment":"scroll","background-type":"","background-media":"","overlay-type":"","overlay-color":"","overlay-opacity":"","overlay-gradient":""},"tablet":{"background-color":"","background-image":"","background-repeat":"repeat","background-position":"center center","background-size":"auto","background-attachment":"scroll","background-type":"","background-media":"","overlay-type":"","overlay-color":"","overlay-opacity":"","overlay-gradient":""},"mobile":{"background-color":"","background-image":"","background-repeat":"repeat","background-position":"center center","background-size":"auto","background-attachment":"scroll","background-type":"","background-media":"","overlay-type":"","overlay-color":"","overlay-opacity":"","overlay-gradient":""}},"ast-content-background-meta":{"desktop":{"background-color":"var(--ast-global-color-5)","background-image":"","background-repeat":"repeat","background-position":"center center","background-size":"auto","background-attachment":"scroll","background-type":"","background-media":"","overlay-type":"","overlay-color":"","overlay-opacity":"","overlay-gradient":""},"tablet":{"background-color":"var(--ast-global-color-5)","background-image":"","background-repeat":"repeat","background-position":"center center","background-size":"auto","background-attachment":"scroll","background-type":"","background-media":"","overlay-type":"","overlay-color":"","overlay-opacity":"","overlay-gradient":""},"mobile":{"background-color":"var(--ast-global-color-5)","background-image":"","background-repeat":"repeat","background-position":"center center","background-size":"auto","background-attachment":"scroll","background-type":"","background-media":"","overlay-type":"","overlay-color":"","overlay-opacity":"","overlay-gradient":""}}},"product_brand":[],"product_cat":[524],"product_tag":[2190],"class_list":{"0":"post-7569","1":"product","2":"type-product","3":"status-publish","4":"has-post-thumbnail","6":"product_cat-peptide-khac","7":"product_tag-pralmorelin-ghrp-2-cas-158861-67-7-for-lab-research-vi","8":"desktop-align-left","9":"tablet-align-left","10":"mobile-align-left","12":"first","13":"instock","14":"shipping-taxable","15":"product-type-simple"},"_links":{"self":[{"href":"https:\/\/puyapeptide.net\/vi\/wp-json\/wp\/v2\/product\/7569","targetHints":{"allow":["GET"]}}],"collection":[{"href":"https:\/\/puyapeptide.net\/vi\/wp-json\/wp\/v2\/product"}],"about":[{"href":"https:\/\/puyapeptide.net\/vi\/wp-json\/wp\/v2\/types\/product"}],"replies":[{"embeddable":true,"href":"https:\/\/puyapeptide.net\/vi\/wp-json\/wp\/v2\/comments?post=7569"}],"wp:featuredmedia":[{"embeddable":true,"href":"https:\/\/puyapeptide.net\/vi\/wp-json\/wp\/v2\/media\/2283"}],"wp:attachment":[{"href":"https:\/\/puyapeptide.net\/vi\/wp-json\/wp\/v2\/media?parent=7569"}],"wp:term":[{"taxonomy":"product_brand","embeddable":true,"href":"https:\/\/puyapeptide.net\/vi\/wp-json\/wp\/v2\/product_brand?post=7569"},{"taxonomy":"product_cat","embeddable":true,"href":"https:\/\/puyapeptide.net\/vi\/wp-json\/wp\/v2\/product_cat?post=7569"},{"taxonomy":"product_tag","embeddable":true,"href":"https:\/\/puyapeptide.net\/vi\/wp-json\/wp\/v2\/product_tag?post=7569"}],"curies":[{"name":"wp","href":"https:\/\/api.w.org\/{rel}","templated":true}]}}