{"id":7618,"date":"2021-12-16T10:22:56","date_gmt":"2021-12-16T15:22:56","guid":{"rendered":"https:\/\/puyapeptide.net\/product\/cjc-1295-cas-863288-34-0-voi-gia-tot\/"},"modified":"2021-12-16T10:22:56","modified_gmt":"2021-12-16T15:22:56","slug":"cjc-1295-cas-863288-34-0-voi-gia-tot","status":"publish","type":"product","link":"https:\/\/puyapeptide.net\/vi\/product\/cjc-1295-cas-863288-34-0-voi-gia-tot\/","title":{"rendered":"CJC 1295 CAS 863288-34-0 v\u1edbi gi\u00e1 t\u1ed1t"},"content":{"rendered":"<h2><strong>CJC 1295 CAS 863288-34-0 v\u1edbi gi\u00e1 t\u1ed1t<\/strong><\/h2>\n<p> T\u00ean s\u1ea3n ph\u1ea9m: CJC1295<br \/>\n T\u1eeb \u0111\u1ed3ng ngh\u0129a: CJC1295; Y (d -A) DAIFTQSYRKVLAQLSARKLLQDILSR-NH2; L-Tyrosyl-D-alanyl-L-alpha-aspartyl-L-alanyl-L-isoleucyl-L-phenylalanyl- L-threonyl-L-glutaminyl-L-seryl-L-tyrosyl-L-arginyl-L-lysyl-L-valyl-L-leucyl-L-alanyl-L-glutaminyl-L-seryl-L-alanyl-L- arginyl-L-lysyl-L-leucyl-L-leucyl-L-glutaminyl-L-alpha-aspartyl-L-isoleucyl-L-leucyl-L-seryl-L-arginyl-N6- [3- (2,5- dihydro-2,5-dioxo-1H-pyrrol-1-yl) -1-oxopropyl] -L-lysinamide; CJC-1295 CJC-1295; CJC-1295 Acetate; CJC1295 kh\u00f4ng c\u00f3 DAC; -L-arginyl-L- lysyl-L-leucyl-L-leucyl-L-glutaminyl; L-Tyrosyl-D-alanyl-L-\u03b1-aspartyl-L-alanyl-L-isoleucyl-L-phenylalanyl-L-allothreonyl-L-glutaminyl-L- seryl-L-tyrosyl-L-arginyl-L-lysyl-L-valyl-L-leucyl-L-alanyl-L-glutaminyl-L-leucyl-L-seryl-L-alanyl<br \/>\n CAS: 863288-34- 0<br \/>\n MF: C152H252N44O42<br \/>\n MW: 3367.89688<br \/>\n EINECS: 206-141-6<br \/>\n Danh m\u1ee5c s\u1ea3n ph\u1ea9m: Peptide; CJC<br \/>\n Mol T\u1ec7p: 863288-34-0.mol<br \/>\n &lt;&amp; &gt; Cjc-1295 l\u00e0 m\u1ed9t ch\u1ea5t t\u01b0\u01a1ng t\u1ef1 GHRH (hormone gi\u1ea3i ph\u00f3ng hormone t\u0103ng tr\u01b0\u1edfng) t\u1ed5ng h\u1ee3p bao g\u1ed3m 30 axit amin. Ng\u01b0\u1eddi ta \u0111\u00e3 ph\u00e1t hi\u1ec7n ra r\u1eb1ng CJC-1295 c\u00f3 hi\u1ec7u qu\u1ea3 cao trong vi\u1ec7c t\u0103ng ti\u1ebft hormone t\u0103ng tr\u01b0\u1edfng v\u00e0 IGF-1 m\u00e0 kh\u00f4ng \u1ea3nh h\u01b0\u1edfng ti\u00eau c\u1ef1c \u0111\u1ebfn nh\u1ecbp \u0111i\u1ec7u ti\u1ebft GH. C\u00f4ng d\u1ee5ng ch\u00ednh c\u1ee7a CJC-1295 l\u00e0 cung c\u1ea5p l\u01b0\u1ee3ng GH t\u0103ng l\u00ean, \u0111i\u1ec1u n\u00e0y c\u0169ng l\u00e0m t\u0103ng m\u1ee9c IGF-1. Phi\u00ean b\u1ea3n CJC1295 kh\u00f4ng c\u00f3 DAC c\u0169ng c\u00f3 th\u1ec3 \u0111\u01b0\u1ee3c g\u1ecdi l\u00e0 Mod GRF 1-29. Th\u1eddi gian t\u00e1c d\u1ee5ng t\u01b0\u01a1ng \u0111\u1ed1i ng\u1eafn v\u00e0 s\u1ebd \u0111\u01b0\u1ee3c c\u01a1 th\u1ec3 chuy\u1ec3n h\u00f3a s\u1edbm. <\/p>\n<p> <strong>L\u1ee3i \u00edch c\u1ee7a CJC1295 CAS 863288-34-0<\/strong><br \/>\n T\u0103ng c\u00e2n<br \/>\n T\u0103ng c\u01a1<br \/>\n Gi\u1ea3m m\u1ee1 &lt;&amp; &gt; T\u0103ng s\u1eeda ch\u1eefa v\u00e0 t\u00e1i t\u1ea1o t\u1ebf b\u00e0o<br \/>\n Th\u00fac \u0111\u1ea9y gi\u1ea5c ng\u1ee7<br \/>\n T\u0103ng c\u01b0\u1eddng h\u1ec7 th\u1ed1ng mi\u1ec5n d\u1ecbch v\u00e0 m\u1eadt \u0111\u1ed9 x\u01b0\u01a1ng<br \/>\n CJC-1-&#39;2-&#39;9-&#39;5 c\u0169ng th\u00fac \u0111\u1ea9y gi\u1ea5c ng\u1ee7 s\u00e2u s\u00f3ng ch\u1eadm, ch\u1ecbu tr\u00e1ch nhi\u1ec7m cho m\u1ee9c \u0111\u1ed9 cao nh\u1ea5t c\u1ee7a t\u0103ng tr\u01b0\u1edfng c\u01a1 b\u1eafp v\u00e0 duy tr\u00ec tr\u00ed nh\u1edb v\u00e0 tr\u1ebb h\u00f3a <\/p>\n<p> <strong>C\u00f4ng d\u1ee5ng c\u1ee7a CJC1295<\/strong><br \/>\n CJC 1295 Acetate \u0111\u01b0\u1ee3c s\u1eed d\u1ee5ng trong \u1ee9ng d\u1ee5ng c\u1ee7a ch\u1ea5t ch\u1ee7 v\u1eadn hormone gi\u1ea3i ph\u00f3ng hormone t\u0103ng tr\u01b0\u1edfng \u0111\u1ec3 \u0111i\u1ec1u ch\u1ebf ch\u1ea5t ch\u1ed1ng l\u00e3o h\u00f3a.<\/p>\n","protected":false},"excerpt":{"rendered":"<p>T\u00ean s\u1ea3n ph\u1ea9m: CJC1295<br \/>\n CAS: 863288-34-0<br \/>\n MF: C152H252N44O42<br \/>\n MW: 3367.89688<br \/>\n EINECS: 206-141-6<br \/>\n Mol T\u1ec7p: 863288-34-0.mol<\/p>\n","protected":false},"featured_media":2304,"comment_status":"open","ping_status":"closed","template":"","meta":{"om_disable_all_campaigns":false,"_monsterinsights_skip_tracking":false,"_monsterinsights_sitenote_active":false,"_monsterinsights_sitenote_note":"","_monsterinsights_sitenote_category":0,"site-sidebar-layout":"default","site-content-layout":"default","ast-site-content-layout":"default","site-content-style":"default","site-sidebar-style":"default","ast-global-header-display":"","ast-banner-title-visibility":"","ast-main-header-display":"","ast-hfb-above-header-display":"","ast-hfb-below-header-display":"","ast-hfb-mobile-header-display":"","site-post-title":"","ast-breadcrumbs-content":"","ast-featured-img":"","footer-sml-layout":"","ast-disable-related-posts":"","theme-transparent-header-meta":"default","adv-header-id-meta":"","stick-header-meta":"","header-above-stick-meta":"","header-main-stick-meta":"","header-below-stick-meta":"","astra-migrate-meta-layouts":"default","ast-page-background-enabled":"default","ast-page-background-meta":{"desktop":{"background-color":"","background-image":"","background-repeat":"repeat","background-position":"center center","background-size":"auto","background-attachment":"scroll","background-type":"","background-media":"","overlay-type":"","overlay-color":"","overlay-opacity":"","overlay-gradient":""},"tablet":{"background-color":"","background-image":"","background-repeat":"repeat","background-position":"center center","background-size":"auto","background-attachment":"scroll","background-type":"","background-media":"","overlay-type":"","overlay-color":"","overlay-opacity":"","overlay-gradient":""},"mobile":{"background-color":"","background-image":"","background-repeat":"repeat","background-position":"center center","background-size":"auto","background-attachment":"scroll","background-type":"","background-media":"","overlay-type":"","overlay-color":"","overlay-opacity":"","overlay-gradient":""}},"ast-content-background-meta":{"desktop":{"background-color":"var(--ast-global-color-5)","background-image":"","background-repeat":"repeat","background-position":"center center","background-size":"auto","background-attachment":"scroll","background-type":"","background-media":"","overlay-type":"","overlay-color":"","overlay-opacity":"","overlay-gradient":""},"tablet":{"background-color":"var(--ast-global-color-5)","background-image":"","background-repeat":"repeat","background-position":"center center","background-size":"auto","background-attachment":"scroll","background-type":"","background-media":"","overlay-type":"","overlay-color":"","overlay-opacity":"","overlay-gradient":""},"mobile":{"background-color":"var(--ast-global-color-5)","background-image":"","background-repeat":"repeat","background-position":"center center","background-size":"auto","background-attachment":"scroll","background-type":"","background-media":"","overlay-type":"","overlay-color":"","overlay-opacity":"","overlay-gradient":""}}},"product_brand":[],"product_cat":[524,524,524,524],"product_tag":[2180],"class_list":{"0":"post-7618","1":"product","2":"type-product","3":"status-publish","4":"has-post-thumbnail","6":"product_cat-peptide-khac","10":"product_tag-cjc-1295-cas-863288-34-0-with-good-price-vi","11":"desktop-align-left","12":"tablet-align-left","13":"mobile-align-left","15":"first","16":"instock","17":"shipping-taxable","18":"product-type-simple"},"_links":{"self":[{"href":"https:\/\/puyapeptide.net\/vi\/wp-json\/wp\/v2\/product\/7618","targetHints":{"allow":["GET"]}}],"collection":[{"href":"https:\/\/puyapeptide.net\/vi\/wp-json\/wp\/v2\/product"}],"about":[{"href":"https:\/\/puyapeptide.net\/vi\/wp-json\/wp\/v2\/types\/product"}],"replies":[{"embeddable":true,"href":"https:\/\/puyapeptide.net\/vi\/wp-json\/wp\/v2\/comments?post=7618"}],"wp:featuredmedia":[{"embeddable":true,"href":"https:\/\/puyapeptide.net\/vi\/wp-json\/wp\/v2\/media\/2304"}],"wp:attachment":[{"href":"https:\/\/puyapeptide.net\/vi\/wp-json\/wp\/v2\/media?parent=7618"}],"wp:term":[{"taxonomy":"product_brand","embeddable":true,"href":"https:\/\/puyapeptide.net\/vi\/wp-json\/wp\/v2\/product_brand?post=7618"},{"taxonomy":"product_cat","embeddable":true,"href":"https:\/\/puyapeptide.net\/vi\/wp-json\/wp\/v2\/product_cat?post=7618"},{"taxonomy":"product_tag","embeddable":true,"href":"https:\/\/puyapeptide.net\/vi\/wp-json\/wp\/v2\/product_tag?post=7618"}],"curies":[{"name":"wp","href":"https:\/\/api.w.org\/{rel}","templated":true}]}}