{"id":7634,"date":"2021-12-16T10:24:24","date_gmt":"2021-12-16T15:24:24","guid":{"rendered":"https:\/\/puyapeptide.net\/product\/serum-thymic-factor-thymulin-cas-63958-90-7-de-dieu-chinh-chuc-nang-mien-dich-te-bao-va-tac-dung-chong-vi-rut\/"},"modified":"2021-12-16T10:24:24","modified_gmt":"2021-12-16T15:24:24","slug":"serum-thymic-factor-thymulin-cas-63958-90-7-de-dieu-chinh-chuc-nang-mien-dich-te-bao-va-tac-dung-chong-vi-rut","status":"publish","type":"product","link":"https:\/\/puyapeptide.net\/vi\/product\/serum-thymic-factor-thymulin-cas-63958-90-7-de-dieu-chinh-chuc-nang-mien-dich-te-bao-va-tac-dung-chong-vi-rut\/","title":{"rendered":"SERUM THYMIC FACTOR \/ Thymulin CAS 63958-90-7 \u0111\u1ec3 \u0111i\u1ec1u ch\u1ec9nh ch\u1ee9c n\u0103ng mi\u1ec5n d\u1ecbch t\u1ebf b\u00e0o v\u00e0 t\u00e1c d\u1ee5ng ch\u1ed1ng vi r\u00fat"},"content":{"rendered":"<h2><strong>SERUM THYMIC FACTOR \/ Thymulin CAS 63958-90-7 \u0111\u1ec3 \u0111i\u1ec1u ch\u1ec9nh ch\u1ee9c n\u0103ng mi\u1ec5n d\u1ecbch t\u1ebf b\u00e0o v\u00e0 t\u00e1c d\u1ee5ng ch\u1ed1ng vi r\u00fat<\/strong><\/h2>\n<p> T\u00ean s\u1ea3n ph\u1ea9m: SERUM THYMIC FACTOR \/ Thymulin<br \/>\n T\u1eeb \u0111\u1ed3ng ngh\u0129a: pGlu-Ala-Lys-Ser-Gln-Gly-Gly-Ser-Asn; STF, SeruM ThyMic Factor, ThyMulin; L-Asparagine, 5-oxo- L-prolyl-L-alanyl-L-lysyl-L-seryl-L-glutaminylglycylglycyl-L-seryl-; Pyr-Ala-Lys-Ser-Gln-Gly-Gly-Ser-Asn-OH Mu\u1ed1i trifluoroacetate; Y\u1ebfu t\u1ed1 tuy\u1ebfn \u1ee9c trong huy\u1ebft thanh (l\u1ee3n); Y\u1ebfu t\u1ed1 huy\u1ebft thanh tuy\u1ebfn \u1ee9c; Y\u1ebfu t\u1ed1 huy\u1ebft thanh tuy\u1ebfn \u1ee9c (l\u1ee3n); PYR-ALA-LYS-SER-GLN-GLY-GLY-SER-ASN<br \/>\n CAS: 63958-90-7<br \/>\n MF: C33H54N12O15 &lt;&amp; &gt; MW: 858.85<br \/>\n EINECS: 236-855-3<br \/>\n Danh m\u1ee5c s\u1ea3n ph\u1ea9m: Peptide<br \/>\n Mol File: 63958-90-7.mol <\/p>\n<p> Thymulin \u0111\u01b0\u1ee3c t\u1ed5ng h\u1ee3p b\u1edfi c\u01a1 quan g\u1ecdi l\u00e0 tuy\u1ebfn \u1ee9c . Thymulin ch\u1ee7 y\u1ebfu ph\u1ee5c v\u1ee5 \u0111\u1ec3 t\u1ea1o ra s\u1ef1 ph\u00e1t tri\u1ec3n ho\u1eb7c &quot;gi\u00e1o d\u1ee5c&quot; c\u1ee7a m\u1ed9t s\u1ed1 t\u1ebf b\u00e0o \u0111\u01b0\u1ee3c s\u1ea3n xu\u1ea5t b\u1edfi t\u1ee7y x\u01b0\u01a1ng ho\u1ea1t \u0111\u1ed9ng trong h\u1ec7 th\u1ed1ng ph\u00f2ng th\u1ee7 c\u1ee7a c\u01a1 th\u1ec3, \u0111\u01b0\u1ee3c g\u1ecdi l\u00e0 t\u1ebf b\u00e0o lympho T.<br \/>\n Thymulin li\u00ean quan \u0111\u00e1ng k\u1ec3 \u0111\u1ebfn vi\u1ec7c l\u00e0m cho c\u00e1c t\u1ebf b\u00e0o n\u00e0y ph\u00e1t tri\u1ec3n t\u1eeb tr\u1ea1ng th\u00e1i kh\u00f4ng ho\u1ea1t \u0111\u1ed9ng c\u1ee7a ch\u00fang, trong \u0111\u00f3 ch\u00fang \u0111\u1ebfn tuy\u1ebfn \u1ee9c, th\u00e0nh c\u00e1c t\u1ebf b\u00e0o ph\u00f2ng th\u1ee7 c\u00f3 ch\u1ee9c n\u0103ng \u0111\u01b0\u1ee3c thu nh\u1eadn \u0111\u1ea7y \u0111\u1ee7, \u0111\u01b0\u1ee3c g\u1ecdi l\u00e0 n\u0103ng l\u1ef1c mi\u1ec5n d\u1ecbch.<br \/>\n Thymulin ch\u1ec9 l\u00e0 m\u1ed9t trong nh\u1eefng H kh\u00e1c nhau \u0111\u01b0\u1ee3c ti\u1ebft ra b\u1edfi tuy\u1ebfn n\u00e0y, \u0111\u01b0\u1ee3c s\u1ea3n xu\u1ea5t v\u1edbi s\u1ed1 l\u01b0\u1ee3ng nh\u1ecf h\u01a1n r\u1ea5t nhi\u1ec1u sau n\u0103m th\u1ee9 hai c\u1ee7a cu\u1ed9c \u0111\u1eddi <\/p>\n<p> <strong>SERUM THYMIC FACTOR \/ Thymulin CAS 63958-90-7 T\u00ednh ch\u1ea5t h\u00f3a h\u1ecdc<\/strong> &lt;&amp; &gt; \u0110i\u1ec3m s\u00f4i 1658,9 \u00b1 65,0 \u00b0 C (D\u1ef1 \u0111o\u00e1n)<br \/>\n m\u1eadt \u0111\u1ed9 1,417 \u00b1 0,06 g \/ cm3 (D\u1ef1 \u0111o\u00e1n)<br \/>\n nhi\u1ec7t \u0111\u1ed9 b\u1ea3o qu\u1ea3n. \u0110\u1ed9 h\u00f2a tan \u221220 \u00b0 C<br \/>\n N\u01b0\u1edbc kh\u1eed ion: h\u00f2a tan<br \/>\n pka 3,08 \u00b1 0,10 (D\u1ef1 \u0111o\u00e1n)<br \/>\n m\u00e0u tr\u1eafng <\/p>\n<p> <strong>Ch\u1ee9c n\u0103ng c\u1ee7a THYMULIN<\/strong><br \/>\n 1. Thymulin c\u00f3 th\u1ec3 l\u00e0m t\u0103ng c\u1ea3 kh\u1ed1i l\u01b0\u1ee3ng c\u01a1 v\u00e0 m\u1eadt \u0111\u1ed9 kho\u00e1ng c\u1ee7a x\u01b0\u01a1ng, l\u00e0m cho n\u00f3 tr\u1edf th\u00e0nh m\u1ed9t li\u1ec7u ph\u00e1p \u0111\u1ea7y h\u1ee9a h\u1eb9n \u0111\u1ec3 \u0111i\u1ec1u tr\u1ecb ch\u1ee9ng \u1ed1m y\u1ebfu \u1edf ng\u01b0\u1eddi cao tu\u1ed5i.<br \/>\n 2. Thymulin c\u0169ng l\u00e0m thay \u0111\u1ed5i s\u1ef1 trao \u0111\u1ed5i ch\u1ea5t c\u1ee7a ch\u1ea5t b\u00e9o trong c\u01a1 th\u1ec3 v\u00e0 do \u0111\u00f3 c\u00f3 th\u1ec3 \u0111\u01b0\u1ee3c \u1ee9ng d\u1ee5ng trong \u0111i\u1ec1u tr\u1ecb b\u1ec7nh b\u00e9o ph\u00ec.<br \/>\n 3. Thymulin l\u00e0 m\u1ed9t lo\u1ea1i thu\u1ed1c ho\u1ea1t \u0111\u1ed9ng nh\u01b0 m\u1ed9t ch\u1ea5t k\u00edch th\u00edch t\u0103ng tr\u01b0\u1edfng m\u1ea1nh b\u1eb1ng \u0111\u01b0\u1eddng u\u1ed1ng. <\/p>\n<p> <strong>\u1ee8ng d\u1ee5ng c\u1ee7a THYMULIN<\/strong><br \/>\n 1. \u0110\u01b0\u1ee3c \u1ee9ng d\u1ee5ng trong l\u0129nh v\u1ef1c th\u1ef1c ph\u1ea9m, b\u1ed9t Semax ch\u1ee7 y\u1ebfu \u0111\u01b0\u1ee3c s\u1eed d\u1ee5ng l\u00e0m ph\u1ee5 gia th\u1ef1c ph\u1ea9m;<br \/>\n 2. \u0110\u01b0\u1ee3c \u1ee9ng d\u1ee5ng trong l\u0129nh v\u1ef1c s\u1ea3n ph\u1ea9m s\u1ee9c kh\u1ecfe, b\u1ed9t Semax nh\u01b0 m\u1ed9t s\u1ea3n ph\u1ea9m s\u1ee9c kh\u1ecfe nam gi\u1edbi \u0111\u1ec3 t\u0103ng s\u1ee9c m\u1ea1nh t\u00ecnh d\u1ee5c;<br \/>\n 3. \u0110\u01b0\u1ee3c \u1ee9ng d\u1ee5ng trong l\u0129nh v\u1ef1c d\u01b0\u1ee3c ph\u1ea9m, Semax c\u00f3 th\u1ec3 \u0111i\u1ec1u tr\u1ecb c\u00e1c lo\u1ea1i li\u1ec7t d\u01b0\u01a1ng v\u00e0 r\u1ed1i lo\u1ea1n ch\u1ee9c n\u0103ng t\u00ecnh d\u1ee5c \u1edf nam gi\u1edbi.<\/p>\n","protected":false},"excerpt":{"rendered":"<p>T\u00ean s\u1ea3n ph\u1ea9m: SERUM THYMIC FACTOR \/ Thymulin<br \/>\n CAS: 63958-90-7<br \/>\n MF: C33H54N12O15<br \/>\n MW: 858.85<br \/>\n EINECS: 236-855-3<br \/>\n Mol T\u1ec7p: 63958-90- 7.mol<\/p>\n","protected":false},"featured_media":2136,"comment_status":"open","ping_status":"closed","template":"","meta":{"om_disable_all_campaigns":false,"_monsterinsights_skip_tracking":false,"_monsterinsights_sitenote_active":false,"_monsterinsights_sitenote_note":"","_monsterinsights_sitenote_category":0,"site-sidebar-layout":"default","site-content-layout":"default","ast-site-content-layout":"default","site-content-style":"default","site-sidebar-style":"default","ast-global-header-display":"","ast-banner-title-visibility":"","ast-main-header-display":"","ast-hfb-above-header-display":"","ast-hfb-below-header-display":"","ast-hfb-mobile-header-display":"","site-post-title":"","ast-breadcrumbs-content":"","ast-featured-img":"","footer-sml-layout":"","ast-disable-related-posts":"","theme-transparent-header-meta":"default","adv-header-id-meta":"","stick-header-meta":"","header-above-stick-meta":"","header-main-stick-meta":"","header-below-stick-meta":"","astra-migrate-meta-layouts":"default","ast-page-background-enabled":"default","ast-page-background-meta":{"desktop":{"background-color":"","background-image":"","background-repeat":"repeat","background-position":"center center","background-size":"auto","background-attachment":"scroll","background-type":"","background-media":"","overlay-type":"","overlay-color":"","overlay-opacity":"","overlay-gradient":""},"tablet":{"background-color":"","background-image":"","background-repeat":"repeat","background-position":"center center","background-size":"auto","background-attachment":"scroll","background-type":"","background-media":"","overlay-type":"","overlay-color":"","overlay-opacity":"","overlay-gradient":""},"mobile":{"background-color":"","background-image":"","background-repeat":"repeat","background-position":"center center","background-size":"auto","background-attachment":"scroll","background-type":"","background-media":"","overlay-type":"","overlay-color":"","overlay-opacity":"","overlay-gradient":""}},"ast-content-background-meta":{"desktop":{"background-color":"var(--ast-global-color-5)","background-image":"","background-repeat":"repeat","background-position":"center center","background-size":"auto","background-attachment":"scroll","background-type":"","background-media":"","overlay-type":"","overlay-color":"","overlay-opacity":"","overlay-gradient":""},"tablet":{"background-color":"var(--ast-global-color-5)","background-image":"","background-repeat":"repeat","background-position":"center center","background-size":"auto","background-attachment":"scroll","background-type":"","background-media":"","overlay-type":"","overlay-color":"","overlay-opacity":"","overlay-gradient":""},"mobile":{"background-color":"var(--ast-global-color-5)","background-image":"","background-repeat":"repeat","background-position":"center center","background-size":"auto","background-attachment":"scroll","background-type":"","background-media":"","overlay-type":"","overlay-color":"","overlay-opacity":"","overlay-gradient":""}}},"product_brand":[],"product_cat":[370],"product_tag":[2152],"class_list":{"0":"post-7634","1":"product","2":"type-product","3":"status-publish","4":"has-post-thumbnail","6":"product_cat-peptide-mo-phong-mien-dich","7":"product_tag-serum-thymic-factor-thymulin-cas-63958-90-7-for-regulate-cellular-immune-function-and-anti-virus-effect-vi","8":"desktop-align-left","9":"tablet-align-left","10":"mobile-align-left","12":"first","13":"instock","14":"shipping-taxable","15":"product-type-simple"},"_links":{"self":[{"href":"https:\/\/puyapeptide.net\/vi\/wp-json\/wp\/v2\/product\/7634","targetHints":{"allow":["GET"]}}],"collection":[{"href":"https:\/\/puyapeptide.net\/vi\/wp-json\/wp\/v2\/product"}],"about":[{"href":"https:\/\/puyapeptide.net\/vi\/wp-json\/wp\/v2\/types\/product"}],"replies":[{"embeddable":true,"href":"https:\/\/puyapeptide.net\/vi\/wp-json\/wp\/v2\/comments?post=7634"}],"wp:featuredmedia":[{"embeddable":true,"href":"https:\/\/puyapeptide.net\/vi\/wp-json\/wp\/v2\/media\/2136"}],"wp:attachment":[{"href":"https:\/\/puyapeptide.net\/vi\/wp-json\/wp\/v2\/media?parent=7634"}],"wp:term":[{"taxonomy":"product_brand","embeddable":true,"href":"https:\/\/puyapeptide.net\/vi\/wp-json\/wp\/v2\/product_brand?post=7634"},{"taxonomy":"product_cat","embeddable":true,"href":"https:\/\/puyapeptide.net\/vi\/wp-json\/wp\/v2\/product_cat?post=7634"},{"taxonomy":"product_tag","embeddable":true,"href":"https:\/\/puyapeptide.net\/vi\/wp-json\/wp\/v2\/product_tag?post=7634"}],"curies":[{"name":"wp","href":"https:\/\/api.w.org\/{rel}","templated":true}]}}