{"id":7681,"date":"2021-12-16T10:27:27","date_gmt":"2021-12-16T15:27:27","guid":{"rendered":"https:\/\/puyapeptide.net\/product\/seractide-acth-1-39-hormone-vo-thuong-than-o-nguoi-cas-12279-41-3-danh-cho-nghien-cuu-trong-phong-thi-nghiem\/"},"modified":"2021-12-16T10:27:27","modified_gmt":"2021-12-16T15:27:27","slug":"seractide-acth-1-39-hormone-vo-thuong-than-o-nguoi-cas-12279-41-3-danh-cho-nghien-cuu-trong-phong-thi-nghiem","status":"publish","type":"product","link":"https:\/\/puyapeptide.net\/vi\/product\/seractide-acth-1-39-hormone-vo-thuong-than-o-nguoi-cas-12279-41-3-danh-cho-nghien-cuu-trong-phong-thi-nghiem\/","title":{"rendered":"Seractide \/ ACTH (1-39) \/ Hormone v\u1ecf th\u01b0\u1ee3ng th\u1eadn \u1edf ng\u01b0\u1eddi CAS 12279-41-3 D\u00e0nh cho nghi\u00ean c\u1ee9u trong ph\u00f2ng th\u00ed nghi\u1ec7m"},"content":{"rendered":"<h2><strong>Seractide \/ ACTH (1-39) \/ Hormone v\u1ecf th\u01b0\u1ee3ng th\u1eadn \u1edf ng\u01b0\u1eddi CAS 12279-41-3 D\u00e0nh cho nghi\u00ean c\u1ee9u trong ph\u00f2ng th\u00ed nghi\u1ec7m<\/strong><\/h2>\n<p> T\u00ean s\u1ea3n ph\u1ea9m: Seractide<br \/>\n T\u1eeb \u0111\u1ed3ng ngh\u0129a: CORTICOTROPIN (HUMAN); CORTICOTROPHIN; CORTICOTROPIN A; H-SER-TYR-SER-MET-GLU-HIS-PHE-ARG-TRP-GLY-LYS-PRO-VAL- GLY-LYS-LYS-ARG-ARG-PRO-VAL-LYS-VAL-TYR-PRO-ASN-GLY-ALA-GLU-ASP-GLU-SER-ALA-GLU-ALA-PHE-PRO-LEU-GLU- PHE-OH; ACTH (1-39) (huMan) Corticotropin; Hormone v\u1ecf th\u01b0\u1ee3ng th\u1eadn (ACTH) (1-39); Seractide acetate; Hormone v\u1ecf th\u01b0\u1ee3ng th\u1eadn (ACTH) (1-39), ng\u01b0\u1eddi<br \/>\n CAS: 12279-41- 3<br \/>\n MF: C207H308N56O58S1<br \/>\n MW: 4541.07<br \/>\n EINECS: 634-154-0<br \/>\n Danh m\u1ee5c s\u1ea3n ph\u1ea9m: Peptide; th\u1ee5 th\u1ec3 melanocortin<br \/>\n Mol T\u1ec7p: 12279-41-3.mol<br \/>\n &lt; &amp;&gt; Hormone v\u1ecf th\u01b0\u1ee3ng th\u1eadn (ACTH) (1-39), \u1edf ng\u01b0\u1eddi l\u00e0 ch\u1ea5t ch\u1ee7 v\u1eadn th\u1ee5 th\u1ec3 melanocortin.<br \/>\n Hormone v\u1ecf th\u01b0\u1ee3ng th\u1eadn (ACTH), c\u00f2n \u0111\u01b0\u1ee3c g\u1ecdi l\u00e0 corticotropin, l\u00e0 s\u1ea3n ph\u1ea9m ph\u00e2n c\u1eaft t\u1eeb ti\u1ec1n ch\u1ea5t l\u1edbn h\u01a1n l\u00e0 proopiomelanocortin (POMC). N\u1ed9i ti\u1ebft t\u1ed1 39 axit amin-peptide n\u00e0y \u0111\u01b0\u1ee3c s\u1ea3n xu\u1ea5t trong tuy\u1ebfn y\u00ean tr\u01b0\u1edbc khi \u0111\u01b0\u1ee3c k\u00edch th\u00edch b\u1edfi hormone gi\u1ea3i ph\u00f3ng corticotropin t\u1eeb v\u00f9ng d\u01b0\u1edbi \u0111\u1ed3i \u0111\u1ec3 ph\u1ea3n \u1ee9ng v\u1edbi c\u0103ng th\u1eb3ng. N\u00f3 k\u00edch th\u00edch b\u00e0i ti\u1ebft hormone steroid, \u0111\u1eb7c bi\u1ec7t l\u00e0 glucocorticoid \u1edf v\u1ecf th\u01b0\u1ee3ng th\u1eadn b\u1eb1ng c\u00e1ch t\u00e1c \u0111\u1ed9ng th\u00f4ng qua th\u1ee5 th\u1ec3 m\u00e0ng t\u1ebf b\u00e0o (ACTH-R). \u1ede \u0111\u1ed9ng v\u1eadt c\u00f3 v\u00fa, ho\u1ea1t \u0111\u1ed9ng c\u1ee7a ACTH ch\u1ec9 gi\u1edbi h\u1ea1n \u1edf nh\u1eefng v\u00f9ng c\u1ee7a v\u1ecf th\u01b0\u1ee3ng th\u1eadn, n\u01a1i h\u00ecnh th\u00e0nh c\u00e1c hormone glucocorticoid cortisol (hydrocortisone) v\u00e0 corticosterone. ACTH ki\u1ec3m so\u00e1t r\u1ea5t \u00edt vi\u1ec7c ti\u1ebft aldosterone, hormone steroid ch\u00ednh kh\u00e1c t\u1eeb v\u1ecf th\u01b0\u1ee3ng th\u1eadn. <\/p>\n<p> <strong>Seractide CAS 12279-41-3 T\u00ednh ch\u1ea5t h\u00f3a h\u1ecdc<\/strong><br \/>\n nhi\u1ec7t \u0111\u1ed9 b\u1ea3o qu\u1ea3n. \u0110\u1ec3 n\u01a1i t\u1ed1i, kh\u00f4ng kh\u00ed tr\u01a1, B\u1ea3o qu\u1ea3n trong t\u1ee7 \u0111\u00f4ng, d\u01b0\u1edbi -20 \u00b0 C<br \/>\n \u0111\u1ed9 h\u00f2a tan H2O: 1 mg \/ mL, trong, kh\u00f4ng m\u00e0u<\/p>\n","protected":false},"excerpt":{"rendered":"<p>T\u00ean s\u1ea3n ph\u1ea9m: Seractide<br \/>\n CAS: 12279-41-3<br \/>\n MF: C207H308N56O58S1<br \/>\n MW: 4541.07<br \/>\n EINECS: 634-154-0<br \/>\n Mol T\u1ec7p: 12279-41-3.mol<\/p>\n","protected":false},"featured_media":2115,"comment_status":"open","ping_status":"closed","template":"","meta":{"om_disable_all_campaigns":false,"_monsterinsights_skip_tracking":false,"_monsterinsights_sitenote_active":false,"_monsterinsights_sitenote_note":"","_monsterinsights_sitenote_category":0,"site-sidebar-layout":"default","site-content-layout":"default","ast-site-content-layout":"default","site-content-style":"default","site-sidebar-style":"default","ast-global-header-display":"","ast-banner-title-visibility":"","ast-main-header-display":"","ast-hfb-above-header-display":"","ast-hfb-below-header-display":"","ast-hfb-mobile-header-display":"","site-post-title":"","ast-breadcrumbs-content":"","ast-featured-img":"","footer-sml-layout":"","ast-disable-related-posts":"","theme-transparent-header-meta":"default","adv-header-id-meta":"","stick-header-meta":"","header-above-stick-meta":"","header-main-stick-meta":"","header-below-stick-meta":"","astra-migrate-meta-layouts":"default","ast-page-background-enabled":"default","ast-page-background-meta":{"desktop":{"background-color":"","background-image":"","background-repeat":"repeat","background-position":"center center","background-size":"auto","background-attachment":"scroll","background-type":"","background-media":"","overlay-type":"","overlay-color":"","overlay-opacity":"","overlay-gradient":""},"tablet":{"background-color":"","background-image":"","background-repeat":"repeat","background-position":"center center","background-size":"auto","background-attachment":"scroll","background-type":"","background-media":"","overlay-type":"","overlay-color":"","overlay-opacity":"","overlay-gradient":""},"mobile":{"background-color":"","background-image":"","background-repeat":"repeat","background-position":"center center","background-size":"auto","background-attachment":"scroll","background-type":"","background-media":"","overlay-type":"","overlay-color":"","overlay-opacity":"","overlay-gradient":""}},"ast-content-background-meta":{"desktop":{"background-color":"var(--ast-global-color-5)","background-image":"","background-repeat":"repeat","background-position":"center center","background-size":"auto","background-attachment":"scroll","background-type":"","background-media":"","overlay-type":"","overlay-color":"","overlay-opacity":"","overlay-gradient":""},"tablet":{"background-color":"var(--ast-global-color-5)","background-image":"","background-repeat":"repeat","background-position":"center center","background-size":"auto","background-attachment":"scroll","background-type":"","background-media":"","overlay-type":"","overlay-color":"","overlay-opacity":"","overlay-gradient":""},"mobile":{"background-color":"var(--ast-global-color-5)","background-image":"","background-repeat":"repeat","background-position":"center center","background-size":"auto","background-attachment":"scroll","background-type":"","background-media":"","overlay-type":"","overlay-color":"","overlay-opacity":"","overlay-gradient":""}}},"product_brand":[],"product_cat":[524],"product_tag":[2109],"class_list":{"0":"post-7681","1":"product","2":"type-product","3":"status-publish","4":"has-post-thumbnail","6":"product_cat-peptide-khac","7":"product_tag-seractide-acth-1-39-adrenocorticotropic-hormone-human-cas-12279-41-3-for-lab-research-vi","8":"desktop-align-left","9":"tablet-align-left","10":"mobile-align-left","12":"first","13":"instock","14":"shipping-taxable","15":"product-type-simple"},"_links":{"self":[{"href":"https:\/\/puyapeptide.net\/vi\/wp-json\/wp\/v2\/product\/7681","targetHints":{"allow":["GET"]}}],"collection":[{"href":"https:\/\/puyapeptide.net\/vi\/wp-json\/wp\/v2\/product"}],"about":[{"href":"https:\/\/puyapeptide.net\/vi\/wp-json\/wp\/v2\/types\/product"}],"replies":[{"embeddable":true,"href":"https:\/\/puyapeptide.net\/vi\/wp-json\/wp\/v2\/comments?post=7681"}],"wp:featuredmedia":[{"embeddable":true,"href":"https:\/\/puyapeptide.net\/vi\/wp-json\/wp\/v2\/media\/2115"}],"wp:attachment":[{"href":"https:\/\/puyapeptide.net\/vi\/wp-json\/wp\/v2\/media?parent=7681"}],"wp:term":[{"taxonomy":"product_brand","embeddable":true,"href":"https:\/\/puyapeptide.net\/vi\/wp-json\/wp\/v2\/product_brand?post=7681"},{"taxonomy":"product_cat","embeddable":true,"href":"https:\/\/puyapeptide.net\/vi\/wp-json\/wp\/v2\/product_cat?post=7681"},{"taxonomy":"product_tag","embeddable":true,"href":"https:\/\/puyapeptide.net\/vi\/wp-json\/wp\/v2\/product_tag?post=7681"}],"curies":[{"name":"wp","href":"https:\/\/api.w.org\/{rel}","templated":true}]}}