{"id":7688,"date":"2021-12-16T10:27:30","date_gmt":"2021-12-16T15:27:30","guid":{"rendered":"https:\/\/puyapeptide.net\/product\/selank-peptide-cas-129954-34-3-de-chong-lo-au\/"},"modified":"2021-12-16T10:27:30","modified_gmt":"2021-12-16T15:27:30","slug":"selank-peptide-cas-129954-34-3-de-chong-lo-au","status":"publish","type":"product","link":"https:\/\/puyapeptide.net\/vi\/product\/selank-peptide-cas-129954-34-3-de-chong-lo-au\/","title":{"rendered":"Selank peptide CAS 129954-34-3 \u0110\u1ec3 ch\u1ed1ng lo \u00e2u"},"content":{"rendered":"<h2><strong>Selank peptide CAS 129954-34-3 \u0110\u1ec3 ch\u1ed1ng lo \u00e2u<\/strong><\/h2>\n<p> T\u00ean s\u1ea3n ph\u1ea9m: Selank peptide<br \/>\n T\u1eeb \u0111\u1ed3ng ngh\u0129a: Selank peptide; SelankAcetate; PL14736; L-threonyl-L-lysyl-L-prolyl-L-arginyl-L-prolylglycyl-L-proline; L-THREONYL-L- LYSYL-L-PROLYL-L-ARGINYL-L-PROLYLGLYCYL-L-PROLINE; MONOACETATE; H-Thr-Lys-Pro-Arg-Pro-Gly-Pro-OH; SLANK; Selank peptid<br \/>\n CAS: 129954-34-3<br \/>\n MF: C33H57N11O9<br \/>\n MW: 751,87<br \/>\n EINECS : 232-660-2<br \/>\n Danh m\u1ee5c s\u1ea3n ph\u1ea9m:<br \/>\n Mol File: 129954-34-3.mol <\/p>\n<p> Peptide Selank \u0111\u00e3 \u0111\u01b0\u1ee3c d\u00e1n nh\u00e3n l\u00e0 peptide &quot;ch\u1ed1ng lo \u00e2u&quot; v\u00e0 c\u0169ng \u0111\u00e3 cho th\u1ea5y s\u1ef1 c\u1ea3i thi\u1ec7n trong h\u1ecdc t\u1eadp, tr\u00ed nh\u1edb, nh\u1eadn th\u1ee9c, tr\u1ea7m c\u1ea3m, suy nh\u01b0\u1ee3c v\u00e0 n\u0103ng l\u01b0\u1ee3ng t\u1ed5ng th\u1ec3. <\/p>\n<p> <strong>Selank peptide CAS 129954-34-3 T\u00ednh ch\u1ea5t h\u00f3a h\u1ecdc<\/strong><br \/>\n \u0110i\u1ec3m n\u00f3ng ch\u1ea3y 134-136 \u00b0 C<br \/>\n m\u1eadt \u0111\u1ed9 1,53 \u00b1 0,1 g \/ cm3 (D\u1ef1 \u0111o\u00e1n)<br \/>\n pka 3,43 \u00b1 0,20 (D\u1ef1 \u0111o\u00e1n) &lt; &amp;&gt;<br \/>\n <strong>Ch\u1ee9c n\u0103ng v\u00e0 \u1ee9ng d\u1ee5ng c\u1ee7a Selank peptide CAS 129954-34-3<\/strong><br \/>\n C\u00f3 th\u1ec3 c\u1ea3i thi\u1ec7n s\u1ef1 lo l\u1eafng<br \/>\n C\u00f3 th\u1ec3 c\u1ea3i thi\u1ec7n kh\u1ea3 n\u0103ng h\u1ecdc t\u1eadp<br \/>\n C\u00f3 th\u1ec3 t\u0103ng c\u01b0\u1eddng tr\u00ed nh\u1edb<br \/>\n C\u00f3 th\u1ec3 gi\u00fap ph\u1ee5c h\u1ed3i t\u1ed5n th\u01b0\u01a1ng n\u00e3o: T\u0103ng BDNF (Brain- y\u1ebfu t\u1ed1 dinh d\u01b0\u1ee1ng th\u1ea7n kinh c\u00f3 ngu\u1ed3n g\u1ed1c), m\u1ed9t h\u1ee3p ch\u1ea5t quan tr\u1ecdng gi\u00fap t\u0103ng tr\u01b0\u1edfng n\u00e3o b\u1ed9<br \/>\n C\u00f3 th\u1ec3 gi\u00fap \u1ed5n \u0111\u1ecbnh enkephalins trong m\u00e1u: Nh\u1eefng ch\u1ea5t n\u00e0y ch\u1ed1ng l\u1ea1i ph\u1ea3n \u1ee9ng c\u0103ng th\u1eb3ng<br \/>\n C\u00f3 th\u1ec3 gi\u00fap cai r\u01b0\u1ee3u<br \/>\n C\u00f3 th\u1ec3 gi\u00fap ng\u0103n ng\u1eeba t\u0103ng c\u00e2n v\u00e0 gi\u1ea3m cholesterol<br \/>\n Selank c\u00f3 th\u1ec3 t\u0103ng c\u01b0\u1eddng ch\u1ee9c n\u0103ng mi\u1ec5n d\u1ecbch b\u1eb1ng c\u00e1ch t\u0103ng IL-6 trong t\u1ebf b\u00e0o m\u00e1u. IL-6 l\u00e0 m\u1ed9t protein g\u00e2y vi\u00eam \u0111\u01b0\u1ee3c cho l\u00e0 gi\u00fap ch\u1ed1ng l\u1ea1i nhi\u1ec5m tr\u00f9ng. Selank c\u0169ng c\u00f3 th\u1ec3 k\u00edch th\u00edch gi\u1ea3i ph\u00f3ng interferon, l\u00e0 nh\u1eefng ph\u00e2n t\u1eed ch\u1ed1ng virus. <\/p>\n<p> <strong>SELANK L\u00c0 G\u00cc?<\/strong><br \/>\n Selank thu\u1ed9c v\u1ec1 m\u1ed9t l\u1edbp ph\u00e2n t\u1eed \u0111\u01b0\u1ee3c g\u1ecdi l\u00e0 peptit t\u1ed5ng h\u1ee3p. Selank \u0111\u01b0\u1ee3c t\u1ea1o ra b\u1eb1ng c\u00e1ch k\u1ebft h\u1ee3p tr\u00ecnh t\u1ef1 c\u1ee7a m\u1ed9t peptit \u0111\u01b0\u1ee3c g\u1ecdi l\u00e0 tuftsin v\u1edbi m\u1ed9t tr\u00ecnh t\u1ef1 kh\u00e1c \u0111\u1ec3 c\u1ea3i thi\u1ec7n \u0111\u1ed9 \u1ed5n \u0111\u1ecbnh ph\u00e2n t\u1eed c\u1ee7a n\u00f3. Tuftsin l\u00e0 m\u1ed9t peptide li\u00ean quan ch\u1eb7t ch\u1ebd \u0111\u1ebfn ch\u1ee9c n\u0103ng mi\u1ec5n d\u1ecbch. N\u00f3 xu\u1ea5t hi\u1ec7n t\u1ef1 nhi\u00ean v\u00e0 t\u1ea1o n\u00ean m\u1ed9t ph\u1ea7n c\u1ee7a kh\u00e1ng th\u1ec3 t\u1ef1 nhi\u00ean IgG. <\/p>\n<p> N\u00f3 l\u00e0 m\u1ed9t peptit nh\u1ecf so v\u1edbi h\u1ea7u h\u1ebft c\u00e1c protein c\u00f3 trong t\u1ef1 nhi\u00ean. Selank \u0111\u01b0\u1ee3c ph\u00e1t tri\u1ec3n t\u1ea1i Vi\u1ec7n Di truy\u1ec1n Ph\u00e2n t\u1eed v\u1edbi s\u1ef1 h\u1ee3p t\u00e1c c\u1ee7a Vi\u1ec7n Nghi\u00ean c\u1ee9u D\u01b0\u1ee3c l\u00fd VV Zakusov (Vi\u1ec7n H\u00e0n l\u00e2m Khoa h\u1ecdc Y khoa Nga), c\u00f9ng v\u1edbi thu\u1ed1c nootropic Semax, \u0111\u00f4i khi \u0111\u01b0\u1ee3c g\u1ecdi l\u00e0 peptide anh h\u1ecd c\u1ee7a n\u00f3. <\/p>\n<p> Selank \u0111\u00e3 \u0111\u01b0\u1ee3c ph\u00ea duy\u1ec7t \u1edf Nga \u0111\u1ec3 \u0111i\u1ec1u tr\u1ecb ch\u1ee9ng r\u1ed1i lo\u1ea1n lo \u00e2u t\u1ed5ng qu\u00e1t (GAD) v\u00e0 s\u1eed d\u1ee5ng n\u00f3 nh\u01b0 m\u1ed9t lo\u1ea1i thu\u1ed1c nootropic. Trong c\u00e1c th\u1eed nghi\u1ec7m l\u00e2m s\u00e0ng, thu\u1ed1c \u0111\u00e3 cho th\u1ea5y t\u00e1c d\u1ee5ng gi\u1ea3m lo \u00e2u v\u00e0 nootropic k\u00e9o d\u00e0i r\u1ea5t h\u1eefu \u00edch \u0111\u1ec3 \u0111i\u1ec1u tr\u1ecb ch\u1ee9ng r\u1ed1i lo\u1ea1n lo \u00e2u t\u1ed5ng qu\u00e1t (GAD). <\/p>\n<p> <strong>B\u1ea0N S\u1eec D\u1ee4NG SELANK NH\u01af TH\u1ebe N\u00c0O?<\/strong><br \/>\n Selank l\u00e0 m\u1ed9t peptide \u0111\u01b0\u1ee3c s\u1eed d\u1ee5ng l\u00e0m thu\u1ed1c x\u1ecbt m\u0169i. \u0110i\u1ec1u n\u00e0y l\u00e0 do n\u00f3 s\u1ebd \u0111\u01b0\u1ee3c ti\u00eau h\u00f3a b\u1edfi d\u1ea1 d\u00e0y n\u1ebfu d\u00f9ng \u0111\u01b0\u1eddng u\u1ed1ng. H\u00edt v\u00e0o c\u00f3 hi\u1ec7u qu\u1ea3 h\u01a1n trong vi\u1ec7c ph\u00e2n ph\u1ed1i \u0111\u1ebfn m\u00e1u v\u00e0 n\u00e3o.<br \/>\n Li\u1ec1u l\u01b0\u1ee3ng \u0111i\u1ec3n h\u00ecnh l\u00e0 m\u1ed9t l\u1ea7n x\u1ecbt v\u00e0o m\u1ed7i l\u1ed7 m\u0169i h\u00e0ng ng\u00e0y.<\/p>\n","protected":false},"excerpt":{"rendered":"<p>T\u00ean s\u1ea3n ph\u1ea9m: Selank peptide<br \/>\n CAS: 129954-34-3<br \/>\n MF: C33H57N11O9<br \/>\n MW: 751.87<br \/>\n EINECS: 232-660-2<br \/>\n Mol T\u1ec7p: 129954-34-3.mol<\/p>\n","protected":false},"featured_media":2304,"comment_status":"open","ping_status":"closed","template":"","meta":{"om_disable_all_campaigns":false,"_monsterinsights_skip_tracking":false,"_monsterinsights_sitenote_active":false,"_monsterinsights_sitenote_note":"","_monsterinsights_sitenote_category":0,"site-sidebar-layout":"default","site-content-layout":"default","ast-site-content-layout":"default","site-content-style":"default","site-sidebar-style":"default","ast-global-header-display":"","ast-banner-title-visibility":"","ast-main-header-display":"","ast-hfb-above-header-display":"","ast-hfb-below-header-display":"","ast-hfb-mobile-header-display":"","site-post-title":"","ast-breadcrumbs-content":"","ast-featured-img":"","footer-sml-layout":"","ast-disable-related-posts":"","theme-transparent-header-meta":"default","adv-header-id-meta":"","stick-header-meta":"","header-above-stick-meta":"","header-main-stick-meta":"","header-below-stick-meta":"","astra-migrate-meta-layouts":"default","ast-page-background-enabled":"default","ast-page-background-meta":{"desktop":{"background-color":"","background-image":"","background-repeat":"repeat","background-position":"center center","background-size":"auto","background-attachment":"scroll","background-type":"","background-media":"","overlay-type":"","overlay-color":"","overlay-opacity":"","overlay-gradient":""},"tablet":{"background-color":"","background-image":"","background-repeat":"repeat","background-position":"center center","background-size":"auto","background-attachment":"scroll","background-type":"","background-media":"","overlay-type":"","overlay-color":"","overlay-opacity":"","overlay-gradient":""},"mobile":{"background-color":"","background-image":"","background-repeat":"repeat","background-position":"center center","background-size":"auto","background-attachment":"scroll","background-type":"","background-media":"","overlay-type":"","overlay-color":"","overlay-opacity":"","overlay-gradient":""}},"ast-content-background-meta":{"desktop":{"background-color":"var(--ast-global-color-5)","background-image":"","background-repeat":"repeat","background-position":"center center","background-size":"auto","background-attachment":"scroll","background-type":"","background-media":"","overlay-type":"","overlay-color":"","overlay-opacity":"","overlay-gradient":""},"tablet":{"background-color":"var(--ast-global-color-5)","background-image":"","background-repeat":"repeat","background-position":"center center","background-size":"auto","background-attachment":"scroll","background-type":"","background-media":"","overlay-type":"","overlay-color":"","overlay-opacity":"","overlay-gradient":""},"mobile":{"background-color":"var(--ast-global-color-5)","background-image":"","background-repeat":"repeat","background-position":"center center","background-size":"auto","background-attachment":"scroll","background-type":"","background-media":"","overlay-type":"","overlay-color":"","overlay-opacity":"","overlay-gradient":""}}},"product_brand":[],"product_cat":[524],"product_tag":[2080],"class_list":{"0":"post-7688","1":"product","2":"type-product","3":"status-publish","4":"has-post-thumbnail","6":"product_cat-peptide-khac","7":"product_tag-selank-peptide-cas-129954-34-3-for-anti-anxiety-vi","8":"desktop-align-left","9":"tablet-align-left","10":"mobile-align-left","12":"first","13":"instock","14":"shipping-taxable","15":"product-type-simple"},"_links":{"self":[{"href":"https:\/\/puyapeptide.net\/vi\/wp-json\/wp\/v2\/product\/7688","targetHints":{"allow":["GET"]}}],"collection":[{"href":"https:\/\/puyapeptide.net\/vi\/wp-json\/wp\/v2\/product"}],"about":[{"href":"https:\/\/puyapeptide.net\/vi\/wp-json\/wp\/v2\/types\/product"}],"replies":[{"embeddable":true,"href":"https:\/\/puyapeptide.net\/vi\/wp-json\/wp\/v2\/comments?post=7688"}],"wp:featuredmedia":[{"embeddable":true,"href":"https:\/\/puyapeptide.net\/vi\/wp-json\/wp\/v2\/media\/2304"}],"wp:attachment":[{"href":"https:\/\/puyapeptide.net\/vi\/wp-json\/wp\/v2\/media?parent=7688"}],"wp:term":[{"taxonomy":"product_brand","embeddable":true,"href":"https:\/\/puyapeptide.net\/vi\/wp-json\/wp\/v2\/product_brand?post=7688"},{"taxonomy":"product_cat","embeddable":true,"href":"https:\/\/puyapeptide.net\/vi\/wp-json\/wp\/v2\/product_cat?post=7688"},{"taxonomy":"product_tag","embeddable":true,"href":"https:\/\/puyapeptide.net\/vi\/wp-json\/wp\/v2\/product_tag?post=7688"}],"curies":[{"name":"wp","href":"https:\/\/api.w.org\/{rel}","templated":true}]}}