{"id":7717,"date":"2021-12-16T10:29:01","date_gmt":"2021-12-16T15:29:01","guid":{"rendered":"https:\/\/puyapeptide.net\/product\/tesamorelin-my-tesamorelin-cas-218949-48-5-de-dieu-tri-hoi-chung-roi-loan-chuyen-hoa-lipid-lien-quan-den-hiv\/"},"modified":"2021-12-16T10:29:01","modified_gmt":"2021-12-16T15:29:01","slug":"tesamorelin-my-tesamorelin-cas-218949-48-5-de-dieu-tri-hoi-chung-roi-loan-chuyen-hoa-lipid-lien-quan-den-hiv","status":"publish","type":"product","link":"https:\/\/puyapeptide.net\/vi\/product\/tesamorelin-my-tesamorelin-cas-218949-48-5-de-dieu-tri-hoi-chung-roi-loan-chuyen-hoa-lipid-lien-quan-den-hiv\/","title":{"rendered":"Tesamorelin (M\u1ef9) \/ Tesamorelin CAS 218949-48-5 \u0110\u1ec3 \u0111i\u1ec1u tr\u1ecb h\u1ed9i ch\u1ee9ng r\u1ed1i lo\u1ea1n chuy\u1ec3n h\u00f3a lipid li\u00ean quan \u0111\u1ebfn HIV"},"content":{"rendered":"<h2><strong>Tesamorelin (M\u1ef9) \/ Tesamorelin CAS 218949-48-5 \u0110\u1ec3 \u0111i\u1ec1u tr\u1ecb h\u1ed9i ch\u1ee9ng r\u1ed1i lo\u1ea1n chuy\u1ec3n h\u00f3a lipid li\u00ean quan \u0111\u1ebfn HIV<\/strong><\/h2>\n<p> T\u00ean s\u1ea3n ph\u1ea9m: Tesamorelin (M\u1ef9)<br \/>\n T\u1eeb \u0111\u1ed3ng ngh\u0129a: D06655; Tesamorelin (M\u1ef9); TesamorelinAcetate; B\u00e1n ch\u1ea1y D\u01b0\u1ee3c ph\u1ea9m peptide 2mg Tesamorelin 99%; Tesamorelin (M\u1ef9) USP \/ EP \/ BP<br \/>\n CAS: 218949-48 -5<br \/>\n MF:<br \/>\n MW: 0<br \/>\n EINECS: 603-809-2<br \/>\n Danh m\u1ee5c s\u1ea3n ph\u1ea9m:<br \/>\n Mol File: Mol File <\/p>\n<p> Tesamorelin l\u00e0 m\u1ed9t peptit t\u1ed5ng h\u1ee3p bao g\u1ed3m t\u1ea5t c\u1ea3 44 axit amin c\u1ee7a hGRF v\u1edbi vi\u1ec7c b\u1ed5 sung nh\u00f3m axit trans-3-Hexenoic. nguy\u00ean b\u00e0o s\u1ee3i ph\u1ee5 thu\u1ed9c v\u00e0o li\u1ec1u l\u01b0\u1ee3ng nh\u01b0 \u0111\u01b0\u1ee3c ti\u1ebft l\u1ed9 qua x\u00e9t nghi\u1ec7m di chuy\u1ec3n b\u1ed9 l\u1ecdc xuy\u00ean qua. Li\u1ec1u l\u01b0\u1ee3ng BPC 157 c\u0169ng l\u00e0m t\u0103ng t\u1ed1c \u0111\u1ed9 l\u00e2y lan c\u1ee7a nguy\u00ean b\u00e0o s\u1ee3i g\u00e2n tr\u00ean \u0111\u0129a nu\u00f4i c\u1ea5y m\u1ed9t c\u00e1ch ph\u1ee5 thu\u1ed9c. S\u1ef1 h\u00ecnh th\u00e0nh F-actin \u0111\u01b0\u1ee3c ph\u00e1t hi\u1ec7n b\u1eb1ng ph\u01b0\u01a1ng ph\u00e1p nhu\u1ed9m FITC-phalloidin \u0111\u01b0\u1ee3c t\u1ea1o ra trong c\u00e1c nguy\u00ean b\u00e0o s\u1ee3i \u0111\u01b0\u1ee3c x\u1eed l\u00fd BPC 157. S\u1ef1 bi\u1ec3u hi\u1ec7n protein v\u00e0 s\u1ef1 ho\u1ea1t h\u00f3a c\u1ee7a FAK v\u00e0 paxillin \u0111\u01b0\u1ee3c x\u00e1c \u0111\u1ecbnh b\u1eb1ng ph\u00e2n t\u00edch Western blot, v\u00e0 m\u1ee9c \u0111\u1ed9 phosphoryl h\u00f3a c\u1ee7a c\u1ea3 FAK v\u00e0 paxillin \u0111\u01b0\u1ee3c t\u0103ng t\u00f9y thu\u1ed9c v\u00e0o li\u1ec1u l\u01b0\u1ee3ng BPC 157 trong khi t\u1ed5ng l\u01b0\u1ee3ng protein kh\u00f4ng thay \u0111\u1ed5i. K\u1ebft lu\u1eadn, BPC 157 th\u00fac \u0111\u1ea9y s\u1ef1 ph\u00e1t tri\u1ec3n ngo\u1ea1i vi c\u1ee7a nguy\u00ean b\u00e0o s\u1ee3i g\u00e2n t\u1eeb m\u1eabu c\u1ea5y g\u00e2n, s\u1ef1 t\u1ed3n t\u1ea1i c\u1ee7a t\u1ebf b\u00e0o khi b\u1ecb c\u0103ng th\u1eb3ng v\u00e0 s\u1ef1 di chuy\u1ec3n trong \u1ed1ng nghi\u1ec7m c\u1ee7a c\u00e1c nguy\u00ean b\u00e0o s\u1ee3i g\u00e2n, c\u00f3 kh\u1ea3 n\u0103ng qua trung gian k\u00edch ho\u1ea1t con \u0111\u01b0\u1eddng FAK-paxillin.<br \/>\n &lt;&amp; &gt; <strong>\u1ee8ng d\u1ee5ng Tesamorelin<\/strong> <\/p>\n<p> 1. Triptorelin l\u00e0m t\u0103ng m\u1ee9c testosterone b\u1eb1ng c\u00e1ch g\u00e2y ra s\u1ef1 k\u00edch th\u00edch li\u00ean t\u1ee5c c\u1ee7a tuy\u1ebfn y\u00ean, n\u00f3 l\u00e0m gi\u1ea3m s\u1ef1 b\u00e0i ti\u1ebft c\u1ee7a tuy\u1ebfn y\u00ean \u0111\u1ed1i v\u1edbi hormone ho\u00e0ng th\u1ec3 h\u00f3a gonadotropins (LH) v\u00e0 hormone k\u00edch th\u00edch nang tr\u1ee9ng (FSH). <\/p>\n<p> 2. Gi\u1ed1ng nh\u01b0 c\u00e1c ch\u1ea5t ch\u1ee7 v\u1eadn GnRH kh\u00e1c, triptorelin c\u00f3 th\u1ec3 \u0111\u01b0\u1ee3c s\u1eed d\u1ee5ng trong \u0111i\u1ec1u tr\u1ecb c\u00e1c b\u1ec7nh ung th\u01b0 \u0111\u00e1p \u1ee9ng v\u1edbi hormone nh\u01b0 ung th\u01b0 tuy\u1ebfn ti\u1ec1n li\u1ec7t ho\u1eb7c ung th\u01b0 v\u00fa, d\u1eady th\u00ec s\u1edbm, c\u00e1c t\u00ecnh tr\u1ea1ng ph\u1ee5 thu\u1ed9c estrogen (nh\u01b0 l\u1ea1c n\u1ed9i m\u1ea1c t\u1eed cung ho\u1eb7c u x\u01a1 t\u1eed cung) v\u00e0 h\u1ed7 tr\u1ee3 sinh s\u1ea3n.<\/p>\n","protected":false},"excerpt":{"rendered":"<p>T\u00ean s\u1ea3n ph\u1ea9m: Tesamorelin (usan)<br \/>\n CAS: 218949-48-5<br \/>\n EINECS: 603-809-2<br \/>\n Mol T\u1ec7p: Mol File<\/p>\n","protected":false},"featured_media":2178,"comment_status":"open","ping_status":"closed","template":"","meta":{"om_disable_all_campaigns":false,"_monsterinsights_skip_tracking":false,"_monsterinsights_sitenote_active":false,"_monsterinsights_sitenote_note":"","_monsterinsights_sitenote_category":0,"site-sidebar-layout":"default","site-content-layout":"default","ast-site-content-layout":"default","site-content-style":"default","site-sidebar-style":"default","ast-global-header-display":"","ast-banner-title-visibility":"","ast-main-header-display":"","ast-hfb-above-header-display":"","ast-hfb-below-header-display":"","ast-hfb-mobile-header-display":"","site-post-title":"","ast-breadcrumbs-content":"","ast-featured-img":"","footer-sml-layout":"","ast-disable-related-posts":"","theme-transparent-header-meta":"default","adv-header-id-meta":"","stick-header-meta":"","header-above-stick-meta":"","header-main-stick-meta":"","header-below-stick-meta":"","astra-migrate-meta-layouts":"default","ast-page-background-enabled":"default","ast-page-background-meta":{"desktop":{"background-color":"","background-image":"","background-repeat":"repeat","background-position":"center center","background-size":"auto","background-attachment":"scroll","background-type":"","background-media":"","overlay-type":"","overlay-color":"","overlay-opacity":"","overlay-gradient":""},"tablet":{"background-color":"","background-image":"","background-repeat":"repeat","background-position":"center center","background-size":"auto","background-attachment":"scroll","background-type":"","background-media":"","overlay-type":"","overlay-color":"","overlay-opacity":"","overlay-gradient":""},"mobile":{"background-color":"","background-image":"","background-repeat":"repeat","background-position":"center center","background-size":"auto","background-attachment":"scroll","background-type":"","background-media":"","overlay-type":"","overlay-color":"","overlay-opacity":"","overlay-gradient":""}},"ast-content-background-meta":{"desktop":{"background-color":"var(--ast-global-color-5)","background-image":"","background-repeat":"repeat","background-position":"center center","background-size":"auto","background-attachment":"scroll","background-type":"","background-media":"","overlay-type":"","overlay-color":"","overlay-opacity":"","overlay-gradient":""},"tablet":{"background-color":"var(--ast-global-color-5)","background-image":"","background-repeat":"repeat","background-position":"center center","background-size":"auto","background-attachment":"scroll","background-type":"","background-media":"","overlay-type":"","overlay-color":"","overlay-opacity":"","overlay-gradient":""},"mobile":{"background-color":"var(--ast-global-color-5)","background-image":"","background-repeat":"repeat","background-position":"center center","background-size":"auto","background-attachment":"scroll","background-type":"","background-media":"","overlay-type":"","overlay-color":"","overlay-opacity":"","overlay-gradient":""}}},"product_brand":[],"product_cat":[524],"product_tag":[2064],"class_list":{"0":"post-7717","1":"product","2":"type-product","3":"status-publish","4":"has-post-thumbnail","6":"product_cat-peptide-khac","7":"product_tag-tesamorelin-usan-tesamorelin-cas-218949-48-5-for-the-treatment-of-hiv-associated-lipid-metabolism-disorder-syndrome-vi","8":"desktop-align-left","9":"tablet-align-left","10":"mobile-align-left","12":"first","13":"instock","14":"shipping-taxable","15":"product-type-simple"},"_links":{"self":[{"href":"https:\/\/puyapeptide.net\/vi\/wp-json\/wp\/v2\/product\/7717","targetHints":{"allow":["GET"]}}],"collection":[{"href":"https:\/\/puyapeptide.net\/vi\/wp-json\/wp\/v2\/product"}],"about":[{"href":"https:\/\/puyapeptide.net\/vi\/wp-json\/wp\/v2\/types\/product"}],"replies":[{"embeddable":true,"href":"https:\/\/puyapeptide.net\/vi\/wp-json\/wp\/v2\/comments?post=7717"}],"wp:featuredmedia":[{"embeddable":true,"href":"https:\/\/puyapeptide.net\/vi\/wp-json\/wp\/v2\/media\/2178"}],"wp:attachment":[{"href":"https:\/\/puyapeptide.net\/vi\/wp-json\/wp\/v2\/media?parent=7717"}],"wp:term":[{"taxonomy":"product_brand","embeddable":true,"href":"https:\/\/puyapeptide.net\/vi\/wp-json\/wp\/v2\/product_brand?post=7717"},{"taxonomy":"product_cat","embeddable":true,"href":"https:\/\/puyapeptide.net\/vi\/wp-json\/wp\/v2\/product_cat?post=7717"},{"taxonomy":"product_tag","embeddable":true,"href":"https:\/\/puyapeptide.net\/vi\/wp-json\/wp\/v2\/product_tag?post=7717"}],"curies":[{"name":"wp","href":"https:\/\/api.w.org\/{rel}","templated":true}]}}