{"id":7815,"date":"2021-12-16T10:34:29","date_gmt":"2021-12-16T15:34:29","guid":{"rendered":"https:\/\/puyapeptide.net\/product\/angiotensin-axetat-val5-angiotensin-ii-cas-58-49-1\/"},"modified":"2021-12-16T10:34:29","modified_gmt":"2021-12-16T15:34:29","slug":"angiotensin-axetat-val5-angiotensin-ii-cas-58-49-1","status":"publish","type":"product","link":"https:\/\/puyapeptide.net\/vi\/product\/angiotensin-axetat-val5-angiotensin-ii-cas-58-49-1\/","title":{"rendered":"Angiotensin axetat \/ (Val5) -Angiotensin II CAS 58-49-1"},"content":{"rendered":"<h2><strong>Angiotensin axetat \/ (Val5) -Angiotensin II CAS 58-49-1<\/strong><\/h2>\n<p> T\u00ean s\u1ea3n ph\u1ea9m: Angiotensin acetate<br \/>\n T\u1eeb \u0111\u1ed3ng ngh\u0129a: [VAL5] -ANGIOTENSIN II; [VAL5] ANGIOTENSIN II HUMAN; ASP-ARG-VAL-TYR-VAL-HIS-PRO-PHE; DRVYVHPF; 5-L-Valine angiotensin II); Angiotensin II 5-valine (Valine angiotensin II; Valine angiotensin II; VALINE ANGIOTENSIN II; 5-L-VALINE ANGIOTENSIN II<br \/>\n CAS: 58-49-1<br \/>\n MF: C49H69N13O12<br \/>\n MW: 1032.17<br \/>\n EINECS:<br \/>\n Danh m\u1ee5c s\u1ea3n ph\u1ea9m:<br \/>\n Mol File: 58-49-1.mol <\/p>\n<p> Angiotensin l\u00e0 m\u1ed9t lo\u1ea1i ch\u1ea5t peptide c\u00f3 t\u00e1c d\u1ee5ng co m\u1ea1ch m\u1ea1nh v\u00e0 k\u00edch th\u00edch ti\u1ebft aldosterone t\u1eeb v\u1ecf th\u01b0\u1ee3ng th\u1eadn. N\u00f3 tham gia v\u00e0o vi\u1ec7c \u0111i\u1ec1u h\u00f2a huy\u1ebft \u00e1p v\u00e0 ch\u1ea5t l\u1ecfng trong c\u01a1 th\u1ec3. N\u00f3 c\u00f3 th\u1ec3 \u0111\u01b0\u1ee3c chia th\u00e0nh angiotensin I-VII v\u00e0 c\u00f3 nhi\u1ec1u nghi\u00ean c\u1ee9u h\u01a1n v\u1ec1 angiotensin I, angiotensin II v\u00e0 angiotensin III. <\/p>\n<p> &lt; &amp;&gt; <strong>Angiotensin Acetate \/ (Val5) -Angiotensin II CAS 58-49-1 T\u00ednh ch\u1ea5t h\u00f3a h\u1ecdc<\/strong><br \/>\n nhi\u1ec7t \u0111\u1ed9 b\u1ea3o qu\u1ea3n. -20 \u00b0 C<br \/>\n m\u1eadt \u0111\u1ed9 1,45 \u00b1 0,1 g \/ cm3 (D\u1ef1 \u0111o\u00e1n)<br \/>\n d\u1ea1ng b\u1ed9t<br \/>\n pKa 3,56 \u00b1 0,10 (D\u1ef1 \u0111o\u00e1n)<br \/>\n InChIKey JVCJXRGXGITABA-IAQGTVMASA-N<br \/>\n CAS DataBase Reference 58-49-1 <\/p>\n<p> <strong>Appl ication &amp; Ch\u1ee9c n\u0103ng c\u1ee7a Angiotensin Acetate \/ (Val5) -Angiotensin II CAS 58-49-1<\/strong><br \/>\n Angiotensin acetate, c\u00f2n \u0111\u01b0\u1ee3c g\u1ecdi l\u00e0 (Val5) -Angiotensin II, l\u00e0 m\u1ed9t ch\u1ea5t t\u01b0\u01a1ng t\u1ef1 angiotensin II l\u00e0 ch\u1ea5t ch\u1ee7 v\u1eadn th\u1ee5 th\u1ec3 angiotensin AT1. Angiotensin l\u00e0 m\u1ed9t oligopeptide, l\u00e0 m\u1ed9t hormone v\u00e0 m\u1ed9t dipsogen m\u1ea1nh. N\u00f3 c\u00f3 ngu\u1ed3n g\u1ed1c t\u1eeb ph\u00e2n t\u1eed ti\u1ec1n ch\u1ea5t angiotensinogen, m\u1ed9t lo\u1ea1i globulin huy\u1ebft thanh \u0111\u01b0\u1ee3c s\u1ea3n xu\u1ea5t trong gan. N\u00f3 \u0111\u00f3ng m\u1ed9t vai tr\u00f2 quan tr\u1ecdng trong h\u1ec7 th\u1ed1ng renin-angiotensin. <\/p>\n<p> Angiotensin II l\u00e0 m\u1ed9t ch\u1ea5t co m\u1ea1ch m\u1ea1nh \u0111\u01b0\u1ee3c t\u1ea1o ra b\u1edfi t\u00e1c \u0111\u1ed9ng tu\u1ea7n t\u1ef1 c\u1ee7a renin v\u00e0 men chuy\u1ec3n angiotensin tr\u00ean angiotensinogen. C\u00e1c ho\u1ea1t \u0111\u1ed9ng sinh h\u1ecdc c\u1ee7a angiotensin II bao g\u1ed3m \u0111i\u1ec1u h\u00f2a huy\u1ebft \u00e1p, c\u00e2n b\u1eb1ng mu\u1ed1i v\u00e0 n\u01b0\u1edbc, v\u00e0 m\u1ea1ch m\u00e1u. Ngo\u00e0i ra, angiotensin II k\u00edch th\u00edch c\u00e1c enzym kh\u00e1c nhau nh\u01b0 NADPH oxidase.<\/p>\n","protected":false},"excerpt":{"rendered":"<p>T\u00ean s\u1ea3n ph\u1ea9m: Angiotensin acetate<br \/>\n CAS: 58-49-1<br \/>\n MF: C49H69N13O12<br \/>\n MW: 1032.17<br \/>\n Mol T\u1ec7p: 58-49-1.mol<\/p>\n","protected":false},"featured_media":2304,"comment_status":"open","ping_status":"closed","template":"","meta":{"om_disable_all_campaigns":false,"_monsterinsights_skip_tracking":false,"_monsterinsights_sitenote_active":false,"_monsterinsights_sitenote_note":"","_monsterinsights_sitenote_category":0,"site-sidebar-layout":"default","site-content-layout":"default","ast-site-content-layout":"default","site-content-style":"default","site-sidebar-style":"default","ast-global-header-display":"","ast-banner-title-visibility":"","ast-main-header-display":"","ast-hfb-above-header-display":"","ast-hfb-below-header-display":"","ast-hfb-mobile-header-display":"","site-post-title":"","ast-breadcrumbs-content":"","ast-featured-img":"","footer-sml-layout":"","ast-disable-related-posts":"","theme-transparent-header-meta":"default","adv-header-id-meta":"","stick-header-meta":"","header-above-stick-meta":"","header-main-stick-meta":"","header-below-stick-meta":"","astra-migrate-meta-layouts":"default","ast-page-background-enabled":"default","ast-page-background-meta":{"desktop":{"background-color":"","background-image":"","background-repeat":"repeat","background-position":"center center","background-size":"auto","background-attachment":"scroll","background-type":"","background-media":"","overlay-type":"","overlay-color":"","overlay-opacity":"","overlay-gradient":""},"tablet":{"background-color":"","background-image":"","background-repeat":"repeat","background-position":"center center","background-size":"auto","background-attachment":"scroll","background-type":"","background-media":"","overlay-type":"","overlay-color":"","overlay-opacity":"","overlay-gradient":""},"mobile":{"background-color":"","background-image":"","background-repeat":"repeat","background-position":"center center","background-size":"auto","background-attachment":"scroll","background-type":"","background-media":"","overlay-type":"","overlay-color":"","overlay-opacity":"","overlay-gradient":""}},"ast-content-background-meta":{"desktop":{"background-color":"var(--ast-global-color-5)","background-image":"","background-repeat":"repeat","background-position":"center center","background-size":"auto","background-attachment":"scroll","background-type":"","background-media":"","overlay-type":"","overlay-color":"","overlay-opacity":"","overlay-gradient":""},"tablet":{"background-color":"var(--ast-global-color-5)","background-image":"","background-repeat":"repeat","background-position":"center center","background-size":"auto","background-attachment":"scroll","background-type":"","background-media":"","overlay-type":"","overlay-color":"","overlay-opacity":"","overlay-gradient":""},"mobile":{"background-color":"var(--ast-global-color-5)","background-image":"","background-repeat":"repeat","background-position":"center center","background-size":"auto","background-attachment":"scroll","background-type":"","background-media":"","overlay-type":"","overlay-color":"","overlay-opacity":"","overlay-gradient":""}}},"product_brand":[],"product_cat":[418],"product_tag":[1982],"class_list":{"0":"post-7815","1":"product","2":"type-product","3":"status-publish","4":"has-post-thumbnail","6":"product_cat-peptide-trong-mau-va-mach-mau","7":"product_tag-angiotensin-acetate-val5-angiotensin-ii-cas-58-49-1-vi","8":"desktop-align-left","9":"tablet-align-left","10":"mobile-align-left","12":"first","13":"instock","14":"shipping-taxable","15":"product-type-simple"},"_links":{"self":[{"href":"https:\/\/puyapeptide.net\/vi\/wp-json\/wp\/v2\/product\/7815","targetHints":{"allow":["GET"]}}],"collection":[{"href":"https:\/\/puyapeptide.net\/vi\/wp-json\/wp\/v2\/product"}],"about":[{"href":"https:\/\/puyapeptide.net\/vi\/wp-json\/wp\/v2\/types\/product"}],"replies":[{"embeddable":true,"href":"https:\/\/puyapeptide.net\/vi\/wp-json\/wp\/v2\/comments?post=7815"}],"wp:featuredmedia":[{"embeddable":true,"href":"https:\/\/puyapeptide.net\/vi\/wp-json\/wp\/v2\/media\/2304"}],"wp:attachment":[{"href":"https:\/\/puyapeptide.net\/vi\/wp-json\/wp\/v2\/media?parent=7815"}],"wp:term":[{"taxonomy":"product_brand","embeddable":true,"href":"https:\/\/puyapeptide.net\/vi\/wp-json\/wp\/v2\/product_brand?post=7815"},{"taxonomy":"product_cat","embeddable":true,"href":"https:\/\/puyapeptide.net\/vi\/wp-json\/wp\/v2\/product_cat?post=7815"},{"taxonomy":"product_tag","embeddable":true,"href":"https:\/\/puyapeptide.net\/vi\/wp-json\/wp\/v2\/product_tag?post=7815"}],"curies":[{"name":"wp","href":"https:\/\/api.w.org\/{rel}","templated":true}]}}