{"id":7837,"date":"2021-12-16T11:16:37","date_gmt":"2021-12-16T16:16:37","guid":{"rendered":"https:\/\/puyapeptide.net\/product\/dsip-sleep-inducing-peptide-cas-62568-57-4-giup-ngu-ngon\/"},"modified":"2021-12-16T11:16:37","modified_gmt":"2021-12-16T16:16:37","slug":"dsip-sleep-inducing-peptide-cas-62568-57-4-giup-ngu-ngon","status":"publish","type":"product","link":"https:\/\/puyapeptide.net\/vi\/product\/dsip-sleep-inducing-peptide-cas-62568-57-4-giup-ngu-ngon\/","title":{"rendered":"DSIP \/ SLEEP-INDUCING PEPTIDE CAS 62568-57-4 Gi\u00fap Ng\u1ee7 ngon"},"content":{"rendered":"<h2><strong>Drotaverine Hidroklorida \/ Drotaverine Hcl CAS 985-12-6<\/strong><\/h2>\n<p> T\u00ean s\u1ea3n ph\u1ea9m: DSIP<br \/>\n T\u1eeb \u0111\u1ed3ng ngh\u0129a: SLEEP INDUCING PEPTIDE; WAGGDASGE; TRP-ALA-GLY-GLY-ASN-ALA-SER-GLY-GLU; TRP-ALA-GLY-GLY-ASP-ALA-SER- GLY-GLU; TRP-ALA-GLY-GLY-ASP-ALA-SER-GLY-GLU 4H2O; DELTA SLEEP INDUCING PEPTIDE; DELTA SLEEP-INDUCING PEPTIDE 4H2O; DSIP<br \/>\n CAS: 62568-57-4<br \/>\n MF : C35H48N10O15<br \/>\n MW: 848.82<br \/>\n EINECS: 211-519-9<br \/>\n Danh m\u1ee5c s\u1ea3n ph\u1ea9m: Peptide<br \/>\n Mol T\u1ec7p: 62568-57-4.mol <\/p>\n<p> Peptide g\u00e2y ng\u1ee7 Delta, vi\u1ebft t\u1eaft DSIP, l\u00e0 m\u1ed9t neuropeptide khi \u0111\u01b0\u1ee3c truy\u1ec1n v\u00e0o n\u00e3o th\u1ea5t trung b\u00ec c\u1ee7a th\u1ecf nh\u1eadn g\u00e2y ra ho\u1ea1t \u0111\u1ed9ng \u0111i\u1ec7n n\u00e3o \u0111\u1ed3 c\u1ee7a tr\u1ee5c ch\u00ednh v\u00e0 delta v\u00e0 gi\u1ea3m c\u00e1c ho\u1ea1t \u0111\u1ed9ng v\u1eadn \u0111\u1ed9ng. <\/p>\n<p> <strong>DSIP CAS 985-12-6 T\u00ednh ch\u1ea5t h\u00f3a h\u1ecdc<\/strong><br \/>\n \u0110i\u1ec3m s\u00f4i 1522,7 \u00b1 65,0 \u00b0 C (D\u1ef1 \u0111o\u00e1n)<br \/>\n m\u1eadt \u0111\u1ed9 1,458 \u00b1 0,06 g \/ cm3 (D\u1ef1 \u0111o\u00e1n)<br \/>\n nhi\u1ec7t \u0111\u1ed9 b\u1ea3o qu\u1ea3n. \u221220 \u00b0 C<br \/>\n pka 3,18 \u00b1 0,10 (D\u1ef1 \u0111o\u00e1n)<br \/>\n T\u00ednh tan trong n\u01b0\u1edbc H\u00f2a tan trong n\u01b0\u1edbc \u1edf 0,5mg \/ ml<br \/>\n InChIKey ZRZROXNBKJAOKB-GFVHOAGBSA-N <\/p>\n<p> <strong>Ch\u1ee9c n\u0103ng DSIP<\/strong><br \/>\n Nhi\u1ec1u vai tr\u00f2 cho DSIP \u0111\u00e3 \u0111\u01b0\u1ee3c \u0111\u1ec1 xu\u1ea5t sau khi nghi\u00ean c\u1ee9u \u0111\u01b0\u1ee3c th\u1ef1c hi\u1ec7n b\u1eb1ng c\u00e1ch s\u1eed d\u1ee5ng c\u00e1c ch\u1ea5t t\u01b0\u01a1ng t\u1ef1 peptit c\u00f3 \u0111\u1ed9 \u1ed5n \u0111\u1ecbnh ph\u00e2n t\u1eed cao h\u01a1n v\u00e0 th\u00f4ng qua vi\u1ec7c \u0111o l\u01b0\u1eddng ph\u1ea3n \u1ee9ng mi\u1ec5n d\u1ecbch gi\u1ed1ng DSIP (DSIP-LI) b\u1eb1ng c\u00e1ch ti\u00eam kh\u00e1ng huy\u1ebft thanh v\u00e0 kh\u00e1ng th\u1ec3 DSIP <\/p>\n<p> <strong>Vai tr\u00f2 trong \u0111i\u1ec1u h\u00f2a n\u1ed9i ti\u1ebft<\/strong><br \/>\n Gi\u1ea3m c\u01a1 b\u1ea3n m\u1ee9c corticotropin v\u00e0 ng\u0103n ch\u1eb7n s\u1ef1 ph\u00f3ng th\u00edch c\u1ee7a n\u00f3.<br \/>\n K\u00edch th\u00edch gi\u1ea3i ph\u00f3ng hormone ho\u00e0ng th\u1ec3 h\u00f3a (LH).<br \/>\n K\u00edch th\u00edch gi\u1ea3i ph\u00f3ng somatoliberin v\u00e0 b\u00e0i ti\u1ebft somatotrophin v\u00e0 \u1ee9c ch\u1ebf b\u00e0i ti\u1ebft somatostatin. <\/p>\n<p> <strong>C\u1ea5u tr\u00fac v\u00e0 T\u01b0\u01a1ng t\u00e1c<\/strong><br \/>\n DSIP l\u00e0 m\u1ed9t ch\u1ea5t l\u01b0\u1ee1ng t\u00ednh peptit c\u00f3 tr\u1ecdng l\u01b0\u1ee3ng ph\u00e2n t\u1eed 850 dalton v\u1edbi m\u00f4 t\u00edp axit amin: N-Trp-Ala-Gly-Gly-Asp-Ala-Ser-Gly-Glu-C<br \/>\n N\u00f3 \u0111\u00e3 \u0111\u01b0\u1ee3c t\u00ecm th\u1ea5y \u1edf c\u1ea3 d\u1ea1ng t\u1ef1 do v\u00e0 d\u1ea1ng li\u00ean k\u1ebft trong v\u00f9ng d\u01b0\u1edbi \u0111\u1ed3i, h\u1ec7 th\u1ed1ng limbic v\u00e0 tuy\u1ebfn y\u00ean c\u0169ng nh\u01b0 c\u00e1c c\u01a1 quan ngo\u1ea1i vi, m\u00f4 v\u00e0 d\u1ecbch c\u01a1 th\u1ec3 kh\u00e1c nhau. [5] Trong tuy\u1ebfn y\u00ean, n\u00f3 c\u00f9ng khu tr\u00fa v\u1edbi nhi\u1ec1u ch\u1ea5t trung gian peptit v\u00e0 kh\u00f4ng peptit nh\u01b0 peptit trung gian gi\u1ed1ng corticotropin (CLIP), hormone k\u00edch th\u00edch v\u1ecf th\u01b0\u1ee3ng th\u1eadn (ACTH), hormone k\u00edch th\u00edch t\u1ebf b\u00e0o h\u1eafc t\u1ed1 (MSH), hormone k\u00edch th\u00edch tuy\u1ebfn gi\u00e1p (TSH) v\u00e0 t\u1eadp trung melanin n\u1ed9i ti\u1ebft t\u1ed1 (MCH). N\u00f3 c\u00f3 nhi\u1ec1u trong c\u00e1c t\u1ebf b\u00e0o b\u00e0i ti\u1ebft c\u1ee7a ru\u1ed9t v\u00e0 trong tuy\u1ebfn t\u1ee5y, n\u01a1i n\u00f3 \u0111\u1ed3ng \u0111\u1ecba h\u00f3a v\u1edbi glucagon.<br \/>\n Trong \u1ed1ng nghi\u1ec7m, n\u00f3 \u0111\u01b0\u1ee3c ph\u00e1t hi\u1ec7n c\u00f3 t\u00ednh \u1ed5n \u0111\u1ecbnh ph\u00e2n t\u1eed th\u1ea5p v\u1edbi th\u1eddi gian b\u00e1n h\u1ee7y ch\u1ec9 15 ph\u00fat do ho\u1ea1t \u0111\u1ed9ng c\u1ee7a m\u1ed9t ch\u1ea5t c\u1ee5 th\u1ec3 Enzyme gi\u1ed1ng aminopeptidase Ng\u01b0\u1eddi ta cho r\u1eb1ng trong c\u01a1 th\u1ec3 n\u00f3 t\u1ea1o ph\u1ee9c h\u1ee3p v\u1edbi protein mang \u0111\u1ec3 ng\u0103n ch\u1eb7n s\u1ef1 tho\u00e1i h\u00f3a ho\u1eb7c t\u1ed3n t\u1ea1i nh\u01b0 m\u1ed9t th\u00e0nh ph\u1ea7n c\u1ee7a m\u1ed9t ph\u00e2n t\u1eed ti\u1ec1n ch\u1ea5t l\u1edbn, nh\u01b0ng v\u1eabn ch\u01b0a t\u00ecm th\u1ea5y c\u1ea5u tr\u00fac ho\u1eb7c gen cho ti\u1ec1n ch\u1ea5t n\u00e0y.<\/p>\n","protected":false},"excerpt":{"rendered":"<p>T\u00ean s\u1ea3n ph\u1ea9m: DSIP<br \/>\n CAS: 62568-57-4<br \/>\n MF: C35H48N10O15<br \/>\n MW: 848.82<br \/>\n EINECS: 211-519-9<br \/>\n Mol T\u1ec7p: 62568-57-4.mol<\/p>\n","protected":false},"featured_media":0,"comment_status":"open","ping_status":"closed","template":"","meta":{"om_disable_all_campaigns":false,"_monsterinsights_skip_tracking":false,"_monsterinsights_sitenote_active":false,"_monsterinsights_sitenote_note":"","_monsterinsights_sitenote_category":0,"site-sidebar-layout":"default","site-content-layout":"default","ast-site-content-layout":"default","site-content-style":"default","site-sidebar-style":"default","ast-global-header-display":"","ast-banner-title-visibility":"","ast-main-header-display":"","ast-hfb-above-header-display":"","ast-hfb-below-header-display":"","ast-hfb-mobile-header-display":"","site-post-title":"","ast-breadcrumbs-content":"","ast-featured-img":"","footer-sml-layout":"","ast-disable-related-posts":"","theme-transparent-header-meta":"default","adv-header-id-meta":"","stick-header-meta":"","header-above-stick-meta":"","header-main-stick-meta":"","header-below-stick-meta":"","astra-migrate-meta-layouts":"default","ast-page-background-enabled":"default","ast-page-background-meta":{"desktop":{"background-color":"","background-image":"","background-repeat":"repeat","background-position":"center center","background-size":"auto","background-attachment":"scroll","background-type":"","background-media":"","overlay-type":"","overlay-color":"","overlay-opacity":"","overlay-gradient":""},"tablet":{"background-color":"","background-image":"","background-repeat":"repeat","background-position":"center center","background-size":"auto","background-attachment":"scroll","background-type":"","background-media":"","overlay-type":"","overlay-color":"","overlay-opacity":"","overlay-gradient":""},"mobile":{"background-color":"","background-image":"","background-repeat":"repeat","background-position":"center center","background-size":"auto","background-attachment":"scroll","background-type":"","background-media":"","overlay-type":"","overlay-color":"","overlay-opacity":"","overlay-gradient":""}},"ast-content-background-meta":{"desktop":{"background-color":"var(--ast-global-color-5)","background-image":"","background-repeat":"repeat","background-position":"center center","background-size":"auto","background-attachment":"scroll","background-type":"","background-media":"","overlay-type":"","overlay-color":"","overlay-opacity":"","overlay-gradient":""},"tablet":{"background-color":"var(--ast-global-color-5)","background-image":"","background-repeat":"repeat","background-position":"center center","background-size":"auto","background-attachment":"scroll","background-type":"","background-media":"","overlay-type":"","overlay-color":"","overlay-opacity":"","overlay-gradient":""},"mobile":{"background-color":"var(--ast-global-color-5)","background-image":"","background-repeat":"repeat","background-position":"center center","background-size":"auto","background-attachment":"scroll","background-type":"","background-media":"","overlay-type":"","overlay-color":"","overlay-opacity":"","overlay-gradient":""}}},"product_brand":[],"product_cat":[524],"product_tag":[1959],"class_list":{"0":"post-7837","1":"product","2":"type-product","3":"status-publish","5":"product_cat-peptide-khac","6":"product_tag-dsip-sleep-inducing-peptide-cas-62568-57-4-help-for-sleep-well-vi","7":"desktop-align-left","8":"tablet-align-left","9":"mobile-align-left","11":"first","12":"instock","13":"shipping-taxable","14":"product-type-simple"},"_links":{"self":[{"href":"https:\/\/puyapeptide.net\/vi\/wp-json\/wp\/v2\/product\/7837","targetHints":{"allow":["GET"]}}],"collection":[{"href":"https:\/\/puyapeptide.net\/vi\/wp-json\/wp\/v2\/product"}],"about":[{"href":"https:\/\/puyapeptide.net\/vi\/wp-json\/wp\/v2\/types\/product"}],"replies":[{"embeddable":true,"href":"https:\/\/puyapeptide.net\/vi\/wp-json\/wp\/v2\/comments?post=7837"}],"wp:attachment":[{"href":"https:\/\/puyapeptide.net\/vi\/wp-json\/wp\/v2\/media?parent=7837"}],"wp:term":[{"taxonomy":"product_brand","embeddable":true,"href":"https:\/\/puyapeptide.net\/vi\/wp-json\/wp\/v2\/product_brand?post=7837"},{"taxonomy":"product_cat","embeddable":true,"href":"https:\/\/puyapeptide.net\/vi\/wp-json\/wp\/v2\/product_cat?post=7837"},{"taxonomy":"product_tag","embeddable":true,"href":"https:\/\/puyapeptide.net\/vi\/wp-json\/wp\/v2\/product_tag?post=7837"}],"curies":[{"name":"wp","href":"https:\/\/api.w.org\/{rel}","templated":true}]}}