{"id":7860,"date":"2021-12-16T11:17:53","date_gmt":"2021-12-16T16:17:53","guid":{"rendered":"https:\/\/puyapeptide.net\/product\/etelcalcetide-cas-1262780-97-1-duoc-phat-trien-de-su-dung-cho-benh-nhan-mac-benh-than-man-tinh-ckd-dang-dieu-tri-chay-than-nhan-tao\/"},"modified":"2021-12-16T11:17:53","modified_gmt":"2021-12-16T16:17:53","slug":"etelcalcetide-cas-1262780-97-1-duoc-phat-trien-de-su-dung-cho-benh-nhan-mac-benh-than-man-tinh-ckd-dang-dieu-tri-chay-than-nhan-tao","status":"publish","type":"product","link":"https:\/\/puyapeptide.net\/vi\/product\/etelcalcetide-cas-1262780-97-1-duoc-phat-trien-de-su-dung-cho-benh-nhan-mac-benh-than-man-tinh-ckd-dang-dieu-tri-chay-than-nhan-tao\/","title":{"rendered":"Etelcalcetide CAS 1262780-97-1 \u0110\u01b0\u1ee3c ph\u00e1t tri\u1ec3n \u0111\u1ec3 s\u1eed d\u1ee5ng cho b\u1ec7nh nh\u00e2n m\u1eafc b\u1ec7nh th\u1eadn m\u00e3n t\u00ednh (CKD) \u0111ang \u0111i\u1ec1u tr\u1ecb ch\u1ea1y th\u1eadn nh\u00e2n t\u1ea1o"},"content":{"rendered":"<h2><strong>Etelcalcetide CAS 1262780-97-1 \u0110\u01b0\u1ee3c ph\u00e1t tri\u1ec3n \u0111\u1ec3 s\u1eed d\u1ee5ng cho b\u1ec7nh nh\u00e2n m\u1eafc b\u1ec7nh th\u1eadn m\u00e3n t\u00ednh (CKD) \u0111ang \u0111i\u1ec1u tr\u1ecb ch\u1ea1y th\u1eadn nh\u00e2n t\u1ea1o<\/strong><\/h2>\n<p> T\u00ean s\u1ea3n ph\u1ea9m: Etelcalcetide<br \/>\n T\u1eeb \u0111\u1ed3ng ngh\u0129a: Etelcalcetide; D-Argininamide, N-acetyl-D-cysteinyl-D-alanyl-D-arginyl-D-arginyl-D-arginyl-D-alanyl-, disulfide with L -cysteine; AMG-416 (Velcalcetide)<br \/>\n CAS: 1262780-97-1<br \/>\n MF: C38H73N21O10S2<br \/>\n MW: 1048.25<br \/>\n EINECS:<br \/>\n Danh m\u1ee5c s\u1ea3n ph\u1ea9m:<br \/>\n Mol File: 1262780- 97-1.mol <\/p>\n<p> Etelcalcetide l\u00e0 m\u1ed9t ti\u1ec3u thuy\u1ebft CalcimimeticAgent (CalcimimeticAgent). N\u00f3 \u0111\u01b0\u1ee3c s\u1eed d\u1ee5ng qua \u0111\u01b0\u1eddng t\u0129nh m\u1ea1ch v\u00e0 \u0111\u01b0\u1ee3c ph\u00e1t tri\u1ec3n cho nh\u1eefng b\u1ec7nh nh\u00e2n b\u1ecb b\u1ec7nh th\u1eadn m\u00e3n t\u00ednh (CKD) \u0111ang \u0111i\u1ec1u tr\u1ecb ch\u1ea1y th\u1eadn nh\u00e2n t\u1ea1o. &gt; <strong>Etelcalcetide CAS 1262780-97-1 T\u00ednh ch\u1ea5t h\u00f3a h\u1ecdc<\/strong><br \/>\n m\u1eadt \u0111\u1ed9 1,58 \u00b1 0,1 g \/ cm3 (D\u1ef1 \u0111o\u00e1n)<br \/>\n pka 2,01 \u00b1 0,10 (D\u1ef1 \u0111o\u00e1n) <\/p>\n<p> <strong>Ch\u1ee9c n\u0103ng v\u00e0 \u1ee9ng d\u1ee5ng c\u1ee7a Etelcalcetide CAS 1262780-97-1 T\u00ednh ch\u1ea5t h\u00f3a h\u1ecdc<\/strong><br \/>\n Etelcalcetide k\u00edch ho\u1ea1t th\u1ee5 th\u1ec3 c\u1ea3m nh\u1eadn canxi tr\u00ean tuy\u1ebfn c\u1eadn gi\u00e1p l\u00e0m gi\u1ea3m t\u1ed5ng h\u1ee3p v\u00e0 b\u00e0i ti\u1ebft PTH. N\u00f3 c\u00f3 th\u1ec3 \u0111\u01b0\u1ee3c s\u1eed d\u1ee5ng cho c\u01b0\u1eddng c\u1eadn gi\u00e1p th\u1ee9 ph\u00e1t li\u00ean quan \u0111\u1ebfn nghi\u00ean c\u1ee9u b\u1ec7nh th\u1eadn m\u00e3n t\u00ednh.<\/p>\n","protected":false},"excerpt":{"rendered":"<p>T\u00ean s\u1ea3n ph\u1ea9m: Etelcalcetide<br \/>\n CAS: 1262780-97-1<br \/>\n MF: C38H73N21O10S2<br \/>\n MW: 1048.25<br \/>\n Mol T\u1ec7p: 1262780-97-1.mol<\/p>\n","protected":false},"featured_media":2220,"comment_status":"open","ping_status":"closed","template":"","meta":{"om_disable_all_campaigns":false,"_monsterinsights_skip_tracking":false,"_monsterinsights_sitenote_active":false,"_monsterinsights_sitenote_note":"","_monsterinsights_sitenote_category":0,"site-sidebar-layout":"default","site-content-layout":"default","ast-site-content-layout":"default","site-content-style":"default","site-sidebar-style":"default","ast-global-header-display":"","ast-banner-title-visibility":"","ast-main-header-display":"","ast-hfb-above-header-display":"","ast-hfb-below-header-display":"","ast-hfb-mobile-header-display":"","site-post-title":"","ast-breadcrumbs-content":"","ast-featured-img":"","footer-sml-layout":"","ast-disable-related-posts":"","theme-transparent-header-meta":"default","adv-header-id-meta":"","stick-header-meta":"","header-above-stick-meta":"","header-main-stick-meta":"","header-below-stick-meta":"","astra-migrate-meta-layouts":"default","ast-page-background-enabled":"default","ast-page-background-meta":{"desktop":{"background-color":"","background-image":"","background-repeat":"repeat","background-position":"center center","background-size":"auto","background-attachment":"scroll","background-type":"","background-media":"","overlay-type":"","overlay-color":"","overlay-opacity":"","overlay-gradient":""},"tablet":{"background-color":"","background-image":"","background-repeat":"repeat","background-position":"center center","background-size":"auto","background-attachment":"scroll","background-type":"","background-media":"","overlay-type":"","overlay-color":"","overlay-opacity":"","overlay-gradient":""},"mobile":{"background-color":"","background-image":"","background-repeat":"repeat","background-position":"center center","background-size":"auto","background-attachment":"scroll","background-type":"","background-media":"","overlay-type":"","overlay-color":"","overlay-opacity":"","overlay-gradient":""}},"ast-content-background-meta":{"desktop":{"background-color":"var(--ast-global-color-5)","background-image":"","background-repeat":"repeat","background-position":"center center","background-size":"auto","background-attachment":"scroll","background-type":"","background-media":"","overlay-type":"","overlay-color":"","overlay-opacity":"","overlay-gradient":""},"tablet":{"background-color":"var(--ast-global-color-5)","background-image":"","background-repeat":"repeat","background-position":"center center","background-size":"auto","background-attachment":"scroll","background-type":"","background-media":"","overlay-type":"","overlay-color":"","overlay-opacity":"","overlay-gradient":""},"mobile":{"background-color":"var(--ast-global-color-5)","background-image":"","background-repeat":"repeat","background-position":"center center","background-size":"auto","background-attachment":"scroll","background-type":"","background-media":"","overlay-type":"","overlay-color":"","overlay-opacity":"","overlay-gradient":""}}},"product_brand":[],"product_cat":[524],"product_tag":[1939],"class_list":{"0":"post-7860","1":"product","2":"type-product","3":"status-publish","4":"has-post-thumbnail","6":"product_cat-peptide-khac","7":"product_tag-etelcalcetide-cas-1262780-97-1-developed-for-use-in-patients-with-chronic-kidney-disease-ckd-who-are-on-hemodialysis-treatment-vi","8":"desktop-align-left","9":"tablet-align-left","10":"mobile-align-left","12":"first","13":"instock","14":"shipping-taxable","15":"product-type-simple"},"_links":{"self":[{"href":"https:\/\/puyapeptide.net\/vi\/wp-json\/wp\/v2\/product\/7860","targetHints":{"allow":["GET"]}}],"collection":[{"href":"https:\/\/puyapeptide.net\/vi\/wp-json\/wp\/v2\/product"}],"about":[{"href":"https:\/\/puyapeptide.net\/vi\/wp-json\/wp\/v2\/types\/product"}],"replies":[{"embeddable":true,"href":"https:\/\/puyapeptide.net\/vi\/wp-json\/wp\/v2\/comments?post=7860"}],"wp:featuredmedia":[{"embeddable":true,"href":"https:\/\/puyapeptide.net\/vi\/wp-json\/wp\/v2\/media\/2220"}],"wp:attachment":[{"href":"https:\/\/puyapeptide.net\/vi\/wp-json\/wp\/v2\/media?parent=7860"}],"wp:term":[{"taxonomy":"product_brand","embeddable":true,"href":"https:\/\/puyapeptide.net\/vi\/wp-json\/wp\/v2\/product_brand?post=7860"},{"taxonomy":"product_cat","embeddable":true,"href":"https:\/\/puyapeptide.net\/vi\/wp-json\/wp\/v2\/product_cat?post=7860"},{"taxonomy":"product_tag","embeddable":true,"href":"https:\/\/puyapeptide.net\/vi\/wp-json\/wp\/v2\/product_tag?post=7860"}],"curies":[{"name":"wp","href":"https:\/\/api.w.org\/{rel}","templated":true}]}}