{"id":7890,"date":"2021-12-16T11:18:57","date_gmt":"2021-12-16T16:18:57","guid":{"rendered":"https:\/\/puyapeptide.net\/product\/gonadorelin-gonadorelin-acetate-cas-33515-09-2-su-dung-de-dieu-tri-vo-sinh-va-nuoi-trong-thuy-san\/"},"modified":"2021-12-16T11:18:57","modified_gmt":"2021-12-16T16:18:57","slug":"gonadorelin-gonadorelin-acetate-cas-33515-09-2-su-dung-de-dieu-tri-vo-sinh-va-nuoi-trong-thuy-san","status":"publish","type":"product","link":"https:\/\/puyapeptide.net\/vi\/product\/gonadorelin-gonadorelin-acetate-cas-33515-09-2-su-dung-de-dieu-tri-vo-sinh-va-nuoi-trong-thuy-san\/","title":{"rendered":"Gonadorelin \/ Gonadorelin acetate CAS 33515-09-2 S\u1eed d\u1ee5ng \u0111\u1ec3 \u0111i\u1ec1u tr\u1ecb v\u00f4 sinh v\u00e0 nu\u00f4i tr\u1ed3ng th\u1ee7y s\u1ea3n"},"content":{"rendered":"<h2><strong>Gonadorelin \/ Gonadorelin acetate CAS 33515-09-2 S\u1eed d\u1ee5ng \u0111\u1ec3 \u0111i\u1ec1u tr\u1ecb v\u00f4 sinh v\u00e0 nu\u00f4i tr\u1ed3ng th\u1ee7y s\u1ea3n<\/strong><\/h2>\n<p> T\u00ean s\u1ea3n ph\u1ea9m: Gonadorelin<br \/>\n T\u1eeb \u0111\u1ed3ng ngh\u0129a: Gonadoliberin, Luliberin; (2S) -N &#8211; [(2S) -1 &#8211; [[(2S) -1 &#8211; [[(2S) -1 &#8211; [[(2S) -1 &#8211; [[2 &#8211; [[(2S) -1 &#8211; [[(2S) -1 &#8211; [(2S) -2 &#8211; [(2-amino-2-oxoetyl) cacbamoyl] pyrolidin-1-yl] -5 &#8211; (diaminometylideneamino) -1-oxopentan-2-yl] amino] -4-metyl-1-oxopentan-2-yl] amino] -2-oxoetyl] amino] -3- (4-hydroxyphenyl) -1-oxopropan- 2-yl] amino] -3-hydroxy-1-oxopropan-2-yl] amino] -3- (1H-indol-3-yl) -1-oxopropan-2-yl] amino] -3- (1H- imidazol-5-yl) -1-oxopropan-2-yl] -5-oxopyrrolidine-2-carboxamide; LUTEIN h\u00f3a HORMONE LI\u00caN QUAN \u0110\u1ebeN CON NG\u01af\u1edcI C\u1ee6A HORMONE; LUTEINIZING HORMONE LI\u00caN QUAN \u0110\u1ebeN HORMONE (NH\u00c2N) PORCINE, RATONE; \u0110\u00c1NH GI\u00c1 PH\u00c2N T\u1eec III ; Y\u1ebeU T\u1ed0 LI\u00caN QUAN \u0110\u1ebeN HORMONE HORMONE; Y\u1ebeU T\u1ed0 LI\u00caN QUAN \u0110\u1ebeN HORMONE HORMONE; Y\u1ebeU T\u1ed0 LI\u00caN QUAN \u0110\u1ebeN HORMONE (SEA BREAM); LUTEINIZING HORMONE LI\u00caN QUAN \u0110\u1ebeN HORMONE<br \/>\n CAS: 33515-09-2<br \/>\n MF: C55H75N17O13<br \/>\n MW: 1182.31<br \/>\n 1182.31 553-1<br \/>\n Danh m\u1ee5c s\u1ea3n ph\u1ea9m: peptide; Peptide Receptor; Hoocmon gi\u1ea3i ph\u00f3ng gonadotropin (GnRH); D\u01b0\u1ee3c ph\u1ea9m<br \/>\n Mol File: 33515-09-2.mol <\/p>\n<p> <strong>Gonadorelin \/ Gonadorelin aceta te CAS 33515-09-2 T\u00ednh ch\u1ea5t h\u00f3a h\u1ecdc<\/strong><br \/>\n m\u1eadt \u0111\u1ed9 1,54<br \/>\n h\u00ecnh th\u1ee9c g\u1ecdn g\u00e0ng<br \/>\n pka 9,82 \u00b1 0,15 (D\u1ef1 \u0111o\u00e1n)<br \/>\n InChIKey XLXSAKCOAKORKW-AQJXLSMYSA-N <\/p>\n<p> <strong>C\u00f4ng d\u1ee5ng c\u1ee7a Gonadorelin \/ Gonadorelin acetate CAS 33515-09-2<\/strong><br \/>\n N\u00f3 \u0111\u01b0\u1ee3c s\u1eed d\u1ee5ng \u0111\u1ec3 \u0111i\u1ec1u tr\u1ecb c\u00e1c b\u1ec7nh sinh s\u1ea3n \u1edf b\u00f2 v\u00e0 qu\u1ea3n l\u00fd sinh s\u1ea3n c\u1ee7a b\u00f2, bao g\u1ed3m c\u00e1c quy tr\u00ecnh ph\u1ed1i gi\u1ed1ng theo th\u1eddi gian v\u00e0 \u0111\u1ed9ng d\u1ee5c \u0111\u1ed3ng th\u1eddi. N\u00f3 ch\u1ee7 y\u1ebfu \u0111\u01b0\u1ee3c s\u1eed d\u1ee5ng trong c\u00e1c kh\u00eda c\u1ea1nh l\u00e2m s\u00e0ng c\u1ee7a ch\u0103n nu\u00f4i gia s\u00fac \u1edf Trung Qu\u1ed1c v\u00e0 \u0111\u1ec3 th\u1ee5 tinh \u0111\u1ed3ng th\u1eddi cho b\u00f2 c\u00e1i \u0111\u1ed9ng d\u1ee5c v\u00e0 \u0111\u00fang th\u1eddi \u0111i\u1ec3m. N\u00f3 ch\u1ee7 y\u1ebfu \u0111\u01b0\u1ee3c s\u1eed d\u1ee5ng \u1edf nh\u1eefng con b\u00f2 c\u00f3 ch\u1ee9c n\u0103ng bu\u1ed3ng tr\u1ee9ng kh\u00f4ng ho\u1ea1t \u0111\u1ed9ng, trong \u0111\u00f3 th\u1ec3 t\u00edch bu\u1ed3ng tr\u1ee9ng v\u1ec1 c\u01a1 b\u1ea3n b\u00ecnh th\u01b0\u1eddng khi ki\u1ec3m tra tr\u1ef1c ti\u1ebfp v\u00e0 kh\u00f4ng c\u00f3 nang tr\u1ee9ng ho\u1eb7c th\u1ec3 v\u00e0ng \u0111ang ph\u00e1t tri\u1ec3n. Khuy\u1ebfn c\u00e1o \u0111i\u1ec1u tr\u1ecb l\u00e2m s\u00e0ng cho b\u00f2 c\u00f3 bu\u1ed3ng tr\u1ee9ng kh\u00f4ng ho\u1ea1t \u0111\u1ed9ng v\u1edbi li\u1ec1u 200 mcg. S\u00e1ch h\u00f3a h\u1ecdc \u0111\u1ed3ng th\u1eddi \u0111\u1ed9ng d\u1ee5c v\u00e0 gieo tinh theo th\u1eddi gian, ti\u00eam hormone gi\u1ea3i ph\u00f3ng hormone t\u1ea1o ho\u00e0ng th\u1ec3 \u0111\u1ea7u ti\u00ean, 7 ng\u00e0y sau ti\u00eam 0,5 mg \/ con prostaglandin \u0111\u1ec3 h\u00f2a tan ho\u00e0ng th\u1ec3 m\u1edbi h\u00ecnh th\u00e0nh. 48 gi\u1edd sau, ti\u00eam hormone gi\u1ea3i ph\u00f3ng hormone ho\u00e0ng th\u1ec3 th\u1ee9 hai, sau \u0111\u00f3 l\u00e0 Th\u1ee5 tinh nh\u00e2n t\u1ea1o t\u00ednh th\u1eddi gian t\u1eeb 16 \u0111\u1ebfn 24 gi\u1edd. Li\u1ec1u khuy\u1ebfn c\u00e1o c\u1ee7a s\u1ea3n ph\u1ea9m n\u00e0y cho c\u00e1c \u1ee9ng d\u1ee5ng th\u1ee5 tinh \u0111\u1ed3ng th\u1eddi trong th\u1eddi gian \u0111\u1ed9ng d\u1ee5c v\u00e0 \u0111\u1ed3ng th\u1eddi \u1edf b\u00f2 l\u00e0 100 mcg. <\/p>\n<p> <strong>C\u00f4ng d\u1ee5ng c\u1ee7a Gonadorelin \/ Gonadorelin acetate CAS 33515-09-2<\/strong><br \/>\n 1. Nghi\u00ean c\u1ee9u h\u00f3a sinh; c\u00f3 t\u00e1c d\u1ee5ng k\u00edch th\u00edch tuy\u1ebfn y\u00ean tr\u01b0\u1edbc ti\u1ebft ra hormone sinh d\u1ee5c (LH v\u00e0 FSH), d\u00f9ng trong \u0111i\u1ec1u tr\u1ecb v\u00f4 sinh; \u0111\u01b0\u1ee3c s\u1eed d\u1ee5ng trong nu\u00f4i tr\u1ed3ng th\u1ee7y s\u1ea3n \u0111\u1ec3 th\u00fac \u0111\u1ea9y qu\u00e1 tr\u00ecnh r\u1ee5ng tr\u1ee9ng c\u1ee7a c\u00e1 b\u1ed1 m\u1eb9 H\u00f3a ch\u1ea5t.<br \/>\n 2. Ch\u1ea9n \u0111o\u00e1n v\u00e0 \u0111i\u1ec1u tr\u1ecb v\u00f4 sinh v\u00f9ng d\u01b0\u1edbi \u0111\u1ed3i, v\u00f4 kinh th\u1ee9 ph\u00e1t v\u00e0 v\u00f4 kinh \u1edf ph\u1ee5 n\u1eef b\u00ecnh th\u01b0\u1eddng do s\u1eed d\u1ee5ng thu\u1ed1c tr\u00e1nh thai steroid trong th\u1eddi gian d\u00e0i.<\/p>\n","protected":false},"excerpt":{"rendered":"<p>T\u00ean s\u1ea3n ph\u1ea9m: Gonadorelin<br \/>\n CAS: 33515-09-2<br \/>\n MF: C55H75N17O13<br \/>\n MW: 1182.31<br \/>\n EINECS: 251-553-1<br \/>\n Mol T\u1ec7p: 33515-09-2.mol<\/p>\n","protected":false},"featured_media":2283,"comment_status":"closed","ping_status":"closed","template":"","meta":{"om_disable_all_campaigns":false,"_monsterinsights_skip_tracking":false,"_monsterinsights_sitenote_active":false,"_monsterinsights_sitenote_note":"","_monsterinsights_sitenote_category":0,"site-sidebar-layout":"default","site-content-layout":"default","ast-site-content-layout":"default","site-content-style":"default","site-sidebar-style":"default","ast-global-header-display":"","ast-banner-title-visibility":"","ast-main-header-display":"","ast-hfb-above-header-display":"","ast-hfb-below-header-display":"","ast-hfb-mobile-header-display":"","site-post-title":"","ast-breadcrumbs-content":"","ast-featured-img":"","footer-sml-layout":"","ast-disable-related-posts":"","theme-transparent-header-meta":"default","adv-header-id-meta":"","stick-header-meta":"","header-above-stick-meta":"","header-main-stick-meta":"","header-below-stick-meta":"","astra-migrate-meta-layouts":"default","ast-page-background-enabled":"default","ast-page-background-meta":{"desktop":{"background-color":"","background-image":"","background-repeat":"repeat","background-position":"center center","background-size":"auto","background-attachment":"scroll","background-type":"","background-media":"","overlay-type":"","overlay-color":"","overlay-opacity":"","overlay-gradient":""},"tablet":{"background-color":"","background-image":"","background-repeat":"repeat","background-position":"center center","background-size":"auto","background-attachment":"scroll","background-type":"","background-media":"","overlay-type":"","overlay-color":"","overlay-opacity":"","overlay-gradient":""},"mobile":{"background-color":"","background-image":"","background-repeat":"repeat","background-position":"center center","background-size":"auto","background-attachment":"scroll","background-type":"","background-media":"","overlay-type":"","overlay-color":"","overlay-opacity":"","overlay-gradient":""}},"ast-content-background-meta":{"desktop":{"background-color":"var(--ast-global-color-5)","background-image":"","background-repeat":"repeat","background-position":"center center","background-size":"auto","background-attachment":"scroll","background-type":"","background-media":"","overlay-type":"","overlay-color":"","overlay-opacity":"","overlay-gradient":""},"tablet":{"background-color":"var(--ast-global-color-5)","background-image":"","background-repeat":"repeat","background-position":"center center","background-size":"auto","background-attachment":"scroll","background-type":"","background-media":"","overlay-type":"","overlay-color":"","overlay-opacity":"","overlay-gradient":""},"mobile":{"background-color":"var(--ast-global-color-5)","background-image":"","background-repeat":"repeat","background-position":"center center","background-size":"auto","background-attachment":"scroll","background-type":"","background-media":"","overlay-type":"","overlay-color":"","overlay-opacity":"","overlay-gradient":""}}},"product_brand":[],"product_cat":[430],"product_tag":[1882],"class_list":{"0":"post-7890","1":"product","2":"type-product","3":"status-publish","4":"has-post-thumbnail","6":"product_cat-peptide-sinh-duc","7":"product_tag-gonadorelin-gonadorelin-acetate-cas-33515-09-2-use-for-treat-infertility-and-aquaculture-vi","8":"desktop-align-left","9":"tablet-align-left","10":"mobile-align-left","12":"first","13":"instock","14":"shipping-taxable","15":"product-type-simple"},"_links":{"self":[{"href":"https:\/\/puyapeptide.net\/vi\/wp-json\/wp\/v2\/product\/7890","targetHints":{"allow":["GET"]}}],"collection":[{"href":"https:\/\/puyapeptide.net\/vi\/wp-json\/wp\/v2\/product"}],"about":[{"href":"https:\/\/puyapeptide.net\/vi\/wp-json\/wp\/v2\/types\/product"}],"replies":[{"embeddable":true,"href":"https:\/\/puyapeptide.net\/vi\/wp-json\/wp\/v2\/comments?post=7890"}],"wp:featuredmedia":[{"embeddable":true,"href":"https:\/\/puyapeptide.net\/vi\/wp-json\/wp\/v2\/media\/2283"}],"wp:attachment":[{"href":"https:\/\/puyapeptide.net\/vi\/wp-json\/wp\/v2\/media?parent=7890"}],"wp:term":[{"taxonomy":"product_brand","embeddable":true,"href":"https:\/\/puyapeptide.net\/vi\/wp-json\/wp\/v2\/product_brand?post=7890"},{"taxonomy":"product_cat","embeddable":true,"href":"https:\/\/puyapeptide.net\/vi\/wp-json\/wp\/v2\/product_cat?post=7890"},{"taxonomy":"product_tag","embeddable":true,"href":"https:\/\/puyapeptide.net\/vi\/wp-json\/wp\/v2\/product_tag?post=7890"}],"curies":[{"name":"wp","href":"https:\/\/api.w.org\/{rel}","templated":true}]}}