{"id":7907,"date":"2021-12-16T11:19:54","date_gmt":"2021-12-16T16:19:54","guid":{"rendered":"https:\/\/puyapeptide.net\/product\/sermorelin-sermorelin-axetat-grf-1-29-amit-nguoi-cas-86168-78-7\/"},"modified":"2021-12-16T11:19:54","modified_gmt":"2021-12-16T16:19:54","slug":"sermorelin-sermorelin-axetat-grf-1-29-amit-nguoi-cas-86168-78-7","status":"publish","type":"product","link":"https:\/\/puyapeptide.net\/vi\/product\/sermorelin-sermorelin-axetat-grf-1-29-amit-nguoi-cas-86168-78-7\/","title":{"rendered":"Sermorelin \/ Sermorelin axetat \/ GRF (1-29) amit (ng\u01b0\u1eddi) CAS 86168-78-7"},"content":{"rendered":"<h2><strong>Sermorelin \/ Sermorelin axetat \/ GRF (1-29) amit (ng\u01b0\u1eddi) CAS 86168-78-7<\/strong><\/h2>\n<p> T\u00ean s\u1ea3n ph\u1ea9m: Sermorelin<br \/>\n T\u1eeb \u0111\u1ed3ng ngh\u0129a: SERMORELIN; SERMORELIN ACETATE; YADAIFTNSYRKVLGQLSARKLLQDIMSR-NH2; TYR-ALA-ASP-ALA-ILE-PHE-THR-ASN-SER-TYR-ARGU-LYS-VAN -GLN-LEU-SER-ALA-ARG-LYS-LEU-LEU-GLN-ASP-ILE-MET-SER-ARG-NH2; TYR-ALA-ASP-ALA-ILE-PHE-THR-ASN-SER-TYR -ARG-LYS-VAL-LEU-GLY-GLN-LEU-SER-ALA-ARG-LYS-LEU-LEU-GLN-ASP-ILE-MET-SER-ARG-NH2 HUMAN; y\u1ebfu t\u1ed1 gi\u1ea3i ph\u00f3ng hormone t\u0103ng tr\u01b0\u1edfng * \u0111o\u1ea1n 1- 29 ami; H-TYR-ALA-ASP-ALA-ILE-PHE-THR-ASN-SER-TYR-ARG-LYS-VAL-LEU-GLY-GLN-LEU-SER-ALA-ARG-LYS-LEU-LEU -GLN-ASP-ILE-MET-SER-ARG-NH2; Y\u1ebeU T\u1ed0 LI\u00caN QUAN \u0110\u1ebeN HORMONE T\u0102NG TR\u01af\u1edeNG (1-29), AMIDE, CON NG\u01af\u1edcI<br \/>\n CAS: 86168-78-7<br \/>\n MF: C149H246N44O42S<br \/>\n MW: 3357,93<br \/>\n EINECS: 1312995-182-4<br \/>\n Danh m\u1ee5c s\u1ea3n ph\u1ea9m: Peptide; D\u1eabn xu\u1ea5t axit amin; Nghi\u00ean c\u1ee9u GH-RHObesity; GH-RHPeptides cho sinh h\u1ecdc t\u1ebf b\u00e0o; Y\u1ebfu t\u1ed1 gi\u1ea3i ph\u00f3ng hormone t\u0103ng tr\u01b0\u1edfng; Neuropeptide; D\u1eabn truy\u1ec1n th\u1ea7n kinh (B\u00e9o ph\u00ec); Y\u1ebfu t\u1ed1 gi\u1ea3i ph\u00f3ng; Sermorelin<br \/>\n Mol T\u1ec7p: 86168-78-7.mol <\/p>\n<p> Serm&#39;orelin axetat l\u00e0 m\u1ed9t ch\u1ea5t t\u01b0\u01a1ng t\u1ef1 ho\u1ea1t t\u00ednh sinh h\u1ecdc c\u1ee7a y\u1ebfu t\u1ed1 gi\u1ea3i ph\u00f3ng t\u0103ng tr\u01b0\u1edfng (GRF 1-44) l\u00e0 m\u1ed9t lo\u1ea1i thu\u1ed1c n\u1ed9i ti\u1ebft t\u1ed1 (GHRH) \u0111\u01b0\u1ee3c s\u1ea3n xu\u1ea5t t\u1ef1 nhi\u00ean b\u1edfi n\u00e3o ng\u01b0\u1eddi \u0111\u1ec3 k\u00edch th\u00edch s\u1ea3n xu\u1ea5t v\u00e0 b\u00e0i ti\u1ebft c\u1ee7a tuy\u1ebfn y\u00ean. Serm&#39;orelin kh\u00f4ng ph\u1ea3i ae; n\u00f3 l\u00e0 m\u1ed9t ch\u1ea5t b\u00e0i ti\u1ebft, c\u00f3 ngh\u0129a l\u00e0 n\u00f3 k\u00edch th\u00edch tuy\u1ebfn y\u00ean b\u1eb1ng c\u00e1ch li\u00ean k\u1ebft v\u1edbi c\u00e1c th\u1ee5 th\u1ec3 c\u1ee5 th\u1ec3 \u0111\u1ec3 t\u0103ng s\u1ea3n xu\u1ea5t v\u00e0 b\u00e0i ti\u1ebft <\/p>\n<p> Trong khi gi\u00e0 \u0111i, GHRH gi\u1ea3m l\u00e0m gi\u1ea3m s\u1ea3n xu\u1ea5t v\u00e0 b\u00e0i ti\u1ebft c\u1ee7a tuy\u1ebfn y\u00ean v\u00e0 do \u0111\u00f3 l\u00e0m t\u0103ng s\u1ef1 thi\u1ebfu h\u1ee5t hormone t\u0103ng tr\u01b0\u1edfng l\u00e0m hao m\u00f2n s\u1ee9c kh\u1ecfe, kh\u1ea3 n\u0103ng ch\u1ecbu \u0111\u1ef1ng v\u00e0 s\u1ee9c s\u1ed1ng trong su\u1ed1t cu\u1ed9c \u0111\u1eddi sau n\u00e0y. Serm&#39;orelin \u0111\u01b0\u1ee3c coi l\u00e0 m\u1ed9t ch\u1ea5t b\u1ed5 sung ch\u1ed1ng l\u00e3o h\u00f3a c\u00f3 th\u1ec3 h\u1ed7 tr\u1ee3 c\u01a1 th\u1ec3 s\u1eeda ch\u1eefa c\u00e1c t\u1ebf b\u00e0o b\u1ecb h\u01b0 h\u1ecfng v\u00e0 h\u1ec7 th\u1ed1ng suy y\u1ebfu do kh\u00f4ng \u0111\u1ee7. <\/p>\n<p> Serm&#39;orelin l\u00e0 m\u1ed9t ch\u1ea5t t\u01b0\u01a1ng t\u1ef1 peptit GHRH. Tr\u00ecnh t\u1ef1 peptit c\u1ee7a n\u00f3 bao g\u1ed3m 29 axit amin. Tr\u00ecnh t\u1ef1 n\u00e0y l\u00e0 m\u1ed9t ph\u1ea7n c\u1ee7a GHRH ng\u01b0\u1eddi n\u1ed9i sinh v\u00e0 hi\u1ec7n \u0111\u01b0\u1ee3c coi l\u00e0 peptit t\u1ed5ng h\u1ee3p ng\u1eafn nh\u1ea5t s\u1edf h\u1eefu to\u00e0n b\u1ed9 m\u1ea3ng ho\u1ea1t t\u00ednh GHRH ch\u1ee9c n\u0103ng. Do th\u1ef1c t\u1ebf n\u00e0y, sermor&#39;elin \u0111\u01b0\u1ee3c coi l\u00e0 ch\u1ea5t k\u00edch th\u00edch b\u00e0i ti\u1ebft. <\/p>\n<p> Serm&#39;orelin \u0111\u00e3 \u0111\u01b0\u1ee3c s\u1eed d\u1ee5ng trong qu\u00e1 tr\u00ecnh nghi\u00ean c\u1ee9u \u0111\u1ec3 k\u00edch th\u00edch b\u00e0i ti\u1ebft t\u1eeb tuy\u1ebfn y\u00ean (c\u00f2n g\u1ecdi l\u00e0 th\u00f9y tr\u01b0\u1edbc tuy\u1ebfn y\u00ean). Th\u00f9y tr\u01b0\u1edbc tuy\u1ebfn y\u00ean ti\u1ebft ch\u1ea5t dinh d\u01b0\u1ee1ng. Serm&#39;orelin c\u0169ng \u0111\u00e3 \u0111\u01b0\u1ee3c s\u1eed d\u1ee5ng trong c\u00e1c th\u1eed nghi\u1ec7m k\u00edch th\u00edch nghi\u00ean c\u1ee9u \u0111\u1ec3 \u0111\u00e1nh gi\u00e1 m\u1ee9c \u0111\u1ed9 \u0111\u1ea7y \u0111\u1ee7 c\u1ee7a tuy\u1ebfn y\u00ean li\u00ean quan \u0111\u1ebfn s\u1ef1 b\u00e0i ti\u1ebft. <\/p>\n<p> <strong>Sermorelin \/ Sermorelin Acetate \/ GRF (1-29) amide (ng\u01b0\u1eddi) CAS 86168-78-7 H\u00f3a ch\u1ea5t Thu\u1ed9c t\u00ednh<\/strong><br \/>\n alpha D20 -63,1 \u00b0 (c = 1 trong 30% axit axetic)<br \/>\n m\u1eadt \u0111\u1ed9 1,45 \u00b1 0,1 g \/ cm3 (D\u1ef1 \u0111o\u00e1n)<br \/>\n nhi\u1ec7t \u0111\u1ed9 b\u1ea3o qu\u1ea3n. \u221220 \u00b0 C<br \/>\n InChIKey BVLCEKWPOSAKSZ-YQMCHIOTSA-N<br \/>\n CAS DataBase Reference 86168-78-7 (CAS DataBase Reference) <\/p>\n<p> <strong>Ch\u1ee9c n\u0103ng c\u1ee7a Sermorelin \/ Sermorelin Acetate \/ GRF (1-29) amide ( con ng\u01b0\u1eddi) CAS 86168-78-7<\/strong><br \/>\n 1. T\u0103ng n\u0103ng l\u01b0\u1ee3ng, s\u1ee9c s\u1ed1ng, s\u1ee9c m\u1ea1nh v\u00e0 s\u1ee9c b\u1ec1n.<br \/>\n 2. T\u0103ng kh\u1ed1i l\u01b0\u1ee3ng c\u01a1 n\u1ea1c \/ gi\u1ea3m m\u1ee1, T\u0103ng kh\u1ed1i l\u01b0\u1ee3ng c\u01a1 n\u1ea1c.<br \/>\n 3. Ph\u00e1 v\u1ee1 ch\u1ea5t b\u00e9o v\u00e0 axit b\u00e9o trong c\u01a1 th\u1ec3.<br \/>\n 4. C\u1ea3i thi\u1ec7n ch\u1ee9c n\u0103ng tim.<br \/>\n 5. T\u0103ng kh\u1ea3 n\u0103ng gi\u1eef canxi, gi\u00fap c\u1ee7ng c\u1ed1 v\u00e0 t\u0103ng m\u1eadt \u0111\u1ed9 x\u01b0\u01a1ng.<br \/>\n 6. T\u0103ng c\u01b0\u1eddng h\u1ec7 th\u1ed1ng mi\u1ec5n d\u1ecbch v\u00e0 t\u0103ng t\u1ed1c \u0111\u1ed9 ch\u1eefa l\u00e0nh v\u1ebft th\u01b0\u01a1ng ho\u1eb7c ph\u1eabu thu\u1eadt.<br \/>\n 7. Th\u00fac \u0111\u1ea9y gi\u1ea5c ng\u1ee7 b\u1eb1ng s\u00f3ng ch\u1eadm kh\u00f4ng REM, c\u1ea3i thi\u1ec7n ch\u1ea5t l\u01b0\u1ee3ng gi\u1ea5c ng\u1ee7.<br \/>\n 8. T\u0103ng t\u1ed5ng h\u1ee3p protein v\u00e0 k\u00edch th\u00edch s\u1ef1 ph\u00e1t tri\u1ec3n c\u1ee7a t\u1ea5t c\u1ea3 c\u00e1c c\u01a1 quan n\u1ed9i t\u1ea1ng ngo\u1ea1i tr\u1eeb n\u00e3o.<br \/>\n 9. S\u1ee9c kh\u1ecfe c\u1ee7a da v\u00e0 m\u00f3ng (da c\u0103ng h\u01a1n, m\u00f3ng d\u00e0y h\u01a1n).<br \/>\n 10. Gi\u1ea3m \u0111au nh\u1ee9c c\u01a1 th\u1ec3 nh\u01b0 \u0111au kh\u1edbp v\u00e0 c\u01a1. <\/p>\n<p> <strong>C\u00e1c \u1ee9ng d\u1ee5ng c\u1ee7a Sermorelin \/ Sermorelin Acetate \/ GRF (1-29) amide (ng\u01b0\u1eddi) CAS 86168-78-7<\/strong><br \/>\n Serm&#39;orelin c\u00f3 nhi\u1ec1u lo\u1ea1i c\u1ee7a nh\u1eefng t\u00e1c \u0111\u1ed9ng t\u00edch c\u1ef1c. Do b\u1ea3n ch\u1ea5t c\u1ee7a n\u00f3 l\u00e0 m\u1ed9t GHRH, sermo&#39;relin ch\u1ec9 l\u00e0m t\u0103ng kh\u1ea3 n\u0103ng s\u1ea3n xu\u1ea5t nhi\u1ec1u h\u01a1n c\u1ee7a c\u01a1 th\u1ec3; n\u00f3 kh\u00f4ng ph\u1ea3i l\u00e0 m\u1ed9t m\u0169i ti\u00eam c\u1ee7a ch\u00ednh n\u00f3. Trong c\u1ea3 vi\u1ec7c t\u0103ng c\u01b0\u1eddng hi\u1ec7u su\u1ea5t v\u00e0 c\u1ea3m gi\u00e1c h\u1ea1nh ph\u00fac n\u00f3i chung, sermo&#39;relin c\u00f3 m\u1ed9t lo\u1ea1t c\u00e1c l\u1ee3i \u00edch khi\u1ebfn n\u00f3 tr\u1edf th\u00e0nh m\u1ed9t ch\u1ea5t c\u00f3 gi\u00e1 tr\u1ecb v\u00e0 m\u1ea1nh m\u1ebd. <\/p>\n<p> Sermo&#39;relin acetate l\u00e0 m\u1ed9t lo\u1ea1i hormone gi\u1ea3i ph\u00f3ng hormone c\u1ee7a con ng\u01b0\u1eddi (GHRH ho\u1eb7c GRF) \u0111\u01b0\u1ee3c s\u1eed d\u1ee5ng \u0111\u1ec3 \u0111\u00e1nh gi\u00e1 ch\u1ea9n \u0111o\u00e1n ch\u1ee9c n\u0103ng tuy\u1ebfn y\u00ean v\u00e0 c\u0169ng \u0111\u1ec3 t\u0103ng tr\u01b0\u1edfng \u1edf tr\u1ebb em.<\/p>\n","protected":false},"excerpt":{"rendered":"<p>T\u00ean s\u1ea3n ph\u1ea9m: Sermorelin<br \/>\n CAS: 86168-78-7<br \/>\n MF: C149H246N44O42S<br \/>\n MW: 3357,93<br \/>\n EINECS: 1312995-182-4<br \/>\n Mol T\u1ec7p: 86168-78-7.mol<\/p>\n","protected":false},"featured_media":2136,"comment_status":"open","ping_status":"closed","template":"","meta":{"om_disable_all_campaigns":false,"_monsterinsights_skip_tracking":false,"_monsterinsights_sitenote_active":false,"_monsterinsights_sitenote_note":"","_monsterinsights_sitenote_category":0,"site-sidebar-layout":"default","site-content-layout":"default","ast-site-content-layout":"default","site-content-style":"default","site-sidebar-style":"default","ast-global-header-display":"","ast-banner-title-visibility":"","ast-main-header-display":"","ast-hfb-above-header-display":"","ast-hfb-below-header-display":"","ast-hfb-mobile-header-display":"","site-post-title":"","ast-breadcrumbs-content":"","ast-featured-img":"","footer-sml-layout":"","ast-disable-related-posts":"","theme-transparent-header-meta":"default","adv-header-id-meta":"","stick-header-meta":"","header-above-stick-meta":"","header-main-stick-meta":"","header-below-stick-meta":"","astra-migrate-meta-layouts":"default","ast-page-background-enabled":"default","ast-page-background-meta":{"desktop":{"background-color":"","background-image":"","background-repeat":"repeat","background-position":"center center","background-size":"auto","background-attachment":"scroll","background-type":"","background-media":"","overlay-type":"","overlay-color":"","overlay-opacity":"","overlay-gradient":""},"tablet":{"background-color":"","background-image":"","background-repeat":"repeat","background-position":"center center","background-size":"auto","background-attachment":"scroll","background-type":"","background-media":"","overlay-type":"","overlay-color":"","overlay-opacity":"","overlay-gradient":""},"mobile":{"background-color":"","background-image":"","background-repeat":"repeat","background-position":"center center","background-size":"auto","background-attachment":"scroll","background-type":"","background-media":"","overlay-type":"","overlay-color":"","overlay-opacity":"","overlay-gradient":""}},"ast-content-background-meta":{"desktop":{"background-color":"var(--ast-global-color-5)","background-image":"","background-repeat":"repeat","background-position":"center center","background-size":"auto","background-attachment":"scroll","background-type":"","background-media":"","overlay-type":"","overlay-color":"","overlay-opacity":"","overlay-gradient":""},"tablet":{"background-color":"var(--ast-global-color-5)","background-image":"","background-repeat":"repeat","background-position":"center center","background-size":"auto","background-attachment":"scroll","background-type":"","background-media":"","overlay-type":"","overlay-color":"","overlay-opacity":"","overlay-gradient":""},"mobile":{"background-color":"var(--ast-global-color-5)","background-image":"","background-repeat":"repeat","background-position":"center center","background-size":"auto","background-attachment":"scroll","background-type":"","background-media":"","overlay-type":"","overlay-color":"","overlay-opacity":"","overlay-gradient":""}}},"product_brand":[],"product_cat":[524],"product_tag":[1919],"class_list":{"0":"post-7907","1":"product","2":"type-product","3":"status-publish","4":"has-post-thumbnail","6":"product_cat-peptide-khac","7":"product_tag-sermorelin-sermorelin-acetate-grf-1-29-amide-human-cas-86168-78-7-vi","8":"desktop-align-left","9":"tablet-align-left","10":"mobile-align-left","12":"first","13":"instock","14":"shipping-taxable","15":"product-type-simple"},"_links":{"self":[{"href":"https:\/\/puyapeptide.net\/vi\/wp-json\/wp\/v2\/product\/7907","targetHints":{"allow":["GET"]}}],"collection":[{"href":"https:\/\/puyapeptide.net\/vi\/wp-json\/wp\/v2\/product"}],"about":[{"href":"https:\/\/puyapeptide.net\/vi\/wp-json\/wp\/v2\/types\/product"}],"replies":[{"embeddable":true,"href":"https:\/\/puyapeptide.net\/vi\/wp-json\/wp\/v2\/comments?post=7907"}],"wp:featuredmedia":[{"embeddable":true,"href":"https:\/\/puyapeptide.net\/vi\/wp-json\/wp\/v2\/media\/2136"}],"wp:attachment":[{"href":"https:\/\/puyapeptide.net\/vi\/wp-json\/wp\/v2\/media?parent=7907"}],"wp:term":[{"taxonomy":"product_brand","embeddable":true,"href":"https:\/\/puyapeptide.net\/vi\/wp-json\/wp\/v2\/product_brand?post=7907"},{"taxonomy":"product_cat","embeddable":true,"href":"https:\/\/puyapeptide.net\/vi\/wp-json\/wp\/v2\/product_cat?post=7907"},{"taxonomy":"product_tag","embeddable":true,"href":"https:\/\/puyapeptide.net\/vi\/wp-json\/wp\/v2\/product_tag?post=7907"}],"curies":[{"name":"wp","href":"https:\/\/api.w.org\/{rel}","templated":true}]}}