{"id":7925,"date":"2021-12-16T11:20:53","date_gmt":"2021-12-16T16:20:53","guid":{"rendered":"https:\/\/puyapeptide.net\/product\/deslorelin-deslorelin-acetate-cas-57773-65-6-dieu-tri-ung-thu-tuyen-tien-liet\/"},"modified":"2021-12-16T11:20:53","modified_gmt":"2021-12-16T16:20:53","slug":"deslorelin-deslorelin-acetate-cas-57773-65-6-dieu-tri-ung-thu-tuyen-tien-liet","status":"publish","type":"product","link":"https:\/\/puyapeptide.net\/vi\/product\/deslorelin-deslorelin-acetate-cas-57773-65-6-dieu-tri-ung-thu-tuyen-tien-liet\/","title":{"rendered":"Deslorelin \/ Deslorelin Acetate CAS 57773-65-6 \u0110i\u1ec1u tr\u1ecb ung th\u01b0 tuy\u1ebfn ti\u1ec1n li\u1ec7t"},"content":{"rendered":"<h2><strong>Deslorelin \/ Deslorelin Acetate CAS 57773-65-6 \u0110i\u1ec1u tr\u1ecb ung th\u01b0 tuy\u1ebfn ti\u1ec1n li\u1ec7t<\/strong><\/h2>\n<p> T\u00ean s\u1ea3n ph\u1ea9m: Deslorelin<br \/>\n T\u1eeb \u0111\u1ed3ng ngh\u0129a: GLP-HIS-TRP-SER-TYR-D-TRP-LEU-ARG-PRO-NHET; [D-TRP6, DES-GLY10] -LH-RH ETHYLAMIDE; DESORELIN ; DESLORELIN; deslorelin acetate; DESLORELIN (HUMAN); DES-GLY10, [D-TRP6] -LH-RH ETHYLAMIDE; (DES-GLY10, D-TRP6, PRO-NHET9) -GONADOTROPIN-LI\u00caN QUAN \u0110\u1ebeN HORMONE<br \/>\n CAS: 57773 -65-6<br \/>\n MF: C64H83N17O12<br \/>\n MW: 1282.48<br \/>\n EINECS: 637-335-2<br \/>\n Danh m\u1ee5c s\u1ea3n ph\u1ea9m: hormone; Peptide<br \/>\n Mol T\u1ec7p: 57773-65-6.mol &lt;&amp; &gt;<br \/>\n Deslorelin \/ Dehydronandrolon acetate l\u00e0 ch\u1ea5t trung gian quan tr\u1ecdng cho qu\u00e1 tr\u00ecnh t\u1ed5ng h\u1ee3p (faslodex), trong khi tr\u01b0\u1edbc \u0111\u00e2y l\u00e0 thu\u1ed1c ch\u1ed1ng ung th\u01b0 v\u00fa do C\u00f4ng ty AstraZeneca ph\u00e1t tri\u1ec3n v\u00e0 lo\u1ea1i sau l\u00e0 steroid t\u1ed5ng h\u1ee3p \u0111\u01b0\u1ee3c C\u00f4ng ty Organon ti\u1ebfp th\u1ecb cho c\u00e1c tr\u01b0\u1eddng h\u1ee3p ph\u00e0n n\u00e0n sau cao tr\u00e0o. N\u00f3 l\u00e0 m\u1ed9t h\u1ee3p ch\u1ea5t hi\u1ec7u qu\u1ea3 t\u1ea1o ra ch\u1ea5t l\u01b0\u1ee3ng, t\u0103ng c\u01a1 l\u00e2u d\u00e0i. \u0110i\u1ec1u n\u00e0y l\u00e0 do th\u1eddi gian b\u00e1n h\u1ee7y c\u1ee7a thu\u1ed1c t\u01b0\u01a1ng \u0111\u1ed1i d\u00e0i. Ng\u01b0\u1eddi d\u00f9ng cho bi\u1ebft c\u00e1c t\u00e1c d\u1ee5ng ph\u1ee5 nh\u1eb9, v\u1edbi t\u00e1c d\u1ee5ng ph\u1ee5 l\u1edbn nh\u1ea5t l\u00e0 gi\u1eef n\u01b0\u1edbc. l\u00e0 ch\u1ea5t trung gian quan tr\u1ecdng cho qu\u00e1 tr\u00ecnh t\u1ed5ng h\u1ee3p (faslodex), trong khi tr\u01b0\u1edbc \u0111\u00e2y l\u00e0 thu\u1ed1c ch\u1ed1ng ung th\u01b0 v\u00fa do C\u00f4ng ty AstraZeneca ph\u00e1t tri\u1ec3n v\u00e0 thu\u1ed1c sau l\u00e0 steroid t\u1ed5ng h\u1ee3p do C\u00f4ng ty Organon ti\u1ebfp th\u1ecb cho c\u00e1c tr\u01b0\u1eddng h\u1ee3p ph\u00e0n n\u00e0n v\u1ec1 vi khu\u1ea9n. N\u00f3 l\u00e0 m\u1ed9t h\u1ee3p ch\u1ea5t hi\u1ec7u qu\u1ea3 t\u1ea1o ra ch\u1ea5t l\u01b0\u1ee3ng, t\u0103ng c\u01a1 l\u00e2u d\u00e0i. \u0110i\u1ec1u n\u00e0y l\u00e0 do th\u1eddi gian b\u00e1n h\u1ee7y c\u1ee7a thu\u1ed1c t\u01b0\u01a1ng \u0111\u1ed1i d\u00e0i. Ng\u01b0\u1eddi d\u00f9ng cho bi\u1ebft c\u00e1c t\u00e1c d\u1ee5ng ph\u1ee5 nh\u1eb9, v\u1edbi t\u00e1c d\u1ee5ng ph\u1ee5 l\u1edbn nh\u1ea5t l\u00e0 gi\u1eef n\u01b0\u1edbc. l\u00e0 ch\u1ea5t trung gian quan tr\u1ecdng cho qu\u00e1 tr\u00ecnh t\u1ed5ng h\u1ee3p (faslodex), trong khi tr\u01b0\u1edbc \u0111\u00e2y l\u00e0 thu\u1ed1c ch\u1ed1ng ung th\u01b0 v\u00fa do C\u00f4ng ty AstraZeneca ph\u00e1t tri\u1ec3n v\u00e0 thu\u1ed1c sau l\u00e0 steroid t\u1ed5ng h\u1ee3p do C\u00f4ng ty Organon ti\u1ebfp th\u1ecb cho c\u00e1c tr\u01b0\u1eddng h\u1ee3p ph\u00e0n n\u00e0n v\u1ec1 vi khu\u1ea9n. N\u00f3 l\u00e0 m\u1ed9t h\u1ee3p ch\u1ea5t hi\u1ec7u qu\u1ea3 t\u1ea1o ra ch\u1ea5t l\u01b0\u1ee3ng, t\u0103ng c\u01a1 l\u00e2u d\u00e0i. \u0110i\u1ec1u n\u00e0y l\u00e0 do th\u1eddi gian b\u00e1n h\u1ee7y c\u1ee7a thu\u1ed1c t\u01b0\u01a1ng \u0111\u1ed1i d\u00e0i. Ng\u01b0\u1eddi d\u00f9ng b\u00e1o c\u00e1o c\u00e1c t\u00e1c d\u1ee5ng ph\u1ee5 nh\u1eb9, v\u1edbi t\u00e1c d\u1ee5ng ph\u1ee5 l\u1edbn nh\u1ea5t l\u00e0 gi\u1eef n\u01b0\u1edbc. <\/p>\n<p> <strong>Deslorelin \/ Deslorelin Acetate CAS 57773-65-6 T\u00ednh ch\u1ea5t h\u00f3a h\u1ecdc<\/strong><br \/>\n alpha D24-61 \u00b0 (c = 0,37 trong 0,1M axit axetic )<br \/>\n m\u1eadt \u0111\u1ed9 1,48 \u00b1 0,1 g \/ cm3 (D\u1ef1 \u0111o\u00e1n)<br \/>\n nhi\u1ec7t \u0111\u1ed9 b\u1ea3o qu\u1ea3n. \u221220 \u00b0 C<br \/>\n pka 9,82 \u00b1 0,15 (D\u1ef1 \u0111o\u00e1n)<br \/>\n CAS DataBase Reference 57773-65-6 (CAS DataBase Reference) <\/p>\n<p> <strong>Ch\u1ee9c n\u0103ng v\u00e0 \u1ee9ng d\u1ee5ng c\u1ee7a Deslorelin \/ Deslorelin Acetate CAS 57773-65-6<\/strong><br \/>\n Deslorelin \u0111\u00e3 \u0111\u01b0\u1ee3c th\u1eed nghi\u1ec7m th\u00e0nh c\u00f4ng \u1edf Hoa K\u1ef3 v\u00e0 \u0111\u01b0\u1ee3c ch\u1ea5p thu\u1eadn s\u1eed d\u1ee5ng trong th\u00fa y trong m\u1ed9t s\u1ed1 tr\u01b0\u1eddng h\u1ee3p nh\u1ea5t \u0111\u1ecbnh. \u1ede ch\u00e2u \u00c2u, n\u00f3 \u0111\u00e3 \u0111\u01b0\u1ee3c ch\u1ea5p thu\u1eadn \u0111\u1ec3 s\u1eed d\u1ee5ng trong h\u1ed7 tr\u1ee3 sinh s\u1ea3n \u1edf ng\u1ef1a.<br \/>\n N\u00f3 c\u0169ng \u0111ang \u0111\u01b0\u1ee3c th\u1eed nghi\u1ec7m tr\u00ean ng\u01b0\u1eddi \u0111\u1ec3 nghi\u00ean c\u1ee9u hi\u1ec7u qu\u1ea3 c\u1ee7a n\u00f3 trong \u0111i\u1ec1u tr\u1ecb ung th\u01b0 v\u00fa \u1edf ph\u1ee5 n\u1eef, v\u00e0 \u0111i\u1ec1u tr\u1ecb d\u1eady th\u00ec s\u1edbm v\u00e0 t\u0103ng s\u1ea3n th\u01b0\u1ee3ng th\u1eadn b\u1ea9m sinh \u1edf tr\u1ebb em nam v\u00e0 n\u1eef.<\/p>\n","protected":false},"excerpt":{"rendered":"<p>T\u00ean s\u1ea3n ph\u1ea9m: Deslorelin<br \/>\n CAS: 57773-65-6<br \/>\n MF: C64H83N17O12<br \/>\n MW: 1282.48<br \/>\n EINECS: 637-335-2<br \/>\n Mol T\u1ec7p: 57773-65-6.mol<\/p>\n","protected":false},"featured_media":2115,"comment_status":"open","ping_status":"closed","template":"","meta":{"om_disable_all_campaigns":false,"_monsterinsights_skip_tracking":false,"_monsterinsights_sitenote_active":false,"_monsterinsights_sitenote_note":"","_monsterinsights_sitenote_category":0,"site-sidebar-layout":"default","site-content-layout":"default","ast-site-content-layout":"default","site-content-style":"default","site-sidebar-style":"default","ast-global-header-display":"","ast-banner-title-visibility":"","ast-main-header-display":"","ast-hfb-above-header-display":"","ast-hfb-below-header-display":"","ast-hfb-mobile-header-display":"","site-post-title":"","ast-breadcrumbs-content":"","ast-featured-img":"","footer-sml-layout":"","ast-disable-related-posts":"","theme-transparent-header-meta":"default","adv-header-id-meta":"","stick-header-meta":"","header-above-stick-meta":"","header-main-stick-meta":"","header-below-stick-meta":"","astra-migrate-meta-layouts":"default","ast-page-background-enabled":"default","ast-page-background-meta":{"desktop":{"background-color":"","background-image":"","background-repeat":"repeat","background-position":"center center","background-size":"auto","background-attachment":"scroll","background-type":"","background-media":"","overlay-type":"","overlay-color":"","overlay-opacity":"","overlay-gradient":""},"tablet":{"background-color":"","background-image":"","background-repeat":"repeat","background-position":"center center","background-size":"auto","background-attachment":"scroll","background-type":"","background-media":"","overlay-type":"","overlay-color":"","overlay-opacity":"","overlay-gradient":""},"mobile":{"background-color":"","background-image":"","background-repeat":"repeat","background-position":"center center","background-size":"auto","background-attachment":"scroll","background-type":"","background-media":"","overlay-type":"","overlay-color":"","overlay-opacity":"","overlay-gradient":""}},"ast-content-background-meta":{"desktop":{"background-color":"var(--ast-global-color-5)","background-image":"","background-repeat":"repeat","background-position":"center center","background-size":"auto","background-attachment":"scroll","background-type":"","background-media":"","overlay-type":"","overlay-color":"","overlay-opacity":"","overlay-gradient":""},"tablet":{"background-color":"var(--ast-global-color-5)","background-image":"","background-repeat":"repeat","background-position":"center center","background-size":"auto","background-attachment":"scroll","background-type":"","background-media":"","overlay-type":"","overlay-color":"","overlay-opacity":"","overlay-gradient":""},"mobile":{"background-color":"var(--ast-global-color-5)","background-image":"","background-repeat":"repeat","background-position":"center center","background-size":"auto","background-attachment":"scroll","background-type":"","background-media":"","overlay-type":"","overlay-color":"","overlay-opacity":"","overlay-gradient":""}}},"product_brand":[],"product_cat":[389],"product_tag":[1870],"class_list":{"0":"post-7925","1":"product","2":"type-product","3":"status-publish","4":"has-post-thumbnail","6":"product_cat-peptide-chong-khoi-u","7":"product_tag-deslorelin-deslorelin-acetate-cas-57773-65-6-treatment-of-prostate-cancer-vi","8":"desktop-align-left","9":"tablet-align-left","10":"mobile-align-left","12":"first","13":"instock","14":"shipping-taxable","15":"product-type-simple"},"_links":{"self":[{"href":"https:\/\/puyapeptide.net\/vi\/wp-json\/wp\/v2\/product\/7925","targetHints":{"allow":["GET"]}}],"collection":[{"href":"https:\/\/puyapeptide.net\/vi\/wp-json\/wp\/v2\/product"}],"about":[{"href":"https:\/\/puyapeptide.net\/vi\/wp-json\/wp\/v2\/types\/product"}],"replies":[{"embeddable":true,"href":"https:\/\/puyapeptide.net\/vi\/wp-json\/wp\/v2\/comments?post=7925"}],"wp:featuredmedia":[{"embeddable":true,"href":"https:\/\/puyapeptide.net\/vi\/wp-json\/wp\/v2\/media\/2115"}],"wp:attachment":[{"href":"https:\/\/puyapeptide.net\/vi\/wp-json\/wp\/v2\/media?parent=7925"}],"wp:term":[{"taxonomy":"product_brand","embeddable":true,"href":"https:\/\/puyapeptide.net\/vi\/wp-json\/wp\/v2\/product_brand?post=7925"},{"taxonomy":"product_cat","embeddable":true,"href":"https:\/\/puyapeptide.net\/vi\/wp-json\/wp\/v2\/product_cat?post=7925"},{"taxonomy":"product_tag","embeddable":true,"href":"https:\/\/puyapeptide.net\/vi\/wp-json\/wp\/v2\/product_tag?post=7925"}],"curies":[{"name":"wp","href":"https:\/\/api.w.org\/{rel}","templated":true}]}}