{"id":7940,"date":"2021-12-16T11:21:46","date_gmt":"2021-12-16T16:21:46","guid":{"rendered":"https:\/\/puyapeptide.net\/product\/ban-hang-nong-dynorphin-a-1-13-cas-72957-38-1\/"},"modified":"2021-12-16T11:21:46","modified_gmt":"2021-12-16T16:21:46","slug":"ban-hang-nong-dynorphin-a-1-13-cas-72957-38-1","status":"publish","type":"product","link":"https:\/\/puyapeptide.net\/vi\/product\/ban-hang-nong-dynorphin-a-1-13-cas-72957-38-1\/","title":{"rendered":"B\u00e1n h\u00e0ng n\u00f3ng Dynorphin A (1-13) CAS 72957-38-1"},"content":{"rendered":"<h2><strong>B\u00e1n h\u00e0ng n\u00f3ng Dynorphin A (1-13) CAS 72957-38-1<\/strong><\/h2>\n<p> T\u00ean s\u1ea3n ph\u1ea9m: Dynorphin A (1-13)<br \/>\n T\u1eeb \u0111\u1ed3ng ngh\u0129a: TYR-GLY-GLY-PHE-LEU-ARG-ARG-ILE-ARG-PRO-LYS-LEU-LYS; TYR-GLY-GLY- PHE-LEU-ARG-ARG-ILE-ARG-PRO-LYS-LEU-LYS 5ACOH 6H2O; TYR-GLY-GLY-PHE-LEU-ARG-ARG-ILE-ARG-PRO-LYS-LEU-LYS PORCINE; YGGFLRRIRPKLK ; L-TYR-GLY-GLY-PHE-LEU-ARG-ARG-ILE-ARG-PRO-LYS-LEU-LYS; DYNORPHIN A PORCINE FRAGMENT 1-13; DYNORPHIN A (HUMAN, 1-13); DYNORPHIN A ( HUMAN, 1-13) (PORCINE, RAT, BOVINE)<br \/>\n CAS: 72957-38-1<br \/>\n MF: C75H126N24O15<br \/>\n MW: 1603,95<br \/>\n EINECS:<br \/>\n Danh m\u1ee5c s\u1ea3n ph\u1ea9m: Th\u1ee5 th\u1ec3 opioid v\u00e0 opioid -like receptor; peptide; DynorphinsPeptides for Cell Biology; Dynorphins; Neuropeptides; Opioid Peptides<br \/>\n Mol File: 72957-38-1.mol <\/p>\n<p> \u0110\u00e2y l\u00e0 m\u1ed9t lo\u1ea1i polypeptide ho\u1ea1t \u0111\u1ed9ng gi\u1ed1ng morphine m\u1edbi, c\u00f3 th\u1ec3 k\u00edch th\u00edch c\u00e1c th\u1ee5 th\u1ec3 opioid v\u00e0 c\u00f3 th\u1ec3 l\u00e0 ph\u1ed1i t\u1eed n\u1ed9i sinh c\u1ee7a c\u00e1c th\u1ee5 th\u1ec3 opioid. <\/p>\n<p> <strong>Dynorphin A (1-13) CAS 72957-38-1 T\u00ednh ch\u1ea5t h\u00f3a h\u1ecdc<\/strong><br \/>\n m\u1eadt \u0111\u1ed9 1,39 \u00b1 0,1 g \/ cm3 (D\u1ef1 \u0111o\u00e1n)<br \/>\n RTECS JV7436666<br \/>\n nhi\u1ec7t \u0111\u1ed9 l\u01b0u tr\u1eef. Kh\u00f4ng kh\u00ed tr\u01a1, B\u1ea3o qu\u1ea3n trong t\u1ee7 \u0111\u00f4ng, d\u01b0\u1edbi -20 \u00b0 C<br \/>\n pka 3,31 \u00b1 0,10 (D\u1ef1 \u0111o\u00e1n) <\/p>\n<p> <strong>Ch\u1ee9c n\u0103ng v\u00e0 \u1ee8ng d\u1ee5ng c\u1ee7a Dynorphin A (1-13) CAS 72957-38-1<\/strong><br \/>\n Thu\u1ed1c dynorphin \u1edf l\u1ee3n A (1-13) l\u00e0 m\u1ed9t ch\u1ea5t ch\u1ee7 v\u1eadn th\u1ee5 th\u1ec3 opioid n\u1ed9i sinh m\u1ea1nh c\u00f3 t\u00e1c d\u1ee5ng gi\u1ea3m \u0111au \u1edf n\u1ed3ng \u0111\u1ed9 sinh l\u00fd.<\/p>\n","protected":false},"excerpt":{"rendered":"<p>T\u00ean s\u1ea3n ph\u1ea9m: Dynorphin A (1-13)<br \/>\n CAS: 72957-38-1<br \/>\n MF: C75H126N24O15<br \/>\n MW: 1603.95<br \/>\n Mol T\u1ec7p: 72957-38-1.mol<\/p>\n","protected":false},"featured_media":2178,"comment_status":"open","ping_status":"closed","template":"","meta":{"om_disable_all_campaigns":false,"_monsterinsights_skip_tracking":false,"_monsterinsights_sitenote_active":false,"_monsterinsights_sitenote_note":"","_monsterinsights_sitenote_category":0,"site-sidebar-layout":"default","site-content-layout":"default","ast-site-content-layout":"default","site-content-style":"default","site-sidebar-style":"default","ast-global-header-display":"","ast-banner-title-visibility":"","ast-main-header-display":"","ast-hfb-above-header-display":"","ast-hfb-below-header-display":"","ast-hfb-mobile-header-display":"","site-post-title":"","ast-breadcrumbs-content":"","ast-featured-img":"","footer-sml-layout":"","ast-disable-related-posts":"","theme-transparent-header-meta":"default","adv-header-id-meta":"","stick-header-meta":"","header-above-stick-meta":"","header-main-stick-meta":"","header-below-stick-meta":"","astra-migrate-meta-layouts":"default","ast-page-background-enabled":"default","ast-page-background-meta":{"desktop":{"background-color":"","background-image":"","background-repeat":"repeat","background-position":"center center","background-size":"auto","background-attachment":"scroll","background-type":"","background-media":"","overlay-type":"","overlay-color":"","overlay-opacity":"","overlay-gradient":""},"tablet":{"background-color":"","background-image":"","background-repeat":"repeat","background-position":"center center","background-size":"auto","background-attachment":"scroll","background-type":"","background-media":"","overlay-type":"","overlay-color":"","overlay-opacity":"","overlay-gradient":""},"mobile":{"background-color":"","background-image":"","background-repeat":"repeat","background-position":"center center","background-size":"auto","background-attachment":"scroll","background-type":"","background-media":"","overlay-type":"","overlay-color":"","overlay-opacity":"","overlay-gradient":""}},"ast-content-background-meta":{"desktop":{"background-color":"var(--ast-global-color-5)","background-image":"","background-repeat":"repeat","background-position":"center center","background-size":"auto","background-attachment":"scroll","background-type":"","background-media":"","overlay-type":"","overlay-color":"","overlay-opacity":"","overlay-gradient":""},"tablet":{"background-color":"var(--ast-global-color-5)","background-image":"","background-repeat":"repeat","background-position":"center center","background-size":"auto","background-attachment":"scroll","background-type":"","background-media":"","overlay-type":"","overlay-color":"","overlay-opacity":"","overlay-gradient":""},"mobile":{"background-color":"var(--ast-global-color-5)","background-image":"","background-repeat":"repeat","background-position":"center center","background-size":"auto","background-attachment":"scroll","background-type":"","background-media":"","overlay-type":"","overlay-color":"","overlay-opacity":"","overlay-gradient":""}}},"product_brand":[],"product_cat":[524],"product_tag":[1843],"class_list":{"0":"post-7940","1":"product","2":"type-product","3":"status-publish","4":"has-post-thumbnail","6":"product_cat-peptide-khac","7":"product_tag-hot-sale-dynorphin-a-1-13-cas-72957-38-1-vi","8":"desktop-align-left","9":"tablet-align-left","10":"mobile-align-left","12":"first","13":"instock","14":"shipping-taxable","15":"product-type-simple"},"_links":{"self":[{"href":"https:\/\/puyapeptide.net\/vi\/wp-json\/wp\/v2\/product\/7940","targetHints":{"allow":["GET"]}}],"collection":[{"href":"https:\/\/puyapeptide.net\/vi\/wp-json\/wp\/v2\/product"}],"about":[{"href":"https:\/\/puyapeptide.net\/vi\/wp-json\/wp\/v2\/types\/product"}],"replies":[{"embeddable":true,"href":"https:\/\/puyapeptide.net\/vi\/wp-json\/wp\/v2\/comments?post=7940"}],"wp:featuredmedia":[{"embeddable":true,"href":"https:\/\/puyapeptide.net\/vi\/wp-json\/wp\/v2\/media\/2178"}],"wp:attachment":[{"href":"https:\/\/puyapeptide.net\/vi\/wp-json\/wp\/v2\/media?parent=7940"}],"wp:term":[{"taxonomy":"product_brand","embeddable":true,"href":"https:\/\/puyapeptide.net\/vi\/wp-json\/wp\/v2\/product_brand?post=7940"},{"taxonomy":"product_cat","embeddable":true,"href":"https:\/\/puyapeptide.net\/vi\/wp-json\/wp\/v2\/product_cat?post=7940"},{"taxonomy":"product_tag","embeddable":true,"href":"https:\/\/puyapeptide.net\/vi\/wp-json\/wp\/v2\/product_tag?post=7940"}],"curies":[{"name":"wp","href":"https:\/\/api.w.org\/{rel}","templated":true}]}}