{"id":7965,"date":"2021-12-16T11:23:18","date_gmt":"2021-12-16T16:23:18","guid":{"rendered":"https:\/\/puyapeptide.net\/product\/puya-cung-cap-ipamorelin-ipamorelin-axetat-cas-170851-70-4\/"},"modified":"2021-12-16T11:23:18","modified_gmt":"2021-12-16T16:23:18","slug":"puya-cung-cap-ipamorelin-ipamorelin-axetat-cas-170851-70-4","status":"publish","type":"product","link":"https:\/\/puyapeptide.net\/vi\/product\/puya-cung-cap-ipamorelin-ipamorelin-axetat-cas-170851-70-4\/","title":{"rendered":"Puya Cung c\u1ea5p Ipamorelin \/ Ipamorelin Axetat CAS 170851-70-4"},"content":{"rendered":"<h2><strong>Puya Cung c\u1ea5p Ipamorelin \/ Ipamorelin Axetat CAS 170851-70-4<\/strong><\/h2>\n<p> T\u00ean s\u1ea3n ph\u1ea9m: Ipamorelin<br \/>\n T\u1eeb \u0111\u1ed3ng ngh\u0129a: IpoMarelin; IpaMorelin Acetate; Aib-His-D-2-Nal-D-Phe-Lys-NH2; IPAMORELIN (1MG); IPAMORELIN (5MG); 2-Methylalanyl-L -histidyl-3- (2-naphthyl) -D-alanyl-D-phenylalanyl-L-lysinamide; L-Lysinamide, 2-methylalanyl-L-histidyl-3- (2-naphthalenyl) -D-alanyl-D-phenylalanyl -; NNC-26-0161<br \/>\n CAS: 170851-70-4<br \/>\n MF: C38H49N9O5<br \/>\n MW: 711.85<br \/>\n EINECS:<br \/>\n Danh m\u1ee5c s\u1ea3n ph\u1ea9m: Peptide<br \/>\n Mol T\u1ec7p: 170851-70 -4.mol <\/p>\n<p> Ipamorelin l\u00e0 m\u1ed9t GHRP (peptit gi\u1ea3i ph\u00f3ng hormone t\u0103ng tr\u01b0\u1edfng), \u0111\u01b0\u1ee3c coi l\u00e0 nh\u1eb9 nh\u1ea5t, v\u00ec n\u00f3 \u0111\u01b0\u1ee3c gi\u1ea3i ph\u00f3ng \u1ed5n \u0111\u1ecbnh v\u00e0 ch\u1eadm m\u00e0 kh\u00f4ng g\u00e2y m\u1eabn c\u1ea3m m\u1ea1nh. Ipamorelin c\u00f3 m\u1ed9t ch\u1ee9c n\u0103ng \u0111\u01a1n gi\u1ea3n v\u00e0 c\u00f3 th\u1ec3 l\u00e0m t\u0103ng s\u1ea3n xu\u1ea5t GH t\u1ef1 nhi\u00ean trong c\u01a1 th\u1ec3. Gi\u00fap ch\u00fang ta x\u00e2y d\u1ef1ng m\u00f4 m\u1ecfng m\u1edbi v\u00e0 gi\u00fap b\u1ea3o v\u1ec7 m\u00f4 m\u1ecfng hi\u1ec7n c\u00f3. N\u00f3 t\u1ed1t cho gi\u1ea5c ng\u1ee7 v\u00e0 c\u00f3 t\u00e1c d\u1ee5ng ch\u1ed1ng l\u00e3o h\u00f3a \u0110\u1ed3ng th\u1eddi v\u1edbi c\u00e1c lo\u1ea1i peptide ti\u1ebft ra hormone t\u0103ng tr\u01b0\u1edfng. <\/p>\n<p> <strong>Ipamorelin \/ Ipamorelin Acetate CAS 170851-70-4 T\u00ednh ch\u1ea5t h\u00f3a h\u1ecdc<\/strong><br \/>\n \u0110i\u1ec3m s\u00f4i 1185,5 \u00b1 65,0 \u00b0 C (D\u1ef1 \u0111o\u00e1n) &lt; &amp;&gt; m\u1eadt \u0111\u1ed9 1,263 \u00b1 0,06 g \/ cm3 (D\u1ef1 \u0111o\u00e1n)<br \/>\n pka 13,04 \u00b1 0,46 (D\u1ef1 \u0111o\u00e1n) <\/p>\n<p> <strong>Ch\u1ee9c n\u0103ng v\u00e0 \u1ee9ng d\u1ee5ng c\u1ee7a Ipamorelin \/ Ipamorelin Acetate CAS 170851-70-4<\/strong><br \/>\n Ipomorelin l\u00e0 m\u1ed9t s\u1ea3n ph\u1ea9m m\u1edbi h\u1ea5p d\u1eabn ph\u00e1t hi\u1ec7n x\u00e2y d\u1ef1ng c\u01a1 b\u1eafp \u0111ang nh\u1eadn \u0111\u01b0\u1ee3c r\u1ea5t nhi\u1ec1u s\u1ef1 ch\u00fa \u00fd trong th\u1ebf gi\u1edbi th\u1ec3 h\u00ecnh. Gi\u1ed1ng nh\u01b0 peptit GHRP \/ 6 (gi\u1ea3i ph\u00f3ng hexapeptit), n\u00f3 l\u00e0 m\u1ed9t peptit t\u1ed5ng h\u1ee3p c\u00f3 \u0111\u1eb7c t\u00ednh gi\u1ea3i ph\u00f3ng m\u1ea1nh m\u1ebd. V\u00e0 nh\u1eefng \u0111\u1eb7c t\u00ednh gi\u1ea3i ph\u00f3ng n\u00e0y l\u00e0 \u0111i\u1ec1u \u0111\u01b0\u1ee3c c\u00e1c v\u1eadn \u0111\u1ed9ng vi\u00ean v\u00e0 ng\u01b0\u1eddi t\u1eadp th\u1ec3 h\u00ecnh quan t\u00e2m v\u00ec ch\u00fang c\u00f3 th\u1ec3 t\u1ea1o ra s\u1ef1 kh\u00e1c bi\u1ec7t to l\u1edbn v\u1ec1 s\u1ed1 l\u01b0\u1ee3ng c\u01a1 b\u1eafp b\u1ea1n c\u00f3 th\u1ec3 ph\u00e1t tri\u1ec3n v\u00e0 t\u1ed1c \u0111\u1ed9 \u0111\u1ed1t ch\u00e1y ch\u1ea5t b\u00e9o c\u1ee7a b\u1ea1n.<\/p>\n","protected":false},"excerpt":{"rendered":"<p>T\u00ean s\u1ea3n ph\u1ea9m: Ipamorelin<br \/>\n CAS: 170851-70-4<br \/>\n MF: C38H49N9O5<br \/>\n MW: 711.85<br \/>\n Mol T\u1ec7p: 170851-70-4.mol<\/p>\n","protected":false},"featured_media":2220,"comment_status":"open","ping_status":"closed","template":"","meta":{"om_disable_all_campaigns":false,"_monsterinsights_skip_tracking":false,"_monsterinsights_sitenote_active":false,"_monsterinsights_sitenote_note":"","_monsterinsights_sitenote_category":0,"site-sidebar-layout":"default","site-content-layout":"default","ast-site-content-layout":"default","site-content-style":"default","site-sidebar-style":"default","ast-global-header-display":"","ast-banner-title-visibility":"","ast-main-header-display":"","ast-hfb-above-header-display":"","ast-hfb-below-header-display":"","ast-hfb-mobile-header-display":"","site-post-title":"","ast-breadcrumbs-content":"","ast-featured-img":"","footer-sml-layout":"","ast-disable-related-posts":"","theme-transparent-header-meta":"default","adv-header-id-meta":"","stick-header-meta":"","header-above-stick-meta":"","header-main-stick-meta":"","header-below-stick-meta":"","astra-migrate-meta-layouts":"default","ast-page-background-enabled":"default","ast-page-background-meta":{"desktop":{"background-color":"","background-image":"","background-repeat":"repeat","background-position":"center center","background-size":"auto","background-attachment":"scroll","background-type":"","background-media":"","overlay-type":"","overlay-color":"","overlay-opacity":"","overlay-gradient":""},"tablet":{"background-color":"","background-image":"","background-repeat":"repeat","background-position":"center center","background-size":"auto","background-attachment":"scroll","background-type":"","background-media":"","overlay-type":"","overlay-color":"","overlay-opacity":"","overlay-gradient":""},"mobile":{"background-color":"","background-image":"","background-repeat":"repeat","background-position":"center center","background-size":"auto","background-attachment":"scroll","background-type":"","background-media":"","overlay-type":"","overlay-color":"","overlay-opacity":"","overlay-gradient":""}},"ast-content-background-meta":{"desktop":{"background-color":"var(--ast-global-color-5)","background-image":"","background-repeat":"repeat","background-position":"center center","background-size":"auto","background-attachment":"scroll","background-type":"","background-media":"","overlay-type":"","overlay-color":"","overlay-opacity":"","overlay-gradient":""},"tablet":{"background-color":"var(--ast-global-color-5)","background-image":"","background-repeat":"repeat","background-position":"center center","background-size":"auto","background-attachment":"scroll","background-type":"","background-media":"","overlay-type":"","overlay-color":"","overlay-opacity":"","overlay-gradient":""},"mobile":{"background-color":"var(--ast-global-color-5)","background-image":"","background-repeat":"repeat","background-position":"center center","background-size":"auto","background-attachment":"scroll","background-type":"","background-media":"","overlay-type":"","overlay-color":"","overlay-opacity":"","overlay-gradient":""}}},"product_brand":[],"product_cat":[524],"product_tag":[1823],"class_list":{"0":"post-7965","1":"product","2":"type-product","3":"status-publish","4":"has-post-thumbnail","6":"product_cat-peptide-khac","7":"product_tag-puya-supply-ipamorelin-ipamorelin-acetate-cas-170851-70-4-vi","8":"desktop-align-left","9":"tablet-align-left","10":"mobile-align-left","12":"first","13":"instock","14":"shipping-taxable","15":"product-type-simple"},"_links":{"self":[{"href":"https:\/\/puyapeptide.net\/vi\/wp-json\/wp\/v2\/product\/7965","targetHints":{"allow":["GET"]}}],"collection":[{"href":"https:\/\/puyapeptide.net\/vi\/wp-json\/wp\/v2\/product"}],"about":[{"href":"https:\/\/puyapeptide.net\/vi\/wp-json\/wp\/v2\/types\/product"}],"replies":[{"embeddable":true,"href":"https:\/\/puyapeptide.net\/vi\/wp-json\/wp\/v2\/comments?post=7965"}],"wp:featuredmedia":[{"embeddable":true,"href":"https:\/\/puyapeptide.net\/vi\/wp-json\/wp\/v2\/media\/2220"}],"wp:attachment":[{"href":"https:\/\/puyapeptide.net\/vi\/wp-json\/wp\/v2\/media?parent=7965"}],"wp:term":[{"taxonomy":"product_brand","embeddable":true,"href":"https:\/\/puyapeptide.net\/vi\/wp-json\/wp\/v2\/product_brand?post=7965"},{"taxonomy":"product_cat","embeddable":true,"href":"https:\/\/puyapeptide.net\/vi\/wp-json\/wp\/v2\/product_cat?post=7965"},{"taxonomy":"product_tag","embeddable":true,"href":"https:\/\/puyapeptide.net\/vi\/wp-json\/wp\/v2\/product_tag?post=7965"}],"curies":[{"name":"wp","href":"https:\/\/api.w.org\/{rel}","templated":true}]}}