{"id":7981,"date":"2021-12-16T11:24:17","date_gmt":"2021-12-16T16:24:17","guid":{"rendered":"https:\/\/puyapeptide.net\/product\/aviptadil-acetate-chat-tao-mach-peptide-duong-ruot-cao-nhat-nguoi-chuot-chuot-tho-cho-lon-cas-40077-57-4\/"},"modified":"2021-12-16T11:24:17","modified_gmt":"2021-12-16T16:24:17","slug":"aviptadil-acetate-chat-tao-mach-peptide-duong-ruot-cao-nhat-nguoi-chuot-chuot-tho-cho-lon-cas-40077-57-4","status":"publish","type":"product","link":"https:\/\/puyapeptide.net\/vi\/product\/aviptadil-acetate-chat-tao-mach-peptide-duong-ruot-cao-nhat-nguoi-chuot-chuot-tho-cho-lon-cas-40077-57-4\/","title":{"rendered":"Aviptadil Acetate \/ Ch\u1ea5t t\u1ea1o m\u1ea1ch Peptide \u0111\u01b0\u1eddng ru\u1ed9t cao nh\u1ea5t (ng\u01b0\u1eddi, chu\u1ed9t, chu\u1ed9t, th\u1ecf, ch\u00f3, l\u1ee3n) CAS 40077-57-4"},"content":{"rendered":"<h2><strong>Aviptadil Acetate \/ Ch\u1ea5t t\u1ea1o m\u1ea1ch Peptide \u0111\u01b0\u1eddng ru\u1ed9t cao nh\u1ea5t (ng\u01b0\u1eddi, chu\u1ed9t, chu\u1ed9t, th\u1ecf, ch\u00f3, l\u1ee3n) CAS 40077-57-4<\/strong><\/h2>\n<p> T\u00ean s\u1ea3n ph\u1ea9m: Aviptadil Acetate \/ Peptide c\u00f3 ho\u1ea1t t\u00ednh \u0111\u01b0\u1eddng ru\u1ed9t (ng\u01b0\u1eddi, chu\u1ed9t, chu\u1ed9t, th\u1ecf, ch\u00f3, l\u1ee3n)<br \/>\n T\u1eeb \u0111\u1ed3ng ngh\u0129a: VASOACTIVE INTESTINAL PEPTIDE (CON NG\u01af\u1edcI, BOVINE, PORCINE, RAT); VASOACTIVE INTESTINAL PEPTIDE (HUMAN, PORCINE ); PEPTIDE VASOACTIVE INTESTINAL PEPTIDE HUMAN, PORCINE, RAT; VASOACTIVE INTESTINAL PEPTIDE (HUMAN, PORCINE) (BOVINE, RAT, CANINE); VASOACTIVE INTESTINAL PEPTIDE, PORCINE; VASOACTIVE INTESTINAL PEPTIDE<br \/>\n CAS: 40077-57-4<br \/>\n MF: C147H238N44O42S<br \/>\n MW: 3325.8<br \/>\n EINECS:<br \/>\n Danh m\u1ee5c s\u1ea3n ph\u1ea9m: Th\u1ee5 th\u1ec3 VIP v\u00e0 PACAP; Peptide &lt;&amp; &gt; Mol T\u1eadp tin: 40077-57-4.mol <\/p>\n<p> Aviptadil, c\u00f2n \u0111\u01b0\u1ee3c g\u1ecdi l\u00e0 polypeptide ho\u1ea1t \u0111\u1ed9ng trong ru\u1ed9t (VIP), l\u00e0 m\u1ed9t lo\u1ea1i amino axit th\u1ea7n kinh g\u1ed3m 28 axit amin thu\u1ed9c si\u00eau h\u1ecd b\u00e0i ti\u1ebft y\u1ebfu t\u1ed1 gi\u1ea3i ph\u00f3ng hormone t\u0103ng tr\u01b0\u1edfng glucagon. N\u00f3 c\u00f3 t\u00e1c d\u1ee5ng ch\u1ed1ng vi\u00eam v\u00e0 \u0111i\u1ec1u h\u00f2a mi\u1ec5n d\u1ecbch m\u1ea1nh m\u1ebd. Ngo\u00e0i ra, Aviptadil ho\u1ea1t \u0111\u1ed9ng nh\u01b0 m\u1ed9t thu\u1ed1c gi\u00e3n m\u1ea1ch v\u00e0 gi\u00e3n ph\u1ebf qu\u1ea3n to\u00e0n th\u00e2n m\u1ea1nh, n\u00f3 \u1ee9c ch\u1ebf s\u1ef1 t\u0103ng sinh c\u1ee7a c\u00e1c t\u1ebf b\u00e0o c\u01a1 tr\u01a1n th\u00e0nh m\u1ea1ch v\u00e0 ph\u1ebf qu\u1ea3n v\u00e0 gi\u1ea3m k\u1ebft t\u1eadp ti\u1ec3u c\u1ea7u. C\u00e1c hi\u1ec7u \u1ee9ng sinh h\u1ecdc n\u00e0y \u0111\u01b0\u1ee3c trung gian b\u1edfi c\u00e1c th\u1ee5 th\u1ec3 VIP c\u1ee5 th\u1ec3. <\/p>\n<p> Peptide ho\u1ea1t t\u00ednh trong ru\u1ed9t (VIP) \u0111\u01b0\u1ee3c ph\u00e2n b\u1ed1 r\u1ed9ng r\u00e3i trong c\u01a1 th\u1ec3 v\u00e0 \u0111\u01b0\u1ee3c cho l\u00e0 x\u1ea3y ra trong su\u1ed1t \u0111\u01b0\u1eddng ti\u00eau h\u00f3a. N\u00f3 l\u00e0 m\u1ed9t polypeptide 28 g\u1ed1c c\u00f3 c\u1ea5u tr\u00fac t\u01b0\u01a1ng \u0111\u1ed3ng v\u1edbi secrettin v\u00e0 glucagon. N\u00f3 g\u00e2y gi\u00e3n m\u1ea1ch v\u00e0 l\u00e0m t\u0103ng s\u1ee9c co b\u00f3p c\u1ee7a tim. VIP k\u00edch th\u00edch b\u00e0i ti\u1ebft bicarbonat, th\u01b0 gi\u00e3n c\u01a1 \u0111\u01b0\u1eddng ti\u00eau h\u00f3a v\u00e0 c\u00e1c c\u01a1 kh\u00e1c, k\u00edch th\u00edch qu\u00e1 tr\u00ecnh t\u1ea1o glycogenesis, \u1ee9c ch\u1ebf b\u00e0i ti\u1ebft acid d\u1ecbch v\u1ecb v\u00e0 k\u00edch th\u00edch b\u00e0i ti\u1ebft insulin. Vai tr\u00f2 d\u1eabn truy\u1ec1n th\u1ea7n kinh v\u00e0 n\u1ed9i ti\u1ebft t\u1ed1 c\u1ee7a n\u00f3 \u0111\u00e3 \u0111\u01b0\u1ee3c nghi\u00ean c\u1ee9u. <\/p>\n<p> <strong>Aviptadil Acetate \/ Vasoactive Int ru\u1ed9t Peptide (ng\u01b0\u1eddi, chu\u1ed9t, chu\u1ed9t, th\u1ecf, ch\u00f3, l\u1ee3n) CAS 40077-57-4 T\u00ednh ch\u1ea5t h\u00f3a h\u1ecdc<\/strong><br \/>\n m\u1eadt \u0111\u1ed9 1,47 \u00b1 0,1 g \/ cm3 (D\u1ef1 \u0111o\u00e1n)<br \/>\n nhi\u1ec7t \u0111\u1ed9 l\u01b0u tr\u1eef. \u0110\u1ed9 h\u00f2a tan \u221220 \u00b0 C<br \/>\n 1% axit axetic: h\u00f2a tan 0,1%, trong, kh\u00f4ng m\u00e0u<br \/>\n d\u1ea1ng b\u1ed9t<br \/>\n InChIKey HEOYHMUESMJFDC-RIWXPGAOSA-N <\/p>\n<p> <strong>Ch\u1ee9c n\u0103ng v\u00e0 \u1ee9ng d\u1ee5ng c\u1ee7a Aviptadil Acetate \/ Vasoactive Peptide \u0111\u01b0\u1eddng ru\u1ed9t (ng\u01b0\u1eddi, chu\u1ed9t, chu\u1ed9t, th\u1ecf, ch\u00f3, l\u1ee3n) CAS 40077-57-4<\/strong><br \/>\n Aviptadil Acetate \u0111\u01b0\u1ee3c ph\u00e1t tri\u1ec3n b\u1edfi MondobiotechAG v\u00e0 BiogenIdec, atendil acetate l\u00e0 m\u1ed9t peptide Chemicalbook tuy\u1ebfn t\u00ednh bao g\u1ed3m 28 axit amin, \u0111\u01b0\u1ee3c s\u1eed d\u1ee5ng ch\u1ee7 y\u1ebfu trong \u0111i\u1ec1u tr\u1ecb c\u1ee7a h\u1ed9i ch\u1ee9ng suy h\u00f4 h\u1ea5p c\u1ea5p v\u00e0 x\u01a1 ph\u1ed5i v\u00f4 c\u0103n, v\u1edbi hi\u1ec7u qu\u1ea3 t\u1ed1t h\u01a1n v\u00e0 \u00edt t\u00e1c d\u1ee5ng ph\u1ee5 h\u01a1n, v\u00e0 l\u00e0 m\u1ed9t lo\u1ea1i thu\u1ed1c peptide \u0111\u1ea7y h\u1ee9a h\u1eb9n.<\/p>\n","protected":false},"excerpt":{"rendered":"<p>T\u00ean s\u1ea3n ph\u1ea9m: Aviptadil Acetate \/ Peptide c\u00f3 ho\u1ea1t t\u00ednh \u0111\u01b0\u1eddng ru\u1ed9t (ng\u01b0\u1eddi, chu\u1ed9t, chu\u1ed9t, th\u1ecf, ch\u00f3, l\u1ee3n)<br \/>\n CAS: 40077-57-4<br \/>\n MF: C147H238N44O42S<br \/>\n MW: 3325.8<br \/>\n Mol T\u1ec7p: 40077-57-4.mol<\/p>\n","protected":false},"featured_media":2304,"comment_status":"open","ping_status":"closed","template":"","meta":{"om_disable_all_campaigns":false,"_monsterinsights_skip_tracking":false,"_monsterinsights_sitenote_active":false,"_monsterinsights_sitenote_note":"","_monsterinsights_sitenote_category":0,"site-sidebar-layout":"default","site-content-layout":"default","ast-site-content-layout":"default","site-content-style":"default","site-sidebar-style":"default","ast-global-header-display":"","ast-banner-title-visibility":"","ast-main-header-display":"","ast-hfb-above-header-display":"","ast-hfb-below-header-display":"","ast-hfb-mobile-header-display":"","site-post-title":"","ast-breadcrumbs-content":"","ast-featured-img":"","footer-sml-layout":"","ast-disable-related-posts":"","theme-transparent-header-meta":"default","adv-header-id-meta":"","stick-header-meta":"","header-above-stick-meta":"","header-main-stick-meta":"","header-below-stick-meta":"","astra-migrate-meta-layouts":"default","ast-page-background-enabled":"default","ast-page-background-meta":{"desktop":{"background-color":"","background-image":"","background-repeat":"repeat","background-position":"center center","background-size":"auto","background-attachment":"scroll","background-type":"","background-media":"","overlay-type":"","overlay-color":"","overlay-opacity":"","overlay-gradient":""},"tablet":{"background-color":"","background-image":"","background-repeat":"repeat","background-position":"center center","background-size":"auto","background-attachment":"scroll","background-type":"","background-media":"","overlay-type":"","overlay-color":"","overlay-opacity":"","overlay-gradient":""},"mobile":{"background-color":"","background-image":"","background-repeat":"repeat","background-position":"center center","background-size":"auto","background-attachment":"scroll","background-type":"","background-media":"","overlay-type":"","overlay-color":"","overlay-opacity":"","overlay-gradient":""}},"ast-content-background-meta":{"desktop":{"background-color":"var(--ast-global-color-5)","background-image":"","background-repeat":"repeat","background-position":"center center","background-size":"auto","background-attachment":"scroll","background-type":"","background-media":"","overlay-type":"","overlay-color":"","overlay-opacity":"","overlay-gradient":""},"tablet":{"background-color":"var(--ast-global-color-5)","background-image":"","background-repeat":"repeat","background-position":"center center","background-size":"auto","background-attachment":"scroll","background-type":"","background-media":"","overlay-type":"","overlay-color":"","overlay-opacity":"","overlay-gradient":""},"mobile":{"background-color":"var(--ast-global-color-5)","background-image":"","background-repeat":"repeat","background-position":"center center","background-size":"auto","background-attachment":"scroll","background-type":"","background-media":"","overlay-type":"","overlay-color":"","overlay-opacity":"","overlay-gradient":""}}},"product_brand":[],"product_cat":[524],"product_tag":[1777,1733,1799,1755,1711,1689],"class_list":{"0":"post-7981","1":"product","2":"type-product","3":"status-publish","4":"has-post-thumbnail","6":"product_cat-peptide-khac","7":"product_tag-canine-vi","8":"product_tag-mouse-vi","9":"product_tag-porcine-cas-40077-57-4-vi","10":"product_tag-rabbit-vi","11":"product_tag-rat-vi","12":"product_tag-top-grade-aviptadil-acetate-vasoactive-intestinal-peptide-human-vi","13":"desktop-align-left","14":"tablet-align-left","15":"mobile-align-left","17":"first","18":"instock","19":"shipping-taxable","20":"product-type-simple"},"_links":{"self":[{"href":"https:\/\/puyapeptide.net\/vi\/wp-json\/wp\/v2\/product\/7981","targetHints":{"allow":["GET"]}}],"collection":[{"href":"https:\/\/puyapeptide.net\/vi\/wp-json\/wp\/v2\/product"}],"about":[{"href":"https:\/\/puyapeptide.net\/vi\/wp-json\/wp\/v2\/types\/product"}],"replies":[{"embeddable":true,"href":"https:\/\/puyapeptide.net\/vi\/wp-json\/wp\/v2\/comments?post=7981"}],"wp:featuredmedia":[{"embeddable":true,"href":"https:\/\/puyapeptide.net\/vi\/wp-json\/wp\/v2\/media\/2304"}],"wp:attachment":[{"href":"https:\/\/puyapeptide.net\/vi\/wp-json\/wp\/v2\/media?parent=7981"}],"wp:term":[{"taxonomy":"product_brand","embeddable":true,"href":"https:\/\/puyapeptide.net\/vi\/wp-json\/wp\/v2\/product_brand?post=7981"},{"taxonomy":"product_cat","embeddable":true,"href":"https:\/\/puyapeptide.net\/vi\/wp-json\/wp\/v2\/product_cat?post=7981"},{"taxonomy":"product_tag","embeddable":true,"href":"https:\/\/puyapeptide.net\/vi\/wp-json\/wp\/v2\/product_tag?post=7981"}],"curies":[{"name":"wp","href":"https:\/\/api.w.org\/{rel}","templated":true}]}}