{"id":8028,"date":"2021-12-16T11:26:52","date_gmt":"2021-12-16T16:26:52","guid":{"rendered":"https:\/\/puyapeptide.net\/product\/puya-cung-cap-eledoisin-acetate-eledoisin-cas-69-25-0\/"},"modified":"2021-12-16T11:26:52","modified_gmt":"2021-12-16T16:26:52","slug":"puya-cung-cap-eledoisin-acetate-eledoisin-cas-69-25-0","status":"publish","type":"product","link":"https:\/\/puyapeptide.net\/vi\/product\/puya-cung-cap-eledoisin-acetate-eledoisin-cas-69-25-0\/","title":{"rendered":"Puya Cung c\u1ea5p Eledoisin Acetate \/ Eledoisin CAS 69-25-0"},"content":{"rendered":"<h2><strong>Puya Cung c\u1ea5p Eledoisin Acetate \/ Eledoisin CAS 69-25-0<\/strong><\/h2>\n<p> T\u00ean s\u1ea3n ph\u1ea9m: Eledoisin<br \/>\n T\u1eeb \u0111\u1ed3ng ngh\u0129a: eledonepeptide; ELEDOISIN; GLP-PRO-SER-LYS-ASP-ALA-PHE-ILE-GLY-LEU-MET-NH2; 5-oxo-l-prolyl-l- prolyl-l-seryl-l-lysyl-l-aspartyl-l-alanyl-l-phenylalanyl-l-isoleucylglycyl-l-leucyl-l-methioninamide; PYR-PRO-SER-LYS-ASP-ALA-PHE-ILE- GLY-LEU-MET-NH2; PYR-PSKDAFIGLM-NH2; PGLU-PRO-SER-LYS-ASP-ALA-PHE-ILE-GLY-LEU-MET-NH2; ELEDOSIN<br \/>\n CAS: 69-25-0 &lt; &amp;&gt; MF: C54H85N13O15S<br \/>\n MW: 1188.4<br \/>\n EINECS:<br \/>\n Danh m\u1ee5c s\u1ea3n ph\u1ea9m: protein; Peptide<br \/>\n Mol File: 69-25-0.mol <\/p>\n<p> Eledoisin Acetate, m\u1ed9t th\u00e0nh vi\u00ean c\u1ee7a h\u1ecd tachykinin, l\u00e0 m\u1ed9t peptide ho\u1ea1t \u0111\u1ed9ng c\u00f3 t\u00e1c d\u1ee5ng k\u00edch th\u00edch t\u1ebf b\u00e0o th\u1ea7n kinh v\u00e0 k\u00edch ho\u1ea1t c\u00e1c ph\u1ea3n \u1ee9ng h\u00e0nh vi. N\u00f3 l\u00e0 m\u1ed9t ch\u1ea5t l\u00e0m gi\u00e3n m\u1ea1ch v\u00e0 ti\u1ebft d\u1ecbch m\u1ea1nh c\u00f3 t\u00e1c d\u1ee5ng ti\u1ebfp x\u00fac v\u1edbi nhi\u1ec1u c\u01a1 tr\u01a1n. <\/p>\n<p> <strong>Eledoisin Acetate \/ Eledoisin CAS 69-25-0 T\u00ednh ch\u1ea5t h\u00f3a h\u1ecdc<\/strong><br \/>\n \u0110i\u1ec3m n\u00f3ng ch\u1ea3y 230 \u00b0 C (ph\u00e2n h\u1ee7y)<br \/>\n \u0110i\u1ec3m s\u00f4i 1618,1 \u00b1 65,0 \u00b0 C (D\u1ef1 \u0111o\u00e1n)<br \/>\n m\u1eadt \u0111\u1ed9 1,289 \u00b1 0,06 g \/ cm3 (D\u1ef1 \u0111o\u00e1n)<br \/>\n nhi\u1ec7t \u0111\u1ed9 b\u1ea3o qu\u1ea3n. \u221220 \u00b0 C<br \/>\n pka 4,19 \u00b1 0,10 (D\u1ef1 \u0111o\u00e1n) <\/p>\n<p> <strong>Ch\u1ee9c n\u0103ng v\u00e0 \u1ee8ng d\u1ee5ng c\u1ee7a Eledoisin Acetate \/ Eledoisin CAS 69-25-0<\/strong><br \/>\n Ch\u1ee7 y\u1ebfu c\u00f3 t\u00e1c d\u1ee5ng co m\u1ea1ch m\u1ea1nh angiotensin II v\u00e0 t\u0103ng huy\u1ebft \u00e1p. C\u01a1 ch\u1ebf l\u00e0: 1. Do \u0111\u00f3, c\u01a1 tr\u01a1n ti\u1ec3u \u0111\u1ed9ng m\u1ea1ch co l\u1ea1i, t\u0103ng s\u1ee9c c\u1ea3n ngo\u1ea1i vi; 2. V\u00ec v\u1eady l\u00e0m t\u0103ng gi\u1ea3i ph\u00f3ng aldosteron th\u01b0\u1ee3ng th\u1eadn, g\u00e2y gi\u1eef natri, t\u0103ng th\u1ec3 t\u00edch m\u00e1u; 3. Tr\u1ef1c ti\u1ebfp g\u00f3p ph\u1ea7n t\u00e1i h\u1ea5p thu natri v\u00e0 n\u01b0\u1edbc \u1edf \u1ed1ng th\u1eadn; 4. V\u00ec v\u1eady ho\u1ea1t \u0111\u1ed9ng co m\u1ea1ch giao c\u1ea3m th\u1ea7n kinh trung \u01b0\u01a1ng n\u00e3o, g\u00e2y t\u0103ng s\u1ee9c c\u1ea3n m\u1ea1ch ngo\u1ea1i vi; 5. K\u00edch th\u00edch t\u1ee7y th\u01b0\u1ee3ng th\u1eadn gi\u1ea3i ph\u00f3ng epinephrine v\u00e0 norepinephrine<\/p>\n","protected":false},"excerpt":{"rendered":"<p>T\u00ean s\u1ea3n ph\u1ea9m: Eledoisin<br \/>\n CAS: 69-25-0<br \/>\n MF: C54H85N13O15S<br \/>\n MW: 1188.4<br \/>\n Mol T\u1ec7p: 69-25-0.mol<\/p>\n","protected":false},"featured_media":2283,"comment_status":"open","ping_status":"closed","template":"","meta":{"om_disable_all_campaigns":false,"_monsterinsights_skip_tracking":false,"_monsterinsights_sitenote_active":false,"_monsterinsights_sitenote_note":"","_monsterinsights_sitenote_category":0,"site-sidebar-layout":"default","site-content-layout":"default","ast-site-content-layout":"default","site-content-style":"default","site-sidebar-style":"default","ast-global-header-display":"","ast-banner-title-visibility":"","ast-main-header-display":"","ast-hfb-above-header-display":"","ast-hfb-below-header-display":"","ast-hfb-mobile-header-display":"","site-post-title":"","ast-breadcrumbs-content":"","ast-featured-img":"","footer-sml-layout":"","ast-disable-related-posts":"","theme-transparent-header-meta":"default","adv-header-id-meta":"","stick-header-meta":"","header-above-stick-meta":"","header-main-stick-meta":"","header-below-stick-meta":"","astra-migrate-meta-layouts":"default","ast-page-background-enabled":"default","ast-page-background-meta":{"desktop":{"background-color":"","background-image":"","background-repeat":"repeat","background-position":"center center","background-size":"auto","background-attachment":"scroll","background-type":"","background-media":"","overlay-type":"","overlay-color":"","overlay-opacity":"","overlay-gradient":""},"tablet":{"background-color":"","background-image":"","background-repeat":"repeat","background-position":"center center","background-size":"auto","background-attachment":"scroll","background-type":"","background-media":"","overlay-type":"","overlay-color":"","overlay-opacity":"","overlay-gradient":""},"mobile":{"background-color":"","background-image":"","background-repeat":"repeat","background-position":"center center","background-size":"auto","background-attachment":"scroll","background-type":"","background-media":"","overlay-type":"","overlay-color":"","overlay-opacity":"","overlay-gradient":""}},"ast-content-background-meta":{"desktop":{"background-color":"var(--ast-global-color-5)","background-image":"","background-repeat":"repeat","background-position":"center center","background-size":"auto","background-attachment":"scroll","background-type":"","background-media":"","overlay-type":"","overlay-color":"","overlay-opacity":"","overlay-gradient":""},"tablet":{"background-color":"var(--ast-global-color-5)","background-image":"","background-repeat":"repeat","background-position":"center center","background-size":"auto","background-attachment":"scroll","background-type":"","background-media":"","overlay-type":"","overlay-color":"","overlay-opacity":"","overlay-gradient":""},"mobile":{"background-color":"var(--ast-global-color-5)","background-image":"","background-repeat":"repeat","background-position":"center center","background-size":"auto","background-attachment":"scroll","background-type":"","background-media":"","overlay-type":"","overlay-color":"","overlay-opacity":"","overlay-gradient":""}}},"product_brand":[],"product_cat":[524],"product_tag":[1677],"class_list":{"0":"post-8028","1":"product","2":"type-product","3":"status-publish","4":"has-post-thumbnail","6":"product_cat-peptide-khac","7":"product_tag-puya-supply-eledoisin-acetate-eledoisin-cas-69-25-0-vi","8":"desktop-align-left","9":"tablet-align-left","10":"mobile-align-left","12":"first","13":"instock","14":"shipping-taxable","15":"product-type-simple"},"_links":{"self":[{"href":"https:\/\/puyapeptide.net\/vi\/wp-json\/wp\/v2\/product\/8028","targetHints":{"allow":["GET"]}}],"collection":[{"href":"https:\/\/puyapeptide.net\/vi\/wp-json\/wp\/v2\/product"}],"about":[{"href":"https:\/\/puyapeptide.net\/vi\/wp-json\/wp\/v2\/types\/product"}],"replies":[{"embeddable":true,"href":"https:\/\/puyapeptide.net\/vi\/wp-json\/wp\/v2\/comments?post=8028"}],"wp:featuredmedia":[{"embeddable":true,"href":"https:\/\/puyapeptide.net\/vi\/wp-json\/wp\/v2\/media\/2283"}],"wp:attachment":[{"href":"https:\/\/puyapeptide.net\/vi\/wp-json\/wp\/v2\/media?parent=8028"}],"wp:term":[{"taxonomy":"product_brand","embeddable":true,"href":"https:\/\/puyapeptide.net\/vi\/wp-json\/wp\/v2\/product_brand?post=8028"},{"taxonomy":"product_cat","embeddable":true,"href":"https:\/\/puyapeptide.net\/vi\/wp-json\/wp\/v2\/product_cat?post=8028"},{"taxonomy":"product_tag","embeddable":true,"href":"https:\/\/puyapeptide.net\/vi\/wp-json\/wp\/v2\/product_tag?post=8028"}],"curies":[{"name":"wp","href":"https:\/\/api.w.org\/{rel}","templated":true}]}}