{"id":8034,"date":"2021-12-16T11:26:56","date_gmt":"2021-12-16T16:26:56","guid":{"rendered":"https:\/\/puyapeptide.net\/product\/teduglutide-alx-0600-cas-197922-42-2-danh-cho-nghien-cuu-trong-phong-thi-nghiem\/"},"modified":"2021-12-16T11:26:56","modified_gmt":"2021-12-16T16:26:56","slug":"teduglutide-alx-0600-cas-197922-42-2-danh-cho-nghien-cuu-trong-phong-thi-nghiem","status":"publish","type":"product","link":"https:\/\/puyapeptide.net\/vi\/product\/teduglutide-alx-0600-cas-197922-42-2-danh-cho-nghien-cuu-trong-phong-thi-nghiem\/","title":{"rendered":"Teduglutide \/ ALX 0600 CAS 197922-42-2 D\u00e0nh cho nghi\u00ean c\u1ee9u trong ph\u00f2ng th\u00ed nghi\u1ec7m"},"content":{"rendered":"<h2><strong>Teduglutide \/ ALX 0600 CAS 197922-42-2 D\u00e0nh cho nghi\u00ean c\u1ee9u trong ph\u00f2ng th\u00ed nghi\u1ec7m<\/strong><\/h2>\n<p> T\u00ean s\u1ea3n ph\u1ea9m: Teduglutide \/ ALX 0600<br \/>\n T\u1eeb \u0111\u1ed3ng ngh\u0129a: ALX 0600; Gattex; Glucagon-like peptide II [2-glycine] (ng\u01b0\u1eddi); Teduglutide; ALX 0600 USP \/ EP \/ BP<br \/>\n CAS: 197922- 42-2<br \/>\n MF: C164H252N44O55S<br \/>\n MW: 3752.08248<br \/>\n EINECS:<br \/>\n Danh m\u1ee5c s\u1ea3n ph\u1ea9m:<br \/>\n Mol File: 197922-42-2.mol <\/p>\n<p> Teduglutide l\u00e0 m\u1ed9t glucagon- nh\u01b0 ch\u1ea5t t\u01b0\u01a1ng t\u1ef1 peptide-2 (GLP-2). N\u00f3 \u0111\u01b0\u1ee3c t\u1ea1o th\u00e0nh t\u1eeb 33 axit amin v\u00e0 \u0111\u01b0\u1ee3c s\u1ea3n xu\u1ea5t b\u1eb1ng c\u00e1ch s\u1eed d\u1ee5ng m\u1ed9t ch\u1ee7ng Escherichia coli \u0111\u01b0\u1ee3c bi\u1ebfn \u0111\u1ed5i b\u1eb1ng c\u00f4ng ngh\u1ec7 DNA t\u00e1i t\u1ed5 h\u1ee3p. <\/p>\n<p> Teduglutide kh\u00e1c v\u1edbi GLP-2 b\u1edfi m\u1ed9t axit amin (alanin \u0111\u01b0\u1ee3c thay th\u1ebf b\u1eb1ng glycine). \u00dd ngh\u0129a c\u1ee7a s\u1ef1 thay th\u1ebf n\u00e0y l\u00e0 teduglutide c\u00f3 t\u00e1c d\u1ee5ng l\u00e2u h\u01a1n GLP-2 n\u1ed9i sinh v\u00ec n\u00f3 c\u00f3 kh\u1ea3 n\u0103ng ch\u1ed1ng l\u1ea1i s\u1ef1 ph\u00e2n gi\u1ea3i protein t\u1eeb dipeptidyl peptidase-4 cao h\u01a1n. <\/p>\n<p> <strong>C\u00f4ng d\u1ee5ng c\u1ee7a Teduglutide \/ ALX 0600 CAS 197922-42-2<\/strong><br \/>\n \u0110i\u1ec1u tr\u1ecb c\u00e1c b\u1ec7nh \u0111\u01b0\u1eddng ru\u1ed9t \u0111\u01b0\u1ee3c \u0111\u1eb7c tr\u01b0ng b\u1edfi t\u1ed5n th\u01b0\u01a1ng h\u00f3a h\u1ecdc ho\u1eb7c ph\u1eabu thu\u1eadt c\u1ee7a bi\u1ec3u m\u00f4 ru\u1ed9t nh\u01b0 H\u1ed9i ch\u1ee9ng ru\u1ed9t ng\u1eafn (SBS) ho\u1eb7c t\u1ed5n th\u01b0\u01a1ng bi\u1ec3u m\u00f4 ru\u1ed9t do b\u1ec7nh (ch\u1ea5t t\u01b0\u01a1ng t\u1ef1 glucagon-like peptide-2 (GLP-2)).<br \/>\n &lt; &amp;&gt; <strong>Tr\u01b0\u1eddng \u1ee9ng d\u1ee5ng c\u1ee7a Teduglutide \/ ALX 0600 CAS 197922-42-2<\/strong><br \/>\n Teduglutide l\u00e0 m\u1ed9t peptide gi\u1ed1ng glucagon-2 (GLP-2); t\u00e1i t\u1ea1o, b\u1ea3o d\u01b0\u1ee1ng v\u00e0 s\u1eeda ch\u1eefa ru\u1ed9t.<\/p>\n","protected":false},"excerpt":{"rendered":"<p>T\u00ean s\u1ea3n ph\u1ea9m: Teduglutide \/ ALX 0600<br \/>\n CAS: 197922-42-2<br \/>\n MF: C164H252N44O55S<br \/>\n MW: 3752.08248<br \/>\n Mol T\u1ec7p: 197922-42-2.mol<\/p>\n","protected":false},"featured_media":2136,"comment_status":"open","ping_status":"closed","template":"","meta":{"om_disable_all_campaigns":false,"_monsterinsights_skip_tracking":false,"_monsterinsights_sitenote_active":false,"_monsterinsights_sitenote_note":"","_monsterinsights_sitenote_category":0,"site-sidebar-layout":"default","site-content-layout":"default","ast-site-content-layout":"default","site-content-style":"default","site-sidebar-style":"default","ast-global-header-display":"","ast-banner-title-visibility":"","ast-main-header-display":"","ast-hfb-above-header-display":"","ast-hfb-below-header-display":"","ast-hfb-mobile-header-display":"","site-post-title":"","ast-breadcrumbs-content":"","ast-featured-img":"","footer-sml-layout":"","ast-disable-related-posts":"","theme-transparent-header-meta":"default","adv-header-id-meta":"","stick-header-meta":"","header-above-stick-meta":"","header-main-stick-meta":"","header-below-stick-meta":"","astra-migrate-meta-layouts":"default","ast-page-background-enabled":"default","ast-page-background-meta":{"desktop":{"background-color":"","background-image":"","background-repeat":"repeat","background-position":"center center","background-size":"auto","background-attachment":"scroll","background-type":"","background-media":"","overlay-type":"","overlay-color":"","overlay-opacity":"","overlay-gradient":""},"tablet":{"background-color":"","background-image":"","background-repeat":"repeat","background-position":"center center","background-size":"auto","background-attachment":"scroll","background-type":"","background-media":"","overlay-type":"","overlay-color":"","overlay-opacity":"","overlay-gradient":""},"mobile":{"background-color":"","background-image":"","background-repeat":"repeat","background-position":"center center","background-size":"auto","background-attachment":"scroll","background-type":"","background-media":"","overlay-type":"","overlay-color":"","overlay-opacity":"","overlay-gradient":""}},"ast-content-background-meta":{"desktop":{"background-color":"var(--ast-global-color-5)","background-image":"","background-repeat":"repeat","background-position":"center center","background-size":"auto","background-attachment":"scroll","background-type":"","background-media":"","overlay-type":"","overlay-color":"","overlay-opacity":"","overlay-gradient":""},"tablet":{"background-color":"var(--ast-global-color-5)","background-image":"","background-repeat":"repeat","background-position":"center center","background-size":"auto","background-attachment":"scroll","background-type":"","background-media":"","overlay-type":"","overlay-color":"","overlay-opacity":"","overlay-gradient":""},"mobile":{"background-color":"var(--ast-global-color-5)","background-image":"","background-repeat":"repeat","background-position":"center center","background-size":"auto","background-attachment":"scroll","background-type":"","background-media":"","overlay-type":"","overlay-color":"","overlay-opacity":"","overlay-gradient":""}}},"product_brand":[],"product_cat":[467],"product_tag":[1651],"class_list":{"0":"post-8034","1":"product","2":"type-product","3":"status-publish","4":"has-post-thumbnail","6":"product_cat-he-tieu-hoa-peptide","7":"product_tag-teduglutide-alx-0600-cas-197922-42-2-for-lab-research-vi","8":"desktop-align-left","9":"tablet-align-left","10":"mobile-align-left","12":"first","13":"instock","14":"shipping-taxable","15":"product-type-simple"},"_links":{"self":[{"href":"https:\/\/puyapeptide.net\/vi\/wp-json\/wp\/v2\/product\/8034","targetHints":{"allow":["GET"]}}],"collection":[{"href":"https:\/\/puyapeptide.net\/vi\/wp-json\/wp\/v2\/product"}],"about":[{"href":"https:\/\/puyapeptide.net\/vi\/wp-json\/wp\/v2\/types\/product"}],"replies":[{"embeddable":true,"href":"https:\/\/puyapeptide.net\/vi\/wp-json\/wp\/v2\/comments?post=8034"}],"wp:featuredmedia":[{"embeddable":true,"href":"https:\/\/puyapeptide.net\/vi\/wp-json\/wp\/v2\/media\/2136"}],"wp:attachment":[{"href":"https:\/\/puyapeptide.net\/vi\/wp-json\/wp\/v2\/media?parent=8034"}],"wp:term":[{"taxonomy":"product_brand","embeddable":true,"href":"https:\/\/puyapeptide.net\/vi\/wp-json\/wp\/v2\/product_brand?post=8034"},{"taxonomy":"product_cat","embeddable":true,"href":"https:\/\/puyapeptide.net\/vi\/wp-json\/wp\/v2\/product_cat?post=8034"},{"taxonomy":"product_tag","embeddable":true,"href":"https:\/\/puyapeptide.net\/vi\/wp-json\/wp\/v2\/product_tag?post=8034"}],"curies":[{"name":"wp","href":"https:\/\/api.w.org\/{rel}","templated":true}]}}