{"id":8075,"date":"2021-12-16T12:16:37","date_gmt":"2021-12-16T17:16:37","guid":{"rendered":"https:\/\/puyapeptide.net\/product\/antide-acetate-antide-cas-112568-12-4-dieu-tri-cho-nguoi-gia-diec\/"},"modified":"2021-12-16T12:16:37","modified_gmt":"2021-12-16T17:16:37","slug":"antide-acetate-antide-cas-112568-12-4-dieu-tri-cho-nguoi-gia-diec","status":"publish","type":"product","link":"https:\/\/puyapeptide.net\/vi\/product\/antide-acetate-antide-cas-112568-12-4-dieu-tri-cho-nguoi-gia-diec\/","title":{"rendered":"Antide Acetate \/ Antide CAS 112568-12-4 \u0110i\u1ec1u tr\u1ecb cho ng\u01b0\u1eddi gi\u00e0 \u0110i\u1ebfc"},"content":{"rendered":"<h2><strong>Antide Acetate \/ Antide CAS 112568-12-4 \u0110i\u1ec1u tr\u1ecb cho ng\u01b0\u1eddi gi\u00e0 \u0110i\u1ebfc<\/strong><\/h2>\n<p> T\u00ean s\u1ea3n ph\u1ea9m: Antide<br \/>\n T\u1eeb \u0111\u1ed3ng ngh\u0129a: iturelix; Ac-D-2-Nal-4-chloro-D-Phe-beta- (3-pyridyl) -D-Ala-Ser-Lys (nicotinoyl) -D -Lys (nicotinoyl) -Leu-Lys (isopropyl) -Pro-D-Ala-NH2; AC-DNAL-D: P-CLPHE-DPAL-SER-LYS: NICOTINOYL-DLYS: NICOTINOYL-LEU-LYS: ISOPROPYL-PRO -DALA-NH2; Brn 4866881; D-Alaninamide, N-acetyl-3- (2-naphthalenyl) -D-alanyl-4-chloro-D-phenylalanyl-3- (3-pyridinyl) -D-alanyl-L- seryl-N (sup 6) &#8211; (3-pyridinylcarbonyl) -L-lysyl-N (sup 6) &#8211; (3-pyridinylcarbonyl) -D-lysyl-L-leucyl-N (sup 6) &#8211; (1-metyletyl) &#8211; L-lysyl-L-prolyl-; D-Alaninamide, N-acetyl-3- (2-naphthalenyl) -D-alanyl-4-chloro-D-phenylalanyl-3- (3-pyridinyl) -D-alanyl-L -seryl-N6- (3-pyridinylcarbonyl) -L-lysyl-N6- (3-pyridinylcarbonyl) -D-lysyl-L-leucyl-N6- (1-metylethyl) -L-lysyl-L-prolyl-; Orf 23541 ; Ac-D-2-Nal-4-chloro-D-Phe-b- (3-pyridyl) -D-Ala-Ser-Lys (nicotinoyl) -D-Lys (nicotinoyl) -Leu-Lys (isopropyl) &#8211; Pro-D-Ala-NH2<br \/>\n CAS: 112568-12-4<br \/>\n MF: C82H108ClN17O14<br \/>\n MW: 1591.29<br \/>\n EINECS:<br \/>\n Danh m\u1ee5c s\u1ea3n ph\u1ea9m: hormone; Peptide; LH-RH; LH- RHPeptides cho Sinh h\u1ecdc T\u1ebf b\u00e0o; Ne uropeptides; C\u00e1c y\u1ebfu t\u1ed1 gi\u1ea3i ph\u00f3ng<br \/>\n Mol File: 112568-12-4.mol <\/p>\n<p> Antide acetate l\u00e0 m\u1ed9t ch\u1ea5t \u0111\u1ed1i kh\u00e1ng GnRH, m\u1ed9t peptide t\u1ed5ng h\u1ee3p c\u1ea1nh tranh v\u1edbi neurohormone n\u1ed9i sinh GnRH (c\u00f2n \u0111\u01b0\u1ee3c g\u1ecdi l\u00e0 hormone gi\u1ea3i ph\u00f3ng hormone ho\u00e0ng th\u1ec3 h\u00f3a, ChemicalbookLHRH) \u0111\u1ec3 li\u00ean k\u1ebft v\u1edbi th\u1ee5 th\u1ec3 c\u1ee7a n\u00f3 \u1edf tuy\u1ebfn y\u00ean tr\u01b0\u1edbc. B\u1eb1ng c\u00e1ch l\u00e0m gi\u1ea3m ho\u1eb7c ng\u0103n ch\u1eb7n ho\u1ea1t \u0111\u1ed9ng c\u1ee7a GnRH, c\u00e1c ch\u1ea5t \u0111\u1ed1i kh\u00e1ng GnRH \u1ee9c ch\u1ebf vi\u1ec7c gi\u1ea3i ph\u00f3ng c\u00e1c gonadotropin nh\u01b0 hormone k\u00edch th\u00edch nang tr\u1ee9ng (FSH) v\u00e0 hormone t\u1ea1o ho\u00e0ng th\u1ec3 (LH) t\u1eeb th\u00f9y tr\u01b0\u1edbc tuy\u1ebfn y\u00ean. <\/p>\n<p> <strong>Antide Acetate \/ Antide CAS 112568-12 -4 T\u00ednh ch\u1ea5t h\u00f3a h\u1ecdc<\/strong><br \/>\n T\u00ednh ch\u1ea5t h\u00f3a h\u1ecdc kh\u00e1ng khu\u1ea9n<br \/>\n \u0110i\u1ec3m s\u00f4i 1798,0 \u00b1 65,0 \u00b0 C (D\u1ef1 \u0111o\u00e1n)<br \/>\n m\u1eadt \u0111\u1ed9 1,258 \u00b1 0,06 g \/ cm3 (D\u1ef1 \u0111o\u00e1n)<br \/>\n nhi\u1ec7t \u0111\u1ed9 b\u1ea3o qu\u1ea3n. \u221220 \u00b0 C<br \/>\n d\u1ea1ng R\u1eafn<br \/>\n pka 12,78 \u00b1 0,46 (D\u1ef1 \u0111o\u00e1n)<br \/>\n m\u00e0u Tr\u1eafng \u0111\u1ebfn tr\u1eafng nh\u1ea1t <\/p>\n<p> <strong>C\u00f4ng d\u1ee5ng c\u1ee7a Antide Acetate \/ Antide CAS 112568-12-4<\/strong><br \/>\n C\u00f3 th\u1ec3 \u0111\u1ea3o ng\u01b0\u1ee3c \u1ee9c ch\u1ebf ti\u1ebft gonadotropin v\u00e0 ti\u1ebfp theo \u1ee9c ch\u1ebf ti\u1ebft steroid bu\u1ed3ng tr\u1ee9ng v\u00e0 tinh ho\u00e0n (ch\u1ea5t \u0111\u1ed1i kh\u00e1ng hormone gi\u1ea3i ph\u00f3ng gonadotropin). <\/p>\n<p> <strong>Ch\u1ee9c n\u0103ng v\u00e0 \u1ee9ng d\u1ee5ng c\u1ee7a Antide Acetate \/ Antide CAS 112568-12-4<\/strong><br \/>\n Trefolane A v\u00e0 Antitide theo t\u1ef7 l\u1ec7 14-17: 1 c\u00f3 th\u1ec3 ng\u0103n ch\u1eb7n \u0111\u00e1ng k\u1ec3 s\u1ef1 ph\u00e1t tri\u1ec3n c\u1ee7a ph\u1ea3n \u1ee9ng ni\u00eam m\u1ea1c m\u0169i, lo\u1ea1i b\u1ecf hi\u1ec7u qu\u1ea3 ch\u1ee9ng t\u0103ng b\u1ea1ch c\u1ea7u \u00e1i toan trong m\u0169i v\u00e0 s\u1ef1 ho\u1ea1t h\u00f3a c\u1ee7a c\u00e1c t\u1ebf b\u00e0o mast, \u0111\u1ed3ng th\u1eddi tr\u1ef1c ti\u1ebfp \u1ee9c ch\u1ebf s\u1ea3n xu\u1ea5t \u1ee9c ch\u1ebf IL-5. N\u00f3 c\u00f3 t\u00e1c d\u1ee5ng \u0111i\u1ec1u tr\u1ecb t\u1ed1t \u0111\u1ed1i v\u1edbi vi\u1ec7c ph\u00f2ng ng\u1eeba v\u00e0 \u0111i\u1ec1u tr\u1ecb b\u1ec7nh \u0111i\u1ebfc do tu\u1ed5i gi\u00e0.<\/p>\n","protected":false},"excerpt":{"rendered":"<p>T\u00ean s\u1ea3n ph\u1ea9m: Antide<br \/>\n CAS: 112568-12-4<br \/>\n MF: C82H108ClN17O14<br \/>\n MW: 1591.29<br \/>\n Mol T\u1ec7p: 112568-12-4.mol<\/p>\n","protected":false},"featured_media":2178,"comment_status":"open","ping_status":"closed","template":"","meta":{"om_disable_all_campaigns":false,"_monsterinsights_skip_tracking":false,"_monsterinsights_sitenote_active":false,"_monsterinsights_sitenote_note":"","_monsterinsights_sitenote_category":0,"site-sidebar-layout":"default","site-content-layout":"default","ast-site-content-layout":"default","site-content-style":"default","site-sidebar-style":"default","ast-global-header-display":"","ast-banner-title-visibility":"","ast-main-header-display":"","ast-hfb-above-header-display":"","ast-hfb-below-header-display":"","ast-hfb-mobile-header-display":"","site-post-title":"","ast-breadcrumbs-content":"","ast-featured-img":"","footer-sml-layout":"","ast-disable-related-posts":"","theme-transparent-header-meta":"default","adv-header-id-meta":"","stick-header-meta":"","header-above-stick-meta":"","header-main-stick-meta":"","header-below-stick-meta":"","astra-migrate-meta-layouts":"default","ast-page-background-enabled":"default","ast-page-background-meta":{"desktop":{"background-color":"","background-image":"","background-repeat":"repeat","background-position":"center center","background-size":"auto","background-attachment":"scroll","background-type":"","background-media":"","overlay-type":"","overlay-color":"","overlay-opacity":"","overlay-gradient":""},"tablet":{"background-color":"","background-image":"","background-repeat":"repeat","background-position":"center center","background-size":"auto","background-attachment":"scroll","background-type":"","background-media":"","overlay-type":"","overlay-color":"","overlay-opacity":"","overlay-gradient":""},"mobile":{"background-color":"","background-image":"","background-repeat":"repeat","background-position":"center center","background-size":"auto","background-attachment":"scroll","background-type":"","background-media":"","overlay-type":"","overlay-color":"","overlay-opacity":"","overlay-gradient":""}},"ast-content-background-meta":{"desktop":{"background-color":"var(--ast-global-color-5)","background-image":"","background-repeat":"repeat","background-position":"center center","background-size":"auto","background-attachment":"scroll","background-type":"","background-media":"","overlay-type":"","overlay-color":"","overlay-opacity":"","overlay-gradient":""},"tablet":{"background-color":"var(--ast-global-color-5)","background-image":"","background-repeat":"repeat","background-position":"center center","background-size":"auto","background-attachment":"scroll","background-type":"","background-media":"","overlay-type":"","overlay-color":"","overlay-opacity":"","overlay-gradient":""},"mobile":{"background-color":"var(--ast-global-color-5)","background-image":"","background-repeat":"repeat","background-position":"center center","background-size":"auto","background-attachment":"scroll","background-type":"","background-media":"","overlay-type":"","overlay-color":"","overlay-opacity":"","overlay-gradient":""}}},"product_brand":[],"product_cat":[524],"product_tag":[1604],"class_list":{"0":"post-8075","1":"product","2":"type-product","3":"status-publish","4":"has-post-thumbnail","6":"product_cat-peptide-khac","7":"product_tag-antide-acetate-antide-cas-112568-12-4-treat-for-senile-deafness-vi","8":"desktop-align-left","9":"tablet-align-left","10":"mobile-align-left","12":"first","13":"instock","14":"shipping-taxable","15":"product-type-simple"},"_links":{"self":[{"href":"https:\/\/puyapeptide.net\/vi\/wp-json\/wp\/v2\/product\/8075","targetHints":{"allow":["GET"]}}],"collection":[{"href":"https:\/\/puyapeptide.net\/vi\/wp-json\/wp\/v2\/product"}],"about":[{"href":"https:\/\/puyapeptide.net\/vi\/wp-json\/wp\/v2\/types\/product"}],"replies":[{"embeddable":true,"href":"https:\/\/puyapeptide.net\/vi\/wp-json\/wp\/v2\/comments?post=8075"}],"wp:featuredmedia":[{"embeddable":true,"href":"https:\/\/puyapeptide.net\/vi\/wp-json\/wp\/v2\/media\/2178"}],"wp:attachment":[{"href":"https:\/\/puyapeptide.net\/vi\/wp-json\/wp\/v2\/media?parent=8075"}],"wp:term":[{"taxonomy":"product_brand","embeddable":true,"href":"https:\/\/puyapeptide.net\/vi\/wp-json\/wp\/v2\/product_brand?post=8075"},{"taxonomy":"product_cat","embeddable":true,"href":"https:\/\/puyapeptide.net\/vi\/wp-json\/wp\/v2\/product_cat?post=8075"},{"taxonomy":"product_tag","embeddable":true,"href":"https:\/\/puyapeptide.net\/vi\/wp-json\/wp\/v2\/product_tag?post=8075"}],"curies":[{"name":"wp","href":"https:\/\/api.w.org\/{rel}","templated":true}]}}