{"id":8081,"date":"2021-12-16T12:17:34","date_gmt":"2021-12-16T17:17:34","guid":{"rendered":"https:\/\/puyapeptide.net\/product\/protirelin-acetate-protirelin-hormone-giai-phong-thyrotropin-trh-cas-24305-27-9-doi-voi-nghien-cuu-trong-phong-thi-nghiem\/"},"modified":"2021-12-16T12:17:34","modified_gmt":"2021-12-16T17:17:34","slug":"protirelin-acetate-protirelin-hormone-giai-phong-thyrotropin-trh-cas-24305-27-9-doi-voi-nghien-cuu-trong-phong-thi-nghiem","status":"publish","type":"product","link":"https:\/\/puyapeptide.net\/vi\/product\/protirelin-acetate-protirelin-hormone-giai-phong-thyrotropin-trh-cas-24305-27-9-doi-voi-nghien-cuu-trong-phong-thi-nghiem\/","title":{"rendered":"Protirelin Acetate \/ Protirelin \/ Hormone gi\u1ea3i ph\u00f3ng Thyrotropin (TRH) CAS 24305-27-9 \u0110\u1ed1i v\u1edbi nghi\u00ean c\u1ee9u trong ph\u00f2ng th\u00ed nghi\u1ec7m"},"content":{"rendered":"<h2><strong>Protirelin Acetate \/ Protirelin \/ Hormone gi\u1ea3i ph\u00f3ng Thyrotropin (TRH) CAS 24305-27-9 \u0110\u1ed1i v\u1edbi nghi\u00ean c\u1ee9u trong ph\u00f2ng th\u00ed nghi\u1ec7m<\/strong><\/h2>\n<p> T\u00ean s\u1ea3n ph\u1ea9m: Protirelin Acetate \/ Protirelin \/ Hormone gi\u1ea3i ph\u00f3ng Thyrotropin (TRH)<br \/>\n T\u1eeb \u0111\u1ed3ng ngh\u0129a: THR 1-2; THR 2-3; PROTIRELIN; PYROGLU-HIS-PRO AMIDE; PYROGLU-HIS-PRO NH2; PYR- HIS-PRO-NH2 (TRH); PYR-HIS-PRO-NH2; PGLU-HIS-PRO-NH2<br \/>\n CAS: 24305-27-9<br \/>\n MF: C16H22N6O4<br \/>\n MW: 362,38<br \/>\n EINECS : 246-143-4<br \/>\n Danh m\u1ee5c s\u1ea3n ph\u1ea9m: Peptide; THYPINONE<br \/>\n Mol T\u1ec7p: 24305-27-9.mol <\/p>\n<p> Protirelin, tr\u01b0\u1edbc \u0111\u00e2y \u0111\u01b0\u1ee3c g\u1ecdi l\u00e0 Thyrotropin-releasehormone, l\u00e0 m\u1ed9t hormone tripeptide \u0111\u01b0\u1ee3c gi\u1ea3i ph\u00f3ng t\u1eeb v\u00f9ng d\u01b0\u1edbi \u0111\u1ed3i. TRH ph\u00e2n b\u1ed1 r\u1ed9ng r\u00e3i trong h\u1ec7 th\u1ea7n kinh trung \u01b0\u01a1ng v\u00e0 m\u1ed9t s\u1ed1 c\u01a1 quan ngo\u1ea1i vi, ngo\u00e0i t\u00e1c d\u1ee5ng n\u1ed9i ti\u1ebft, n\u00f3 c\u00f2n ho\u1ea1t \u0111\u1ed9ng nh\u01b0 m\u1ed9t ch\u1ea5t d\u1eabn truy\u1ec1n th\u1ea7n kinh k\u00edch th\u00edch n\u1ed9i sinh, t\u1ea1o ra m\u1ed9t lo\u1ea1t c\u00e1c t\u00e1c d\u1ee5ng trung \u01b0\u01a1ng v\u00e0 ngo\u1ea1i vi. N\u00f3 c\u00f3 m\u1ed9t s\u1ed1 t\u00e1c d\u1ee5ng \u0111\u1ed1i kh\u00e1ng v\u1edbi c\u00e1c th\u1ee5 th\u1ec3 opioid n\u1ed9i sinh, nh\u01b0ng n\u00f3 kh\u00f4ng \u0111\u1ed1i kh\u00e1ng v\u1edbi t\u00e1c d\u1ee5ng gi\u1ea3m \u0111au c\u1ee7a morphin. <\/p>\n<p> <strong>Protirelin Acetate \/ Protirelin \/ Hormone gi\u1ea3i ph\u00f3ng Thyrotropin (TRH) CAS 24305-27-9 T\u00ednh ch\u1ea5t h\u00f3a h\u1ecdc<\/strong><br \/>\n TRH T\u00ednh ch\u1ea5t h\u00f3a h\u1ecdc<br \/>\n alpha -50 (D \/ 25 \u2103) (c = 1,5, H2O) -65,5 (D) (c = 1,0, H2O)<br \/>\n \u0110i\u1ec3m s\u00f4i 494 \u00b0 C (\u01b0\u1edbc t\u00ednh s\u01a1 b\u1ed9)<br \/>\n t\u1ef7 tr\u1ecdng 1,1675 (\u01b0\u1edbc t\u00ednh s\u01a1 b\u1ed9)<br \/>\n ch\u1ec9 s\u1ed1 kh\u00fac x\u1ea1 1.6000 (\u01b0\u1edbc t\u00ednh)<br \/>\n nhi\u1ec7t \u0111\u1ed9 l\u01b0u tr\u1eef. \u221220 \u00b0 C<br \/>\n \u0111\u1ed9 h\u00f2a tan H2O: 10 mg \/ mL, trong, kh\u00f4ng m\u00e0u<br \/>\n pka 13,05 \u00b1 0,20 (D\u1ef1 \u0111o\u00e1n)<br \/>\n d\u1ea1ng b\u1ed9t<br \/>\n PH pH (10g \/ l, 25 \u2103): 3,0 \uff5e 4,0<br \/>\n Merck 13,9663<br \/>\n BRN 770238<br \/>\n InChIKey ITYONPBTNRIEBA-SRVKXCTJSA-N<br \/>\n CAS DataBase Reference 24305-27-9 <\/p>\n<p> <strong>Ch\u1ee9c n\u0103ng v\u00e0 \u1ee9ng d\u1ee5ng c\u1ee7a hormone gi\u1ea3i ph\u00f3ng Protirelin Acetate \/ Protirelin \/ Thyrotropin (TRH)<\/strong><br \/>\n Ngo\u00e0i c\u00f4ng d\u1ee5ng \u0111i\u1ec1u tr\u1ecb s\u1ed1c, Protirelin c\u00f2n c\u00f3 nh\u1eefng c\u00f4ng d\u1ee5ng kh\u00e1c nh\u01b0 \u0111i\u1ec1u tr\u1ecb suy gi\u00e1p v\u00f9ng d\u01b0\u1edbi \u0111\u1ed3i v\u00e0 c\u01b0\u1eddng gi\u00e1p trung \u01b0\u01a1ng trong chuy\u00ean khoa n\u1ed9i ti\u1ebft. Trong t\u00e2m th\u1ea7n h\u1ecdc, n\u00f3 \u0111\u01b0\u1ee3c s\u1eed d\u1ee5ng \u0111\u1ec3 \u0111i\u1ec1u tr\u1ecb tr\u1ea7m c\u1ea3m v\u00e0 t\u00e2m th\u1ea7n ph\u00e2n li\u1ec7t. Trong th\u1ea7n kinh h\u1ecdc, n\u00f3 \u0111\u01b0\u1ee3c s\u1eed d\u1ee5ng \u0111\u1ec3 \u0111i\u1ec1u tr\u1ecb ch\u1ea5n th\u01b0\u01a1ng n\u00e3o v\u00e0 t\u1ee7y s\u1ed1ng, h\u00f4n m\u00ea do h\u00f3a ch\u1ea5t do nhi\u1ec1u nguy\u00ean nh\u00e2n kh\u00e1c nhau, x\u01a1 c\u1ee9ng teo c\u01a1 m\u1ed9t b\u00ean, tho\u00e1i h\u00f3a ti\u1ec3u n\u00e3o c\u1ed9t s\u1ed1ng, b\u1ec7nh Alzheimer, \u0111\u1ed9ng kinh, vv N\u00f3 \u0111\u01b0\u1ee3c s\u1eed d\u1ee5ng trong ch\u1ea9n \u0111o\u00e1n c\u01b0\u1eddng gi\u00e1p. V\u00ec v\u1eady, Protirelin l\u00e0 thu\u1ed1c c\u00f3 gi\u00e1 tr\u1ecb ph\u00e1t tri\u1ec3n t\u1ed1t, \u0111\u00e1ng \u0111\u01b0\u1ee3c ti\u1ebfp t\u1ee5c nghi\u00ean c\u1ee9u \u0111\u1ec3 m\u1edf r\u1ed9ng \u1ee9ng d\u1ee5ng.<\/p>\n","protected":false},"excerpt":{"rendered":"<p>T\u00ean s\u1ea3n ph\u1ea9m: Protirelin Acetate \/ Protirelin \/ Hormone gi\u1ea3i ph\u00f3ng Thyrotropin (TRH)<br \/>\n CAS: 24305-27-9<br \/>\n MF: C16H22N6O4<br \/>\n MW: 362,38<br \/>\n EINECS: 246-143-4<br \/>\n Mol T\u1ec7p: 24305-27-9.mol<\/p>\n","protected":false},"featured_media":2220,"comment_status":"open","ping_status":"closed","template":"","meta":{"om_disable_all_campaigns":false,"_monsterinsights_skip_tracking":false,"_monsterinsights_sitenote_active":false,"_monsterinsights_sitenote_note":"","_monsterinsights_sitenote_category":0,"site-sidebar-layout":"default","site-content-layout":"default","ast-site-content-layout":"default","site-content-style":"default","site-sidebar-style":"default","ast-global-header-display":"","ast-banner-title-visibility":"","ast-main-header-display":"","ast-hfb-above-header-display":"","ast-hfb-below-header-display":"","ast-hfb-mobile-header-display":"","site-post-title":"","ast-breadcrumbs-content":"","ast-featured-img":"","footer-sml-layout":"","ast-disable-related-posts":"","theme-transparent-header-meta":"default","adv-header-id-meta":"","stick-header-meta":"","header-above-stick-meta":"","header-main-stick-meta":"","header-below-stick-meta":"","astra-migrate-meta-layouts":"default","ast-page-background-enabled":"default","ast-page-background-meta":{"desktop":{"background-color":"","background-image":"","background-repeat":"repeat","background-position":"center center","background-size":"auto","background-attachment":"scroll","background-type":"","background-media":"","overlay-type":"","overlay-color":"","overlay-opacity":"","overlay-gradient":""},"tablet":{"background-color":"","background-image":"","background-repeat":"repeat","background-position":"center center","background-size":"auto","background-attachment":"scroll","background-type":"","background-media":"","overlay-type":"","overlay-color":"","overlay-opacity":"","overlay-gradient":""},"mobile":{"background-color":"","background-image":"","background-repeat":"repeat","background-position":"center center","background-size":"auto","background-attachment":"scroll","background-type":"","background-media":"","overlay-type":"","overlay-color":"","overlay-opacity":"","overlay-gradient":""}},"ast-content-background-meta":{"desktop":{"background-color":"var(--ast-global-color-5)","background-image":"","background-repeat":"repeat","background-position":"center center","background-size":"auto","background-attachment":"scroll","background-type":"","background-media":"","overlay-type":"","overlay-color":"","overlay-opacity":"","overlay-gradient":""},"tablet":{"background-color":"var(--ast-global-color-5)","background-image":"","background-repeat":"repeat","background-position":"center center","background-size":"auto","background-attachment":"scroll","background-type":"","background-media":"","overlay-type":"","overlay-color":"","overlay-opacity":"","overlay-gradient":""},"mobile":{"background-color":"var(--ast-global-color-5)","background-image":"","background-repeat":"repeat","background-position":"center center","background-size":"auto","background-attachment":"scroll","background-type":"","background-media":"","overlay-type":"","overlay-color":"","overlay-opacity":"","overlay-gradient":""}}},"product_brand":[],"product_cat":[524],"product_tag":[1633],"class_list":{"0":"post-8081","1":"product","2":"type-product","3":"status-publish","4":"has-post-thumbnail","6":"product_cat-peptide-khac","7":"product_tag-protirelin-acetate-protirelin-thyrotropin-releasing-hormone-trh-cas-24305-27-9-for-lab-research-vi","8":"desktop-align-left","9":"tablet-align-left","10":"mobile-align-left","12":"first","13":"instock","14":"shipping-taxable","15":"product-type-simple"},"_links":{"self":[{"href":"https:\/\/puyapeptide.net\/vi\/wp-json\/wp\/v2\/product\/8081","targetHints":{"allow":["GET"]}}],"collection":[{"href":"https:\/\/puyapeptide.net\/vi\/wp-json\/wp\/v2\/product"}],"about":[{"href":"https:\/\/puyapeptide.net\/vi\/wp-json\/wp\/v2\/types\/product"}],"replies":[{"embeddable":true,"href":"https:\/\/puyapeptide.net\/vi\/wp-json\/wp\/v2\/comments?post=8081"}],"wp:featuredmedia":[{"embeddable":true,"href":"https:\/\/puyapeptide.net\/vi\/wp-json\/wp\/v2\/media\/2220"}],"wp:attachment":[{"href":"https:\/\/puyapeptide.net\/vi\/wp-json\/wp\/v2\/media?parent=8081"}],"wp:term":[{"taxonomy":"product_brand","embeddable":true,"href":"https:\/\/puyapeptide.net\/vi\/wp-json\/wp\/v2\/product_brand?post=8081"},{"taxonomy":"product_cat","embeddable":true,"href":"https:\/\/puyapeptide.net\/vi\/wp-json\/wp\/v2\/product_cat?post=8081"},{"taxonomy":"product_tag","embeddable":true,"href":"https:\/\/puyapeptide.net\/vi\/wp-json\/wp\/v2\/product_tag?post=8081"}],"curies":[{"name":"wp","href":"https:\/\/api.w.org\/{rel}","templated":true}]}}