{"id":8124,"date":"2021-12-16T12:19:50","date_gmt":"2021-12-16T17:19:50","guid":{"rendered":"https:\/\/puyapeptide.net\/product\/ziconotide-acetate-cas-107452-89-1-dieu-tri-chung-dau-day-than-kinh-hau-mon-va-dau-do-ung-thu\/"},"modified":"2021-12-16T12:19:50","modified_gmt":"2021-12-16T17:19:50","slug":"ziconotide-acetate-cas-107452-89-1-dieu-tri-chung-dau-day-than-kinh-hau-mon-va-dau-do-ung-thu","status":"publish","type":"product","link":"https:\/\/puyapeptide.net\/vi\/product\/ziconotide-acetate-cas-107452-89-1-dieu-tri-chung-dau-day-than-kinh-hau-mon-va-dau-do-ung-thu\/","title":{"rendered":"Ziconotide Acetate CAS 107452-89-1 \u0110i\u1ec1u tr\u1ecb ch\u1ee9ng \u0111au d\u00e2y th\u1ea7n kinh h\u1eadu m\u00f4n v\u00e0 \u0111au do ung th\u01b0"},"content":{"rendered":"<h2><strong>Ziconotide Acetate CAS 107452-89-1 \u0110i\u1ec1u tr\u1ecb ch\u1ee9ng \u0111au d\u00e2y th\u1ea7n kinh h\u1eadu m\u00f4n v\u00e0 \u0111au do ung th\u01b0<\/strong><\/h2>\n<p> T\u00ean s\u1ea3n ph\u1ea9m: Ziconotide acetate<br \/>\n T\u1eeb \u0111\u1ed3ng ngh\u0129a: OMEGA-CONOTOXIN MVIIA; OMEGA-CGTX MVII A; ZICONOTIDE ACETATE; snx111; H-CYS-LYS-GLY-LYS-GLY-ALA-LYS-CYS-SER-ARG -LEU-MET-TYR-ASP-CYS-CYS-THR-GLY-SER-CYS-ARG-SER-GLY-LYS-CYS-NH2; H-CYS-LYS-GLY-LYS-GLY-ALA-LYS-CYS -SER-ARG-LEU-MET-TYR-ASP-CYS-CYS-THR-GLY-SER-CYS-ARG-SER-GLY-LYS-CYS-NH2 (C\u1ea6U DI\u1ec4N RA: 1-16, 8-20 v\u00e0 15 -25); CYS-LYS-GLY-LYS-GLY-ALA-LYS-CYS-SER-ARG-LEU-MET-TYR-ASP-CYS-CYS-THR-GLY-SER-CYS-ARG-SER-GLY- LYS-CYS-NH2; CKGKGAKCSRLMYDCCTGSCRSGKC-NH2 (C\u1ea6U B\u1ea4T NG\u1edc: 1-16,8-20, V\u00c0 15-25)<br \/>\n CAS: 107452-89-1<br \/>\n MF: C102H172N36O32S7<br \/>\n MW: 2639,13 &lt;&amp; &gt; EINECS:<br \/>\n Danh m\u1ee5c s\u1ea3n ph\u1ea9m: Peptide<br \/>\n Mol File: 107452-89-1.mol <\/p>\n<p> Ziconotide (Prialt) l\u00e0 m\u1ed9t 25 axit amin, ba h\u1ee3p ch\u1ea5t \u0111\u1ed9c t\u1ed1 peptide li\u00ean k\u1ebft v\u1edbi disulfide c\u00f3 ngu\u1ed3n g\u1ed1c t\u1eeb mi\u1ec1n Nam \u1ed0c bi\u1ec3n Th\u00e1i B\u00ecnh D\u01b0\u01a1ng Conusmagus. \u0110\u00e2y l\u00e0 t\u00e1c nh\u00e2n tr\u1ecb li\u1ec7u th\u1ea7n kinh m\u1edbi \u0111\u1ea7u ti\u00ean &#8211; thu\u1ed1c ch\u1eb9n k\u00eanh canxi lo\u1ea1i N (NCCB). N\u00f3 ho\u1ea1t \u0111\u1ed9ng m\u1ed9t c\u00e1ch c\u00f3 ch\u1ecdn l\u1ecdc tr\u00ean c\u00e1c k\u00eanh canxi Chemicalbook nh\u1ea1y c\u1ea3m \u0111i\u1ec7n lo\u1ea1i N \u1edf c\u00e1c nh\u00e1nh \u0111u\u00f4i gai v\u00e0 \u0111\u1ea7u tr\u1ee5c, do \u0111\u00f3 \u1ee9c ch\u1ebf c\u00e1c t\u00e1c \u0111\u1ed9ng k\u00edch th\u00edch t\u1ed5n th\u01b0\u01a1ng ban \u0111\u1ea7u. N\u00f3 \u0111\u01b0\u1ee3c ch\u1ec9 \u0111\u1ecbnh cho nh\u1eefng b\u1ec7nh nh\u00e2n b\u1ecb \u0111au m\u00e3n t\u00ednh nghi\u00eam tr\u1ecdng c\u1ea7n \u0111i\u1ec1u tr\u1ecb trong khoang v\u00e0 nh\u1eefng ng\u01b0\u1eddi kh\u00f4ng dung n\u1ea1p ho\u1eb7c k\u00e9m hi\u1ec7u qu\u1ea3 c\u1ee7a c\u00e1c ph\u01b0\u01a1ng ph\u00e1p \u0111i\u1ec1u tr\u1ecb gi\u1ea3m \u0111au kh\u00e1c (v\u00ed d\u1ee5: s\u1eed d\u1ee5ng thu\u1ed1c gi\u1ea3m \u0111au to\u00e0n th\u00e2n ho\u1eb7c morphin trong khoang). Ziconotide trong da c\u00f3 th\u1ec3 \u0111\u01b0\u1ee3c s\u1eed d\u1ee5ng \u0111\u1ec3 \u0111i\u1ec1u tr\u1ecb \u0111au d\u00e2y th\u1ea7n kinh sau ph\u1eabu thu\u1eadt, \u0111au ch\u00e2n tay, \u0111au th\u1ea7n kinh li\u00ean quan \u0111\u1ebfn HIV, \u0111au do ung th\u01b0 kh\u00f3 ch\u1eefa v\u00e0 \u0111au sau ph\u1eabu thu\u1eadt. <\/p>\n<p> <strong>Ziconotide Acetate CAS 107452-89-1 T\u00ednh ch\u1ea5t h\u00f3a h\u1ecdc<\/strong><br \/>\n t\u1ef7 tr\u1ecdng 1,60 \u00b1 0,1 g \/ cm3 (D\u1ef1 \u0111o\u00e1n)<br \/>\n nhi\u1ec7t \u0111\u1ed9 b\u1ea3o qu\u1ea3n. -20 \u00b0 C<br \/>\n InChIKey BPKIMPVREBSLAJ-QTBYCLKRSA-N <\/p>\n<p> <strong>C\u00f4ng d\u1ee5ng c\u1ee7a Ziconotide Acetate CAS 107452-89-1<\/strong><br \/>\n Ligand \u0111\u1ec3 nghi\u00ean c\u1ee9u li\u00ean k\u1ebft c\u00e1c k\u00eanh canxi nh\u1ea1y c\u1ea3m v\u1edbi \u0111i\u1ec7n \u00e1p. <\/p>\n<p> Ziconotide ( SNX-111; Prialt), c\u00f2n \u0111\u01b0\u1ee3c g\u1ecdi l\u00e0 ziconotide trong khoang (ITZ) v\u00ec \u0111\u01b0\u1eddng d\u00f9ng c\u1ee7a n\u00f3, l\u00e0 m\u1ed9t ch\u1ea5t gi\u1ea3m \u0111au kh\u00f4ng \u0111i\u1ec3n h\u00ecnh \u0111\u1ec3 c\u1ea3i thi\u1ec7n c\u00e1c c\u01a1n \u0111au n\u1eb7ng v\u00e0 m\u00e3n t\u00ednh. C\u00f3 ngu\u1ed3n g\u1ed1c t\u1eeb Conus magus, m\u1ed9t lo\u00e0i \u1ed1c h\u00ecnh n\u00f3n, n\u00f3 l\u00e0 d\u1ea1ng t\u1ed5ng h\u1ee3p c\u1ee7a peptit \u03c9-conotoxin. [1] N\u00f3 m\u1ea1nh g\u1ea5p 1.000 l\u1ea7n morphinie. <\/p>\n<p> S\u1ea3n ph\u1ea9m n\u00e0y th\u00edch h\u1ee3p cho nh\u1eefng b\u1ec7nh nh\u00e2n b\u1ecb \u0111au m\u00e3n t\u00ednh nghi\u00eam tr\u1ecdng c\u1ea7n \u0111i\u1ec1u tr\u1ecb n\u1ed9i t\u1ee7y v\u00e0 nh\u1eefng ng\u01b0\u1eddi kh\u00f4ng dung n\u1ea1p ho\u1eb7c c\u00f3 hi\u1ec7u qu\u1ea3 k\u00e9m v\u1edbi c\u00e1c ph\u01b0\u01a1ng ph\u00e1p \u0111i\u1ec1u tr\u1ecb gi\u1ea3m \u0111au kh\u00e1c (ch\u1eb3ng h\u1ea1n nh\u01b0 \u00e1p d\u1ee5ng thu\u1ed1c gi\u1ea3m \u0111au to\u00e0n th\u00e2n ho\u1eb7c ti\u00eam morphin trong da, v.v.). <\/p>\n<p> <strong>Ch\u1ee9c n\u0103ng v\u00e0 \u1ee9ng d\u1ee5ng c\u1ee7a Ziconotide Acetate CAS 107452-89-1<\/strong><br \/>\n 1. Hi\u1ec7u qu\u1ea3 gi\u1ea3m \u0111au Ziconotide th\u00edch h\u1ee3p cho nh\u1eefng b\u1ec7nh nh\u00e2n \u0111au m\u00e3n t\u00ednh kh\u00f4ng th\u1ec3 ch\u1ecbu \u0111\u1ef1ng ho\u1eb7c kh\u00f4ng \u0111\u00e1p \u1ee9ng v\u1edbi c\u00e1c ph\u01b0\u01a1ng ph\u00e1p \u0111i\u1ec1u tr\u1ecb kh\u00e1c, bao g\u1ed3m c\u1ea3 thu\u1ed1c \u0111i\u1ec1u tr\u1ecb to\u00e0n th\u00e2n, \u0111i\u1ec1u tr\u1ecb b\u1ed5 tr\u1ee3 b\u1eb1ng c\u00e1ch ti\u00eam morphin v\u00e0o trong da. Ti\u00eam ziconotide trong da c\u00f3 hi\u1ec7u qu\u1ea3 gi\u1ea3m \u0111au c\u00f3 \u00fd ngh\u0129a th\u1ed1ng k\u00ea v\u00e0 l\u00e2m s\u00e0ng \u1edf b\u1ec7nh nh\u00e2n ung th\u01b0 ho\u1eb7c AIDS. <\/p>\n<p> 2. B\u1ea3o v\u1ec7 t\u1ee7y s\u1ed1ng Thi\u1ebfu m\u00e1u c\u1ee5c b\u1ed9 t\u1ee7y s\u1ed1ng trong th\u1eddi gian ng\u1eafn Khi c\u00e1c t\u1ebf b\u00e0o th\u1ea7n kinh t\u1ee7y s\u1ed1ng b\u1ecb t\u1ed5n th\u01b0\u01a1ng, s\u1ebd c\u00f3 s\u1ef1 k\u00edch ho\u1ea1t \u0111\u01b0\u1eddng d\u1eabn canxi \u0111i\u1ec7n c\u1ea3m lo\u1ea1i N. Ziconotide c\u00f3 th\u1ec3 b\u1ea3o v\u1ec7 th\u1ea7n kinh v\u00e0 gi\u1ea3m \u0111au trong qu\u00e1 tr\u00ecnh ph\u1eabu thu\u1eadt \u0111\u1ed9ng m\u1ea1ch ch\u1ee7.<\/p>\n","protected":false},"excerpt":{"rendered":"<p>T\u00ean s\u1ea3n ph\u1ea9m: Ziconotide axetat<br \/>\n CAS: 107452-89-1<br \/>\n MF: C102H172N36O32S7<br \/>\n MW: 2639.13<br \/>\n Mol T\u1ec7p: 107452-89-1.mol<\/p>\n","protected":false},"featured_media":2220,"comment_status":"open","ping_status":"closed","template":"","meta":{"om_disable_all_campaigns":false,"_monsterinsights_skip_tracking":false,"_monsterinsights_sitenote_active":false,"_monsterinsights_sitenote_note":"","_monsterinsights_sitenote_category":0,"site-sidebar-layout":"default","site-content-layout":"default","ast-site-content-layout":"default","site-content-style":"default","site-sidebar-style":"default","ast-global-header-display":"","ast-banner-title-visibility":"","ast-main-header-display":"","ast-hfb-above-header-display":"","ast-hfb-below-header-display":"","ast-hfb-mobile-header-display":"","site-post-title":"","ast-breadcrumbs-content":"","ast-featured-img":"","footer-sml-layout":"","ast-disable-related-posts":"","theme-transparent-header-meta":"default","adv-header-id-meta":"","stick-header-meta":"","header-above-stick-meta":"","header-main-stick-meta":"","header-below-stick-meta":"","astra-migrate-meta-layouts":"default","ast-page-background-enabled":"default","ast-page-background-meta":{"desktop":{"background-color":"","background-image":"","background-repeat":"repeat","background-position":"center center","background-size":"auto","background-attachment":"scroll","background-type":"","background-media":"","overlay-type":"","overlay-color":"","overlay-opacity":"","overlay-gradient":""},"tablet":{"background-color":"","background-image":"","background-repeat":"repeat","background-position":"center center","background-size":"auto","background-attachment":"scroll","background-type":"","background-media":"","overlay-type":"","overlay-color":"","overlay-opacity":"","overlay-gradient":""},"mobile":{"background-color":"","background-image":"","background-repeat":"repeat","background-position":"center center","background-size":"auto","background-attachment":"scroll","background-type":"","background-media":"","overlay-type":"","overlay-color":"","overlay-opacity":"","overlay-gradient":""}},"ast-content-background-meta":{"desktop":{"background-color":"var(--ast-global-color-5)","background-image":"","background-repeat":"repeat","background-position":"center center","background-size":"auto","background-attachment":"scroll","background-type":"","background-media":"","overlay-type":"","overlay-color":"","overlay-opacity":"","overlay-gradient":""},"tablet":{"background-color":"var(--ast-global-color-5)","background-image":"","background-repeat":"repeat","background-position":"center center","background-size":"auto","background-attachment":"scroll","background-type":"","background-media":"","overlay-type":"","overlay-color":"","overlay-opacity":"","overlay-gradient":""},"mobile":{"background-color":"var(--ast-global-color-5)","background-image":"","background-repeat":"repeat","background-position":"center center","background-size":"auto","background-attachment":"scroll","background-type":"","background-media":"","overlay-type":"","overlay-color":"","overlay-opacity":"","overlay-gradient":""}}},"product_brand":[],"product_cat":[524],"product_tag":[1589],"class_list":{"0":"post-8124","1":"product","2":"type-product","3":"status-publish","4":"has-post-thumbnail","6":"product_cat-peptide-khac","7":"product_tag-ziconotide-acetate-cas-107452-89-1-treat-for-postherpetic-neuralgia-and-cancer-pain-vi","8":"desktop-align-left","9":"tablet-align-left","10":"mobile-align-left","12":"first","13":"instock","14":"shipping-taxable","15":"product-type-simple"},"_links":{"self":[{"href":"https:\/\/puyapeptide.net\/vi\/wp-json\/wp\/v2\/product\/8124","targetHints":{"allow":["GET"]}}],"collection":[{"href":"https:\/\/puyapeptide.net\/vi\/wp-json\/wp\/v2\/product"}],"about":[{"href":"https:\/\/puyapeptide.net\/vi\/wp-json\/wp\/v2\/types\/product"}],"replies":[{"embeddable":true,"href":"https:\/\/puyapeptide.net\/vi\/wp-json\/wp\/v2\/comments?post=8124"}],"wp:featuredmedia":[{"embeddable":true,"href":"https:\/\/puyapeptide.net\/vi\/wp-json\/wp\/v2\/media\/2220"}],"wp:attachment":[{"href":"https:\/\/puyapeptide.net\/vi\/wp-json\/wp\/v2\/media?parent=8124"}],"wp:term":[{"taxonomy":"product_brand","embeddable":true,"href":"https:\/\/puyapeptide.net\/vi\/wp-json\/wp\/v2\/product_brand?post=8124"},{"taxonomy":"product_cat","embeddable":true,"href":"https:\/\/puyapeptide.net\/vi\/wp-json\/wp\/v2\/product_cat?post=8124"},{"taxonomy":"product_tag","embeddable":true,"href":"https:\/\/puyapeptide.net\/vi\/wp-json\/wp\/v2\/product_tag?post=8124"}],"curies":[{"name":"wp","href":"https:\/\/api.w.org\/{rel}","templated":true}]}}