{"id":8162,"date":"2021-12-16T12:22:06","date_gmt":"2021-12-16T17:22:06","guid":{"rendered":"https:\/\/puyapeptide.net\/product\/vapreotide-acetate-rc-160-cas-103222-11-3-dieu-tri-cho-chay-mau-do-gian-tinh-mach-thuc-quan-cap-tinh\/"},"modified":"2021-12-16T12:22:06","modified_gmt":"2021-12-16T17:22:06","slug":"vapreotide-acetate-rc-160-cas-103222-11-3-dieu-tri-cho-chay-mau-do-gian-tinh-mach-thuc-quan-cap-tinh","status":"publish","type":"product","link":"https:\/\/puyapeptide.net\/vi\/product\/vapreotide-acetate-rc-160-cas-103222-11-3-dieu-tri-cho-chay-mau-do-gian-tinh-mach-thuc-quan-cap-tinh\/","title":{"rendered":"Vapreotide Acetate \/ RC 160 CAS 103222-11-3 \u0110i\u1ec1u tr\u1ecb cho ch\u1ea3y m\u00e1u do gi\u00e3n t\u0129nh m\u1ea1ch th\u1ef1c qu\u1ea3n c\u1ea5p t\u00ednh"},"content":{"rendered":"<h2><strong>Vapreotide Acetate \/ RC 160 CAS 103222-11-3 \u0110i\u1ec1u tr\u1ecb cho ch\u1ea3y m\u00e1u do gi\u00e3n t\u0129nh m\u1ea1ch th\u1ef1c qu\u1ea3n c\u1ea5p t\u00ednh<\/strong><\/h2>\n<p> T\u00ean s\u1ea3n ph\u1ea9m: VAPREOTIDE<br \/>\n T\u1eeb \u0111\u1ed3ng ngh\u0129a: D-Phe-Cys-Tyr-D-Trp-Lys-Val-Cys-Trp-NH2 (C\u1ea7u n\u1ed1i disulfua Cys2-Cys7); HD-Phe-Cys-Tyr-D -Trp-Lys-Val-Cys-Trp-NH2; D-Phe-Cys-Trp-D-Trp-Lys-Val-Cys-Trp-CONH2 (disulfide Cys2-Cys7); Vapreotide, RC-160; RC-160 ; VAPREOTIDE; D-PHE-CYS-TYR-D-TRP-LYS-VAL-CYS-TRP-NH2; FCYWKVCW-NH2<br \/>\n CAS: 103222-11-3<br \/>\n MF: C57H70N12O9S2<br \/>\n MW: 1131.37<br \/>\n EINECS:<br \/>\n Danh m\u1ee5c s\u1ea3n ph\u1ea9m: Th\u1ee5 th\u1ec3 Somatostatin<br \/>\n Mol T\u1ec7p: 103222-11-3.mol <\/p>\n<p> H3Pharma \u0111\u00e3 mua \u0111\u01b0\u1ee3c gi\u1ea5y ph\u00e9p th\u01b0\u01a1ng m\u1ea1i v\u00e0 ph\u00e1t tri\u1ec3n nghi\u00ean c\u1ee9u tr\u00ean to\u00e0n th\u1ebf gi\u1edbi cho vaptan t\u1eeb Debiopharm \u1edf Th\u1ee5y S\u0129. T\u1ea1p ch\u00ed Y h\u1ecdc New England n\u0103m 2001 \u0111\u00e3 b\u00e1o c\u00e1o c\u00f4ng th\u1ee9c gi\u1ea3i ph\u00f3ng t\u1ee9c th\u1eddi, \u0111\u00e3 \u0111\u01b0\u1ee3c th\u1eed nghi\u1ec7m l\u00e2m s\u00e0ng v\u00e0 ch\u1ee9ng minh b\u1edfi Chemicalbook \u0111\u1ec3 s\u1eed d\u1ee5ng s\u1edbm trong \u0111i\u1ec1u tr\u1ecb th\u1ef1c qu\u1ea3n c\u1ea5p t\u00ednh N\u0103m 2004, c\u00f4ng ty con c\u1ee7a Debiopharm, chuy\u00ean gia n\u1ed9i ti\u1ebft v\u00e0 ung th\u01b0 Canada H3Pharma, \u0111\u00e3 ph\u00e1t tri\u1ec3n v\u00e0 s\u1ea3n xu\u1ea5t m\u1ed9t lo\u1ea1i thu\u1ed1c m\u1edbi . <\/p>\n<p> <strong>Vapreotide Acetate \/ RC 160 CAS 103222-11-3 T\u00ednh ch\u1ea5t h\u00f3a h\u1ecdc<\/strong><br \/>\n \u0110i\u1ec3m s\u00f4i 1540,9 \u00b1 65,0 \u00b0 C (D\u1ef1 \u0111o\u00e1n)<br \/>\n m\u1eadt \u0111\u1ed9 1,40 \u00b1 0,1 g \/ cm3 (D\u1ef1 \u0111o\u00e1n)<br \/>\n b\u1ea3o qu\u1ea3n nh\u00e2n vi\u00ean b\u00e1n th\u1eddi gian. \u221220 \u00b0 C<br \/>\n pka 9,90 \u00b1 0,15 (D\u1ef1 \u0111o\u00e1n) <\/p>\n<p> <strong>Ch\u1ee9c n\u0103ng v\u00e0 \u1ee9ng d\u1ee5ng c\u1ee7a Vapreotide Acetate \/ RC 160 CAS 103222-11-3<\/strong><br \/>\n 1.C\u00f4ng th\u1ee9c gi\u1ea3i ph\u00f3ng t\u1ee9c th\u00ec c\u1ee7a Sanvar, m\u1ed9t ch\u1ea5t t\u01b0\u01a1ng t\u1ef1 somatostatin , \u0111\u01b0\u1ee3c s\u1eed d\u1ee5ng trong \u0111i\u1ec1u tr\u1ecb ch\u1ea3y m\u00e1u do gi\u00e3n t\u0129nh m\u1ea1ch th\u1ef1c qu\u1ea3n c\u1ea5p t\u00ednh (EVB).<br \/>\n 2.Sanvar \u0111\u01b0\u1ee3c s\u1eed d\u1ee5ng tr\u01b0\u1edbc khi can thi\u1ec7p n\u1ed9i soi \u0111\u1ec3 ki\u1ec3m so\u00e1t xu\u1ea5t huy\u1ebft v\u00e0 ng\u0103n ng\u1eeba t\u00e1i xu\u1ea5t huy\u1ebft trong n\u0103m ng\u00e0y quan tr\u1ecdng sau khi b\u1eaft \u0111\u1ea7u ch\u1ea3y m\u00e1u. EVB l\u00e0 m\u1ed9t t\u00ecnh tr\u1ea1ng \u0111e d\u1ecda t\u00ednh m\u1ea1ng v\u00e0 t\u1ef7 l\u1ec7 t\u1eed vong cao (kho\u1ea3ng 15% \u0111\u1ebfn 25%) trong s\u00e1u tu\u1ea7n \u0111\u1ea7u ti\u00ean sau khi xu\u1ea5t huy\u1ebft. EVB l\u00e0 nguy\u00ean nh\u00e2n c\u1ee7a kho\u1ea3ng 70% xu\u1ea5t huy\u1ebft d\u1ea1 d\u00e0y-ru\u1ed9t \u1edf b\u1ec7nh nh\u00e2n x\u01a1 gan.<br \/>\n 3.Sanvar (vapreotide acetate) l\u00e0 m\u1ed9t ch\u1ea5t t\u01b0\u01a1ng t\u1ef1 octapeptide t\u1ed5ng h\u1ee3p c\u1ee7a hormone somatostatin s\u1ea3n sinh t\u1ef1 nhi\u00ean. N\u00f3 c\u00f3 c\u00e1c \u0111\u1eb7c t\u00ednh d\u01b0\u1ee3c l\u00fd t\u01b0\u01a1ng t\u1ef1 nh\u01b0 somatostatin b\u1ea3n \u0111\u1ecba, nh\u01b0ng th\u1ec3 hi\u1ec7n th\u1eddi gian t\u00e1c d\u1ee5ng l\u00e2u h\u01a1n. N\u00f3 l\u00e0 ch\u1ea5t t\u01b0\u01a1ng t\u1ef1 somatostatin duy nh\u1ea5t \u0111\u00e3 ch\u1ee9ng minh l\u1ee3i \u00edch c\u00f3 \u00fd ngh\u0129a th\u1ed1ng k\u00ea trong vi\u1ec7c \u0111i\u1ec1u tr\u1ecb s\u1edbm EVB k\u1ebft h\u1ee3p v\u1edbi li\u1ec7u ph\u00e1p n\u1ed9i soi, trong m\u1ed9t nghi\u00ean c\u1ee9u l\u00e2m s\u00e0ng c\u00f3 \u0111\u1ed1i ch\u1ee9ng v\u1edbi gi\u1ea3 d\u01b0\u1ee3c (Cal\u00e8s v\u00e0 c\u1ed9ng s\u1ef1. T\u1ea1p ch\u00ed Y h\u1ecdc New England, 2001). Ki\u1ec3m so\u00e1t ch\u1ea3y m\u00e1u v\u1edbi th\u1eddi gian s\u1ed1ng s\u00f3t sau n\u0103m ng\u00e0y \u0111\u1ea1t \u0111\u01b0\u1ee3c th\u01b0\u1eddng xuy\u00ean h\u01a1n v\u1edbi Sanvar (p = 0,021) so v\u1edbi gi\u1ea3 d\u01b0\u1ee3c. Th\u00eam v\u00e0o<\/p>\n","protected":false},"excerpt":{"rendered":"<p>T\u00ean s\u1ea3n ph\u1ea9m: VAPREOTIDE<br \/>\n CAS: 103222-11-3<br \/>\n MF: C57H70N12O9S2<br \/>\n MW: 1131.37<br \/>\n Mol T\u1ec7p: 103222-11-3.mol<\/p>\n","protected":false},"featured_media":2136,"comment_status":"open","ping_status":"closed","template":"","meta":{"om_disable_all_campaigns":false,"_monsterinsights_skip_tracking":false,"_monsterinsights_sitenote_active":false,"_monsterinsights_sitenote_note":"","_monsterinsights_sitenote_category":0,"site-sidebar-layout":"default","site-content-layout":"default","ast-site-content-layout":"default","site-content-style":"default","site-sidebar-style":"default","ast-global-header-display":"","ast-banner-title-visibility":"","ast-main-header-display":"","ast-hfb-above-header-display":"","ast-hfb-below-header-display":"","ast-hfb-mobile-header-display":"","site-post-title":"","ast-breadcrumbs-content":"","ast-featured-img":"","footer-sml-layout":"","ast-disable-related-posts":"","theme-transparent-header-meta":"default","adv-header-id-meta":"","stick-header-meta":"","header-above-stick-meta":"","header-main-stick-meta":"","header-below-stick-meta":"","astra-migrate-meta-layouts":"default","ast-page-background-enabled":"default","ast-page-background-meta":{"desktop":{"background-color":"","background-image":"","background-repeat":"repeat","background-position":"center center","background-size":"auto","background-attachment":"scroll","background-type":"","background-media":"","overlay-type":"","overlay-color":"","overlay-opacity":"","overlay-gradient":""},"tablet":{"background-color":"","background-image":"","background-repeat":"repeat","background-position":"center center","background-size":"auto","background-attachment":"scroll","background-type":"","background-media":"","overlay-type":"","overlay-color":"","overlay-opacity":"","overlay-gradient":""},"mobile":{"background-color":"","background-image":"","background-repeat":"repeat","background-position":"center center","background-size":"auto","background-attachment":"scroll","background-type":"","background-media":"","overlay-type":"","overlay-color":"","overlay-opacity":"","overlay-gradient":""}},"ast-content-background-meta":{"desktop":{"background-color":"var(--ast-global-color-5)","background-image":"","background-repeat":"repeat","background-position":"center center","background-size":"auto","background-attachment":"scroll","background-type":"","background-media":"","overlay-type":"","overlay-color":"","overlay-opacity":"","overlay-gradient":""},"tablet":{"background-color":"var(--ast-global-color-5)","background-image":"","background-repeat":"repeat","background-position":"center center","background-size":"auto","background-attachment":"scroll","background-type":"","background-media":"","overlay-type":"","overlay-color":"","overlay-opacity":"","overlay-gradient":""},"mobile":{"background-color":"var(--ast-global-color-5)","background-image":"","background-repeat":"repeat","background-position":"center center","background-size":"auto","background-attachment":"scroll","background-type":"","background-media":"","overlay-type":"","overlay-color":"","overlay-opacity":"","overlay-gradient":""}}},"product_brand":[],"product_cat":[524,524,524],"product_tag":[1544],"class_list":{"0":"post-8162","1":"product","2":"type-product","3":"status-publish","4":"has-post-thumbnail","6":"product_cat-peptide-khac","9":"product_tag-vapreotide-acetate-rc-160-cas-103222-11-3-treatment-for-acute-esophageal-variceal-bleeding-vi","10":"desktop-align-left","11":"tablet-align-left","12":"mobile-align-left","14":"first","15":"instock","16":"shipping-taxable","17":"product-type-simple"},"_links":{"self":[{"href":"https:\/\/puyapeptide.net\/vi\/wp-json\/wp\/v2\/product\/8162","targetHints":{"allow":["GET"]}}],"collection":[{"href":"https:\/\/puyapeptide.net\/vi\/wp-json\/wp\/v2\/product"}],"about":[{"href":"https:\/\/puyapeptide.net\/vi\/wp-json\/wp\/v2\/types\/product"}],"replies":[{"embeddable":true,"href":"https:\/\/puyapeptide.net\/vi\/wp-json\/wp\/v2\/comments?post=8162"}],"wp:featuredmedia":[{"embeddable":true,"href":"https:\/\/puyapeptide.net\/vi\/wp-json\/wp\/v2\/media\/2136"}],"wp:attachment":[{"href":"https:\/\/puyapeptide.net\/vi\/wp-json\/wp\/v2\/media?parent=8162"}],"wp:term":[{"taxonomy":"product_brand","embeddable":true,"href":"https:\/\/puyapeptide.net\/vi\/wp-json\/wp\/v2\/product_brand?post=8162"},{"taxonomy":"product_cat","embeddable":true,"href":"https:\/\/puyapeptide.net\/vi\/wp-json\/wp\/v2\/product_cat?post=8162"},{"taxonomy":"product_tag","embeddable":true,"href":"https:\/\/puyapeptide.net\/vi\/wp-json\/wp\/v2\/product_tag?post=8162"}],"curies":[{"name":"wp","href":"https:\/\/api.w.org\/{rel}","templated":true}]}}