{"id":8168,"date":"2021-12-16T12:22:08","date_gmt":"2021-12-16T17:22:08","guid":{"rendered":"https:\/\/puyapeptide.net\/product\/triptorelin-triptorelin-axetat-cas-57773-63-4-de-dieu-tri-ung-thu-tuyen-tien-liet-va-ung-thu-vu\/"},"modified":"2021-12-16T12:22:08","modified_gmt":"2021-12-16T17:22:08","slug":"triptorelin-triptorelin-axetat-cas-57773-63-4-de-dieu-tri-ung-thu-tuyen-tien-liet-va-ung-thu-vu","status":"publish","type":"product","link":"https:\/\/puyapeptide.net\/vi\/product\/triptorelin-triptorelin-axetat-cas-57773-63-4-de-dieu-tri-ung-thu-tuyen-tien-liet-va-ung-thu-vu\/","title":{"rendered":"Triptorelin \/ Triptorelin axetat CAS 57773-63-4 \u0111\u1ec3 \u0111i\u1ec1u tr\u1ecb ung th\u01b0 tuy\u1ebfn ti\u1ec1n li\u1ec7t v\u00e0 ung th\u01b0 v\u00fa"},"content":{"rendered":"<h2><strong>Triptorelin \/ Triptorelin axetat CAS 57773-63-4 \u0111\u1ec3 \u0111i\u1ec1u tr\u1ecb ung th\u01b0 tuy\u1ebfn ti\u1ec1n li\u1ec7t v\u00e0 ung th\u01b0 v\u00fa<\/strong><\/h2>\n<p> T\u00ean s\u1ea3n ph\u1ea9m: Triptorelin<br \/>\n T\u1eeb \u0111\u1ed3ng ngh\u0129a: PGLU-HIS-TRP-SER-TYR-D-TRP-LEU-ARG-PRO-GLY-NH2; PYROGLU-HIS-TRP-SER-TYR-D-TRP- LEU-ARG-PRO-GLY NH2; PYR-HIS-TRP-SER-TYR-D-TRP-LEU-ARG-PRO-GLY-NH2; PYR-HIS-TRP-SER-TYR-D-TRP-LEU-ARG -PRO-GLY-NH2 PAMOATE MU\u1ed0I; TRIPTORELIN PAMOATE; TRIPTORELIN ACETATE; TRIPTORELIN AMIDE; TRIPTORELIN, [DTRP6] -LH-RH, AMIDE<br \/>\n CAS: 57773-63-4<br \/>\n MF: C64H82N18O13<br \/>\n MW: 1311.47<br \/>\n EINECS: 637-328-4<br \/>\n Danh m\u1ee5c s\u1ea3n ph\u1ea9m: D\u1eabn xu\u1ea5t axit amin; Peptide<br \/>\n Mol File: 57773-63-4.mol <\/p>\n<p> Triptoreli l\u00e0 m\u1ed9t hormone gi\u1ea3i ph\u00f3ng t\u01b0\u01a1ng t\u1ef1 ch\u1ee7 v\u1eadn decapeptide t\u1ed5ng h\u1ee3p (LHRH). S\u1edf h\u1eefu hi\u1ec7u l\u1ef1c l\u1edbn h\u01a1n LHRH n\u1ed9i sinh, Triptoreli \u1ee9c ch\u1ebf m\u1ed9t c\u00e1ch thu\u1eadn ngh\u1ecbch s\u1ef1 ti\u1ebft gonadotropin. Sau khi s\u1eed d\u1ee5ng li\u00ean t\u1ee5c, m\u00e3n t\u00ednh, t\u00e1c d\u1ee5ng c\u1ee7a t\u00e1c nh\u00e2n n\u00e0y gi\u1ea3m li\u00ean t\u1ee5c trong s\u1ea3n xu\u1ea5t LH v\u00e0 FSH c\u0169ng nh\u01b0 s\u1ef1 h\u00ecnh th\u00e0nh steroid \u1edf tinh ho\u00e0n v\u00e0 bu\u1ed3ng tr\u1ee9ng. N\u1ed3ng \u0111\u1ed9 trong huy\u1ebft thanh c\u00f3 th\u1ec3 gi\u1ea3m xu\u1ed1ng m\u1ee9c th\u01b0\u1eddng \u0111\u01b0\u1ee3c quan s\u00e1t th\u1ea5y \u1edf nh\u1eefng ng\u01b0\u1eddi \u0111\u00e0n \u00f4ng b\u1ecb thi\u1ebfn do ph\u1eabu thu\u1eadt. <\/p>\n<p> <strong>Triptorelin \/ Triptorelin Acetate CAS 57773-63-4 T\u00ednh ch\u1ea5t h\u00f3a h\u1ecdc<\/strong><br \/>\n alpha D23-58,8 \u00b0 (c = 0,33 trong axit axetic)<br \/>\n m\u1eadt \u0111\u1ed9 1,52 \u00b1 0,1 g \/ cm3 (D\u1ef1 \u0111o\u00e1n)<br \/>\n nhi\u1ec7t \u0111\u1ed9 b\u1ea3o qu\u1ea3n. -20 \u00b0 C<br \/>\n pka 9,82 \u00b1 0,15 (D\u1ef1 \u0111o\u00e1n)<br \/>\n d\u1ea1ng b\u1ed9t<br \/>\n InChIKey HPPONSCISKROOD-OYLNGHKZSA-N<br \/>\n CAS DataBase Reference 57773-63-4 (CAS DataBase Reference) <\/p>\n<p> <strong>Ch\u1ee9c n\u0103ng v\u00e0 \u1ee9ng d\u1ee5ng c\u1ee7a Triptorelin \/ Triptorelin Acetate CAS 57773-63-4<\/strong><br \/>\n Triptoreli c\u00f3 th\u1ec3 \u0111\u01b0\u1ee3c s\u1eed d\u1ee5ng trong \u0111i\u1ec1u tr\u1ecb c\u00e1c b\u1ec7nh ung th\u01b0 \u0111\u00e1p \u1ee9ng v\u1edbi hormone nh\u01b0 ung th\u01b0 tuy\u1ebfn ti\u1ec1n li\u1ec7t ho\u1eb7c ung th\u01b0 v\u00fa, d\u1eady th\u00ec s\u1edbm, c\u00e1c t\u00ecnh tr\u1ea1ng ph\u1ee5 thu\u1ed9c estrogen (nh\u01b0 l\u1ea1c n\u1ed9i m\u1ea1c t\u1eed cung ho\u1eb7c t\u1eed cung u x\u01a1 t\u1eed cung), v\u00e0 trong h\u1ed7 tr\u1ee3 sinh s\u1ea3n. N\u00f3 c\u0169ng \u0111\u01b0\u1ee3c s\u1eed d\u1ee5ng nh\u01b0 m\u1ed9t li\u1ec7u ph\u00e1p \u0111i\u1ec1u tr\u1ecb r\u1ed1i lo\u1ea1n nh\u1eadn d\u1ea1ng gi\u1edbi t\u00ednh. <\/p>\n<p> Triptorelin pamoate l\u00e0 m\u1ed9t si\u00eau ch\u1ea5t kh\u00e1c c\u1ee7a GnRH, gi\u1ed1ng nh\u01b0 nafarelin acetate ch\u1ec9 ch\u1ee9a m\u1ed9t axit amin thay th\u1ebf duy nh\u1ea5t (D-Trp6 cho Gly6) khi so s\u00e1nh v\u1edbi hormone t\u1ef1 nhi\u00ean. Trong \u0111i\u1ec1u tr\u1ecb ung th\u01b0 tuy\u1ebfn ti\u1ec1n li\u1ec7t giai \u0111o\u1ea1n cu\u1ed1i, \u0111i\u1ec1u quan tr\u1ecdng l\u00e0 ph\u1ea3i gi\u1ea3m n\u1ed3ng \u0111\u1ed9 testosterone trong huy\u1ebft thanh xu\u1ed1ng m\u1ee9c r\u1ea5t th\u1ea5p, c\u00f3 th\u1ec3 \u0111\u1ea1t \u0111\u01b0\u1ee3c b\u1eb1ng ph\u1eabu thu\u1eadt c\u1eaft b\u1ecf tinh ho\u00e0n. Khi ph\u01b0\u01a1ng ph\u00e1p ph\u1eabu thu\u1eadt n\u00e0y kh\u00f4ng \u0111\u01b0\u1ee3c b\u1ec7nh nh\u00e2n ch\u1ea5p nh\u1eadn, m\u1ed9t ph\u01b0\u01a1ng ph\u00e1p thay th\u1ebf l\u00e0 &quot;thi\u1ebfn h\u00f3a h\u1ecdc&quot;, c\u00f3 th\u1ec3 \u0111\u1ea1t \u0111\u01b0\u1ee3c b\u1eb1ng c\u00e1ch s\u1eed d\u1ee5ng li\u1ec7u ph\u00e1p oestrogen, leuprolide, goserelin ho\u1eb7c histrelin acetat, v\u00e0 b\u00e2y gi\u1edd l\u00e0 triptorelin pamoate. S\u1ea3n ph\u1ea9m n\u00e0y c\u00f3 s\u1eb5n \u0111\u1ec3 ti\u00eam v\u00e0o kho IM (h\u00e0ng th\u00e1ng ho\u1eb7c 3 th\u00e1ng m\u1ed9t l\u1ea7n), trong \u0111\u00f3 n\u1ed3ng \u0111\u1ed9 testosterone trong huy\u1ebft thanh gi\u1ea3m xu\u1ed1ng m\u1ee9c th\u01b0\u1eddng th\u1ea5y \u1edf nh\u1eefng ng\u01b0\u1eddi \u0111\u00e0n \u00f4ng b\u1ecb thi\u1ebfn \u0111\u00e3 ph\u1eabu thu\u1eadt.<\/p>\n","protected":false},"excerpt":{"rendered":"<p>T\u00ean s\u1ea3n ph\u1ea9m: Triptorelin<br \/>\n CAS: 57773-63-4<br \/>\n MF: C64H82N18O13<br \/>\n MW: 1311.47<br \/>\n EINECS: 637-328-4<br \/>\n Mol T\u1ec7p: 57773-63-4.mol<\/p>\n","protected":false},"featured_media":2304,"comment_status":"open","ping_status":"closed","template":"","meta":{"om_disable_all_campaigns":false,"_monsterinsights_skip_tracking":false,"_monsterinsights_sitenote_active":false,"_monsterinsights_sitenote_note":"","_monsterinsights_sitenote_category":0,"site-sidebar-layout":"default","site-content-layout":"default","ast-site-content-layout":"default","site-content-style":"default","site-sidebar-style":"default","ast-global-header-display":"","ast-banner-title-visibility":"","ast-main-header-display":"","ast-hfb-above-header-display":"","ast-hfb-below-header-display":"","ast-hfb-mobile-header-display":"","site-post-title":"","ast-breadcrumbs-content":"","ast-featured-img":"","footer-sml-layout":"","ast-disable-related-posts":"","theme-transparent-header-meta":"default","adv-header-id-meta":"","stick-header-meta":"","header-above-stick-meta":"","header-main-stick-meta":"","header-below-stick-meta":"","astra-migrate-meta-layouts":"default","ast-page-background-enabled":"default","ast-page-background-meta":{"desktop":{"background-color":"","background-image":"","background-repeat":"repeat","background-position":"center center","background-size":"auto","background-attachment":"scroll","background-type":"","background-media":"","overlay-type":"","overlay-color":"","overlay-opacity":"","overlay-gradient":""},"tablet":{"background-color":"","background-image":"","background-repeat":"repeat","background-position":"center center","background-size":"auto","background-attachment":"scroll","background-type":"","background-media":"","overlay-type":"","overlay-color":"","overlay-opacity":"","overlay-gradient":""},"mobile":{"background-color":"","background-image":"","background-repeat":"repeat","background-position":"center center","background-size":"auto","background-attachment":"scroll","background-type":"","background-media":"","overlay-type":"","overlay-color":"","overlay-opacity":"","overlay-gradient":""}},"ast-content-background-meta":{"desktop":{"background-color":"var(--ast-global-color-5)","background-image":"","background-repeat":"repeat","background-position":"center center","background-size":"auto","background-attachment":"scroll","background-type":"","background-media":"","overlay-type":"","overlay-color":"","overlay-opacity":"","overlay-gradient":""},"tablet":{"background-color":"var(--ast-global-color-5)","background-image":"","background-repeat":"repeat","background-position":"center center","background-size":"auto","background-attachment":"scroll","background-type":"","background-media":"","overlay-type":"","overlay-color":"","overlay-opacity":"","overlay-gradient":""},"mobile":{"background-color":"var(--ast-global-color-5)","background-image":"","background-repeat":"repeat","background-position":"center center","background-size":"auto","background-attachment":"scroll","background-type":"","background-media":"","overlay-type":"","overlay-color":"","overlay-opacity":"","overlay-gradient":""}}},"product_brand":[],"product_cat":[389],"product_tag":[1520],"class_list":{"0":"post-8168","1":"product","2":"type-product","3":"status-publish","4":"has-post-thumbnail","6":"product_cat-peptide-chong-khoi-u","7":"product_tag-triptorelin-triptorelin-acetate-cas-57773-63-4-for-treat-prostate-cancer-and-breast-cancer-vi","8":"desktop-align-left","9":"tablet-align-left","10":"mobile-align-left","12":"first","13":"instock","14":"shipping-taxable","15":"product-type-simple"},"_links":{"self":[{"href":"https:\/\/puyapeptide.net\/vi\/wp-json\/wp\/v2\/product\/8168","targetHints":{"allow":["GET"]}}],"collection":[{"href":"https:\/\/puyapeptide.net\/vi\/wp-json\/wp\/v2\/product"}],"about":[{"href":"https:\/\/puyapeptide.net\/vi\/wp-json\/wp\/v2\/types\/product"}],"replies":[{"embeddable":true,"href":"https:\/\/puyapeptide.net\/vi\/wp-json\/wp\/v2\/comments?post=8168"}],"wp:featuredmedia":[{"embeddable":true,"href":"https:\/\/puyapeptide.net\/vi\/wp-json\/wp\/v2\/media\/2304"}],"wp:attachment":[{"href":"https:\/\/puyapeptide.net\/vi\/wp-json\/wp\/v2\/media?parent=8168"}],"wp:term":[{"taxonomy":"product_brand","embeddable":true,"href":"https:\/\/puyapeptide.net\/vi\/wp-json\/wp\/v2\/product_brand?post=8168"},{"taxonomy":"product_cat","embeddable":true,"href":"https:\/\/puyapeptide.net\/vi\/wp-json\/wp\/v2\/product_cat?post=8168"},{"taxonomy":"product_tag","embeddable":true,"href":"https:\/\/puyapeptide.net\/vi\/wp-json\/wp\/v2\/product_tag?post=8168"}],"curies":[{"name":"wp","href":"https:\/\/api.w.org\/{rel}","templated":true}]}}