{"id":8203,"date":"2021-12-16T12:24:44","date_gmt":"2021-12-16T17:24:44","guid":{"rendered":"https:\/\/puyapeptide.net\/product\/thymosin-beta-4-axetat-thymosin-%ce%b24-axetat-cas-77591-33-4-cho-nghien-cuu-trong-phong-thi-nghiem\/"},"modified":"2021-12-16T12:24:44","modified_gmt":"2021-12-16T17:24:44","slug":"thymosin-beta-4-axetat-thymosin-%ce%b24-axetat-cas-77591-33-4-cho-nghien-cuu-trong-phong-thi-nghiem","status":"publish","type":"product","link":"https:\/\/puyapeptide.net\/vi\/product\/thymosin-beta-4-axetat-thymosin-%ce%b24-axetat-cas-77591-33-4-cho-nghien-cuu-trong-phong-thi-nghiem\/","title":{"rendered":"Thymosin beta 4 axetat \/ Thymosin \u03b24 axetat CAS 77591-33-4 cho nghi\u00ean c\u1ee9u trong ph\u00f2ng th\u00ed nghi\u1ec7m"},"content":{"rendered":"<h2><strong>Thymosin beta 4 axetat \/ Thymosin \u03b24 axetat CAS 77591-33-4 cho nghi\u00ean c\u1ee9u trong ph\u00f2ng th\u00ed nghi\u1ec7m<\/strong><\/h2>\n<p> T\u00ean s\u1ea3n ph\u1ea9m: Thymosin beta 4 acetate<br \/>\n T\u1eeb \u0111\u1ed3ng ngh\u0129a: AC-SER-ASP-LYS-PRO-ASP-MET-ALA-GLU-ILE-GLU-LYS-PHE-ASP-LYS-SER-LYS-LEU -LYS-LYS-THR-GLU-THR-GLN-GLU-LYS-ASN-PRO-LEU-PRO-SER-LYS-GLU-THR-ILE-GLU-GLN-GLU-LYS-GLN-ALA-GLY-GLU -SER-OH; FX (HUMAN, BOVINE, HORSE, RAT); thymosin beta 4 acetate; THYMOSIN BETA4 (HUMAN, BOVINE, HORSE, RAT); Thymosin beta4; Thymosin Beta4 Beta4 Acetate; Thymosin \u03b24 Acetate; THYMOSIN SS4 ACETATE &gt; CAS: 77591-33-4<br \/>\n MF: C212H350N56O78S<br \/>\n MW: 4963.4408<br \/>\n EINECS: 1592732-453-0<br \/>\n Danh m\u1ee5c s\u1ea3n ph\u1ea9m: Peptide chung; Peptide<br \/>\n Mol T\u1ec7p: 77591-33- 4.mol <\/p>\n<p> Thymosin \u03b2-4 l\u00e0 m\u1ed9t peptit k\u00edch ho\u1ea1t nguy\u00ean b\u00e0o s\u1ee3i, t\u1ea1o m\u1ea1ch n\u1ed9i sinh c\u00f3 li\u00ean quan \u0111\u1ebfn vi\u1ec7c \u0111i\u1ec1u h\u00f2a hormone. Thymosin \u03b2-4 c\u0169ng th\u1ec3 hi\u1ec7n c\u00e1c ho\u1ea1t \u0111\u1ed9ng \u0111i\u1ec1u h\u00f2a mi\u1ec5n d\u1ecbch v\u00e0 b\u1ea3o v\u1ec7 tim m\u1ea1ch. Thymosin \u03b2-4 c\u1ea3i thi\u1ec7n s\u1ebd ch\u1eefa l\u00e0nh c\u00e1c v\u1ea5n \u0111\u1ec1 v\u1ec1 tim v\u00e0 c\u1ea3i thi\u1ec7n ch\u1ee9c n\u0103ng tim in vivo. Thymosin \u03b2-4 li\u00ean k\u1ebft v\u1edbi c\u00e1c s\u1ee3i G-actin, ng\u0103n ch\u1eb7n qu\u00e1 tr\u00ecnh tr\u00f9ng h\u1ee3p actin. <\/p>\n<p> <strong>L\u1ee3i \u00edch c\u1ee7a Thymosin beta 4 acetate \/ Thymosin \u03b24 Acetate CAS 77591-33-4<\/strong><br \/>\n Thymosin Beta-4 l\u00e0 m\u1ed9t 43- axit amin peptide gi\u00fap th\u00fac \u0111\u1ea9y qu\u00e1 tr\u00ecnh ch\u1eefa b\u1ec7nh tr\u00ean kh\u1eafp c\u01a1 th\u1ec3. N\u00f3 c\u0169ng c\u00f3 \u0111\u1eb7c t\u00ednh ch\u1ed1ng vi\u00eam. \u0110\u01b0\u1ee3c t\u00ecm th\u1ea5y t\u1ef1 nhi\u00ean v\u1edbi n\u1ed3ng \u0111\u1ed9 cao h\u01a1n t\u1ea1i c\u00e1c v\u1ecb tr\u00ed b\u1ecb th\u01b0\u01a1ng, protein h\u00f2a tan trong n\u01b0\u1edbc c\u00f3 th\u1ec3 s\u1eeda ch\u1eefa t\u1ed5n th\u01b0\u01a1ng m\u00f4 v\u00e0 \u0111i\u1ec1u ch\u1ec9nh s\u1ef1 di chuy\u1ec3n c\u1ee7a t\u1ebf b\u00e0o \u0111\u1ebfn m\u1ed9t v\u1ecb tr\u00ed. N\u00f3 c\u00f3 th\u1ec3 c\u1ea3i thi\u1ec7n qu\u00e1 tr\u00ecnh ch\u1eefa l\u00e0nh v\u1ebft th\u01b0\u01a1ng v\u00e0 ph\u1ee5c h\u1ed3i kh\u00f4ng ch\u1ec9 da m\u00e0 c\u00f2n c\u1ea3 n\u00e3o, t\u1ee7y s\u1ed1ng v\u00e0 tim. C\u00e1c chuy\u00ean gia y t\u1ebf coi Thymosin Beta-4 l\u00e0 m\u1ed9t ch\u1ea5t an to\u00e0n v\u00e0 m\u1ea1nh m\u1ebd \u1edf d\u1ea1ng t\u1ef1 nhi\u00ean ho\u1eb7c t\u1ed5ng h\u1ee3p \u0111\u01b0\u1ee3c g\u1ecdi l\u00e0 TB-500.<br \/>\n Ngo\u00e0i ra, TB4 c\u00f3 tr\u1ecdng l\u01b0\u1ee3ng ph\u00e2n t\u1eed th\u1ea5p v\u00e0 kh\u00f4ng li\u00ean k\u1ebft v\u1edbi ch\u1ea5t n\u1ec1n ngo\u1ea1i b\u00e0o. \u0110i\u1ec1u n\u00e0y cho ph\u00e9p n\u00f3 d\u1ec5 d\u00e0ng di chuy\u1ec3n kh\u1eafp c\u00e1c m\u00f4 c\u01a1 th\u1ec3, gi\u00fap th\u00fac \u0111\u1ea9y t\u1ed1c \u0111\u1ed9 ch\u1eefa b\u1ec7nh nhanh h\u01a1n. Peptide di chuy\u1ec3n r\u1ea5t xa, v\u00ec v\u1eady n\u00f3 th\u01b0\u1eddng kh\u00f4ng c\u1ea7n ph\u1ea3i \u0111\u01b0\u1ee3c ti\u00eam tr\u1ef1c ti\u1ebfp v\u00e0o v\u1ecb tr\u00ed b\u1ecb th\u01b0\u01a1ng. Trong khi m\u1ed9t s\u1ed1 ng\u01b0\u1eddi tin r\u1eb1ng ti\u00eam n\u00f3 g\u1ea7n khu v\u1ef1c b\u1ecb th\u01b0\u01a1ng s\u1ebd mang l\u1ea1i k\u1ebft qu\u1ea3 t\u1ed1t h\u01a1n, b\u1eb1ng ch\u1ee9ng l\u00e2m s\u00e0ng cho th\u1ea5y ng\u01b0\u1ee3c l\u1ea1i. <\/p>\n<p> <strong>C\u00f4ng d\u1ee5ng c\u1ee7a Thymosin beta 4 acetate \/ Thymosin \u03b24 Acetate CAS 77591-33-4<\/strong><br \/>\n 1. Tuy\u1ebfn \u1ee9c \u03b24 v\u00e0 kh\u1ed1i u c\u00e1c nghi\u00ean c\u1ee9u \u0111\u00e3 ch\u1ec9 ra r\u1eb1ng \u03b24 acetate c\u1ee7a tuy\u1ebfn \u1ee9c c\u00f3 li\u00ean quan \u0111\u1ebfn nhi\u1ec1u lo\u1ea1i kh\u1ed1i u, bao g\u1ed3m ung th\u01b0 ru\u1ed9t k\u1ebft, u \u00e1c t\u00ednh, fibrosarcoma, ung th\u01b0 v\u00fa, ung th\u01b0 tuy\u1ebfn t\u1ee5y v\u00e0 ung th\u01b0 ph\u1ed5i,\u2026 N\u00f3 c\u00f3 th\u1ec3 k\u1ebft h\u1ee3p v\u1edbi nhi\u1ec1u y\u1ebfu t\u1ed1 \u0111\u1ec3 th\u00fac \u0111\u1ea9y kh\u1ed1i u x\u00e2m l\u1ea5n v\u00e0 di c\u0103n.<br \/>\n 2. Tuy\u1ebfn \u1ee9c \u03b24 trong s\u1eeda ch\u1eefa t\u1ed5n th\u01b0\u01a1ng tim Trong giai \u0111o\u1ea1n c\u1ea5p t\u00ednh c\u1ee7a nh\u1ed3i m\u00e1u c\u01a1 tim, m\u1ed9t s\u1ed1 l\u01b0\u1ee3ng l\u1edbn t\u1ebf b\u00e0o tim b\u1ecb ho\u1ea1i t\u1eed do thi\u1ebfu m\u00e1u c\u1ee5c b\u1ed9, d\u1eabn \u0111\u1ebfn suy gi\u1ea3m ch\u1ee9c n\u0103ng tim v\u00e0 cu\u1ed1i c\u00f9ng ti\u1ebfn tri\u1ec3n th\u00e0nh suy tim. C\u00e1c nghi\u00ean c\u1ee9u \u0111\u00e3 x\u00e1c nh\u1eadn r\u1eb1ng \u03b24 acetate tuy\u1ebfn \u1ee9c c\u00f3 t\u00e1c d\u1ee5ng b\u1ea3o v\u1ec7 t\u1ebf b\u00e0o c\u01a1 tim.<\/p>\n","protected":false},"excerpt":{"rendered":"<p>T\u00ean s\u1ea3n ph\u1ea9m: Thymosin beta 4 axetat<br \/>\n CAS: 77591-33-4<br \/>\n MF: C212H350N56O78S<br \/>\n MW: 4963.4408<br \/>\n EINECS: 1592732-453-0<br \/>\n Mol T\u1ec7p: 77591-33-4 .mol<\/p>\n","protected":false},"featured_media":2220,"comment_status":"open","ping_status":"closed","template":"","meta":{"om_disable_all_campaigns":false,"_monsterinsights_skip_tracking":false,"_monsterinsights_sitenote_active":false,"_monsterinsights_sitenote_note":"","_monsterinsights_sitenote_category":0,"site-sidebar-layout":"default","site-content-layout":"default","ast-site-content-layout":"default","site-content-style":"default","site-sidebar-style":"default","ast-global-header-display":"","ast-banner-title-visibility":"","ast-main-header-display":"","ast-hfb-above-header-display":"","ast-hfb-below-header-display":"","ast-hfb-mobile-header-display":"","site-post-title":"","ast-breadcrumbs-content":"","ast-featured-img":"","footer-sml-layout":"","ast-disable-related-posts":"","theme-transparent-header-meta":"default","adv-header-id-meta":"","stick-header-meta":"","header-above-stick-meta":"","header-main-stick-meta":"","header-below-stick-meta":"","astra-migrate-meta-layouts":"default","ast-page-background-enabled":"default","ast-page-background-meta":{"desktop":{"background-color":"","background-image":"","background-repeat":"repeat","background-position":"center center","background-size":"auto","background-attachment":"scroll","background-type":"","background-media":"","overlay-type":"","overlay-color":"","overlay-opacity":"","overlay-gradient":""},"tablet":{"background-color":"","background-image":"","background-repeat":"repeat","background-position":"center center","background-size":"auto","background-attachment":"scroll","background-type":"","background-media":"","overlay-type":"","overlay-color":"","overlay-opacity":"","overlay-gradient":""},"mobile":{"background-color":"","background-image":"","background-repeat":"repeat","background-position":"center center","background-size":"auto","background-attachment":"scroll","background-type":"","background-media":"","overlay-type":"","overlay-color":"","overlay-opacity":"","overlay-gradient":""}},"ast-content-background-meta":{"desktop":{"background-color":"var(--ast-global-color-5)","background-image":"","background-repeat":"repeat","background-position":"center center","background-size":"auto","background-attachment":"scroll","background-type":"","background-media":"","overlay-type":"","overlay-color":"","overlay-opacity":"","overlay-gradient":""},"tablet":{"background-color":"var(--ast-global-color-5)","background-image":"","background-repeat":"repeat","background-position":"center center","background-size":"auto","background-attachment":"scroll","background-type":"","background-media":"","overlay-type":"","overlay-color":"","overlay-opacity":"","overlay-gradient":""},"mobile":{"background-color":"var(--ast-global-color-5)","background-image":"","background-repeat":"repeat","background-position":"center center","background-size":"auto","background-attachment":"scroll","background-type":"","background-media":"","overlay-type":"","overlay-color":"","overlay-opacity":"","overlay-gradient":""}}},"product_brand":[],"product_cat":[524],"product_tag":[1501],"class_list":{"0":"post-8203","1":"product","2":"type-product","3":"status-publish","4":"has-post-thumbnail","6":"product_cat-peptide-khac","7":"product_tag-thymosin-beta-4-acetate-thymosin-4-acetate-cas-77591-33-4-for-lab-research-vi","8":"desktop-align-left","9":"tablet-align-left","10":"mobile-align-left","12":"first","13":"instock","14":"shipping-taxable","15":"product-type-simple"},"_links":{"self":[{"href":"https:\/\/puyapeptide.net\/vi\/wp-json\/wp\/v2\/product\/8203","targetHints":{"allow":["GET"]}}],"collection":[{"href":"https:\/\/puyapeptide.net\/vi\/wp-json\/wp\/v2\/product"}],"about":[{"href":"https:\/\/puyapeptide.net\/vi\/wp-json\/wp\/v2\/types\/product"}],"replies":[{"embeddable":true,"href":"https:\/\/puyapeptide.net\/vi\/wp-json\/wp\/v2\/comments?post=8203"}],"wp:featuredmedia":[{"embeddable":true,"href":"https:\/\/puyapeptide.net\/vi\/wp-json\/wp\/v2\/media\/2220"}],"wp:attachment":[{"href":"https:\/\/puyapeptide.net\/vi\/wp-json\/wp\/v2\/media?parent=8203"}],"wp:term":[{"taxonomy":"product_brand","embeddable":true,"href":"https:\/\/puyapeptide.net\/vi\/wp-json\/wp\/v2\/product_brand?post=8203"},{"taxonomy":"product_cat","embeddable":true,"href":"https:\/\/puyapeptide.net\/vi\/wp-json\/wp\/v2\/product_cat?post=8203"},{"taxonomy":"product_tag","embeddable":true,"href":"https:\/\/puyapeptide.net\/vi\/wp-json\/wp\/v2\/product_tag?post=8203"}],"curies":[{"name":"wp","href":"https:\/\/api.w.org\/{rel}","templated":true}]}}