{"id":8207,"date":"2021-12-16T12:24:46","date_gmt":"2021-12-16T17:24:46","guid":{"rendered":"https:\/\/puyapeptide.net\/product\/thymosin-%ce%b11-thymosin-%ce%b11-acetatethymosin-alpha-1-cas-162304-98-7-de-dieu-tri-viem-gan-b-man-tinh-va-tang-cuong-he-thong-mien-dich\/"},"modified":"2021-12-16T12:24:46","modified_gmt":"2021-12-16T17:24:46","slug":"thymosin-%ce%b11-thymosin-%ce%b11-acetatethymosin-alpha-1-cas-162304-98-7-de-dieu-tri-viem-gan-b-man-tinh-va-tang-cuong-he-thong-mien-dich","status":"publish","type":"product","link":"https:\/\/puyapeptide.net\/vi\/product\/thymosin-%ce%b11-thymosin-%ce%b11-acetatethymosin-alpha-1-cas-162304-98-7-de-dieu-tri-viem-gan-b-man-tinh-va-tang-cuong-he-thong-mien-dich\/","title":{"rendered":"Thymosin \u03b11 \/ Thymosin \u03b11 \/ AcetateThymosin Alpha 1 CAS 162304-98-7 \u0110\u1ec3 \u0110i\u1ec1u tr\u1ecb vi\u00eam gan B m\u00e3n t\u00ednh v\u00e0 t\u0103ng c\u01b0\u1eddng h\u1ec7 th\u1ed1ng mi\u1ec5n d\u1ecbch"},"content":{"rendered":"<h2><strong>Thymosin \u03b11 \/ Thymosin \u03b11 \/ AcetateThymosin Alpha 1 CAS 162304-98-7 \u0110\u1ec3 \u0110i\u1ec1u tr\u1ecb vi\u00eam gan B m\u00e3n t\u00ednh v\u00e0 t\u0103ng c\u01b0\u1eddng h\u1ec7 th\u1ed1ng mi\u1ec5n d\u1ecbch<\/strong><\/h2>\n<p> T\u00ean s\u1ea3n ph\u1ea9m: Thymosin \u03b11<br \/>\n Tr\u00ecnh t\u1ef1: Ac-Ser-Asp-Ala-Ala-Val-Asp-Thr-Ser-Ser-Glu-Ile-Thr-Thr-Lys-Asp-Leu-Lys-Glu -Lys-Glu-Val-Glu-Glu-Ala-Glu-Ala-Glu-Asn-OH<br \/>\n T\u1eeb \u0111\u1ed3ng ngh\u0129a: THYMOSIN ALPHA 1; THYMOSIN ALPHA1 BOVINE; THYMOSIN APHA 1; ZADAXIN; Thymosin \u03b11 Acetate; Thymosin \u03b1Acetate mu\u1ed1i; Thymosin \u03b1Acetate mu\u1ed1i; Mu\u1ed1i axetat; Thymosin \u03b1 1 axetat (Thymalfasin)<br \/>\n CAS: 62304-98-7<br \/>\n MF: C129H215N33O55<br \/>\n MW: 3108.32<br \/>\n EINECS: 1592732-453-0<br \/>\n Danh m\u1ee5c s\u1ea3n ph\u1ea9m: Axit amin C\u00e1c d\u1eabn xu\u1ea5t; Peptide; C\u00e1c Peptide kh\u00e1c nhau<br \/>\n Mol File: 62304-98-7.mol <\/p>\n<p> Thymosin-\u03b11 (T-\u03b11), m\u1ed9t peptide t\u1ed5ng h\u1ee3p 28 axit amin v\u1edbi nhi\u1ec1u ho\u1ea1t \u0111\u1ed9ng sinh h\u1ecdc ch\u1ee7 y\u1ebfu h\u01b0\u1edbng \u0111\u1ebfn ph\u1ea3n \u1ee9ng mi\u1ec5n d\u1ecbch t\u0103ng c\u01b0\u1eddng, thu\u1ed1c n\u00e0y \u0111\u01b0\u1ee3c s\u1eed d\u1ee5ng \u0111\u1ec3 \u0111i\u1ec1u tr\u1ecb nhi\u1ec5m tr\u00f9ng HBV v\u00e0 virus vi\u00eam gan C (HCV), v\u00e0 \u0111\u01b0\u1ee3c ph\u00e1t tri\u1ec3n \u0111\u1ec3 \u0111i\u1ec1u tr\u1ecb ung th\u01b0 ph\u1ed5i kh\u00f4ng t\u1ebf b\u00e0o nh\u1ecf (NSCLC), ung th\u01b0 bi\u1ec3u m\u00f4 t\u1ebf b\u00e0o gan, AIDS v\u00e0 u \u00e1c t\u00ednh. T-\u03b11 c\u00f3 th\u1ec3 t\u0103ng c\u01b0\u1eddng ho\u1ea1t \u0111\u1ed9ng c\u1ee7a c\u00e1c cytokine v\u00e0 c\u0169ng l\u00e0m gi\u1ea3m \u0111\u1ed9c t\u00ednh huy\u1ebft h\u1ecdc c\u1ee7a li\u1ec7u ph\u00e1p \u0111i\u1ec1u tr\u1ecb b\u1eb1ng thu\u1ed1c g\u00e2y \u0111\u1ed9c t\u1ebf b\u00e0o, ch\u1eb3ng h\u1ea1n nh\u01b0 cyclophosphamide, 5-fluorouracil, dacarbazine. <\/p>\n<p> <strong>Thymosin \u03b11 \/ Thymosin \u03b11 \/ AcetateThymosin Alpha 1 CAS 162304- 98-7 T\u00ednh ch\u1ea5t h\u00f3a h\u1ecdc<\/strong><br \/>\n \u0110i\u1ec3m s\u00f4i 2899,7 \u00b1 65,0 \u00b0 C (D\u1ef1 \u0111o\u00e1n)<br \/>\n t\u1ef7 tr\u1ecdng 1.360 \u00b1 0,06 g \/ cm3 (D\u1ef1 \u0111o\u00e1n)<br \/>\n nhi\u1ec7t \u0111\u1ed9 b\u1ea3o qu\u1ea3n. \u0110\u1ed9 h\u00f2a tan \u221220 \u00b0 C<br \/>\n N\u00ean ho\u00e0n nguy\u00ean Thymosin a1 \u0111\u00f4ng kh\u00f4 trong 18M\u03a9-cm H2O v\u00f4 tr\u00f9ng kh\u00f4ng d\u01b0\u1edbi 100 \u03bcg \/ ml, sau \u0111\u00f3 c\u00f3 th\u1ec3 pha lo\u00e3ng th\u00eam th\u00e0nh c\u00e1c dung d\u1ecbch n\u01b0\u1edbc kh\u00e1c.<br \/>\n M\u00e0u Sterile Filtered White \u0111\u00f4ng kh\u00f4 (\u0111\u00f4ng kh\u00f4) d\u1ea1ng b\u1ed9t.<br \/>\n T\u00ednh \u1ed5n \u0111\u1ecbnh: Thymosin a1 \u0111\u00f4ng kh\u00f4 m\u1eb7c d\u00f9 \u1ed5n \u0111\u1ecbnh \u1edf nhi\u1ec7t \u0111\u1ed9 ph\u00f2ng trong 3 tu\u1ea7n, n\u00ean \u0111\u01b0\u1ee3c b\u1ea3o qu\u1ea3n trong kh\u00f4 d\u01b0\u1edbi -18 \u00b0 C. Sau khi pha Thymalfasin n\u00ean \u0111\u01b0\u1ee3c b\u1ea3o qu\u1ea3n \u1edf 4 \u00b0 C t\u1eeb 2-7 ng\u00e0y v\u00e0 \u0111\u1ec3 s\u1eed d\u1ee5ng trong t\u01b0\u01a1ng lai d\u01b0\u1edbi -18 \u00b0 C.<br \/>\n \u0110\u1ec3 b\u1ea3o qu\u1ea3n l\u00e2u d\u00e0i, n\u00ean th\u00eam protein mang (0,1% HSA ho\u1eb7c BSA). &lt;&amp; &gt; H\u00e3y ng\u0103n ch\u1eb7n chu k\u1ef3 \u0111\u00f4ng l\u1ea1nh-r\u00e3 \u0111\u00f4ng. <\/p>\n<p> <strong>Ch\u1ee9c n\u0103ng v\u00e0 \u1ee9ng d\u1ee5ng c\u1ee7a Thymosin \u03b11 \/ Thymosin \u03b11 \/ AcetateThymosin Alpha 1 CAS 162304-98-7<\/strong><br \/>\n Thymosin \u03b11 l\u00e0 m\u1ed9t thymosin \u03b11 \u0111\u01b0\u1ee3c t\u1ed5ng h\u1ee3p h\u00f3a h\u1ecdc gi\u1ed1ng v\u1edbi thymosin c\u1ee7a ng\u01b0\u1eddi \u03b11. Thymosin \u03b11 l\u00e0 m\u1ed9t polypeptit \u0111\u01b0\u1ee3c acetyl h\u00f3a. Thymosin \u03b11 hi\u1ec7n \u0111\u00e3 \u0111\u01b0\u1ee3c ph\u00ea duy\u1ec7t \u0111\u1ec3 \u0111i\u1ec1u tr\u1ecb vi\u00eam gan B v\u00e0 C \u1edf 35 qu\u1ed1c gia \u0111ang ph\u00e1t tri\u1ec3n. Ngo\u00e0i ra, thymosin \u03b11 c\u00f2n \u0111\u01b0\u1ee3c s\u1eed d\u1ee5ng \u0111\u1ec3 t\u0103ng c\u01b0\u1eddng ph\u1ea3n \u1ee9ng mi\u1ec5n d\u1ecbch trong \u0111i\u1ec1u tr\u1ecb c\u00e1c b\u1ec7nh kh\u00e1c. <\/p>\n<p> <strong>Thymosin alpha 1 L\u1ee3i \u00edch<\/strong><br \/>\n Thymalfasin (thymosin-alpha 1) l\u00e0 m\u1ed9t ch\u1ea5t \u0111i\u1ec1u h\u00f2a mi\u1ec5n d\u1ecbch c\u00f3 th\u1ec3 t\u0103ng c\u01b0\u1eddng ph\u1ea3n \u1ee9ng mi\u1ec5n d\u1ecbch Thl. In vitro: li\u00ean h\u1ee3p thymalfasin (T\u03b11) v\u1edbi iRGD b\u1ea3o t\u1ed3n ho\u1ea1t t\u00ednh \u0111i\u1ec1u h\u00f2a mi\u1ec5n d\u1ecbch c\u1ee7a thu\u1ed1c b\u1eb1ng c\u00e1ch t\u0103ng sinh t\u1ebf b\u00e0o lympho \u1edf l\u00e1 l\u00e1ch chu\u1ed9t. H\u01a1n n\u1eefa, so v\u1edbi \u0111i\u1ec1u tr\u1ecb T\u03b11, \u0111i\u1ec1u tr\u1ecb T\u03b11-iRGD t\u1ebf b\u00e0o MCF-7 l\u00e0m t\u0103ng \u0111\u00e1ng k\u1ec3 s\u1ed1 l\u01b0\u1ee3ng t\u1ebf b\u00e0o \u0111ang tr\u1ea3i qua qu\u00e1 tr\u00ecnh apoptosis, d\u1eabn \u0111\u1ebfn \u1ee9c ch\u1ebf s\u1ef1 ph\u00e1t tri\u1ec3n c\u1ee7a t\u1ebf b\u00e0o ung th\u01b0 ph\u1ee5 thu\u1ed9c v\u00e0o li\u1ec1u l\u01b0\u1ee3ng. <\/p>\n<p> In vivo: Thymalfasin \u0111\u00e3 \u0111\u01b0\u1ee3c ch\u1ee9ng minh l\u00e0 c\u00f3 hi\u1ec7u qu\u1ea3 trong nhi\u1ec1u m\u00f4 h\u00ecnh th\u1eed nghi\u1ec7m v\u1ec1 r\u1ed1i lo\u1ea1n ch\u1ee9c n\u0103ng mi\u1ec5n d\u1ecbch, ch\u1ee7 y\u1ebfu l\u00e0 c\u00e1c b\u1ec7nh truy\u1ec1n nhi\u1ec5m nh\u01b0 vi\u00eam gan (chim g\u00f5 ki\u1ebfn) v\u00e0 c\u00fam (chu\u1ed9t), v\u00e0 ung th\u01b0 nh\u01b0 u \u00e1c t\u00ednh (chu\u1ed9t) v\u00e0 \u0111\u1ea1i tr\u1ef1c tr\u00e0ng ung th\u01b0 bi\u1ec3u m\u00f4 (chu\u1ed9t) n\u01a1i thymalfasin \u0111\u00e3 cho th\u1ea5y t\u00e1c d\u1ee5ng ch\u1ed1ng kh\u1ed1i u. <\/p>\n<p> <strong>Thymosin alpha 1 Li\u1ec1u l\u01b0\u1ee3ng<\/strong><br \/>\n \u0110i\u1ec1u n\u00e0y ph\u1ee5 thu\u1ed9c v\u00e0o tr\u1ecdng l\u01b0\u1ee3ng c\u01a1 th\u1ec3 c\u1ee7a b\u1ea1n. T\u1ea5t c\u1ea3 c\u00e1c nghi\u00ean c\u1ee9u \u0111\u01b0\u1ee3c th\u1ef1c hi\u1ec7n cho \u0111\u1ebfn nay \u0111\u1ec1u s\u1eed d\u1ee5ng c\u00e1c nghi\u00ean c\u1ee9u v\u1ec1 lo\u00e0i g\u1eb7m nh\u1ea5m, chu\u1ed9t c\u1ed1ng v\u00e0 chu\u1ed9t nh\u1eaft th\u01b0\u1eddng \u0111\u01b0\u1ee3c ti\u00eam v\u1edbi li\u1ec1u l\u01b0\u1ee3ng hi\u1ec7u qu\u1ea3 \u0111\u01b0\u1ee3c cho l\u00e0 kho\u1ea3ng 10 \u03bcg (mcg) tr\u00ean m\u1ed7i KG, \u1edf ng\u01b0\u1eddi, li\u1ec1u l\u01b0\u1ee3ng t\u01b0\u01a1ng \u0111\u01b0\u01a1ng kho\u1ea3ng 1,6 \u03bcg. tr\u00ean m\u1ed7i KG \u1edf ng\u01b0\u1eddi, v\u00ec v\u1eady n\u1ebfu b\u1ea1n l\u00e0: <\/p>\n<p> 60 KG (132 lb.) th\u00ec li\u1ec1u u\u1ed1ng BPC-157 l\u00fd t\u01b0\u1edfng h\u00e0ng ng\u00e0y c\u1ee7a b\u1ea1n s\u1ebd l\u00e0 96 \u03bcg (mcg)<br \/>\n 70 KG (154 lb.) = &gt; 112 \u03bcg<br \/>\n 80 KG (176 lb.) =&gt; 128 \u03bcg<br \/>\n 90 KG (198 lb.) =&gt; 144 \u03bcg<\/p>\n","protected":false},"excerpt":{"rendered":"<p>T\u00ean s\u1ea3n ph\u1ea9m: Thymosin \u03b11<br \/>\n CAS: 62304-98-7<br \/>\n MF: C129H215N33O55<br \/>\n MW: 3108.32<br \/>\n EINECS: 1592732-453-0<br \/>\n Mol T\u1ec7p: 62304-98-7.mol<\/p>\n","protected":false},"featured_media":2115,"comment_status":"open","ping_status":"closed","template":"","meta":{"om_disable_all_campaigns":false,"_monsterinsights_skip_tracking":false,"_monsterinsights_sitenote_active":false,"_monsterinsights_sitenote_note":"","_monsterinsights_sitenote_category":0,"site-sidebar-layout":"default","site-content-layout":"default","ast-site-content-layout":"default","site-content-style":"default","site-sidebar-style":"default","ast-global-header-display":"","ast-banner-title-visibility":"","ast-main-header-display":"","ast-hfb-above-header-display":"","ast-hfb-below-header-display":"","ast-hfb-mobile-header-display":"","site-post-title":"","ast-breadcrumbs-content":"","ast-featured-img":"","footer-sml-layout":"","ast-disable-related-posts":"","theme-transparent-header-meta":"default","adv-header-id-meta":"","stick-header-meta":"","header-above-stick-meta":"","header-main-stick-meta":"","header-below-stick-meta":"","astra-migrate-meta-layouts":"default","ast-page-background-enabled":"default","ast-page-background-meta":{"desktop":{"background-color":"","background-image":"","background-repeat":"repeat","background-position":"center center","background-size":"auto","background-attachment":"scroll","background-type":"","background-media":"","overlay-type":"","overlay-color":"","overlay-opacity":"","overlay-gradient":""},"tablet":{"background-color":"","background-image":"","background-repeat":"repeat","background-position":"center center","background-size":"auto","background-attachment":"scroll","background-type":"","background-media":"","overlay-type":"","overlay-color":"","overlay-opacity":"","overlay-gradient":""},"mobile":{"background-color":"","background-image":"","background-repeat":"repeat","background-position":"center center","background-size":"auto","background-attachment":"scroll","background-type":"","background-media":"","overlay-type":"","overlay-color":"","overlay-opacity":"","overlay-gradient":""}},"ast-content-background-meta":{"desktop":{"background-color":"var(--ast-global-color-5)","background-image":"","background-repeat":"repeat","background-position":"center center","background-size":"auto","background-attachment":"scroll","background-type":"","background-media":"","overlay-type":"","overlay-color":"","overlay-opacity":"","overlay-gradient":""},"tablet":{"background-color":"var(--ast-global-color-5)","background-image":"","background-repeat":"repeat","background-position":"center center","background-size":"auto","background-attachment":"scroll","background-type":"","background-media":"","overlay-type":"","overlay-color":"","overlay-opacity":"","overlay-gradient":""},"mobile":{"background-color":"var(--ast-global-color-5)","background-image":"","background-repeat":"repeat","background-position":"center center","background-size":"auto","background-attachment":"scroll","background-type":"","background-media":"","overlay-type":"","overlay-color":"","overlay-opacity":"","overlay-gradient":""}}},"product_brand":[],"product_cat":[370],"product_tag":[1471],"class_list":{"0":"post-8207","1":"product","2":"type-product","3":"status-publish","4":"has-post-thumbnail","6":"product_cat-peptide-mo-phong-mien-dich","7":"product_tag-thymosin-1-thymosin-1-acetatethymosin-alpha-1-cas-162304-98-7-for-treat-chronic-hepatitis-b-and-boosting-the-immune-system-vi","8":"desktop-align-left","9":"tablet-align-left","10":"mobile-align-left","12":"first","13":"instock","14":"shipping-taxable","15":"product-type-simple"},"_links":{"self":[{"href":"https:\/\/puyapeptide.net\/vi\/wp-json\/wp\/v2\/product\/8207","targetHints":{"allow":["GET"]}}],"collection":[{"href":"https:\/\/puyapeptide.net\/vi\/wp-json\/wp\/v2\/product"}],"about":[{"href":"https:\/\/puyapeptide.net\/vi\/wp-json\/wp\/v2\/types\/product"}],"replies":[{"embeddable":true,"href":"https:\/\/puyapeptide.net\/vi\/wp-json\/wp\/v2\/comments?post=8207"}],"wp:featuredmedia":[{"embeddable":true,"href":"https:\/\/puyapeptide.net\/vi\/wp-json\/wp\/v2\/media\/2115"}],"wp:attachment":[{"href":"https:\/\/puyapeptide.net\/vi\/wp-json\/wp\/v2\/media?parent=8207"}],"wp:term":[{"taxonomy":"product_brand","embeddable":true,"href":"https:\/\/puyapeptide.net\/vi\/wp-json\/wp\/v2\/product_brand?post=8207"},{"taxonomy":"product_cat","embeddable":true,"href":"https:\/\/puyapeptide.net\/vi\/wp-json\/wp\/v2\/product_cat?post=8207"},{"taxonomy":"product_tag","embeddable":true,"href":"https:\/\/puyapeptide.net\/vi\/wp-json\/wp\/v2\/product_tag?post=8207"}],"curies":[{"name":"wp","href":"https:\/\/api.w.org\/{rel}","templated":true}]}}