{"id":8285,"date":"2021-12-16T13:20:55","date_gmt":"2021-12-16T18:20:55","guid":{"rendered":"https:\/\/puyapeptide.net\/product\/chat-luong-cao-peptide-somatostatin-acetate-15-28-somatostatin-28-cas-38916-34-6\/"},"modified":"2021-12-16T13:20:55","modified_gmt":"2021-12-16T18:20:55","slug":"chat-luong-cao-peptide-somatostatin-acetate-15-28-somatostatin-28-cas-38916-34-6","status":"publish","type":"product","link":"https:\/\/puyapeptide.net\/vi\/product\/chat-luong-cao-peptide-somatostatin-acetate-15-28-somatostatin-28-cas-38916-34-6\/","title":{"rendered":"Ch\u1ea5t l\u01b0\u1ee3ng cao Peptide Somatostatin Acetate \/ 15-28-Somatostatin-28 CAS 38916-34-6"},"content":{"rendered":"<h2><strong>Ch\u1ea5t l\u01b0\u1ee3ng cao Peptide Somatostatin Acetate \/ 15-28-Somatostatin-28 CAS 38916-34-6<\/strong><\/h2>\n<p> T\u00ean s\u1ea3n ph\u1ea9m: Somatostatin Acetate \/ 15-28-Somatostatin-28<br \/>\n T\u1eeb \u0111\u1ed3ng ngh\u0129a: Ala-Gly-Cys-Lys-Asn-Phe-Phe-Trp-Lys-Thr-Phe-Thr-Ser-Cys-OH ; Y\u1ebfu t\u1ed1 \u1ee9c ch\u1ebf gi\u1ea3i ph\u00f3ng SoMatotropin, SRIF, SRIF-14; Somatostatin tu\u1ea7n ho\u00e0n; SoMatostatin Acetat; Y\u1ebeU T\u1ed0 T\u0102NG TR\u01af\u1edeNG HORMONE INHIBITING (CON NG\u01af\u1edcI, OVINE, PORCINE, RAT, MOUSE); S\u1eeeA T\u0102NG TR\u01af\u1edeNG, NH\u00c2N T\u1ed0 T\u0102NG TR\u01af\u1edeNG HORMONE, INHIBITING CHU\u1ed8T) 2ACOH 6H2O; H-ALA-GLY-CYS-LYS-ASN-PHE-PHE-TRP-LYS-THR-PHE-THR-SER-CYS-OH; H-ALA-GLY-CYS-LYS-ASN-PHE -PHE-TRP-LYS-THR-PHE-THR-SER-CYS-OH (COUPLED TO BSA)<br \/>\n CAS: 38916-34-6<br \/>\n MF: C76H104N18O19S2<br \/>\n MW: 1637,88<br \/>\n EINECS: 254-186-5<br \/>\n Danh m\u1ee5c s\u1ea3n ph\u1ea9m: D\u1eabn xu\u1ea5t axit amin; Axit amin &amp; d\u1eabn xu\u1ea5t; Peptide; Axit amin 13C, 2H, 15N; Ch\u1ea5t trung gian &amp; H\u00f3a ch\u1ea5t t\u1ed1t; D\u01b0\u1ee3c ph\u1ea9m; peptit d\u01b0\u1ee3c ph\u1ea9m<br \/>\n Mol File: 38916-34-6 .mol <\/p>\n<p> Somatostatin l\u00e0 m\u1ed9t chu\u1ed7i 14 peptit \u0111\u01b0\u1ee3c Guillemin ph\u00e2n l\u1eadp l\u1ea7n \u0111\u1ea7u ti\u00ean v\u00e0o n\u0103m 1973 v\u00e0 c\u00f3 l\u1ebd l\u00e0 y\u1ebfu t\u1ed1 \u0111\u01b0\u1ee3c nghi\u00ean c\u1ee9u k\u1ef9 l\u01b0\u1ee1ng nh\u1ea5t v\u00e0 quan tr\u1ecdng nh\u1ea5t trong s\u1ed1 c\u00e1c y\u1ebfu t\u1ed1 \u1ee9c ch\u1ebf \u0111\u01b0\u1ee3c t\u1ea1o ra b\u1edfi v\u00f9ng d\u01b0\u1edbi. lamus. Ho\u1ea1t \u0111\u1ed9ng ch\u00ednh c\u1ee7a somatostatin, c\u00f3 ngu\u1ed3n g\u1ed1c t\u1eeb v\u00f9ng d\u01b0\u1edbi \u0111\u1ed3i, l\u00e0 \u1ee9c ch\u1ebf gi\u1ea3i ph\u00f3ng hormone t\u0103ng tr\u01b0\u1edfng (GH) t\u1eeb th\u00f9y tr\u01b0\u1edbc tuy\u1ebfn y\u00ean. Qu\u00e1 nhi\u1ec1u GH, nh\u01b0 trong c\u00e1c kh\u1ed1i u tuy\u1ebfn y\u00ean, g\u00e2y ra ch\u1ee9ng to c\u1ef1c, m\u1ed9t d\u1ea1ng c\u1ee7a ch\u1ee9ng kh\u1ed5ng l\u1ed3. M\u1eb7t kh\u00e1c, GH qu\u00e1 \u00edt s\u1ebd d\u1eabn \u0111\u1ebfn ch\u1ee9ng l\u00f9n. Somatostatin c\u0169ng \u0111\u01b0\u1ee3c t\u00ecm th\u1ea5y trong tuy\u1ebfn t\u1ee5y v\u00e0 \u0111\u01b0\u1eddng ti\u00eau h\u00f3a, n\u01a1i n\u00f3 \u1ee9c ch\u1ebf s\u1ef1 b\u00e0i ti\u1ebft c\u1ee7a c\u1ea3 insulin v\u00e0 glucagon t\u1eeb tuy\u1ebfn t\u1ee5y c\u0169ng nh\u01b0 s\u1ef1 b\u00e0i ti\u1ebft c\u1ee7a nhi\u1ec1u lo\u1ea1i peptit trong ru\u1ed9t (v\u00ed d\u1ee5 nh\u01b0 gastrin, secrettin, pepsin v\u00e0 renin). Th\u1eddi gian b\u00e1n h\u1ee7y ng\u1eafn c\u1ee7a somatostatin, d\u01b0\u1edbi 3 ph\u00fat, \u0111\u00e3 lo\u1ea1i tr\u1eeb vi\u1ec7c s\u1eed d\u1ee5ng n\u00f3 nh\u01b0 m\u1ed9t t\u00e1c nh\u00e2n \u0111i\u1ec1u tr\u1ecb. Nhi\u1ec1u d\u1eabn xu\u1ea5t c\u1ee7a somatostatin \u0111\u00e3 \u0111\u01b0\u1ee3c \u0111i\u1ec1u ch\u1ebf \u0111\u1ec3 t\u0103ng th\u1eddi gian t\u00e1c d\u1ee5ng v\u00e0 \/ ho\u1eb7c n\u00e2ng cao t\u00ednh ch\u1ecdn l\u1ecdc t\u00e1c d\u1ee5ng c\u1ee7a n\u00f3. \u0110\u1ec9nh cao c\u1ee7a c\u00e1c nghi\u00ean c\u1ee9u c\u1ea5u tr\u00fac-ho\u1ea1t \u0111\u1ed9ng n\u00e0y l\u00e0 s\u1ef1 ph\u00e1t tri\u1ec3n c\u1ee7a octreotide acetate. <\/p>\n<p> Ngo\u00e0i v\u00f9ng d\u01b0\u1edbi \u0111\u1ed3i, c\u00e1c b\u1ed9 ph\u1eadn kh\u00e1c nh\u01b0 v\u1ecf n\u00e3o, th\u1ec3 v\u00e2n, h\u1ea1ch h\u1ea1nh nh\u00e2n, h\u1ed3i h\u1ea3i m\u00e3 v\u00e0 t\u1ee7y s\u1ed1ng, th\u1ea7n kinh giao c\u1ea3m, \u0111\u01b0\u1eddng ti\u00eau h\u00f3a, \u0111\u1ea3o, th\u1eadn, tuy\u1ebfn gi\u00e1p v\u00e0 tuy\u1ebfn c\u1eadn gi\u00e1p ph\u00e2n b\u1ed1 r\u1ed9ng r\u00e3i trong somatostatin. Trong n\u00e3o v\u00e0 \u0111\u01b0\u1eddng ti\u00eau h\u00f3a, 28 axit amin c\u1ee7a GHRIH28, l\u00e0 ph\u1ea7n m\u1edf r\u1ed9ng ra b\u00ean ngo\u00e0i c\u1ee7a \u0111\u1ea7u t\u1eadn c\u00f9ng N c\u1ee7a GHRIH14, \u0111\u00e3 \u0111\u01b0\u1ee3c thanh l\u1ecdc. T\u00e1c d\u1ee5ng c\u1ee7a somatostatin in vitro r\u1ea5t ph\u1ee9c t\u1ea1p v\u00e0 n\u00f3 c\u00f3 th\u1ec3 ho\u1ea1t \u0111\u1ed9ng nh\u01b0 m\u1ed9t ch\u1ea5t d\u1eabn truy\u1ec1n ho\u1eb7c \u0111i\u1ec1u bi\u1ebfn trong h\u1ec7 th\u1ea7n kinh; somatostatin c\u00f3 t\u00e1c d\u1ee5ng \u1ee9c ch\u1ebf nh\u1ea5t \u0111\u1ecbnh nhu \u0111\u1ed9ng \u0111\u01b0\u1eddng ti\u00eau h\u00f3a v\u00e0 b\u00e0i ti\u1ebft hormone \u0111\u01b0\u1eddng ti\u00eau h\u00f3a; n\u00f3 c\u0169ng \u1ee9c ch\u1ebf insulin v\u00e0 tuy\u1ebfn t\u1ee5y ti\u1ebft Glucagon, renin, hormone tuy\u1ebfn c\u1eadn gi\u00e1p v\u00e0 ti\u1ebft calcitonin. <\/p>\n<p> <strong>Somatostatin Acetate \/ 15-28-Somatostatin-28 CAS 38916-34-6 T\u00ednh ch\u1ea5t h\u00f3a h\u1ecdc<\/strong><br \/>\n 15-28-Somatostatin-28 T\u00ednh ch\u1ea5t h\u00f3a h\u1ecdc<br \/>\n \u0110i\u1ec3m s\u00f4i 1970,9 \u00b1 65,0 \u00b0 C (D\u1ef1 \u0111o\u00e1n)<br \/>\n t\u1ef7 tr\u1ecdng 1,43 \u00b1 0,1 g \/ cm3 (D\u1ef1 \u0111o\u00e1n)<br \/>\n nhi\u1ec7t \u0111\u1ed9 b\u1ea3o qu\u1ea3n. \u221220 \u00b0 C<br \/>\n \u0111\u1ed9 h\u00f2a tan H2O: 1 mg \/ mL<br \/>\n pka 2,94 \u00b1 0,70 (D\u1ef1 \u0111o\u00e1n)<br \/>\n d\u1ea1ng b\u1ed9t<br \/>\n \u0110\u1ed9 h\u00f2a tan trong n\u01b0\u1edbc H\u00f2a tan trong n\u01b0\u1edbc (25,00 \u00b0 C 1,00 g \/ L) , Methanol.<br \/>\n Merck 13,8788<br \/>\n BRN 6436064<br \/>\n InChIKey NHXLMOGPVYXJNR-ATOGVRKGSA-N <\/p>\n<p> <strong>Ch\u1ee9c n\u0103ng v\u00e0 \u1ee9ng d\u1ee5ng c\u1ee7a Somatostatin Acetate \/ 15-28-Somatostatin-28 CAS<\/strong> &lt;&amp; &gt;<br \/>\n 1 N\u00f3 c\u00f3 th\u1ec3 \u1ee9c ch\u1ebf s\u1ef1 b\u00e0i ti\u1ebft hormone t\u0103ng tr\u01b0\u1edfng, hormone k\u00edch th\u00edch tuy\u1ebfn gi\u00e1p, insulin, glucagon. <\/p>\n<p> 2 N\u00f3 c\u00f3 th\u1ec3 \u1ee9c ch\u1ebf b\u00e0i ti\u1ebft axit d\u1ea1 d\u00e0y \u0111\u01b0\u1ee3c k\u00edch th\u00edch b\u1edfi th\u1ee9c \u0103n th\u1eed nghi\u1ec7m v\u00e0 5-peptide gastrin, v\u00e0 c\u00f3 th\u1ec3 \u1ee9c ch\u1ebf gi\u1ea3i ph\u00f3ng pepsin v\u00e0 gastrin. <\/p>\n<p> 3 N\u00f3 c\u00f3 th\u1ec3 l\u00e0m gi\u1ea3m \u0111\u00e1ng k\u1ec3 l\u01b0u l\u01b0\u1ee3ng m\u00e1u n\u1ed9i t\u1ea1ng, gi\u1ea3m \u00e1p l\u1ef1c c\u1eeda, gi\u1ea3m l\u01b0u l\u01b0\u1ee3ng m\u00e1u v\u00e0 \u00e1p l\u1ef1c tu\u1ea7n ho\u00e0n b\u00e0ng h\u1ec7, gi\u1ea3m l\u01b0u l\u01b0\u1ee3ng m\u00e1u gan. <\/p>\n<p> 4 N\u00f3 l\u00e0m gi\u1ea3m b\u00e0i ti\u1ebft c\u1ee7a tuy\u1ebfn t\u1ee5y v\u00e0 s\u1ef1 b\u00e0i ti\u1ebft c\u1ee7a ru\u1ed9t non v\u00e0 t\u00fai m\u1eadt, l\u00e0m gi\u1ea3m ho\u1ea1t \u0111\u1ed9ng c\u1ee7a enzym, v\u00e0 c\u00f3 t\u00e1c d\u1ee5ng b\u1ea3o v\u1ec7 t\u1ebf b\u00e0o tuy\u1ebfn t\u1ee5y. <\/p>\n<p> 5 N\u00f3 c\u00f3 th\u1ec3 \u1ea3nh h\u01b0\u1edfng \u0111\u1ebfn s\u1ef1 h\u1ea5p thu v\u00e0 ch\u1ee9c n\u0103ng dinh d\u01b0\u1ee1ng c\u1ee7a \u0111\u01b0\u1eddng ti\u00eau h\u00f3a.<\/p>\n","protected":false},"excerpt":{"rendered":"<p>T\u00ean s\u1ea3n ph\u1ea9m: Somatostatin Acetate \/ 15-28-Somatostatin-28<br \/>\n CAS: 38916-34-6<br \/>\n MF: C76H104N18O19S2<br \/>\n MW: 1637.88<br \/>\n EINECS: 254-186-5<br \/>\n Mol File : 38916-34-6.mol<\/p>\n","protected":false},"featured_media":2136,"comment_status":"open","ping_status":"closed","template":"","meta":{"om_disable_all_campaigns":false,"_monsterinsights_skip_tracking":false,"_monsterinsights_sitenote_active":false,"_monsterinsights_sitenote_note":"","_monsterinsights_sitenote_category":0,"site-sidebar-layout":"default","site-content-layout":"default","ast-site-content-layout":"default","site-content-style":"default","site-sidebar-style":"default","ast-global-header-display":"","ast-banner-title-visibility":"","ast-main-header-display":"","ast-hfb-above-header-display":"","ast-hfb-below-header-display":"","ast-hfb-mobile-header-display":"","site-post-title":"","ast-breadcrumbs-content":"","ast-featured-img":"","footer-sml-layout":"","ast-disable-related-posts":"","theme-transparent-header-meta":"default","adv-header-id-meta":"","stick-header-meta":"","header-above-stick-meta":"","header-main-stick-meta":"","header-below-stick-meta":"","astra-migrate-meta-layouts":"default","ast-page-background-enabled":"default","ast-page-background-meta":{"desktop":{"background-color":"","background-image":"","background-repeat":"repeat","background-position":"center center","background-size":"auto","background-attachment":"scroll","background-type":"","background-media":"","overlay-type":"","overlay-color":"","overlay-opacity":"","overlay-gradient":""},"tablet":{"background-color":"","background-image":"","background-repeat":"repeat","background-position":"center center","background-size":"auto","background-attachment":"scroll","background-type":"","background-media":"","overlay-type":"","overlay-color":"","overlay-opacity":"","overlay-gradient":""},"mobile":{"background-color":"","background-image":"","background-repeat":"repeat","background-position":"center center","background-size":"auto","background-attachment":"scroll","background-type":"","background-media":"","overlay-type":"","overlay-color":"","overlay-opacity":"","overlay-gradient":""}},"ast-content-background-meta":{"desktop":{"background-color":"var(--ast-global-color-5)","background-image":"","background-repeat":"repeat","background-position":"center center","background-size":"auto","background-attachment":"scroll","background-type":"","background-media":"","overlay-type":"","overlay-color":"","overlay-opacity":"","overlay-gradient":""},"tablet":{"background-color":"var(--ast-global-color-5)","background-image":"","background-repeat":"repeat","background-position":"center center","background-size":"auto","background-attachment":"scroll","background-type":"","background-media":"","overlay-type":"","overlay-color":"","overlay-opacity":"","overlay-gradient":""},"mobile":{"background-color":"var(--ast-global-color-5)","background-image":"","background-repeat":"repeat","background-position":"center center","background-size":"auto","background-attachment":"scroll","background-type":"","background-media":"","overlay-type":"","overlay-color":"","overlay-opacity":"","overlay-gradient":""}}},"product_brand":[],"product_cat":[524],"product_tag":[],"class_list":{"0":"post-8285","1":"product","2":"type-product","3":"status-publish","4":"has-post-thumbnail","6":"product_cat-peptide-khac","7":"desktop-align-left","8":"tablet-align-left","9":"mobile-align-left","11":"first","12":"instock","13":"shipping-taxable","14":"product-type-simple"},"_links":{"self":[{"href":"https:\/\/puyapeptide.net\/vi\/wp-json\/wp\/v2\/product\/8285","targetHints":{"allow":["GET"]}}],"collection":[{"href":"https:\/\/puyapeptide.net\/vi\/wp-json\/wp\/v2\/product"}],"about":[{"href":"https:\/\/puyapeptide.net\/vi\/wp-json\/wp\/v2\/types\/product"}],"replies":[{"embeddable":true,"href":"https:\/\/puyapeptide.net\/vi\/wp-json\/wp\/v2\/comments?post=8285"}],"wp:featuredmedia":[{"embeddable":true,"href":"https:\/\/puyapeptide.net\/vi\/wp-json\/wp\/v2\/media\/2136"}],"wp:attachment":[{"href":"https:\/\/puyapeptide.net\/vi\/wp-json\/wp\/v2\/media?parent=8285"}],"wp:term":[{"taxonomy":"product_brand","embeddable":true,"href":"https:\/\/puyapeptide.net\/vi\/wp-json\/wp\/v2\/product_brand?post=8285"},{"taxonomy":"product_cat","embeddable":true,"href":"https:\/\/puyapeptide.net\/vi\/wp-json\/wp\/v2\/product_cat?post=8285"},{"taxonomy":"product_tag","embeddable":true,"href":"https:\/\/puyapeptide.net\/vi\/wp-json\/wp\/v2\/product_tag?post=8285"}],"curies":[{"name":"wp","href":"https:\/\/api.w.org\/{rel}","templated":true}]}}