{"id":8312,"date":"2021-12-16T13:22:13","date_gmt":"2021-12-16T18:22:13","guid":{"rendered":"https:\/\/puyapeptide.net\/product\/chat-luong-cao-sincalide-cck-8-cas-25126-32-3-chu-yeu-duoc-su-dung-de-thuc-day-co-bop-tui-mat-thuoc-thu-chan-doan-tui-mat\/"},"modified":"2021-12-16T13:22:13","modified_gmt":"2021-12-16T18:22:13","slug":"chat-luong-cao-sincalide-cck-8-cas-25126-32-3-chu-yeu-duoc-su-dung-de-thuc-day-co-bop-tui-mat-thuoc-thu-chan-doan-tui-mat","status":"publish","type":"product","link":"https:\/\/puyapeptide.net\/vi\/product\/chat-luong-cao-sincalide-cck-8-cas-25126-32-3-chu-yeu-duoc-su-dung-de-thuc-day-co-bop-tui-mat-thuoc-thu-chan-doan-tui-mat\/","title":{"rendered":"Ch\u1ea5t l\u01b0\u1ee3ng cao Sincalide \/ CCK-8 CAS 25126-32-3 Ch\u1ee7 y\u1ebfu \u0111\u01b0\u1ee3c s\u1eed d\u1ee5ng \u0111\u1ec3 th\u00fac \u0111\u1ea9y co b\u00f3p t\u00fai m\u1eadt, thu\u1ed1c th\u1eed ch\u1ea9n \u0111o\u00e1n t\u00fai m\u1eadt"},"content":{"rendered":"<h2><strong>Ch\u1ea5t l\u01b0\u1ee3ng cao Sincalide \/ CCK-8 CAS 25126-32-3 Ch\u1ee7 y\u1ebfu \u0111\u01b0\u1ee3c s\u1eed d\u1ee5ng \u0111\u1ec3 th\u00fac \u0111\u1ea9y co b\u00f3p t\u00fai m\u1eadt, thu\u1ed1c th\u1eed ch\u1ea9n \u0111o\u00e1n t\u00fai m\u1eadt<\/strong><\/h2>\n<p> T\u00ean s\u1ea3n ph\u1ea9m: Sincalide<br \/>\n T\u1eeb \u0111\u1ed3ng ngh\u0129a: [27-TYR (SO3H)] CHOLECYSTOKININ-FRAGMENT (26-33) -AMIDE; PANCREOZYMIN C-TERMINAL OCTAPEPTIDE; SINCALIDE; (Tyr [SO3H] 27) M\u1ea3nh cholecystokinin 33 Amide; Sincalid (CCK-8); (tyr (so3H) 27)-\u0111o\u1ea1n -cholecystokinin * 26-33 amid; H-ASP-TYR (SO3H) -MET-GLY-TRP-MET-ASP-PHE-NH2; H -ASP-TYR (SO3H) -MET-GLY-TRP-MET-ASP-PHE-NH2 MU\u1ed0I AMMONIUM<br \/>\n CAS: 25126-32-3<br \/>\n MF: C49H62N10O16S3<br \/>\n MW: 1143,27<br \/>\n EINECS: 246-639-0<br \/>\n Danh m\u1ee5c s\u1ea3n ph\u1ea9m: API; hormone; Peptide; th\u1ee5 th\u1ec3 Cholecystokinin (CCK); Peptide Receptors<br \/>\n Mol File: 25126-32-3.mol <\/p>\n<p> Sincalide \/ Cholecystokinin (CCK- 8) l\u00e0 m\u1ed9t peptit trong ru\u1ed9t n\u00e3o c\u00f3 nhi\u1ec1u d\u1ea1ng ph\u00e2n t\u1eed v\u00e0 ph\u00e2n b\u1ed1 k\u00e9p, bao g\u1ed3m 33 axit amin, c\u00f3 t\u00e1c d\u1ee5ng k\u00edch th\u00edch t\u1ed1 v\u00e0 d\u1eabn truy\u1ec1n th\u1ea7n kinh. Sincalide l\u00e0 m\u1ed9t ph\u00e2n t\u1eed octapeptide, m\u1ed9t \u0111o\u1ea1n c\u1ee7a cholecystokinin, Chemicalbook c\u00f3 t\u1ea5t c\u1ea3 c\u00e1c ho\u1ea1t t\u00ednh sinh h\u1ecdc c\u1ee7a cholecystokinin, m\u1ed9t octapeptide cholecystokinin t\u1ed5ng h\u1ee3p (Octapeptide), ch\u1ee7 y\u1ebfu \u0111\u01b0\u1ee3c s\u1eed d\u1ee5ng \u0111\u1ec3 th\u00fac \u0111\u1ea9y co b\u00f3p t\u00fai m\u1eadt, thu\u1ed1c th\u1eed ch\u1ea9n \u0111o\u00e1n t\u00fai m\u1eadt, s\u1eed d\u1ee5ng l\u00e2m s\u00e0ng trong \u0111i\u1ec1u tr\u1ecb vi\u00eam t\u1ee5y m\u00e3n t\u00ednh, ph\u00e1t hi\u1ec7n ra r\u1eb1ng ch\u1ee9c n\u0103ng b\u00e0i ti\u1ebft c\u1ee7a tuy\u1ebfn t\u1ee5y \u0111\u01b0\u1ee3c c\u1ea3i thi\u1ec7n r\u00f5 r\u1ec7t, c\u00e1c tri\u1ec7u ch\u1ee9ng b\u1ec7nh thuy\u00ean gi\u1ea3m r\u00f5 r\u1ec7t. C\u00e1c tri\u1ec7u ch\u1ee9ng \u0111\u00e3 gi\u1ea3m \u0111\u00e1ng k\u1ec3. <\/p>\n<p> <strong>Sincalide \/ CCK-8 CAS 25126-32-3 T\u00ednh ch\u1ea5t h\u00f3a h\u1ecdc<\/strong><br \/>\n alpha D23 -18,4 \u00b0 (c = 0,7 trong 1N NH3)<br \/>\n m\u1eadt \u0111\u1ed9 1,440 \u00b1 0,06 g \/ cm3 (D\u1ef1 \u0111o\u00e1n)<br \/>\n nhi\u1ec7t \u0111\u1ed9 l\u01b0u tr\u1eef. -20 \u00b0 C<br \/>\n \u0111\u1ed9 h\u00f2a tan 0,05 M amoni hydroxit: 1 mg \/ mL, trong, kh\u00f4ng m\u00e0u<br \/>\n pka -4,17 \u00b1 0,18 (D\u1ef1 \u0111o\u00e1n)<br \/>\n d\u1ea1ng b\u1ed9t<br \/>\n \u0110\u1ed9 h\u00f2a tan trong n\u01b0\u1edbc H\u00f2a tan trong n\u01b0\u1edbc 1 g \/ L \u1edf 10 \u00b0 C.<br \/>\n Merck 13,8617<br \/>\n BRN 5231801 <\/p>\n<p> <strong>Sincalide \/ CCK-8 CAS 25126-32-3 T\u00ednh ch\u1ea5t h\u00f3a h\u1ecdc<\/strong><br \/>\n Sincalide \/ Cholecystokinin (CCK-8) th\u01b0\u1eddng \u0111\u01b0\u1ee3c s\u1eed d\u1ee5ng trong l\u00e2m s\u00e0ng \u0111\u1ec3 h\u1ee3p t\u00e1c v\u00e0 t\u0103ng c\u01b0\u1eddng ki\u1ec3m tra ch\u1ee9c n\u0103ng b\u00e0i ti\u1ebft c\u1ee7a t\u1ee5y v\u1edbi b\u00e0i ti\u1ebft c\u1ee7a t\u1ee5y; CCK \u0111\u01b0\u1ee3c s\u1eed d\u1ee5ng \u0111\u1ec3 thay th\u1ebf b\u1eefa \u0103n b\u00e9o trong qu\u00e1 tr\u00ecnh ch\u1ee5p \u0111\u01b0\u1eddng m\u1eadt, c\u00f3 th\u1ec3 th\u00fac \u0111\u1ea9y nhu \u0111\u1ed9ng ru\u1ed9t v\u00e0 r\u00fat ng\u1eafn th\u1eddi gian ki\u1ec3m tra b\u1eefa \u0103n bari. N\u00f3 c\u0169ng c\u00f3 th\u1ec3 \u0111\u01b0\u1ee3c s\u1eed d\u1ee5ng \u0111\u1ec3 \u0111i\u1ec1u tr\u1ecb ch\u1ee9ng li\u1ec7t ru\u1ed9t.<\/p>\n","protected":false},"excerpt":{"rendered":"<p>T\u00ean s\u1ea3n ph\u1ea9m: Sincalide<br \/>\n MF: C49H62N10O16S3<br \/>\n MW: 1143.27<br \/>\n EINECS: 246-639-0<br \/>\n Mol T\u1ec7p: 25126-32-3.mol<\/p>\n","protected":false},"featured_media":2136,"comment_status":"open","ping_status":"closed","template":"","meta":{"om_disable_all_campaigns":false,"_monsterinsights_skip_tracking":false,"_monsterinsights_sitenote_active":false,"_monsterinsights_sitenote_note":"","_monsterinsights_sitenote_category":0,"site-sidebar-layout":"default","site-content-layout":"default","ast-site-content-layout":"default","site-content-style":"default","site-sidebar-style":"default","ast-global-header-display":"","ast-banner-title-visibility":"","ast-main-header-display":"","ast-hfb-above-header-display":"","ast-hfb-below-header-display":"","ast-hfb-mobile-header-display":"","site-post-title":"","ast-breadcrumbs-content":"","ast-featured-img":"","footer-sml-layout":"","ast-disable-related-posts":"","theme-transparent-header-meta":"default","adv-header-id-meta":"","stick-header-meta":"","header-above-stick-meta":"","header-main-stick-meta":"","header-below-stick-meta":"","astra-migrate-meta-layouts":"default","ast-page-background-enabled":"default","ast-page-background-meta":{"desktop":{"background-color":"","background-image":"","background-repeat":"repeat","background-position":"center center","background-size":"auto","background-attachment":"scroll","background-type":"","background-media":"","overlay-type":"","overlay-color":"","overlay-opacity":"","overlay-gradient":""},"tablet":{"background-color":"","background-image":"","background-repeat":"repeat","background-position":"center center","background-size":"auto","background-attachment":"scroll","background-type":"","background-media":"","overlay-type":"","overlay-color":"","overlay-opacity":"","overlay-gradient":""},"mobile":{"background-color":"","background-image":"","background-repeat":"repeat","background-position":"center center","background-size":"auto","background-attachment":"scroll","background-type":"","background-media":"","overlay-type":"","overlay-color":"","overlay-opacity":"","overlay-gradient":""}},"ast-content-background-meta":{"desktop":{"background-color":"var(--ast-global-color-5)","background-image":"","background-repeat":"repeat","background-position":"center center","background-size":"auto","background-attachment":"scroll","background-type":"","background-media":"","overlay-type":"","overlay-color":"","overlay-opacity":"","overlay-gradient":""},"tablet":{"background-color":"var(--ast-global-color-5)","background-image":"","background-repeat":"repeat","background-position":"center center","background-size":"auto","background-attachment":"scroll","background-type":"","background-media":"","overlay-type":"","overlay-color":"","overlay-opacity":"","overlay-gradient":""},"mobile":{"background-color":"var(--ast-global-color-5)","background-image":"","background-repeat":"repeat","background-position":"center center","background-size":"auto","background-attachment":"scroll","background-type":"","background-media":"","overlay-type":"","overlay-color":"","overlay-opacity":"","overlay-gradient":""}}},"product_brand":[],"product_cat":[524],"product_tag":[1380,1358],"class_list":{"0":"post-8312","1":"product","2":"type-product","3":"status-publish","4":"has-post-thumbnail","6":"product_cat-peptide-khac","7":"product_tag-gallbladder-diagnostic-reagent-vi","8":"product_tag-high-quality-sincalide-cck-8-cas-25126-32-3-mainly-used-to-promote-gallbladder-contraction-vi","9":"desktop-align-left","10":"tablet-align-left","11":"mobile-align-left","13":"first","14":"instock","15":"shipping-taxable","16":"product-type-simple"},"_links":{"self":[{"href":"https:\/\/puyapeptide.net\/vi\/wp-json\/wp\/v2\/product\/8312","targetHints":{"allow":["GET"]}}],"collection":[{"href":"https:\/\/puyapeptide.net\/vi\/wp-json\/wp\/v2\/product"}],"about":[{"href":"https:\/\/puyapeptide.net\/vi\/wp-json\/wp\/v2\/types\/product"}],"replies":[{"embeddable":true,"href":"https:\/\/puyapeptide.net\/vi\/wp-json\/wp\/v2\/comments?post=8312"}],"wp:featuredmedia":[{"embeddable":true,"href":"https:\/\/puyapeptide.net\/vi\/wp-json\/wp\/v2\/media\/2136"}],"wp:attachment":[{"href":"https:\/\/puyapeptide.net\/vi\/wp-json\/wp\/v2\/media?parent=8312"}],"wp:term":[{"taxonomy":"product_brand","embeddable":true,"href":"https:\/\/puyapeptide.net\/vi\/wp-json\/wp\/v2\/product_brand?post=8312"},{"taxonomy":"product_cat","embeddable":true,"href":"https:\/\/puyapeptide.net\/vi\/wp-json\/wp\/v2\/product_cat?post=8312"},{"taxonomy":"product_tag","embeddable":true,"href":"https:\/\/puyapeptide.net\/vi\/wp-json\/wp\/v2\/product_tag?post=8312"}],"curies":[{"name":"wp","href":"https:\/\/api.w.org\/{rel}","templated":true}]}}