{"id":8360,"date":"2021-12-16T13:25:52","date_gmt":"2021-12-16T18:25:52","guid":{"rendered":"https:\/\/puyapeptide.net\/product\/puya-cung-cap-ca-hoi-calcitonin-cas-47931-85-1-cho-benh-loang-xuong\/"},"modified":"2021-12-16T13:25:52","modified_gmt":"2021-12-16T18:25:52","slug":"puya-cung-cap-ca-hoi-calcitonin-cas-47931-85-1-cho-benh-loang-xuong","status":"publish","type":"product","link":"https:\/\/puyapeptide.net\/vi\/product\/puya-cung-cap-ca-hoi-calcitonin-cas-47931-85-1-cho-benh-loang-xuong\/","title":{"rendered":"Puya cung c\u1ea5p c\u00e1 h\u1ed3i Calcitonin CAS 47931-85-1 cho b\u1ec7nh lo\u00e3ng x\u01b0\u01a1ng"},"content":{"rendered":"<h2><strong>Puya cung c\u1ea5p c\u00e1 h\u1ed3i Calcitonin CAS 47931-85-1 cho b\u1ec7nh lo\u00e3ng x\u01b0\u01a1ng<\/strong><\/h2>\n<p> T\u00ean s\u1ea3n ph\u1ea9m: Calcitonin c\u00e1 h\u1ed3i<br \/>\n T\u1eeb \u0111\u1ed3ng ngh\u0129a: fishcalcitonin- (i-32); c\u00e1 h\u1ed3icalcitonini; tz-ct; Salmon Calcitonin Acetate; Salcatonin; CALCITONIN SALMON 250 UG; CalcitoninAcetate; Canxi c\u00e1 h\u1ed3i<br \/>\n Tr\u00ecnh t\u1ef1: H- [ Cys-Ser-Asn-Leu-Ser-Thr-Cys] -Val-Leu-Gly-Lys-Leu-Ser-Gln-Glu-Leu-His-Lys-Leu-Gln-Thr-Tyr-Pro-Arg-Thr -Asn-Thr-Gly-Ser-Gly-Thr-Pro-NH2 \uff0c (C\u1ea7u n\u1ed1i disulfua: Cys1-Cys7)<br \/>\n CAS: 47931-85-1<br \/>\n MF: C145H240N44O48S2<br \/>\n MW: 3431,85<br \/>\n EINECS: 256-342-8<br \/>\n Danh m\u1ee5c s\u1ea3n ph\u1ea9m: D\u1eabn xu\u1ea5t axit amin; Peptide; th\u1ee5 th\u1ec3 Calcitonin v\u00e0 CGRP<br \/>\n Mol File: 47931-85-1.mol <\/p>\n<p> Calcitonin C\u00e1 h\u1ed3i l\u00e0 m\u1ed9t lo\u1ea1i hormone polypeptide \u0111\u01b0\u1ee3c ti\u1ebft ra b\u1edfi tuy\u1ebfn \u1ee9c c\u1ee7a c\u00e1 h\u1ed3i. N\u00f3 thu\u1ed9c h\u1ecd protein gi\u1ed1ng calcitonin v\u00e0 c\u00f3 th\u1ec3 \u0111\u01b0\u1ee3c s\u1eed d\u1ee5ng \u0111\u1ec3 \u0111i\u1ec1u tr\u1ecb b\u1ec7nh Paget v\u1ec1 x\u01b0\u01a1ng, lo\u00e3ng x\u01b0\u01a1ng sau m\u00e3n kinh (x\u01b0\u01a1ng d\u1ec5 g\u00e3y ho\u1eb7c d\u1ec5 g\u00e3y), ho\u1eb7c l\u01b0\u1ee3ng canxi cao trong m\u00e1u (t\u0103ng canxi huy\u1ebft). N\u00f3 d\u01b0\u1eddng nh\u01b0 c\u00f3 c\u00e1c ho\u1ea1t \u0111\u1ed9ng v\u1ec1 c\u01a1 b\u1ea3n gi\u1ed1ng v\u1edbi calcitonin c\u00f3 ngu\u1ed3n g\u1ed1c t\u1eeb \u0111\u1ed9ng v\u1eadt c\u00f3 v\u00fa, nh\u01b0ng hi\u1ec7u l\u1ef1c tr\u00ean m\u1ed7i mg l\u1edbn h\u01a1n v\u00e0 n\u00f3 c\u00f3 th\u1eddi gian t\u00e1c d\u1ee5ng l\u00e2u h\u01a1n. N\u00f3 ho\u1ea1t \u0111\u1ed9ng ch\u1ee7 y\u1ebfu b\u1eb1ng c\u00e1ch \u1ee8c ch\u1ebf qu\u00e1 tr\u00ecnh ti\u00eau x\u01b0\u01a1ng t\u1ea1o c\u1ed1t b\u00e0o, gi\u1ea3m canxi huy\u1ebft thanh v\u00e0 t\u0103ng b\u00e0i ti\u1ebft qua th\u1eadn c\u1ee7a photphat, canxi, natri magi\u00ea v\u00e0 kali b\u1eb1ng c\u00e1ch gi\u1ea3m t\u00e1i h\u1ea5p thu \u1edf \u1ed1ng th\u1eadn. <\/p>\n<p> Calcitonin t\u1ef1 nhi\u00ean l\u00e0 m\u1ed9t peptit ho\u1ea1t t\u00ednh sinh h\u1ecdc \u0111\u01b0\u1ee3c ti\u1ebft ra b\u1edfi t\u1ebf b\u00e0o tuy\u1ebfn c\u1eadn gi\u00e1p c\u1ee7a \u0111\u1ed9ng v\u1eadt c\u00f3 v\u00fa ho\u1eb7c mang sau c\u1ee7a \u0111\u1ed9ng v\u1eadt c\u00f3 x\u01b0\u01a1ng s\u1ed1ng, v\u00e0 l\u00e0 c\u01a1 quan \u0111i\u1ec1u h\u00f2a ch\u00ednh c\u1ee7a qu\u00e1 tr\u00ecnh chuy\u1ec3n h\u00f3a canxi trong c\u01a1 th\u1ec3 s\u1ed1ng. <strong>Calcitonin<\/strong> axetat trong c\u00e1 h\u1ed3i l\u00e0 m\u1ed9t 32-peptit t\u1ed5ng h\u1ee3p, v\u00e0 trong nghi\u00ean c\u1ee9u l\u00e2m s\u00e0ng, calcitonin c\u00e1 h\u1ed3i \u0111\u00e3 \u0111\u01b0\u1ee3c s\u1eed d\u1ee5ng r\u1ed9ng r\u00e3i trong ph\u00f2ng kh\u00e1m nh\u01b0 m\u1ed9t lo\u1ea1i thu\u1ed1c ph\u00f2ng ng\u1eeba v\u00e0 \u0111i\u1ec1u tr\u1ecb cho b\u1ec7nh lo\u00e3ng x\u01b0\u01a1ng v\u00e0 c\u00e1c b\u1ec7nh x\u01b0\u01a1ng chuy\u1ec3n h\u00f3a kh\u00e1c. <strong>47931-85-1<\/strong><br \/>\n Calcitonin c\u00e1 h\u1ed3i T\u00ednh ch\u1ea5t h\u00f3a h\u1ecdc<br \/>\n t\u1ef7 tr\u1ecdng 1,54 \u00b1 0,1 g \/ cm3 (D\u1ef1 \u0111o\u00e1n)<br \/>\n nhi\u1ec7t \u0111\u1ed9 b\u1ea3o qu\u1ea3n. \u221220 \u00b0 C<br \/>\n \u0111\u1ed9 h\u00f2a tan Axit axetic 0,05 M: 1 mg \/ mL, trong su\u1ed1t, kh\u00f4ng m\u00e0u<br \/>\n d\u1ea1ng b\u1ed9t<br \/>\n \u0110\u1ed9 h\u00f2a tan trong n\u01b0\u1edbc H\u00f2a tan trong n\u01b0\u1edbc \u1edf 1mg \/ ml<br \/>\n Merck 13,1642<br \/>\n InChIKey IYTKRMFJECGBRF -LXQLIYPUSA-N<br \/>\n CAS DataBase Reference 47931-85-1 (CAS DataBase Reference) <\/p>\n<p> <strong>Ch\u1ee9c n\u0103ng v\u00e0 \u1ee9ng d\u1ee5ng c\u1ee7a Calcitonin c\u00e1 h\u1ed3i CAS 47931-85-1<\/strong><br \/>\n 1. C\u00e1 h\u1ed3i calcitonin c\u00f3 th\u1ec3 \u0111\u01b0\u1ee3c s\u1eed d\u1ee5ng cho x\u00e9t nghi\u1ec7m th\u1ee5 th\u1ec3 calcitonin \/ cAMP \u0111\u1ec3 \u0111\u00e1nh gi\u00e1 s\u1ef1 hi\u1ec7n di\u1ec7n c\u1ee7a c\u00e1c th\u1ee5 th\u1ec3 calcitonin \u0111\u01b0\u1ee3c bi\u1ec3u hi\u1ec7n b\u1edfi t\u1ebf b\u00e0o TRAP +. S\u1ea3n ph\u1ea9m c\u0169ng c\u00f3 th\u1ec3 \u0111\u01b0\u1ee3c s\u1eed d\u1ee5ng nh\u01b0 m\u1ed9t h\u1ee3p ch\u1ea5t th\u1eed nghi\u1ec7m \u0111\u1ec3 nghi\u00ean c\u1ee9u c\u0169ng nh\u01b0 so s\u00e1nh t\u00e1c \u0111\u1ed9ng c\u1ee7a peptit li\u00ean quan \u0111\u1ebfn gen calcitonin (CGRP) v\u00e0 calcitonin c\u00e1 h\u1ed3i (sCT) tr\u00ean h\u00e0ng r\u00e0o ni\u00eam m\u1ea1c d\u1ea1 d\u00e0y \u1edf chu\u1ed9t ti\u1ebfp x\u00fac v\u1edbi l\u1ea1nh + ki\u1ec1m ch\u1ebf c\u0103ng th\u1eb3ng (CRS). [sigma-aldrich]<br \/>\n 2. Calcitonin, C\u00e1 h\u1ed3i l\u00e0 m\u1ed9t hormone \u0111i\u1ec1u h\u00f2a canxi \u0111\u01b0\u1ee3c ti\u1ebft ra t\u1eeb c\u00e1c t\u1ebf b\u00e0o nang gi\u00e1p c\u1ee7a \u0111\u1ed9ng v\u1eadt c\u00f3 v\u00fa v\u00e0 \u1edf c\u00e1c lo\u00e0i kh\u00f4ng ph\u1ea3i \u0111\u1ed9ng v\u1eadt c\u00f3 v\u00fa t\u1eeb tuy\u1ebfn ultimobranchial. Calcitonin l\u00e0 c\u00e1c polypeptit chu\u1ed7i \u0111\u01a1n ch\u1ee9a 32 g\u1ed1c axit amin, th\u1ec3 hi\u1ec7n t\u00e1c d\u1ee5ng h\u1ea1 canxi v\u00e0 gi\u1ea3m phosphate huy\u1ebft, v\u1edbi c\u1ea5u tr\u00fac axit amin kh\u00e1c nhau gi\u1eefa c\u00e1c lo\u00e0i \u0111\u1ed9ng v\u1eadt c\u00f3 v\u00fa. Calcitonin c\u00e1 h\u1ed3i (salcatonin l\u00e0 ch\u1ea5t t\u01b0\u01a1ng t\u1ef1 t\u1ed5ng h\u1ee3p) cho th\u1ea5y m\u1ed9t tr\u00ecnh t\u1ef1 kh\u00e1c bi\u1ec7t r\u00f5 r\u1ec7t v\u1edbi tr\u00ecnh t\u1ef1 c\u1ee7a c\u00e1c \u0111\u1ed9ng v\u1eadt c\u00f3 x\u01b0\u01a1ng s\u1ed1ng cao h\u01a1n c\u0169ng nh\u01b0 ho\u1ea1t \u0111\u1ed9ng m\u1ea1nh h\u01a1n. Calcitonin c\u1ee7a l\u01b0\u01a1n (Elcatonin) s\u1edf h\u1eefu m\u1ed9t axit amin t\u01b0\u01a1ng t\u1ef1 nh\u01b0 \u1edf d\u1ea1ng c\u00e1 h\u1ed3i nh\u01b0ng \u1ed5n \u0111\u1ecbnh h\u01a1n calcitonin t\u1ef1 nhi\u00ean v\u00ec kh\u00f4ng c\u00f3 c\u1ea7u n\u1ed1i disulfua. [C\u00f4ng ngh\u1ec7 sinh h\u1ecdc Santa Cruz]<br \/>\n 3. N\u00f3 cho th\u1ea5y h\u00e0nh \u0111\u1ed9ng h\u1ea1 canxi m\u00e1u v\u00e0 gi\u1ea3m phosphate huy\u1ebft, v\u1edbi c\u1ea5u tr\u00fac axit amin kh\u00e1c nhau gi\u1eefa c\u00e1c lo\u00e0i \u0111\u1ed9ng v\u1eadt c\u00f3 v\u00fa. Calcitonin c\u00e1 h\u1ed3i (salcatonin l\u00e0 ch\u1ea5t t\u01b0\u01a1ng t\u1ef1 t\u1ed5ng h\u1ee3p) cho th\u1ea5y m\u1ed9t tr\u00ecnh t\u1ef1 kh\u00e1c bi\u1ec7t r\u00f5 r\u1ec7t v\u1edbi tr\u00ecnh t\u1ef1 c\u1ee7a c\u00e1c \u0111\u1ed9ng v\u1eadt c\u00f3 x\u01b0\u01a1ng s\u1ed1ng cao h\u01a1n c\u0169ng nh\u01b0 ho\u1ea1t \u0111\u1ed9ng m\u1ea1nh h\u01a1n. N\u00f3 l\u00e0m gi\u1ea3m canxi v\u00e0 phosphat trong m\u00e1u do \u1ee9c ch\u1ebf s\u1ef1 t\u00e1i h\u1ea5p thu c\u1ee7a nguy\u00ean b\u00e0o x\u01b0\u01a1ng v\u00e0 t\u1ebf b\u00e0o x\u01b0\u01a1ng. [alfa-aesar]<br \/>\n 4. Hormone peptide \u0111i\u1ec1u h\u00f2a canxi \u0111\u01b0\u1ee3c gi\u1ea3i ph\u00f3ng t\u1eeb tuy\u1ebfn gi\u00e1p. Gi\u1ea3m n\u1ed3ng \u0111\u1ed9 canxi trong m\u00e1u v\u00e0 gi\u1ea3m qu\u00e1 tr\u00ecnh h\u1ee7y x\u01b0\u01a1ng c\u1ee7a t\u1ebf b\u00e0o h\u1ee7y x\u01b0\u01a1ng. \u0110\u01b0\u1ee3c s\u1eed d\u1ee5ng cho c\u00e1c \u1ee9ng d\u1ee5ng \u0111i\u1ec1u tr\u1ecb trong b\u1ec7nh lo\u00e3ng x\u01b0\u01a1ng. Chu\u1ed7i peptide calcitonin c\u1ee7a c\u00e1 h\u1ed3i kh\u00e1c v\u1edbi \u0111\u1ed9ng v\u1eadt c\u00f3 v\u00fa nh\u01b0ng m\u1ea1nh h\u01a1n. [Enzo Life Sciences, Inc.] <\/p>\n<p> <strong>C\u00f4ng d\u1ee5ng c\u1ee7a Calcitonin c\u00e1 h\u1ed3i CAS 47931-85-1<\/strong><br \/>\n Lo\u00e3ng x\u01b0\u01a1ng; T\u0103ng canxi huy\u1ebft; B\u1ec7nh Paget ; Ch\u1ee9ng lo\u1ea1n d\u01b0\u1ee1ng giao c\u1ea3m ph\u1ea3n x\u1ea1 (ch\u1ee9ng lo\u1ea1n d\u01b0\u1ee1ng ch\u00e2n r\u0103ng ho\u1eb7c b\u1ec7nh Sudeck)<\/p>\n","protected":false},"excerpt":{"rendered":"<p>T\u00ean s\u1ea3n ph\u1ea9m: C\u00e1 h\u1ed3i calcitonin<br \/>\n CAS: 47931-85-1<br \/>\n MF: C145H240N44O48S2<br \/>\n MW: 3431.85<br \/>\n EINECS: 256-342-8<br \/>\n Mol T\u1ec7p: 47931-85-1.mol<\/p>\n","protected":false},"featured_media":2115,"comment_status":"open","ping_status":"closed","template":"","meta":{"om_disable_all_campaigns":false,"_monsterinsights_skip_tracking":false,"_monsterinsights_sitenote_active":false,"_monsterinsights_sitenote_note":"","_monsterinsights_sitenote_category":0,"site-sidebar-layout":"default","site-content-layout":"default","ast-site-content-layout":"default","site-content-style":"default","site-sidebar-style":"default","ast-global-header-display":"","ast-banner-title-visibility":"","ast-main-header-display":"","ast-hfb-above-header-display":"","ast-hfb-below-header-display":"","ast-hfb-mobile-header-display":"","site-post-title":"","ast-breadcrumbs-content":"","ast-featured-img":"","footer-sml-layout":"","ast-disable-related-posts":"","theme-transparent-header-meta":"default","adv-header-id-meta":"","stick-header-meta":"","header-above-stick-meta":"","header-main-stick-meta":"","header-below-stick-meta":"","astra-migrate-meta-layouts":"default","ast-page-background-enabled":"default","ast-page-background-meta":{"desktop":{"background-color":"","background-image":"","background-repeat":"repeat","background-position":"center center","background-size":"auto","background-attachment":"scroll","background-type":"","background-media":"","overlay-type":"","overlay-color":"","overlay-opacity":"","overlay-gradient":""},"tablet":{"background-color":"","background-image":"","background-repeat":"repeat","background-position":"center center","background-size":"auto","background-attachment":"scroll","background-type":"","background-media":"","overlay-type":"","overlay-color":"","overlay-opacity":"","overlay-gradient":""},"mobile":{"background-color":"","background-image":"","background-repeat":"repeat","background-position":"center center","background-size":"auto","background-attachment":"scroll","background-type":"","background-media":"","overlay-type":"","overlay-color":"","overlay-opacity":"","overlay-gradient":""}},"ast-content-background-meta":{"desktop":{"background-color":"var(--ast-global-color-5)","background-image":"","background-repeat":"repeat","background-position":"center center","background-size":"auto","background-attachment":"scroll","background-type":"","background-media":"","overlay-type":"","overlay-color":"","overlay-opacity":"","overlay-gradient":""},"tablet":{"background-color":"var(--ast-global-color-5)","background-image":"","background-repeat":"repeat","background-position":"center center","background-size":"auto","background-attachment":"scroll","background-type":"","background-media":"","overlay-type":"","overlay-color":"","overlay-opacity":"","overlay-gradient":""},"mobile":{"background-color":"var(--ast-global-color-5)","background-image":"","background-repeat":"repeat","background-position":"center center","background-size":"auto","background-attachment":"scroll","background-type":"","background-media":"","overlay-type":"","overlay-color":"","overlay-opacity":"","overlay-gradient":""}}},"product_brand":[],"product_cat":[485],"product_tag":[1322],"class_list":{"0":"post-8360","1":"product","2":"type-product","3":"status-publish","4":"has-post-thumbnail","6":"product_cat-peptide-loang-xuong","7":"product_tag-puya-supply-calcitonin-salmon-cas-47931-85-1-for-osteoporosis-vi","8":"desktop-align-left","9":"tablet-align-left","10":"mobile-align-left","12":"first","13":"instock","14":"shipping-taxable","15":"product-type-simple"},"_links":{"self":[{"href":"https:\/\/puyapeptide.net\/vi\/wp-json\/wp\/v2\/product\/8360","targetHints":{"allow":["GET"]}}],"collection":[{"href":"https:\/\/puyapeptide.net\/vi\/wp-json\/wp\/v2\/product"}],"about":[{"href":"https:\/\/puyapeptide.net\/vi\/wp-json\/wp\/v2\/types\/product"}],"replies":[{"embeddable":true,"href":"https:\/\/puyapeptide.net\/vi\/wp-json\/wp\/v2\/comments?post=8360"}],"wp:featuredmedia":[{"embeddable":true,"href":"https:\/\/puyapeptide.net\/vi\/wp-json\/wp\/v2\/media\/2115"}],"wp:attachment":[{"href":"https:\/\/puyapeptide.net\/vi\/wp-json\/wp\/v2\/media?parent=8360"}],"wp:term":[{"taxonomy":"product_brand","embeddable":true,"href":"https:\/\/puyapeptide.net\/vi\/wp-json\/wp\/v2\/product_brand?post=8360"},{"taxonomy":"product_cat","embeddable":true,"href":"https:\/\/puyapeptide.net\/vi\/wp-json\/wp\/v2\/product_cat?post=8360"},{"taxonomy":"product_tag","embeddable":true,"href":"https:\/\/puyapeptide.net\/vi\/wp-json\/wp\/v2\/product_tag?post=8360"}],"curies":[{"name":"wp","href":"https:\/\/api.w.org\/{rel}","templated":true}]}}